{"id":84160,"date":"2026-03-19T20:39:18","date_gmt":"2026-03-19T20:39:18","guid":{"rendered":"https:\/\/soydeaqui.ddns.net\/pachuca\/index.php\/producto\/almohadillas-de-espuma-de-repuesto-para-diademas-yealink-uh34-yhs34-12-piezas\/"},"modified":"2026-03-19T20:39:21","modified_gmt":"2026-03-19T20:39:21","slug":"almohadillas-de-espuma-de-repuesto-para-diademas-yealink-uh34-yhs34-12-piezas","status":"publish","type":"product","link":"https:\/\/soydeaqui.ddns.net\/pachuca\/index.php\/producto\/almohadillas-de-espuma-de-repuesto-para-diademas-yealink-uh34-yhs34-12-piezas\/","title":{"rendered":"Almohadillas De Espuma De Repuesto para Diademas Yealink UH34 \/ YHS34 (12 Piezas)"},"content":{"rendered":"<div style='width: 100%; max-width: 1200px; margin: 0 auto; font-family: sans-serif; line-height: 1.6; color: inherit; background-color: transparent;'> <!-- Secci\u00f3n de contenido con flex\/grid --> <\/p>\n<div style='display: flex; flex-wrap: wrap; gap: 30px; margin-bottom: 30px;'>\n<div style='flex: 1 1 300px; min-width: 280px;'>\n<p style='font-size: 15px; color: inherit; margin-bottom: 15px;'>Las <strong style='color: inherit;'>Almohadillas De Espuma De Repuesto Yealink UH34 \/ YHS34 (12 Piezas)<\/strong> ofrecen una soluci\u00f3n ideal para entornos donde los auriculares son utilizados diariamente por m\u00faltiples usuarios&comma; como oficinas corporativas&comma; centros de contacto o instituciones educativas. Su dise\u00f1o de espuma suave proporciona un ajuste c\u00f3modo y ventilado&comma; conservando la ergonom\u00eda original de los modelos UH34 y YHS34.<\/p>\n<p style='font-size: 15px; color: inherit; margin-bottom: 15px;'>Fabricadas con espuma ligera de alta calidad&comma; estas almohadillas ayudan a mantener un aislamiento ac\u00fastico adecuado&comma; mejorando la claridad en llamadas y reduciendo el ruido ambiental. Su material transpirable permite un uso prolongado sin generar molestias&comma; lo que asegura una experiencia de comunicaci\u00f3n m\u00e1s c\u00f3moda y profesional durante toda la jornada.<\/p>\n<p style='font-size: 15px; color: inherit; margin-bottom: 15px;'>Este paquete de <strong style='color: inherit;'>12 piezas<\/strong> est\u00e1 pensado para ofrecer reemplazos r\u00e1pidos y mantener los auriculares siempre en \u00f3ptimas condiciones de higiene y rendimiento. Es una opci\u00f3n pr\u00e1ctica y econ\u00f3mica para empresas que requieren mantener su equipo en perfecto estado con un mantenimiento constante y eficiente.<\/p>\n<\/p><\/div>\n<\/p><\/div>\n<\/p><\/div>\n","protected":false},"excerpt":{"rendered":"<p>Almohadillas De Espuma De Repuesto para Diademas Yealink UH34 \/ YHS34 (12 Piezas)<\/p>\n","protected":false},"featured_media":32,"comment_status":"open","ping_status":"closed","template":"","meta":[],"product_brand":[],"product_cat":[2040],"product_tag":[93,2004,2112],"class_list":{"0":"post-84160","1":"product","2":"type-product","3":"status-publish","4":"has-post-thumbnail","6":"product_cat-accesorios-voip-telefonia-ip-videoconferencia","7":"product_tag-accesorios","8":"product_tag-voip-telefonia-ip-videoconferencia","9":"product_tag-yealink","11":"first","12":"outofstock","13":"sale","14":"shipping-taxable","15":"purchasable","16":"product-type-simple"},"_links":{"self":[{"href":"https:\/\/soydeaqui.ddns.net\/pachuca\/index.php\/wp-json\/wp\/v2\/product\/84160","targetHints":{"allow":["GET"]}}],"collection":[{"href":"https:\/\/soydeaqui.ddns.net\/pachuca\/index.php\/wp-json\/wp\/v2\/product"}],"about":[{"href":"https:\/\/soydeaqui.ddns.net\/pachuca\/index.php\/wp-json\/wp\/v2\/types\/product"}],"replies":[{"embeddable":true,"href":"https:\/\/soydeaqui.ddns.net\/pachuca\/index.php\/wp-json\/wp\/v2\/comments?post=84160"}],"wp:featuredmedia":[{"embeddable":true,"href":"https:\/\/soydeaqui.ddns.net\/pachuca\/index.php\/wp-json\/wp\/v2\/media\/32"}],"wp:attachment":[{"href":"https:\/\/soydeaqui.ddns.net\/pachuca\/index.php\/wp-json\/wp\/v2\/media?parent=84160"}],"wp:term":[{"taxonomy":"product_brand","embeddable":true,"href":"https:\/\/soydeaqui.ddns.net\/pachuca\/index.php\/wp-json\/wp\/v2\/product_brand?post=84160"},{"taxonomy":"product_cat","embeddable":true,"href":"https:\/\/soydeaqui.ddns.net\/pachuca\/index.php\/wp-json\/wp\/v2\/product_cat?post=84160"},{"taxonomy":"product_tag","embeddable":true,"href":"https:\/\/soydeaqui.ddns.net\/pachuca\/index.php\/wp-json\/wp\/v2\/product_tag?post=84160"}],"curies":[{"name":"wp","href":"https:\/\/api.w.org\/{rel}","templated":true}]}}