{"id":84146,"date":"2026-03-19T20:38:38","date_gmt":"2026-03-19T20:38:38","guid":{"rendered":"https:\/\/soydeaqui.ddns.net\/pachuca\/index.php\/producto\/almohadilla-de-piel-sintetica-de-repuesto-para-diademas-yealink-uh34-yhs34-1-pieza\/"},"modified":"2026-03-19T20:38:40","modified_gmt":"2026-03-19T20:38:40","slug":"almohadilla-de-piel-sintetica-de-repuesto-para-diademas-yealink-uh34-yhs34-1-pieza","status":"publish","type":"product","link":"https:\/\/soydeaqui.ddns.net\/pachuca\/index.php\/producto\/almohadilla-de-piel-sintetica-de-repuesto-para-diademas-yealink-uh34-yhs34-1-pieza\/","title":{"rendered":"Almohadilla de Piel Sint\u00e9tica de Repuesto para Diademas Yealink UH34 \/ YHS34 (1 Pieza)"},"content":{"rendered":"<div style='width: 100%; max-width: 1200px; margin: 0 auto; font-family: sans-serif; line-height: 1.6; color: inherit; background-color: transparent;'> <!-- Secci\u00f3n de descripci\u00f3n --> <\/p>\n<div style='margin-bottom: 30px;'>\n<p style='font-size: 15px; color: inherit; margin-bottom: 15px;'>La <strong style='color: inherit;'>Almohadilla De Piel Sint\u00e9tica De Repuesto Yealink UH34 \/ YHS34 (1 Pieza)<\/strong> est\u00e1 dise\u00f1ada para restaurar la comodidad y el rendimiento ac\u00fastico original de tus auriculares profesionales. Su acabado en piel sint\u00e9tica brinda una sensaci\u00f3n suave al tacto y una apariencia m\u00e1s elegante&comma; manteniendo el est\u00e1ndar de calidad caracter\u00edstico de Yealink.<\/p>\n<p style='font-size: 15px; color: inherit; margin-bottom: 15px;'>Gracias a su estructura reforzada y su dise\u00f1o ergon\u00f3mico&comma; esta almohadilla mejora el sellado alrededor del o\u00eddo&comma; proporcionando un mayor nivel de aislamiento ac\u00fastico. Esto contribuye a una mejor claridad en llamadas y reuniones&comma; reduciendo la interferencia de ruidos externos y optimizando la experiencia de comunicaci\u00f3n.<\/p>\n<p style='font-size: 15px; color: inherit; margin-bottom: 15px;'>\n<p style='font-size: 15px; color: inherit; margin-bottom: 15px;'>Su instalaci\u00f3n es sencilla y permite reemplazar f\u00e1cilmente almohadillas desgastadas&comma; prolongando la vida \u00fatil de los modelos UH34 y YHS34. Es un accesorio esencial para conservar la higiene&comma; la comodidad y el rendimiento diario del auricular&comma; especialmente en entornos de trabajo intensivo.<\/p>\n<\/p><\/div>\n<\/p><\/div>\n","protected":false},"excerpt":{"rendered":"<p>Almohadilla de Piel Sint\u00e9tica de Repuesto para Diademas Yealink UH34 \/ YHS34 (1 Pieza)<\/p>\n","protected":false},"featured_media":32,"comment_status":"open","ping_status":"closed","template":"","meta":[],"product_brand":[],"product_cat":[2040],"product_tag":[93,2004,2112],"class_list":{"0":"post-84146","1":"product","2":"type-product","3":"status-publish","4":"has-post-thumbnail","6":"product_cat-accesorios-voip-telefonia-ip-videoconferencia","7":"product_tag-accesorios","8":"product_tag-voip-telefonia-ip-videoconferencia","9":"product_tag-yealink","11":"first","12":"outofstock","13":"sale","14":"shipping-taxable","15":"purchasable","16":"product-type-simple"},"_links":{"self":[{"href":"https:\/\/soydeaqui.ddns.net\/pachuca\/index.php\/wp-json\/wp\/v2\/product\/84146","targetHints":{"allow":["GET"]}}],"collection":[{"href":"https:\/\/soydeaqui.ddns.net\/pachuca\/index.php\/wp-json\/wp\/v2\/product"}],"about":[{"href":"https:\/\/soydeaqui.ddns.net\/pachuca\/index.php\/wp-json\/wp\/v2\/types\/product"}],"replies":[{"embeddable":true,"href":"https:\/\/soydeaqui.ddns.net\/pachuca\/index.php\/wp-json\/wp\/v2\/comments?post=84146"}],"wp:featuredmedia":[{"embeddable":true,"href":"https:\/\/soydeaqui.ddns.net\/pachuca\/index.php\/wp-json\/wp\/v2\/media\/32"}],"wp:attachment":[{"href":"https:\/\/soydeaqui.ddns.net\/pachuca\/index.php\/wp-json\/wp\/v2\/media?parent=84146"}],"wp:term":[{"taxonomy":"product_brand","embeddable":true,"href":"https:\/\/soydeaqui.ddns.net\/pachuca\/index.php\/wp-json\/wp\/v2\/product_brand?post=84146"},{"taxonomy":"product_cat","embeddable":true,"href":"https:\/\/soydeaqui.ddns.net\/pachuca\/index.php\/wp-json\/wp\/v2\/product_cat?post=84146"},{"taxonomy":"product_tag","embeddable":true,"href":"https:\/\/soydeaqui.ddns.net\/pachuca\/index.php\/wp-json\/wp\/v2\/product_tag?post=84146"}],"curies":[{"name":"wp","href":"https:\/\/api.w.org\/{rel}","templated":true}]}}