{"id":84121,"date":"2026-03-19T20:37:24","date_gmt":"2026-03-19T20:37:24","guid":{"rendered":"https:\/\/soydeaqui.ddns.net\/pachuca\/index.php\/producto\/router-wifi-6-ax-1500mbps-mu-mimo-2x2-y-ofdma-1-puerto-wan-10-100-1000-mbps-4-puertos-lan-10-100-1000-mbps-4-antenas-beamforming-2\/"},"modified":"2026-03-19T20:37:25","modified_gmt":"2026-03-19T20:37:25","slug":"router-wifi-6-ax-1500mbps-mu-mimo-2x2-y-ofdma-1-puerto-wan-10-100-1000-mbps-4-puertos-lan-10-100-1000-mbps-4-antenas-beamforming-2","status":"publish","type":"product","link":"https:\/\/soydeaqui.ddns.net\/pachuca\/index.php\/producto\/router-wifi-6-ax-1500mbps-mu-mimo-2x2-y-ofdma-1-puerto-wan-10-100-1000-mbps-4-puertos-lan-10-100-1000-mbps-4-antenas-beamforming-2\/","title":{"rendered":"Router WiFi 6 AX 1500Mbps \/ MU-MIMO 2X2 y OFDMA \/ 1 Puerto WAN 10\/100\/1000 Mbps \/ 4 Puertos LAN 10\/100\/1000 Mbps \/ 4 Antenas Beamforming"},"content":{"rendered":"<div style='width: 100%; max-width: 1200px; margin: 0 auto; font-family: sans-serif; line-height: 1.6; color: inherit; background-color: transparent;'>\n<div style='display: flex; flex-wrap: wrap; gap: 30px; margin-bottom: 30px;'>\n<div style='flex: 1 1 300px; min-width: 280px;'>\n<h3 style='font-size: 22px; border-bottom: 2px solid currentColor; padding-bottom: 5px; margin-top: 0; color: inherit; opacity: 0.8;'>Mayor rendimiento con WiFi 6&comma; amplia tu cobertura con tecnolog\u00eda avanzada.<\/h3>\n<p style='text-align: center;'><a href='https:\/\/www.tp-link.com\/es\/wifi6\/' style='color: inherit; text-decoration: none; border-bottom: 1px solid rgba(150&comma;150&comma;150&comma;0.3);'>Aprende m\u00e1s sobre WiFi 6<\/a><\/p>\n<p> <img style='width: 100%; height: auto; border: 1px solid rgba(150&comma;150&comma;150&comma;0.3); border-radius: 8px;' src='https:\/\/ftp3.syscom.mx\/usuarios\/fotos\/ARCHERAX10\/188054-image_(6).png' alt=''> <\/div>\n<\/p><\/div>\n<div style='display: flex; flex-wrap: wrap; gap: 30px; margin-bottom: 30px;'>\n<div style='flex: 1 1 300px; min-width: 280px;'>\n<h3 style='font-size: 22px; border-bottom: 2px solid currentColor; padding-bottom: 5px; margin-top: 0; color: inherit; opacity: 0.8;'>Protege la integridad de tus datos.<\/h3>\n<p style='text-align: center;'><a href='https:\/\/www.tp-link.com\/mx\/homeshield\/' style='color: inherit; text-decoration: none; border-bottom: 1px solid rgba(150&comma;150&comma;150&comma;0.3);'>Aprende m\u00e1s sobre HomeShiel<\/a><\/p>\n<p> <img style='width: 100%; height: auto; border: 1px solid rgba(150&comma;150&comma;150&comma;0.3); border-radius: 8px;' src='https:\/\/ftp3.syscom.mx\/usuarios\/fotos\/ARCHERAX53\/213759-image_-_2023-12-12t161110.876.png' alt=''> <\/div>\n<\/p><\/div>\n<div style='display: flex; flex-wrap: wrap; gap: 30px; margin-bottom: 30px;'>\n<div style='flex: 1 1 300px; min-width: 280px;'>\n<h3 style='font-size: 22px; border-bottom: 2px solid currentColor; padding-bottom: 5px; margin-top: 0; color: inherit; opacity: 0.8;'>Mayor velocidad de conexi\u00f3n.<\/h3>\n<p> <img style='width: 100%; height: auto; border: 1px solid rgba(150&comma;150&comma;150&comma;0.3); border-radius: 8px;' src='https:\/\/ftp3.syscom.mx\/usuarios\/fotos\/ARCHERAX10\/188054-image_(7).png' alt=''> <\/div>\n<\/p><\/div>\n<div style='display: flex; flex-wrap: wrap; gap: 30px; margin-bottom: 30px;'>\n<div style='flex: 1 1 300px; min-width: 280px;'>\n<h3 style='font-size: 22px; border-bottom: 2px solid currentColor; padding-bottom: 5px; margin-top: 0; color: inherit; opacity: 0.8;'>Aplicaci\u00f3n pr\u00e1ctica y f\u00e1cil de manipular.<\/h3>\n<p> <img style='width: 100%; height: auto; border: 1px solid rgba(150&comma;150&comma;150&comma;0.3); border-radius: 8px;' src='https:\/\/ftp3.syscom.mx\/usuarios\/fotos\/ARCHERAX10\/188054-image_(5).png' alt=''> <\/div>\n<\/p><\/div>\n<p> <!-- Secci\u00f3n de cards con especificaciones --> <\/p>\n<div style='display: flex; flex-wrap: wrap; gap: 20px; margin-bottom: 30px;'>\n<div style='flex: 1 1 250px; border: 1px solid rgba(150&comma; 150&comma; 150&comma; 0.4); border-radius: 8px; overflow: hidden; display: flex; flex-direction: column;'>\n<div style='padding: 15px; border-bottom: 1px solid rgba(150&comma; 150&comma; 150&comma; 0.2); font-weight: bold; font-size: 18px; color: inherit;'>Especificaciones<\/div>\n<div style='padding: 15px; color: inherit;'>\n<ul style='padding-left: 20px; margin: 0; font-size: 14px; list-style-type: disc;'>\n<li style='margin-bottom: 5px;'><strong>Dimensiones:<\/strong> 260.2 x 135 x 38.6 mm.<\/li>\n<li style='margin-bottom: 5px;'><strong>Puertos:<\/strong> (1) puerto RJ45 Gigabit WAN<br \/>(4) puertos RJ45 Gigabit LAN<\/li>\n<li style='margin-bottom: 5px;'><strong>Servidor VPN:<\/strong> PPTP OpenVPN<\/li>\n<li style='margin-bottom: 5px;'><strong>Alimentaci\u00f3n:<\/strong> 12 Vcc 1A<\/li>\n<li style='margin-bottom: 5px;'><strong>Rango WiFi:<\/strong> 4 antenas fijas de alto rendimiento<br \/>Beamforming<br \/>FEM de alta potencia<\/li>\n<li style='margin-bottom: 5px;'><strong>Inal\u00e1mbrico:<\/strong> WiFi 6<br \/>IEEE 802.11ax\/ac\/n\/a 5 GHz<br \/>IEEE 802.11ax\/n\/b\/g 2.4 GHz<br \/>AX1500<br \/>5 GHz: 1201 Mbps (802.11ax)<br \/>2.4 GHz: 300 Mbps (802.11ax)<\/li>\n<li style='margin-bottom: 5px;'><strong>Modo Trabajo:<\/strong> Router<br \/>Punto de acceso<\/li>\n<li style='margin-bottom: 5px;'><strong>Reenv\u00edo de NAT:<\/strong> Reenv\u00edo de puertos<br \/>DMZ<br \/>UPnP<\/li>\n<li style='margin-bottom: 5px;'><strong>Calidad de servicio:<\/strong> QoS por dispositivos<\/li>\n<li style='margin-bottom: 5px;'><strong>Gesti\u00f3n:<\/strong> Aplicaci\u00f3n Tether<br \/>P\u00e1gina web<\/li>\n<li style='margin-bottom: 5px;'><strong>Seguridad de red:<\/strong> Cortafuegos SPI<br \/>Control de acceso<br \/>Enlace IP y MAC<br \/>Puerta de enlace de capa de aplicaci\u00f3n<\/li>\n<li style='margin-bottom: 5px;'><strong>OneMesh:<\/strong> Compatible con OneMesh&comma; <a href='https:\/\/www.tp-link.com\/mx\/onemesh\/product-list\/' style='color: inherit; text-decoration: none; border-bottom: 1px solid rgba(150&comma;150&comma;150&comma;0.3);'>leer m\u00e1s<\/a><\/li>\n<li style='margin-bottom: 5px;'><strong>Tipos de WAN:<\/strong> IP est\u00e1tica\/din\u00e1mica<br \/>PPPoE<br \/>PPTP<br \/>L2TP<\/li>\n<li style='margin-bottom: 5px;'><strong>Temperatura de operaci\u00f3n:<\/strong> 0 ~ 40\u00b0 C<\/li>\n<li style='margin-bottom: 5px;'><strong>Certificaciones:<\/strong> CE&comma; FCC&comma; RoHS<\/li>\n<\/ul><\/div>\n<\/p><\/div>\n<div style='flex: 1 1 250px; border: 1px solid rgba(150&comma; 150&comma; 150&comma; 0.4); border-radius: 8px; overflow: hidden; display: flex; flex-direction: column;'>\n<div style='padding: 15px; border-bottom: 1px solid rgba(150&comma; 150&comma; 150&comma; 0.2); font-weight: bold; font-size: 18px; color: inherit;'>Caracter\u00edsticas<\/div>\n<div style='padding: 15px; color: inherit;'>\n<ul style='padding-left: 20px; margin: 0; font-size: 14px; list-style-type: disc;'>\n<li style='margin-bottom: 5px;'><strong>Capacidad WiFi:<\/strong> Doble banda<br \/>OFDMA<br \/>Wi-Fi 6<br \/>Equidad de tiempo aire<\/li>\n<li style='margin-bottom: 5px;'><strong>Seguridad:<\/strong> DFS (accede a una banda extra para reducir congesti\u00f3n)<br \/>4 flujos (mayor ancho de banda)<\/li>\n<li style='margin-bottom: 5px;'><strong>EasyMesh:<\/strong> Redes en malla&comma; <a href='https:\/\/www.tp-link.com\/us\/easymesh\/' style='color: inherit; text-decoration: none; border-bottom: 1px solid rgba(150&comma;150&comma;150&comma;0.3);'>Leer M\u00e1s<\/a><\/li>\n<li style='margin-bottom: 5px;'><strong>Botones:<\/strong> Encendido\/apagado\/WPS\/reinicio<\/li>\n<\/ul><\/div>\n<\/p><\/div>\n<div style='flex: 1 1 250px; border: 1px solid rgba(150&comma; 150&comma; 150&comma; 0.4); border-radius: 8px; overflow: hidden; display: flex; flex-direction: column;'>\n<div style='padding: 15px; border-bottom: 1px solid rgba(150&comma; 150&comma; 150&comma; 0.2); font-weight: bold; font-size: 18px; color: inherit;'>Otros<\/div>\n<div style='padding: 15px; color: inherit;'>\n<ul style='padding-left: 20px; margin: 0; font-size: 14px; list-style-type: disc;'>\n<li style='margin-bottom: 5px;'><strong>Contenido del Paquete:<\/strong> Archer AX10<br \/>Cable de alimentaci\u00f3n<br \/>Cable RJ45<br \/>Gu\u00eda de instalaci\u00f3n<\/li>\n<\/ul><\/div>\n<\/p><\/div>\n<\/p><\/div>\n<div style='display: flex; flex-wrap: wrap; gap: 30px; margin-bottom: 30px;'>\n<div style='flex: 1 1 300px; min-width: 280px;'>\n<h3 style='font-size: 22px; border-bottom: 2px solid currentColor; padding-bottom: 5px; margin-top: 0; color: inherit; opacity: 0.8;'>Aprende m\u00e1s sobre la App Tether<\/h3>\n<p style='text-align: center;'><a href='https:\/\/www.tp-link.com\/es\/tether\/' style='color: inherit; text-decoration: none; border-bottom: 1px solid rgba(150&comma;150&comma;150&comma;0.3);'>Visita el sitio web de Tether<\/a><\/p>\n<\/p><\/div>\n<\/p><\/div>\n<p> <!-- Separador --> <\/p>\n<hr style='border: 0; border-top: 1px solid rgba(150&comma; 150&comma; 150&comma; 0.3); margin: 30px 0;'> <\/div>\n","protected":false},"excerpt":{"rendered":"<p>Router WiFi 6 AX 1500Mbps \/ MU-MIMO 2X2 y OFDMA \/ 1 Puerto WAN 10\/100\/1000 Mbps \/ 4 Puertos LAN 10\/100\/1000 Mbps \/ 4 Antenas Beamforming<\/p>\n","protected":false},"featured_media":32,"comment_status":"open","ping_status":"closed","template":"","meta":[],"product_brand":[],"product_cat":[2036,2035,2034],"product_tag":[2039,2038,2045,664,2037],"class_list":{"0":"post-84121","1":"product","2":"type-product","3":"status-publish","4":"has-post-thumbnail","6":"product_cat-balanceadores","7":"product_cat-firewalls","8":"product_cat-routers","9":"product_tag-balanceadores","10":"product_tag-firewalls","11":"product_tag-mercusys","12":"product_tag-networking","13":"product_tag-routers","15":"first","16":"instock","17":"sale","18":"shipping-taxable","19":"purchasable","20":"product-type-simple"},"_links":{"self":[{"href":"https:\/\/soydeaqui.ddns.net\/pachuca\/index.php\/wp-json\/wp\/v2\/product\/84121","targetHints":{"allow":["GET"]}}],"collection":[{"href":"https:\/\/soydeaqui.ddns.net\/pachuca\/index.php\/wp-json\/wp\/v2\/product"}],"about":[{"href":"https:\/\/soydeaqui.ddns.net\/pachuca\/index.php\/wp-json\/wp\/v2\/types\/product"}],"replies":[{"embeddable":true,"href":"https:\/\/soydeaqui.ddns.net\/pachuca\/index.php\/wp-json\/wp\/v2\/comments?post=84121"}],"wp:featuredmedia":[{"embeddable":true,"href":"https:\/\/soydeaqui.ddns.net\/pachuca\/index.php\/wp-json\/wp\/v2\/media\/32"}],"wp:attachment":[{"href":"https:\/\/soydeaqui.ddns.net\/pachuca\/index.php\/wp-json\/wp\/v2\/media?parent=84121"}],"wp:term":[{"taxonomy":"product_brand","embeddable":true,"href":"https:\/\/soydeaqui.ddns.net\/pachuca\/index.php\/wp-json\/wp\/v2\/product_brand?post=84121"},{"taxonomy":"product_cat","embeddable":true,"href":"https:\/\/soydeaqui.ddns.net\/pachuca\/index.php\/wp-json\/wp\/v2\/product_cat?post=84121"},{"taxonomy":"product_tag","embeddable":true,"href":"https:\/\/soydeaqui.ddns.net\/pachuca\/index.php\/wp-json\/wp\/v2\/product_tag?post=84121"}],"curies":[{"name":"wp","href":"https:\/\/api.w.org\/{rel}","templated":true}]}}