{"id":841,"date":"2026-03-18T05:45:09","date_gmt":"2026-03-18T05:45:09","guid":{"rendered":"https:\/\/soydeaqui.ddns.net\/pachuca\/index.php\/producto\/energizador-para-ganado-10000volts-2joules-10000-metros-lineales-de-proteccion-cercas-electrificadas\/"},"modified":"2026-03-18T05:45:14","modified_gmt":"2026-03-18T05:45:14","slug":"energizador-para-ganado-10000volts-2joules-10000-metros-lineales-de-proteccion-cercas-electrificadas","status":"publish","type":"product","link":"https:\/\/soydeaqui.ddns.net\/pachuca\/index.php\/producto\/energizador-para-ganado-10000volts-2joules-10000-metros-lineales-de-proteccion-cercas-electrificadas\/","title":{"rendered":"Energizador para Ganado 10,000Volts-2JOULES\/ 10,000 metros lineales de proteccion \/ Cercas Electrificadas"},"content":{"rendered":"<div style='width: 100%; max-width: 1200px; margin: 0 auto; font-family: sans-serif; line-height: 1.6; color: inherit; background-color: transparent;'> <!-- Imagen principal --> <\/p>\n<div style='width: 100%; margin: 20px 0;'> <img style='width: 100%; height: auto; border: 1px solid rgba(150&comma;150&comma;150&comma;0.3); border-radius: 8px;' src='https:\/\/ftp3.syscom.mx\/usuarios\/vvega\/yonusa\/equipos\/sys100001272z\/Encabezado%20Nombres.jpg' alt=''> <\/div>\n<p> <!-- Descripci\u00f3n general --> <\/p>\n<div style='margin-bottom: 30px; font-size: 15px;'>\n<p>Es un sistema de protecci\u00f3n confiable con el cual podemos proteger y controlar el desplazamiento de los animales por medio de cerco electrico. Es un sistema disuasivo de alto voltaje y repulsivo ya que genera una descarga de m\u00e1s de 10&comma;000 voltios sin da\u00f1ar al animal.<\/p>\n<p style='font-weight: bold; color: inherit; background: rgba(0&comma; 145&comma; 255&comma; 0.1); padding: 10px; border-left: 4px solid #0091ff;'> Consumo de energia el\u00e9ctrica aproximado de $0.3 USD mensuales = 2.6 kw\/mes. <\/p>\n<\/p><\/div>\n<p> <!-- Secci\u00f3n de caracter\u00edsticas con grid --> <\/p>\n<div style='display: flex; flex-wrap: wrap; gap: 30px; margin-bottom: 40px;'> <!-- Funcionalidad --> <\/p>\n<div style='flex: 1 1 300px; min-width: 280px;'>\n<div style='border: 1px solid rgba(150&comma; 150&comma; 150&comma; 0.3); border-radius: 8px; padding: 15px;'>\n<h3 style='font-size: 18px; border-bottom: 2px solid currentColor; padding-bottom: 5px; margin-top: 0; color: inherit; opacity: 0.8;'>Funcionalidad<\/h3>\n<ul style='padding-left: 20px; font-size: 14px; color: inherit;'>\n<li style='margin-bottom: 8px;'>Ahorro por la sustituci\u00f3n de 2 equipos por un energizador Doble Zona<\/li>\n<li style='margin-bottom: 8px;'>Una sola bateria \/ Una sola sirena (Pueden conectarse 2 Sirenas)<\/li>\n<li style='margin-bottom: 8px;'>Salidas de contacto seco de ambas zonas de la cerca&comma; independientes.<\/li>\n<li style='margin-bottom: 8px;'>Una sola instalaci\u00f3n y ahorro de espacio<\/li>\n<li style='margin-bottom: 8px;'>Espacio interno para <a href='https:\/\/www.syscom.mx\/producto\/PL-4.5-12-EPCOM-POWERLINE-67464.html' target='_blank' rel='noopener' style='color: #0091ff; text-decoration: none;'>bater\u00eda de 4 A\/h 12 Vcc<\/a>. \u00a1Respaldo de hasta 3 d\u00edas!<\/li>\n<li style='margin-bottom: 8px;'>Opci\u00f3n de alimentaci\u00f3n por Panel Solar.<\/li>\n<li style='margin-bottom: 8px;'>Alarma por atenuaci\u00f3n de voltaje&comma; corte o aterrizamiento de l\u00ednea.<\/li>\n<li style='margin-bottom: 8px;'>LEDs Visibles de Estatus del Equipo.<\/li>\n<li style='margin-bottom: 8px;'>Excelente estabilidad ante lluvia y plantas (sin falsas alarmas).<\/li>\n<li style='margin-bottom: 8px;'>Control de llave de seguridad para encendido y apagado.<\/li>\n<li style='margin-bottom: 8px;'>Entrada para Control Remoto.<\/li>\n<li style='margin-bottom: 8px;'>Capacidad de operar 2 sirenas de 12 Vcc&comma; 30 Watts&comma; 120 dB.<\/li>\n<li style='margin-bottom: 8px;'>Sus circuitos de alimentaci\u00f3n se encuentran protegidos por fusibles&comma; reguladores electr\u00f3nicos de voltaje que permite operar con variaci\u00f3n de +- 15%.<\/li>\n<\/ul><\/div>\n<\/p><\/div>\n<p> <!-- Caracter\u00edsticas F\u00edsicas y El\u00e9ctricas --> <\/p>\n<div style='flex: 1 1 300px; min-width: 280px;'>\n<div style='border: 1px solid rgba(150&comma; 150&comma; 150&comma; 0.3); border-radius: 8px; padding: 15px;'>\n<h3 style='font-size: 18px; border-bottom: 2px solid currentColor; padding-bottom: 5px; margin-top: 0; color: inherit; opacity: 0.8;'>Caracter\u00edsticas F\u00edsicas y El\u00e9ctricas<\/h3>\n<ul style='padding-left: 20px; font-size: 14px; color: inherit;'>\n<li style='margin-bottom: 8px;'>Alimentacion 127 &#8211; 220 Vac o Panel Solar 12 Vcc.<\/li>\n<li style='margin-bottom: 8px;'>Dimensiones: 38 x 29.5 * 13.5 cm.<\/li>\n<li style='margin-bottom: 8px;'>Gabinete Met\u00e1lico con pintura anticorrosiva electroest\u00e1tica.<\/li>\n<li style='margin-bottom: 8px;'>Gabinete NEMA 2&comma; briznas y llovisnas.<\/li>\n<li style='margin-bottom: 8px;'>Proteccion antioxidante y contra rayos UV.<\/li>\n<li style='margin-bottom: 8px;'>Factor de humedad 72 %<\/li>\n<li style='margin-bottom: 8px;'>Temperatura de operaci\u00f3n: -5 a 50 \u00b0C.<\/li>\n<li style='margin-bottom: 8px;'>Peso: 4.5Kg (sin bateria).<\/li>\n<li style='margin-bottom: 8px;'>Salida Auxiliar 1.5A 12 V para alimentacion de sirenas&comma; interruptores&comma; sensores&comma; luces&comma; etc.<\/li>\n<li style='margin-bottom: 8px;'>Frecuencia de operaci\u00f3n de salida: 1Hz<\/li>\n<li style='margin-bottom: 8px;'>Fuerza Pulso Salida: 3 Joules por zona.<\/li>\n<li style='margin-bottom: 8px;'>Voltaje de Salida: 10&comma;000 Volts.<\/li>\n<\/ul><\/div>\n<\/p><\/div>\n<p> <!-- Caracter\u00edsticas Destacadas --> <\/p>\n<div style='flex: 1 1 300px; min-width: 280px;'>\n<div style='border: 1px solid rgba(150&comma; 150&comma; 150&comma; 0.3); border-radius: 8px; padding: 15px;'>\n<h3 style='font-size: 18px; border-bottom: 2px solid currentColor; padding-bottom: 5px; margin-top: 0; color: inherit; opacity: 0.8;'>Caracter\u00edsticas Destacadas<\/h3>\n<p style='font-size: 14px; margin-bottom: 15px; color: inherit;'>El energizador de ganado YONUSA&comma; cuenta con un alcance lineal de acuerdo con el entorno en el que se instale el cerco el\u00e9ctrico&comma; ayud\u00e1ndonos a tener un mejor funcionamiento y respuesta del dispositivo. Por ello&comma; hay que tener en cuenta la cantidad o abundancia de vegetaci\u00f3n con la cual se pueda tener en la zona a cubrir&comma; ya que esto influir\u00e1 en la distancia que pueda cubrir el energizador ganadero YONUSA<\/p>\n<p style='font-size: 14px; margin-bottom: 15px; color: inherit;'>El modelo <a href='https:\/\/www.syscom.mx\/producto\/AMP30-YONUSA-189759.html' target='_blank' rel='noopener' style='color: #0091ff; text-decoration: none;'><strong>AMP30<\/strong><\/a>&comma; el cual nos ayuda a a\u00f1adir m\u00e1s metros de protecci\u00f3n en el per\u00edmetro o mayor potencia de impacto (hasta 30% extra)&comma; tambien nos ayuda para solucionar temas de inducci\u00f3n.<\/p>\n<p style='font-size: 14px; margin: 0; color: inherit;'><em>NOTA: se recomienda utilizar alambre POLYWARE<\/em><\/p>\n<\/p><\/div>\n<\/p><\/div>\n<\/p><\/div>\n<p> <!-- Imagen divisoria --> <\/p>\n<div style='width: 100%; margin: 30px 0;'> <img style='width: 100%; height: auto; border: 1px solid rgba(150&comma;150&comma;150&comma;0.3); border-radius: 8px;' src='https:\/\/ftp3.syscom.mx\/usuarios\/vvega\/yonusa\/equipos\/sys100001272z\/Linea Divisoria.jpg' alt=''> <\/div>\n<p> <!-- Imagen de instalaci\u00f3n --> <\/p>\n<div style='width: 100%; margin: 30px 0;'> <img style='width: 100%; height: auto; border: 1px solid rgba(150&comma;150&comma;150&comma;0.3); border-radius: 8px;' src='https:\/\/ftp3.syscom.mx\/usuarios\/vvega\/yonusa\/Instalacion1.png' alt=''> <\/div>\n<\/p><\/div>\n","protected":false},"excerpt":{"rendered":"<p>Energizador para Ganado 10,000Volts-2JOULES\/ 10,000 metros lineales de proteccion \/ Cercas Electrificadas<\/p>\n","protected":false},"featured_media":840,"comment_status":"open","ping_status":"closed","template":"","meta":[],"product_brand":[],"product_cat":[81],"product_tag":[82,83,84],"class_list":{"0":"post-841","1":"product","2":"type-product","3":"status-publish","4":"has-post-thumbnail","6":"product_cat-energizadores","7":"product_tag-cercas-electricas","8":"product_tag-energizadores","9":"product_tag-yonusa","11":"first","12":"outofstock","13":"sale","14":"shipping-taxable","15":"purchasable","16":"product-type-simple"},"_links":{"self":[{"href":"https:\/\/soydeaqui.ddns.net\/pachuca\/index.php\/wp-json\/wp\/v2\/product\/841","targetHints":{"allow":["GET"]}}],"collection":[{"href":"https:\/\/soydeaqui.ddns.net\/pachuca\/index.php\/wp-json\/wp\/v2\/product"}],"about":[{"href":"https:\/\/soydeaqui.ddns.net\/pachuca\/index.php\/wp-json\/wp\/v2\/types\/product"}],"replies":[{"embeddable":true,"href":"https:\/\/soydeaqui.ddns.net\/pachuca\/index.php\/wp-json\/wp\/v2\/comments?post=841"}],"wp:featuredmedia":[{"embeddable":true,"href":"https:\/\/soydeaqui.ddns.net\/pachuca\/index.php\/wp-json\/wp\/v2\/media\/840"}],"wp:attachment":[{"href":"https:\/\/soydeaqui.ddns.net\/pachuca\/index.php\/wp-json\/wp\/v2\/media?parent=841"}],"wp:term":[{"taxonomy":"product_brand","embeddable":true,"href":"https:\/\/soydeaqui.ddns.net\/pachuca\/index.php\/wp-json\/wp\/v2\/product_brand?post=841"},{"taxonomy":"product_cat","embeddable":true,"href":"https:\/\/soydeaqui.ddns.net\/pachuca\/index.php\/wp-json\/wp\/v2\/product_cat?post=841"},{"taxonomy":"product_tag","embeddable":true,"href":"https:\/\/soydeaqui.ddns.net\/pachuca\/index.php\/wp-json\/wp\/v2\/product_tag?post=841"}],"curies":[{"name":"wp","href":"https:\/\/api.w.org\/{rel}","templated":true}]}}