{"id":84065,"date":"2026-03-19T20:34:50","date_gmt":"2026-03-19T20:34:50","guid":{"rendered":"https:\/\/soydeaqui.ddns.net\/pachuca\/index.php\/producto\/uacc-rack-cabinet-12u-550-x-450-mm-gabinete-cerrado-para-montaje-en-pared-con-puerta-de-vidrio-templado-totalmente-ensamblado-con-ventiladores-integrados-y-paneles-removibles\/"},"modified":"2026-03-19T20:35:05","modified_gmt":"2026-03-19T20:35:05","slug":"uacc-rack-cabinet-12u-550-x-450-mm-gabinete-cerrado-para-montaje-en-pared-con-puerta-de-vidrio-templado-totalmente-ensamblado-con-ventiladores-integrados-y-paneles-removibles","status":"publish","type":"product","link":"https:\/\/soydeaqui.ddns.net\/pachuca\/index.php\/producto\/uacc-rack-cabinet-12u-550-x-450-mm-gabinete-cerrado-para-montaje-en-pared-con-puerta-de-vidrio-templado-totalmente-ensamblado-con-ventiladores-integrados-y-paneles-removibles\/","title":{"rendered":"UACC Rack Cabinet 12U (550 x 450 mm) &#8211; Gabinete Cerrado para Montaje en Pared con Puerta de Vidrio Templado, Totalmente Ensamblado con Ventiladores Integrados y Paneles Removibles"},"content":{"rendered":"<div style='width: 100%; max-width: 1200px; margin: 0 auto; font-family: sans-serif; line-height: 1.6; color: inherit; background-color: transparent;'> <!-- Hero Section --> <\/p>\n<div style='display: flex; flex-wrap: wrap; gap: 30px; align-items: center; margin-bottom: 30px; border: 1px solid rgba(150&comma;150&comma;150&comma;0.3); border-radius: 12px; padding: 20px;'>\n<div style='flex: 1 1 320px; min-width: 280px;'> <!-- Video container --> <\/p>\n<div style='position: relative; padding-bottom: 56.25%; height: 0; overflow: hidden; margin-bottom: 15px;'> <video autoplay muted loop playsinline preload='metadata' poster='https:\/\/ftp3.syscom.mx\/usuarios\/adiaz\/Ubiquiti\/Imagenes\/Accesorios\/UACC-Rack-12U\/Wall-450\/fallbackwall450g.png' style='position: absolute; top: 0; left: 0; width: 100%; height: 100%; border: 1px solid rgba(150&comma;150&comma;150&comma;0.3); border-radius: 8px;'><source src='https:\/\/ftp3.syscom.mx\/usuarios\/adiaz\/Ubiquiti\/Imagenes\/Accesorios\/UACC-Rack-12U\/Wall-450\/loopwall450g.mp4' type='video\/mp4'>Tu navegador no soporta video HTML5.<\/video> <\/div>\n<\/p><\/div>\n<div style='flex: 1 1 360px; min-width: 280px;'>\n<h2 style='font-size: 22px; margin-top: 0; margin-bottom: 10px; color: inherit; opacity: 0.9;'>Gabinete Cerrado para Montaje en Pared<\/h2>\n<p style='margin: 0 0 15px; font-size: 14px; color: inherit;'> Gabinete para rack <strong style='color: inherit;'>12U<\/strong> de 4 postes para <strong style='color: inherit;'>montaje en pared<\/strong>&comma; tipo gabinete cerrado&comma; con <strong style='color: inherit;'>puerta frontal de vidrio templado<\/strong> y <strong style='color: inherit;'>paneles laterales removibles y con llave<\/strong>. <\/p>\n<\/p><\/div>\n<\/p><\/div>\n<p> <!-- Especificaciones --> <\/p>\n<div style='text-align: center; margin: 40px 0 20px;'> <span style='font-size: 20px; font-weight: bold; color: inherit; border-bottom: 2px solid currentColor; padding-bottom: 5px;'>Especificaciones<\/span> <\/div>\n<p> <!-- Grid de especificaciones --> <\/p>\n<div style='display: flex; flex-wrap: wrap; gap: 20px; margin-bottom: 30px;'> <!-- Dimensiones --> <\/p>\n<div style='flex: 1 1 250px; border: 1px solid rgba(150&comma; 150&comma; 150&comma; 0.4); border-radius: 8px; overflow: hidden; display: flex; flex-direction: column;'>\n<div style='padding: 15px; border-bottom: 1px solid rgba(150&comma; 150&comma; 150&comma; 0.2); font-weight: bold; font-size: 18px; color: inherit;'>Dimensiones<\/div>\n<div style='padding: 15px; color: inherit;'>\n<ul style='padding-left: 20px; margin: 0; font-size: 14px; list-style-type: disc;'>\n<li style='margin-bottom: 5px;'><strong style='color: inherit;'>Empaque:<\/strong> 580 \u00d7 675 \u00d7 735 mm (22.8 \u00d7 26.6 \u00d7 28.9&#8242;)<\/li>\n<li style='margin-bottom: 5px;'><strong style='color: inherit;'>Rack:<\/strong> 550 \u00d7 450 \u00d7 635 mm (21.7 \u00d7 17.7 \u00d7 25&#8242;)<\/li>\n<\/ul><\/div>\n<\/p><\/div>\n<p> <!-- Peso y materiales --> <\/p>\n<div style='flex: 1 1 250px; border: 1px solid rgba(150&comma; 150&comma; 150&comma; 0.4); border-radius: 8px; overflow: hidden; display: flex; flex-direction: column;'>\n<div style='padding: 15px; border-bottom: 1px solid rgba(150&comma; 150&comma; 150&comma; 0.2); font-weight: bold; font-size: 18px; color: inherit;'>Peso y materiales<\/div>\n<div style='padding: 15px; color: inherit;'>\n<ul style='padding-left: 20px; margin: 0; font-size: 14px; list-style-type: disc;'>\n<li style='margin-bottom: 5px;'><strong style='color: inherit;'>Peso (empaque):<\/strong> 23.2 kg (51.1 lb)<\/li>\n<li style='margin-bottom: 5px;'><strong style='color: inherit;'>Peso (rack):<\/strong> 19 kg (41.9 lb)<\/li>\n<li style='margin-bottom: 5px;'><strong style='color: inherit;'>Material del gabinete:<\/strong> Acero SPCC<\/li>\n<li style='margin-bottom: 5px; font-size: 13px; color: inherit; opacity: 0.8; padding-left: 20px;'> Puerta\/paneles laterales: 0.8 mm (0.03&#8242;)<br \/> Cuerpo principal: 0.8 mm (0.03&#8242;)<br \/> Postes: 2 mm (0.08&#8242;) <\/li>\n<li style='margin-bottom: 5px;'><strong style='color: inherit;'>Color:<\/strong> Blanco<\/li>\n<li style='margin-bottom: 5px;'><strong style='color: inherit;'>Tratamiento:<\/strong> Pintura electrost\u00e1tica (powder coating)<\/li>\n<\/ul><\/div>\n<\/p><\/div>\n<p> <!-- Caracter\u00edsticas del rack --> <\/p>\n<div style='flex: 1 1 250px; border: 1px solid rgba(150&comma; 150&comma; 150&comma; 0.4); border-radius: 8px; overflow: hidden; display: flex; flex-direction: column;'>\n<div style='padding: 15px; border-bottom: 1px solid rgba(150&comma; 150&comma; 150&comma; 0.2); font-weight: bold; font-size: 18px; color: inherit;'>Caracter\u00edsticas del rack<\/div>\n<div style='padding: 15px; color: inherit;'>\n<ul style='padding-left: 20px; margin: 0; font-size: 14px; list-style-type: disc;'>\n<li style='margin-bottom: 5px;'><strong style='color: inherit;'>Altura:<\/strong> 12U<\/li>\n<li style='margin-bottom: 5px;'><strong style='color: inherit;'>Tipo:<\/strong> Gabinete cerrado de 4 postes<\/li>\n<li style='margin-bottom: 5px;'><strong style='color: inherit;'>Tipo de perforaci\u00f3n de montaje:<\/strong> Cuadrada<\/li>\n<li style='margin-bottom: 5px;'><strong style='color: inherit;'>Profundidad de montaje ajustable:<\/strong> Predeterminada 283 mm (11.1&#8242;) \/ M\u00e1x. 305 mm (12&#8242;)<br style='color: inherit;'>Paso de ajuste: 22 mm (0.87&#8242;)<\/li>\n<li style='margin-bottom: 5px;'><strong style='color: inherit;'>Capacidad de carga m\u00e1x.:<\/strong> 50 kg (110 lb)<\/li>\n<li style='margin-bottom: 5px;'><strong style='color: inherit;'>Puerta frontal:<\/strong> Vidrio templado; apertura por defecto a la izquierda; reversible<\/li>\n<li style='margin-bottom: 5px;'><strong style='color: inherit;'>Paneles laterales:<\/strong> (2) s\u00f3lidos&comma; removibles y con llave<\/li>\n<\/ul><\/div>\n<\/p><\/div>\n<p> <!-- Accesorios y seguridad --> <\/p>\n<div style='flex: 1 1 250px; border: 1px solid rgba(150&comma; 150&comma; 150&comma; 0.4); border-radius: 8px; overflow: hidden; display: flex; flex-direction: column;'>\n<div style='padding: 15px; border-bottom: 1px solid rgba(150&comma; 150&comma; 150&comma; 0.2); font-weight: bold; font-size: 18px; color: inherit;'>Accesorios y seguridad<\/div>\n<div style='padding: 15px; color: inherit;'>\n<ul style='padding-left: 20px; margin: 0; font-size: 14px; list-style-type: disc;'>\n<li style='margin-bottom: 5px;'><strong style='color: inherit;'>Montaje:<\/strong> En pared<\/li>\n<li style='margin-bottom: 5px;'><strong style='color: inherit;'>M\u00f3dulo de ventilaci\u00f3n:<\/strong> \u2713<\/li>\n<li style='margin-bottom: 5px;'><strong style='color: inherit;'>Ruido ac\u00fastico:<\/strong> \u2264 50 dB(A) (nivel de presi\u00f3n sonora)<\/li>\n<li style='margin-bottom: 5px;'><strong style='color: inherit;'>Zapatas de tierra:<\/strong> \u2713<\/li>\n<li style='margin-bottom: 5px;'><strong style='color: inherit;'>Aberturas de entrada de cables:<\/strong><br style='color: inherit;'> <strong style='color: inherit;'>(1) Pared trasera:<\/strong> 350 \u00d7 100 mm (13.8 \u00d7 3.9&#8242;)<br style='color: inherit;'> <strong style='color: inherit;'>(1) Superior:<\/strong> 336.5 \u00d7 52.5 mm (13.2 \u00d7 2.1&#8242;)<br style='color: inherit;'> <strong style='color: inherit;'>(1) Inferior:<\/strong> 336.5 \u00d7 52.5 mm (13.2 \u00d7 2.1&#8242;) <\/li>\n<li style='margin-bottom: 5px;'><strong style='color: inherit;'>Seguridad:<\/strong> (1) cerradura de puerta frontal&comma; (2) cerraduras de panel lateral&comma; (2) llaves<\/li>\n<li style='margin-bottom: 5px;'><strong style='color: inherit;'>Normativas:<\/strong> CE; EIA\/ECA-310-E; RoHS<\/li>\n<li style='margin-bottom: 5px;'><strong style='color: inherit;'>Dispositivos compatibles:<\/strong> equipos rack-mount de Ubiquiti hasta 325 mm de profundidad<\/li>\n<li style='margin-bottom: 5px; font-size: 13px; color: inherit; opacity: 0.8; padding-left: 20px;'> Nota: equipos de 325 mm pueden instalarse con la profundidad de montaje en 305 mm (m\u00e1x.)&comma; pero no se soporta respaldo de energ\u00eda DC por el espacio trasero limitado. <\/li>\n<li style='margin-bottom: 5px;'><strong style='color: inherit;'>Cumplimiento NDAA:<\/strong> \u2713<\/li>\n<\/ul><\/div>\n<\/p><\/div>\n<\/p><\/div>\n<p> <!-- Galer\u00eda de im\u00e1genes --> <\/p>\n<div style='border: 1px solid rgba(150&comma;150&comma;150&comma;0.3); border-radius: 8px; padding: 20px; margin: 30px 0;'>\n<h3 style='font-size: 18px; margin: 0 0 15px; font-weight: bold; color: inherit; border-bottom: 1px solid rgba(150&comma;150&comma;150&comma;0.2); padding-bottom: 10px;'>Vista del producto<\/h3>\n<div style='display: flex; flex-wrap: wrap; gap: 20px; justify-content: center; align-items: flex-start;'> <img style='width: 100%; max-width: 580px; height: auto; border: 1px solid rgba(150&comma;150&comma;150&comma;0.3); border-radius: 8px;' src='https:\/\/ftp3.syscom.mx\/usuarios\/adiaz\/Ubiquiti\/Imagenes\/Accesorios\/UACC-Rack-12U\/Wall-450\/fallbackwall450g.png' alt='Rack 12U vista frontal'> <img style='width: 100%; max-width: 580px; height: auto; border: 1px solid rgba(150&comma;150&comma;150&comma;0.3); border-radius: 8px;' src='https:\/\/ftp3.syscom.mx\/usuarios\/adiaz\/Ubiquiti\/Imagenes\/Accesorios\/UACC-Rack-12U\/Wall-450\/aplicacionwall450g.png' alt='Rack 12U vista lateral'> <\/div>\n<\/p><\/div>\n<\/p><\/div>\n","protected":false},"excerpt":{"rendered":"<p>UACC Rack Cabinet 12U (550 x 450 mm) &#8211; Gabinete Cerrado para Montaje en Pared con Puerta de Vidrio Templado, Totalmente Ensamblado con Ventiladores Integrados y Paneles Removibles<\/p>\n","protected":false},"featured_media":84064,"comment_status":"open","ping_status":"closed","template":"","meta":[],"product_brand":[],"product_cat":[678],"product_tag":[679,605,166],"class_list":{"0":"post-84065","1":"product","2":"type-product","3":"status-publish","4":"has-post-thumbnail","6":"product_cat-gabinetes-uso-multiple","7":"product_tag-gabinetes-uso-multiple","8":"product_tag-racks-y-gabinetes","9":"product_tag-ubiquiti","11":"first","12":"outofstock","13":"sale","14":"shipping-taxable","15":"purchasable","16":"product-type-simple"},"_links":{"self":[{"href":"https:\/\/soydeaqui.ddns.net\/pachuca\/index.php\/wp-json\/wp\/v2\/product\/84065","targetHints":{"allow":["GET"]}}],"collection":[{"href":"https:\/\/soydeaqui.ddns.net\/pachuca\/index.php\/wp-json\/wp\/v2\/product"}],"about":[{"href":"https:\/\/soydeaqui.ddns.net\/pachuca\/index.php\/wp-json\/wp\/v2\/types\/product"}],"replies":[{"embeddable":true,"href":"https:\/\/soydeaqui.ddns.net\/pachuca\/index.php\/wp-json\/wp\/v2\/comments?post=84065"}],"wp:featuredmedia":[{"embeddable":true,"href":"https:\/\/soydeaqui.ddns.net\/pachuca\/index.php\/wp-json\/wp\/v2\/media\/84064"}],"wp:attachment":[{"href":"https:\/\/soydeaqui.ddns.net\/pachuca\/index.php\/wp-json\/wp\/v2\/media?parent=84065"}],"wp:term":[{"taxonomy":"product_brand","embeddable":true,"href":"https:\/\/soydeaqui.ddns.net\/pachuca\/index.php\/wp-json\/wp\/v2\/product_brand?post=84065"},{"taxonomy":"product_cat","embeddable":true,"href":"https:\/\/soydeaqui.ddns.net\/pachuca\/index.php\/wp-json\/wp\/v2\/product_cat?post=84065"},{"taxonomy":"product_tag","embeddable":true,"href":"https:\/\/soydeaqui.ddns.net\/pachuca\/index.php\/wp-json\/wp\/v2\/product_tag?post=84065"}],"curies":[{"name":"wp","href":"https:\/\/api.w.org\/{rel}","templated":true}]}}