{"id":84058,"date":"2026-03-19T20:34:30","date_gmt":"2026-03-19T20:34:30","guid":{"rendered":"https:\/\/soydeaqui.ddns.net\/pachuca\/index.php\/producto\/uacc-rack-cabinet-12u-598-x-600-mm-gabinete-cerrado-para-montaje-en-pared-con-puerta-frontal-de-vidrio-templado-totalmente-ensamblado-con-ventiladores-integrados-y-paneles-removibles\/"},"modified":"2026-03-19T20:34:44","modified_gmt":"2026-03-19T20:34:44","slug":"uacc-rack-cabinet-12u-598-x-600-mm-gabinete-cerrado-para-montaje-en-pared-con-puerta-frontal-de-vidrio-templado-totalmente-ensamblado-con-ventiladores-integrados-y-paneles-removibles","status":"publish","type":"product","link":"https:\/\/soydeaqui.ddns.net\/pachuca\/index.php\/producto\/uacc-rack-cabinet-12u-598-x-600-mm-gabinete-cerrado-para-montaje-en-pared-con-puerta-frontal-de-vidrio-templado-totalmente-ensamblado-con-ventiladores-integrados-y-paneles-removibles\/","title":{"rendered":"UACC Rack Cabinet 12U (598 x 600 mm) &#8211; Gabinete Cerrado para Montaje en Pared con Puerta Frontal de Vidrio Templado, Totalmente Ensamblado con Ventiladores Integrados y Paneles Removibles"},"content":{"rendered":"<div style='width: 100%; max-width: 1200px; margin: 0 auto; font-family: sans-serif; line-height: 1.6; color: inherit; background-color: transparent;'> <!-- Hero section --> <\/p>\n<div style='display: flex; flex-wrap: wrap; gap: 30px; align-items: center; border: 1px solid rgba(150&comma;150&comma;150&comma;0.3); border-radius: 12px; padding: 20px; margin-bottom: 30px;'>\n<div style='flex: 1 1 320px; min-width: 280px;'> <!-- Video container --> <\/p>\n<div style='position: relative; padding-bottom: 56.25%; height: 0; overflow: hidden; margin-bottom: 10px;'> <video style='position: absolute; top: 0; left: 0; width: 100%; height: 100%; border: 1px solid rgba(150&comma;150&comma;150&comma;0.3); border-radius: 8px; background: transparent;' autoplay muted loop playsinline preload='metadata'><source src='https:\/\/ftp3.syscom.mx\/usuarios\/adiaz\/Ubiquiti\/Imagenes\/Accesorios\/UACC-Rack-12U\/Wall-600\/loopwall600g.mp4' type='video\/mp4'><!-- Fallback image --> <img style='width: 100%; height: auto; border: 1px solid rgba(150&comma;150&comma;150&comma;0.3); border-radius: 8px;' src='https:\/\/ftp3.syscom.mx\/usuarios\/adiaz\/Ubiquiti\/Imagenes\/Accesorios\/UACC-Rack-12U\/Wall-600\/fallbackwall600g.png' alt='UniFi 12U Rack Cabinet'><\/video> <\/div>\n<\/p><\/div>\n<div style='flex: 1 1 360px; min-width: 280px;'>\n<h2 style='font-size: 24px; margin: 0 0 10px; color: inherit;'>UniFi 12U Rack Cabinet<\/h2>\n<div style='margin: 0 0 15px; font-weight: 600; opacity: 0.8; color: inherit;'>Modelo: <span style='font-weight: 700; opacity: 1;'>UACC-Rack-12U-Wall-600-G<\/span><\/div>\n<p style='margin: 0; color: inherit;'>Gabinete para rack <strong>12U<\/strong> de 4 postes para <strong>montaje en pared<\/strong>&comma; tipo gabinete cerrado&comma; con <strong>puerta frontal de vidrio templado<\/strong> y <strong>paneles laterales removibles y con llave<\/strong>.<\/p>\n<\/p><\/div>\n<\/p><\/div>\n<p> <!-- Especificaciones --> <\/p>\n<div style='text-align: center; margin: 40px 0 20px;'> <span style='font-size: 22px; font-weight: 700; color: inherit;'>Especificaciones<\/span> <\/div>\n<p> <!-- Grid de especificaciones --> <\/p>\n<div style='display: flex; flex-wrap: wrap; gap: 30px; margin-bottom: 40px;'> <!-- Card: Dimensiones --> <\/p>\n<div style='flex: 1 1 280px; min-width: 260px; border: 1px solid rgba(150&comma;150&comma;150&comma;0.4); border-radius: 8px; overflow: hidden; display: flex; flex-direction: column;'>\n<div style='padding: 15px; border-bottom: 1px solid rgba(150&comma;150&comma;150&comma;0.2); font-weight: bold; font-size: 18px; color: inherit;'>Dimensiones<\/div>\n<div style='padding: 15px; color: inherit;'>\n<ul style='padding-left: 20px; margin: 0; font-size: 14px; list-style-type: disc;'>\n<li style='margin-bottom: 5px;'><strong>Empaque:<\/strong> 740 \u00d7 730 \u00d7 735 mm (29.1 \u00d7 28.7 \u00d7 28.9&#8242;)<\/li>\n<li style='margin-bottom: 5px;'><strong>Rack:<\/strong> 598 \u00d7 600 \u00d7 639 mm (23.5 \u00d7 23.6 \u00d7 25.2&#8242;)<\/li>\n<\/ul><\/div>\n<\/p><\/div>\n<p> <!-- Card: Peso y materiales --> <\/p>\n<div style='flex: 1 1 280px; min-width: 260px; border: 1px solid rgba(150&comma;150&comma;150&comma;0.4); border-radius: 8px; overflow: hidden; display: flex; flex-direction: column;'>\n<div style='padding: 15px; border-bottom: 1px solid rgba(150&comma;150&comma;150&comma;0.2); font-weight: bold; font-size: 18px; color: inherit;'>Peso y materiales<\/div>\n<div style='padding: 15px; color: inherit;'>\n<ul style='padding-left: 20px; margin: 0; font-size: 14px; list-style-type: disc;'>\n<li style='margin-bottom: 5px;'><strong>Peso (empaque):<\/strong> 33.6 kg (74.1 lb)<\/li>\n<li style='margin-bottom: 5px;'><strong>Peso (rack):<\/strong> 28.2 kg (62.2 lb)<\/li>\n<li style='margin-bottom: 5px;'><strong>Material del gabinete:<\/strong> Acero SPCC\n<div style='margin-top: 8px; font-size: 14px; opacity: 0.8; color: inherit;'> Puerta\/paneles laterales: 1.2 mm (0.05&#8242;)<br \/> Cuerpo principal: 1.2 mm (0.05&#8242;)<br \/> Postes: 2 mm (0.08&#8242;) <\/div>\n<\/li>\n<li style='margin-bottom: 5px;'><strong>Color:<\/strong> Blanco<\/li>\n<li style='margin-bottom: 5px;'><strong>Tratamiento:<\/strong> Pintura electrost\u00e1tica (powder coating)<\/li>\n<\/ul><\/div>\n<\/p><\/div>\n<p> <!-- Card: Caracter\u00edsticas del rack --> <\/p>\n<div style='flex: 1 1 280px; min-width: 260px; border: 1px solid rgba(150&comma;150&comma;150&comma;0.4); border-radius: 8px; overflow: hidden; display: flex; flex-direction: column;'>\n<div style='padding: 15px; border-bottom: 1px solid rgba(150&comma;150&comma;150&comma;0.2); font-weight: bold; font-size: 18px; color: inherit;'>Caracter\u00edsticas del rack<\/div>\n<div style='padding: 15px; color: inherit;'>\n<ul style='padding-left: 20px; margin: 0; font-size: 14px; list-style-type: disc;'>\n<li style='margin-bottom: 5px;'><strong>Altura:<\/strong> 12U<\/li>\n<li style='margin-bottom: 5px;'><strong>Tipo:<\/strong> Gabinete cerrado de 4 postes<\/li>\n<li style='margin-bottom: 5px;'><strong>Tipo de perforaci\u00f3n de montaje:<\/strong> Cuadrada<\/li>\n<li style='margin-bottom: 5px;'><strong>Profundidad de montaje ajustable:<\/strong> Predeterminada 448 mm (17.6&#8242;) \/ M\u00e1x. 508 mm (20&#8242;)<br \/><span style='display: block; margin-top: 4px;'>Paso de ajuste: 20 mm (0.79&#8242;)<\/span><\/li>\n<li style='margin-bottom: 5px;'><strong>Capacidad de carga m\u00e1x.:<\/strong> 80 kg (176 lb)<\/li>\n<li style='margin-bottom: 5px;'><strong>Puerta frontal:<\/strong> Vidrio templado; apertura por defecto a la izquierda&comma; reversible<\/li>\n<li style='margin-bottom: 5px;'><strong>Paneles laterales:<\/strong> (2) s\u00f3lidos&comma; removibles y con llave<\/li>\n<\/ul><\/div>\n<\/p><\/div>\n<p> <!-- Card: Accesorios y seguridad --> <\/p>\n<div style='flex: 1 1 280px; min-width: 260px; border: 1px solid rgba(150&comma;150&comma;150&comma;0.4); border-radius: 8px; overflow: hidden; display: flex; flex-direction: column;'>\n<div style='padding: 15px; border-bottom: 1px solid rgba(150&comma;150&comma;150&comma;0.2); font-weight: bold; font-size: 18px; color: inherit;'>Accesorios y seguridad<\/div>\n<div style='padding: 15px; color: inherit;'>\n<ul style='padding-left: 20px; margin: 0; font-size: 14px; list-style-type: disc;'>\n<li style='margin-bottom: 5px;'><strong>Montaje:<\/strong> En pared<\/li>\n<li style='margin-bottom: 5px;'><strong>M\u00f3dulo de ventilaci\u00f3n:<\/strong> \u2713<\/li>\n<li style='margin-bottom: 5px;'><strong>Ruido ac\u00fastico:<\/strong> \u2264 50 dB(A) (nivel de presi\u00f3n sonora)<\/li>\n<li style='margin-bottom: 5px;'><strong>Zapatas de tierra:<\/strong> \u2713<\/li>\n<li style='margin-bottom: 5px;'><strong>Aberturas de entrada de cables:<\/strong>\n<ul style='padding-left: 20px; margin-top: 5px; font-size: 14px; list-style-type: disc;'>\n<li style='margin-bottom: 3px;'><strong>Pared trasera:<\/strong> 350 \u00d7 100 mm (13.8 \u00d7 3.9&#8242;)<\/li>\n<li style='margin-bottom: 3px;'><strong>Superior:<\/strong> 336.5 \u00d7 52.5 mm (13.2 \u00d7 2.1&#8242;)<\/li>\n<li style='margin-bottom: 3px;'><strong>Inferior:<\/strong> 336.5 \u00d7 52.5 mm (13.2 \u00d7 2.1&#8242;)<\/li>\n<\/ul>\n<\/li>\n<li style='margin-bottom: 5px;'><strong>Seguridad:<\/strong> (1) cerradura de puerta frontal&comma; (4) cerraduras de panel lateral&comma; (2) llaves<\/li>\n<li style='margin-bottom: 5px;'><strong>Normativas:<\/strong> CE; EIA\/ECA-310-E; RoHS<\/li>\n<li style='margin-bottom: 5px;'><strong>Cumplimiento NDAA:<\/strong> \u2713<\/li>\n<\/ul><\/div>\n<\/p><\/div>\n<\/p><\/div>\n<p> <!-- Galer\u00eda de im\u00e1genes --> <\/p>\n<div style='border: 1px solid rgba(150&comma;150&comma;150&comma;0.3); border-radius: 8px; padding: 20px; margin-top: 40px; text-align: center;'>\n<h3 style='margin: 0 0 20px; font-size: 20px; font-weight: 600; color: inherit;'>Vista del producto<\/h3>\n<div style='display: flex; flex-wrap: wrap; gap: 20px; justify-content: center; align-items: center;'> <img style='width: 100%; max-width: 480px; height: auto; border: 1px solid rgba(150&comma;150&comma;150&comma;0.3); border-radius: 8px;' src='https:\/\/ftp3.syscom.mx\/usuarios\/adiaz\/Ubiquiti\/Imagenes\/Accesorios\/UACC-Rack-12U\/Wall-600\/fallbackwall600g.png' alt='Rack 12U vista frontal'> <img style='width: 100%; max-width: 480px; height: auto; border: 1px solid rgba(150&comma;150&comma;150&comma;0.3); border-radius: 8px;' src='https:\/\/ftp3.syscom.mx\/usuarios\/adiaz\/Ubiquiti\/Imagenes\/Accesorios\/UACC-Rack-12U\/Wall-600\/aplicacionwall600g.png' alt='Rack 12U vista interior'> <\/div>\n<\/p><\/div>\n<\/p><\/div>\n","protected":false},"excerpt":{"rendered":"<p>UACC Rack Cabinet 12U (598 x 600 mm) &#8211; Gabinete Cerrado para Montaje en Pared con Puerta Frontal de Vidrio Templado, Totalmente Ensamblado con Ventiladores Integrados y Paneles Removibles<\/p>\n","protected":false},"featured_media":84057,"comment_status":"open","ping_status":"closed","template":"","meta":[],"product_brand":[],"product_cat":[678],"product_tag":[679,605,166],"class_list":{"0":"post-84058","1":"product","2":"type-product","3":"status-publish","4":"has-post-thumbnail","6":"product_cat-gabinetes-uso-multiple","7":"product_tag-gabinetes-uso-multiple","8":"product_tag-racks-y-gabinetes","9":"product_tag-ubiquiti","11":"first","12":"outofstock","13":"sale","14":"shipping-taxable","15":"purchasable","16":"product-type-simple"},"_links":{"self":[{"href":"https:\/\/soydeaqui.ddns.net\/pachuca\/index.php\/wp-json\/wp\/v2\/product\/84058","targetHints":{"allow":["GET"]}}],"collection":[{"href":"https:\/\/soydeaqui.ddns.net\/pachuca\/index.php\/wp-json\/wp\/v2\/product"}],"about":[{"href":"https:\/\/soydeaqui.ddns.net\/pachuca\/index.php\/wp-json\/wp\/v2\/types\/product"}],"replies":[{"embeddable":true,"href":"https:\/\/soydeaqui.ddns.net\/pachuca\/index.php\/wp-json\/wp\/v2\/comments?post=84058"}],"wp:featuredmedia":[{"embeddable":true,"href":"https:\/\/soydeaqui.ddns.net\/pachuca\/index.php\/wp-json\/wp\/v2\/media\/84057"}],"wp:attachment":[{"href":"https:\/\/soydeaqui.ddns.net\/pachuca\/index.php\/wp-json\/wp\/v2\/media?parent=84058"}],"wp:term":[{"taxonomy":"product_brand","embeddable":true,"href":"https:\/\/soydeaqui.ddns.net\/pachuca\/index.php\/wp-json\/wp\/v2\/product_brand?post=84058"},{"taxonomy":"product_cat","embeddable":true,"href":"https:\/\/soydeaqui.ddns.net\/pachuca\/index.php\/wp-json\/wp\/v2\/product_cat?post=84058"},{"taxonomy":"product_tag","embeddable":true,"href":"https:\/\/soydeaqui.ddns.net\/pachuca\/index.php\/wp-json\/wp\/v2\/product_tag?post=84058"}],"curies":[{"name":"wp","href":"https:\/\/api.w.org\/{rel}","templated":true}]}}