{"id":84044,"date":"2026-03-19T20:33:52","date_gmt":"2026-03-19T20:33:52","guid":{"rendered":"https:\/\/soydeaqui.ddns.net\/pachuca\/index.php\/producto\/uacc-rack-cabinet-12u-550x-450-mm-gabinete-cerrado-para-montaje-en-pared-con-puerta-frontal-perforada-totalmente-ensamblado-con-ventiladores-integrados-y-paneles-removibles\/"},"modified":"2026-03-19T20:34:07","modified_gmt":"2026-03-19T20:34:07","slug":"uacc-rack-cabinet-12u-550x-450-mm-gabinete-cerrado-para-montaje-en-pared-con-puerta-frontal-perforada-totalmente-ensamblado-con-ventiladores-integrados-y-paneles-removibles","status":"publish","type":"product","link":"https:\/\/soydeaqui.ddns.net\/pachuca\/index.php\/producto\/uacc-rack-cabinet-12u-550x-450-mm-gabinete-cerrado-para-montaje-en-pared-con-puerta-frontal-perforada-totalmente-ensamblado-con-ventiladores-integrados-y-paneles-removibles\/","title":{"rendered":"UACC Rack Cabinet 12U (550x 450 mm) &#8211; Gabinete Cerrado para Montaje en Pared con Puerta Frontal Perforada, Totalmente Ensamblado con Ventiladores Integrados y Paneles Removibles"},"content":{"rendered":"<div style='width: 100%; max-width: 1200px; margin: 0 auto; font-family: sans-serif; line-height: 1.6; color: inherit; background-color: transparent;'> <!-- Hero Section --> <\/p>\n<div style='display: flex; flex-wrap: wrap; gap: 30px; align-items: center; border: 1px solid rgba(150&comma;150&comma;150&comma;0.3); border-radius: 12px; padding: 20px; margin-bottom: 30px; background-color: transparent;'> <!-- Video Container --> <\/p>\n<div style='flex: 1 1 320px; min-width: 280px;'>\n<div style='position: relative; padding-bottom: 56.25%; height: 0; overflow: hidden; border: 1px solid rgba(150&comma;150&comma;150&comma;0.3); border-radius: 12px;'> <video style='position: absolute; top: 0; left: 0; width: 100%; height: 100%; border-radius: 12px;' autoplay muted loop playsinline preload='metadata'><source src='https:\/\/ftp3.syscom.mx\/usuarios\/adiaz\/Ubiquiti\/Imagenes\/Accesorios\/UACC-Rack-12U\/Wall-450\/loopwall450p.mp4' type='video\/mp4'><img src='https:\/\/ftp3.syscom.mx\/usuarios\/adiaz\/Ubiquiti\/Imagenes\/Accesorios\/UACC-Rack-12U\/Wall-450\/fallbackwall450p.png' alt='UniFi 12U Rack Cabinet' style='width: 100%; height: auto; border: 1px solid rgba(150&comma;150&comma;150&comma;0.3); border-radius: 8px;'><\/video> <\/div>\n<\/p><\/div>\n<p> <!-- Text Content --> <\/p>\n<div style='flex: 1 1 360px; min-width: 280px;'>\n<h2 style='font-size: 24px; margin: 0 0 10px; color: inherit;'>UniFi 12U Rack Cabinet<\/h2>\n<div style='margin-bottom: 15px; font-weight: 600; color: inherit; opacity: 0.85;'>Modelo: <span style='font-weight: 700; opacity: 1;'>UACC-Rack-12U-Wall-450-P<\/span><\/div>\n<p style='margin: 0 0 15px; color: inherit;'>Gabinete para rack <strong style='color: inherit;'>12U<\/strong> de 4 postes para <strong style='color: inherit;'>montaje en pared<\/strong>&comma; tipo gabinete cerrado&comma; con <strong style='color: inherit;'>puerta frontal perforada<\/strong> y <strong style='color: inherit;'>paneles laterales removibles y con llave<\/strong>.<\/p>\n<\/p><\/div>\n<\/p><\/div>\n<p> <!-- Specifications Title --> <\/p>\n<div style='text-align: center; margin: 40px 0 20px;'> <span style='font-size: 20px; font-weight: 700; border-bottom: 2px solid currentColor; padding-bottom: 5px; color: inherit;'>Especificaciones<\/span> <\/div>\n<p> <!-- Specifications Grid --> <\/p>\n<div style='display: flex; flex-wrap: wrap; gap: 20px; margin-bottom: 30px;'> <!-- Dimensiones Card --> <\/p>\n<div style='flex: 1 1 250px; border: 1px solid rgba(150&comma;150&comma;150&comma;0.4); border-radius: 8px; overflow: hidden; display: flex; flex-direction: column;'>\n<div style='padding: 15px; border-bottom: 1px solid rgba(150&comma;150&comma;150&comma;0.2); font-weight: bold; font-size: 18px; color: inherit;'>Dimensiones<\/div>\n<div style='padding: 15px; color: inherit;'>\n<ul style='padding-left: 20px; margin: 0; font-size: 14px; list-style-type: disc;'>\n<li style='margin-bottom: 8px;'><strong style='color: inherit;'>Empaque<\/strong>: 580 \u00d7 675 \u00d7 735 mm (22.8 \u00d7 26.6 \u00d7 28.9&#8242;)<\/li>\n<li style='margin-bottom: 8px;'><strong style='color: inherit;'>Rack<\/strong>: 550 \u00d7 450 \u00d7 635 mm (21.7 \u00d7 17.7 \u00d7 25&#8242;)<\/li>\n<\/ul><\/div>\n<\/p><\/div>\n<p> <!-- Peso y materiales Card --> <\/p>\n<div style='flex: 1 1 250px; border: 1px solid rgba(150&comma;150&comma;150&comma;0.4); border-radius: 8px; overflow: hidden; display: flex; flex-direction: column;'>\n<div style='padding: 15px; border-bottom: 1px solid rgba(150&comma;150&comma;150&comma;0.2); font-weight: bold; font-size: 18px; color: inherit;'>Peso y materiales<\/div>\n<div style='padding: 15px; color: inherit;'>\n<ul style='padding-left: 20px; margin: 0; font-size: 14px; list-style-type: disc;'>\n<li style='margin-bottom: 8px;'><strong style='color: inherit;'>Peso (empaque)<\/strong>: 22 kg (48.5 lb)<\/li>\n<li style='margin-bottom: 8px;'><strong style='color: inherit;'>Peso (rack)<\/strong>: 17.8 kg (39.2 lb)<\/li>\n<li style='margin-bottom: 8px;'><strong style='color: inherit;'>Material del gabinete<\/strong>: Acero SPCC\n<div style='margin-top: 8px; font-size: 13px; opacity: 0.85; color: inherit;'> Puerta\/paneles laterales: 0.8 mm (0.03&#8242;)<br \/> Cuerpo principal: 0.8 mm (0.03&#8242;)<br \/> Postes: 2 mm (0.08&#8242;) <\/div>\n<\/li>\n<li style='margin-bottom: 8px;'><strong style='color: inherit;'>Color<\/strong>: Blanco<\/li>\n<li style='margin-bottom: 8px;'><strong style='color: inherit;'>Tratamiento<\/strong>: Pintura electrost\u00e1tica (powder coating)<\/li>\n<\/ul><\/div>\n<\/p><\/div>\n<p> <!-- Caracter\u00edsticas del rack Card --> <\/p>\n<div style='flex: 1 1 250px; border: 1px solid rgba(150&comma;150&comma;150&comma;0.4); border-radius: 8px; overflow: hidden; display: flex; flex-direction: column;'>\n<div style='padding: 15px; border-bottom: 1px solid rgba(150&comma;150&comma;150&comma;0.2); font-weight: bold; font-size: 18px; color: inherit;'>Caracter\u00edsticas del rack<\/div>\n<div style='padding: 15px; color: inherit;'>\n<ul style='padding-left: 20px; margin: 0; font-size: 14px; list-style-type: disc;'>\n<li style='margin-bottom: 8px;'><strong style='color: inherit;'>Altura<\/strong>: 12U<\/li>\n<li style='margin-bottom: 8px;'><strong style='color: inherit;'>Tipo<\/strong>: Gabinete cerrado de 4 postes<\/li>\n<li style='margin-bottom: 8px;'><strong style='color: inherit;'>Tipo de perforaci\u00f3n de montaje<\/strong>: Cuadrada<\/li>\n<li style='margin-bottom: 8px;'><strong style='color: inherit;'>Profundidad de montaje ajustable<\/strong>: Predeterminada 283 mm (11.1&#8242;) \/ M\u00e1x. 305 mm (12&#8242;)\n<div style='margin-top: 4px; font-size: 13px; opacity: 0.85; color: inherit;'>Paso de ajuste: 22 mm (0.87&#8242;)<\/div>\n<\/li>\n<li style='margin-bottom: 8px;'><strong style='color: inherit;'>Capacidad de carga m\u00e1x.<\/strong>: 50 kg (110 lb)<\/li>\n<li style='margin-bottom: 8px;'><strong style='color: inherit;'>Puerta frontal<\/strong>: Perforada&comma; apertura por defecto a la izquierda&comma; reversible<\/li>\n<li style='margin-bottom: 8px;'><strong style='color: inherit;'>Paneles laterales<\/strong>: (2) s\u00f3lidos&comma; removibles y con llave<\/li>\n<\/ul><\/div>\n<\/p><\/div>\n<p> <!-- Accesorios y seguridad Card --> <\/p>\n<div style='flex: 1 1 250px; border: 1px solid rgba(150&comma;150&comma;150&comma;0.4); border-radius: 8px; overflow: hidden; display: flex; flex-direction: column;'>\n<div style='padding: 15px; border-bottom: 1px solid rgba(150&comma;150&comma;150&comma;0.2); font-weight: bold; font-size: 18px; color: inherit;'>Accesorios y seguridad<\/div>\n<div style='padding: 15px; color: inherit;'>\n<ul style='padding-left: 20px; margin: 0; font-size: 14px; list-style-type: disc;'>\n<li style='margin-bottom: 8px;'><strong style='color: inherit;'>Montaje<\/strong>: En pared<\/li>\n<li style='margin-bottom: 8px;'><strong style='color: inherit;'>M\u00f3dulo de ventilaci\u00f3n<\/strong>: \u2713<\/li>\n<li style='margin-bottom: 8px;'><strong style='color: inherit;'>Ruido ac\u00fastico<\/strong>: \u2264 50 dB(A) (nivel de presi\u00f3n sonora)<\/li>\n<li style='margin-bottom: 8px;'><strong style='color: inherit;'>Zapatas de tierra<\/strong>: \u2713<\/li>\n<li style='margin-bottom: 8px;'><strong style='color: inherit;'>Aberturas de entrada de cables<\/strong>:\n<div style='margin-left: 20px; margin-top: 4px; font-size: 14px;'>\n<div style='margin-bottom: 4px;'><strong style='color: inherit;'>(1) Pared trasera:<\/strong> 350 \u00d7 100 mm (13.8 \u00d7 3.9&#8242;)<\/div>\n<div style='margin-bottom: 4px;'><strong style='color: inherit;'>(1) Superior:<\/strong> 336.5 \u00d7 52.5 mm (13.2 \u00d7 2.1&#8242;)<\/div>\n<div style='margin-bottom: 4px;'><strong style='color: inherit;'>(1) Inferior:<\/strong> 336.5 \u00d7 52.5 mm (13.2 \u00d7 2.1&#8242;)<\/div>\n<\/p><\/div>\n<\/li>\n<li style='margin-bottom: 8px;'><strong style='color: inherit;'>Seguridad<\/strong>: (1) cerradura de puerta frontal&comma; (2) cerraduras de panel lateral&comma; (2) llaves<\/li>\n<li style='margin-bottom: 8px;'><strong style='color: inherit;'>Normativas<\/strong>: CE; EIA\/ECA-310-E; RoHS<\/li>\n<li style='margin-bottom: 8px;'><strong style='color: inherit;'>Dispositivos compatibles<\/strong>: Equipos rack-mount de Ubiquiti hasta 325 mm de profundidad\n<div style='margin-top: 4px; font-size: 13px; opacity: 0.85; color: inherit;'> Nota: equipos de 325 mm pueden instalarse con la profundidad de montaje en 305 mm (m\u00e1x.)&comma; pero no se soporta respaldo de energ\u00eda DC por el espacio trasero limitado. <\/div>\n<\/li>\n<li style='margin-bottom: 8px;'><strong style='color: inherit;'>Cumplimiento NDAA<\/strong>: \u2713<\/li>\n<\/ul><\/div>\n<\/p><\/div>\n<\/p><\/div>\n<p> <!-- Product Gallery --> <\/p>\n<div style='border: 1px solid rgba(150&comma;150&comma;150&comma;0.3); border-radius: 8px; padding: 20px; margin: 30px 0;'>\n<h3 style='font-size: 18px; margin: 0 0 20px; font-weight: 600; color: inherit; text-align: center;'>Vista del producto<\/h3>\n<div style='display: flex; flex-wrap: wrap; gap: 20px; justify-content: center; align-items: center;'> <img style='width: 100%; max-width: 480px; height: auto; border: 1px solid rgba(150&comma;150&comma;150&comma;0.3); border-radius: 8px;' src='https:\/\/ftp3.syscom.mx\/usuarios\/adiaz\/Ubiquiti\/Imagenes\/Accesorios\/UACC-Rack-12U\/Wall-450\/fallbackwall450p.png' alt='Rack 12U vista frontal'> <img style='width: 100%; max-width: 480px; height: auto; border: 1px solid rgba(150&comma;150&comma;150&comma;0.3); border-radius: 8px;' src='https:\/\/ftp3.syscom.mx\/usuarios\/adiaz\/Ubiquiti\/Imagenes\/Accesorios\/UACC-Rack-12U\/Wall-450\/aplicacionwall450p.png' alt='Rack 12U vista lateral'> <\/div>\n<\/p><\/div>\n<\/p><\/div>\n","protected":false},"excerpt":{"rendered":"<p>UACC Rack Cabinet 12U (550x 450 mm) &#8211; Gabinete Cerrado para Montaje en Pared con Puerta Frontal Perforada, Totalmente Ensamblado con Ventiladores Integrados y Paneles Removibles<\/p>\n","protected":false},"featured_media":84043,"comment_status":"open","ping_status":"closed","template":"","meta":[],"product_brand":[],"product_cat":[678],"product_tag":[679,605,166],"class_list":{"0":"post-84044","1":"product","2":"type-product","3":"status-publish","4":"has-post-thumbnail","6":"product_cat-gabinetes-uso-multiple","7":"product_tag-gabinetes-uso-multiple","8":"product_tag-racks-y-gabinetes","9":"product_tag-ubiquiti","11":"first","12":"outofstock","13":"sale","14":"shipping-taxable","15":"purchasable","16":"product-type-simple"},"_links":{"self":[{"href":"https:\/\/soydeaqui.ddns.net\/pachuca\/index.php\/wp-json\/wp\/v2\/product\/84044","targetHints":{"allow":["GET"]}}],"collection":[{"href":"https:\/\/soydeaqui.ddns.net\/pachuca\/index.php\/wp-json\/wp\/v2\/product"}],"about":[{"href":"https:\/\/soydeaqui.ddns.net\/pachuca\/index.php\/wp-json\/wp\/v2\/types\/product"}],"replies":[{"embeddable":true,"href":"https:\/\/soydeaqui.ddns.net\/pachuca\/index.php\/wp-json\/wp\/v2\/comments?post=84044"}],"wp:featuredmedia":[{"embeddable":true,"href":"https:\/\/soydeaqui.ddns.net\/pachuca\/index.php\/wp-json\/wp\/v2\/media\/84043"}],"wp:attachment":[{"href":"https:\/\/soydeaqui.ddns.net\/pachuca\/index.php\/wp-json\/wp\/v2\/media?parent=84044"}],"wp:term":[{"taxonomy":"product_brand","embeddable":true,"href":"https:\/\/soydeaqui.ddns.net\/pachuca\/index.php\/wp-json\/wp\/v2\/product_brand?post=84044"},{"taxonomy":"product_cat","embeddable":true,"href":"https:\/\/soydeaqui.ddns.net\/pachuca\/index.php\/wp-json\/wp\/v2\/product_cat?post=84044"},{"taxonomy":"product_tag","embeddable":true,"href":"https:\/\/soydeaqui.ddns.net\/pachuca\/index.php\/wp-json\/wp\/v2\/product_tag?post=84044"}],"curies":[{"name":"wp","href":"https:\/\/api.w.org\/{rel}","templated":true}]}}