{"id":84024,"date":"2026-03-19T20:32:59","date_gmt":"2026-03-19T20:32:59","guid":{"rendered":"https:\/\/soydeaqui.ddns.net\/pachuca\/index.php\/producto\/switch-de-red-mikrotik-crs418-8p-8g-2srm-17-puertos-gigabit-ethernet-8-puertos-poe-out-802-3af-at-2-puertos-sfp-10g-cpu-quad-core-2-2-ghz-arm-routeros-v7-l3-hw-offloading-alimentacion\/"},"modified":"2026-03-19T20:33:03","modified_gmt":"2026-03-19T20:33:03","slug":"switch-de-red-mikrotik-crs418-8p-8g-2srm-17-puertos-gigabit-ethernet-8-puertos-poe-out-802-3af-at-2-puertos-sfp-10g-cpu-quad-core-2-2-ghz-arm-routeros-v7-l3-hw-offloading-alimentacion","status":"publish","type":"product","link":"https:\/\/soydeaqui.ddns.net\/pachuca\/index.php\/producto\/switch-de-red-mikrotik-crs418-8p-8g-2srm-17-puertos-gigabit-ethernet-8-puertos-poe-out-802-3af-at-2-puertos-sfp-10g-cpu-quad-core-2-2-ghz-arm-routeros-v7-l3-hw-offloading-alimentacion\/","title":{"rendered":"Switch de Red MikroTik CRS418-8P-8G-2S+RM \/ 17 Puertos Gigabit Ethernet \/ 8 Puertos PoE-out 802.3af\/at \/ 2 Puertos SFP+ 10G \/ CPU Quad-Core 2.2 GHz ARM \/ RouterOS v7 \/ L3 HW Offloading \/ Alimentaci\u00f3n Dual Redundante \/ USB 3.0"},"content":{"rendered":"<div style='width: 100%; max-width: 1200px; margin: 0 auto; font-family: sans-serif; line-height: 1.6; color: inherit; background-color: transparent;'> <!-- Secci\u00f3n de video y t\u00edtulo --> <\/p>\n<div style='display: flex; flex-wrap: wrap; gap: 30px; align-items: center; margin-bottom: 30px;'>\n<div style='flex: 1 1 320px; min-width: 280px;'>\n<div style='position: relative; padding-bottom: 56.25%; height: 0; overflow: hidden;'>   <\/div>\n<\/p><\/div>\n<div style='flex: 1 1 360px; min-width: 280px;'>\n<h1 style='font-size: 28px; font-weight: 500; margin-top: 0; margin-bottom: 15px; color: inherit;'>CRS418-8P-8G-2S+RM<\/h1>\n<p style='margin-bottom: 15px; text-align: justify;'>Esta es una actualizaci\u00f3n importante para quienes buscan reemplazar una gran cantidad de dispositivos con un solo dispositivo multitarea inteligente&comma; dise\u00f1ado para cargas de trabajo de enrutamiento reales&comma; enlaces ascendentes de alto ancho de banda y una gesti\u00f3n de cableado ordenada. Ya sea que est\u00e9 alimentando puntos de acceso y c\u00e1maras de CCTV&comma; el CRS418 lo gestiona todo con facilidad.<\/p>\n<\/p><\/div>\n<\/p><\/div>\n<p> <!-- Secci\u00f3n de caracter\u00edsticas --> <\/p>\n<div style='display: flex; flex-wrap: wrap; gap: 20px; margin-bottom: 30px;'>\n<div style='flex: 1 1 280px; min-width: 260px;'>\n<div style='border: 1px solid rgba(150&comma;150&comma;150&comma;0.3); border-radius: 8px; overflow: hidden;'>\n<div style='padding: 15px; border-bottom: 1px solid rgba(150&comma;150&comma;150&comma;0.2); font-weight: bold; font-size: 18px; color: inherit;'>Caracter\u00edsticas Principales<\/div>\n<ul style='padding: 15px; margin: 0; font-size: 14px; list-style-type: disc;'>\n<li style='margin-bottom: 5px;'>16 Puertos Gigabit (8 con PoE-out est\u00e1ndar AF\/AT)<\/li>\n<li style='margin-bottom: 5px;'>2 Puertos SFP+ de 10G<\/li>\n<li style='margin-bottom: 5px;'>Fuentes de alimentaci\u00f3n duales redundantes<\/li>\n<li style='margin-bottom: 5px;'>RouterOS v7 (Licencia Nivel 5)<\/li>\n<li style='margin-bottom: 5px;'>CPU Quad-Core ARM de 64 bits<\/li>\n<li style='margin-bottom: 5px;'>Formato Rackmount 1U<\/li>\n<\/ul><\/div>\n<\/p><\/div>\n<div style='flex: 1 1 280px; min-width: 260px;'>\n<div style='border: 1px solid rgba(150&comma;150&comma;150&comma;0.3); border-radius: 8px; overflow: hidden;'>\n<div style='padding: 15px; border-bottom: 1px solid rgba(150&comma;150&comma;150&comma;0.2); font-weight: bold; font-size: 18px; color: inherit;'>\u00bfD\u00f3nde Encaja?<\/div>\n<ul style='padding: 15px; margin: 0; font-size: 14px; list-style-type: disc;'>\n<li style='margin-bottom: 5px;'>Alimentaci\u00f3n de C\u00e1maras IP y APs<\/li>\n<li style='margin-bottom: 5px;'>Redes empresariales con segmentaci\u00f3n<\/li>\n<li style='margin-bottom: 5px;'>Racks de servidores y telecomunicaciones<\/li>\n<li style='margin-bottom: 5px;'>Gesti\u00f3n de tr\u00e1fico L3<\/li>\n<li style='margin-bottom: 5px;'>Entornos que requieren alta disponibilidad<\/li>\n<\/ul><\/div>\n<\/p><\/div>\n<\/p><\/div>\n<p> <!-- Secci\u00f3n de im\u00e1genes y descripci\u00f3n --> <\/p>\n<div style='display: flex; flex-wrap: wrap; gap: 30px; align-items: center; margin-bottom: 30px;'>\n<div style='flex: 1 1 320px; min-width: 280px; text-align: center;'> <img style='width: 100%; height: auto; border: 1px solid rgba(150&comma;150&comma;150&comma;0.3); border-radius: 8px;' src='http:\/\/ftp3.syscom.mx\/usuarios\/ftp\/2025\/12\/30\/2676\/CRS418_grid_1.webp_froala_6953fb89d6dca' alt=''> <\/div>\n<div style='flex: 1 1 360px; min-width: 280px;'>\n<h2 style='font-size: 22px; font-weight: 600; margin-top: 0; margin-bottom: 10px; color: inherit;'>16xGE + 2xSFP+ 1\/10G y m\u00e1s<\/h2>\n<p>Salida PoE &comma; enlaces ascendentes de fibra de alta velocidad &comma; compatibilidad con almacenamiento USB&comma; control\/monitoreo de red avanzado y suficiente potencia de procesamiento incluso para alg\u00fan enrutamiento o descarga de hardware L3\u2026 en un solo dispositivo 1U y al mejor precio del mercado.<\/p>\n<\/p><\/div>\n<\/p><\/div>\n<p> <!-- Secci\u00f3n de CPU y rendimiento --> <\/p>\n<div style='display: flex; flex-wrap: wrap; gap: 30px; align-items: center; margin-bottom: 30px;'>\n<div style='flex: 1 1 320px; min-width: 280px; text-align: center;'> <img style='width: 100%; height: auto; border: 1px solid rgba(150&comma;150&comma;150&comma;0.3); border-radius: 8px;' src='http:\/\/ftp3.syscom.mx\/usuarios\/ftp\/2025\/12\/30\/2676\/CRS418_grid_2.webp_froala_6953fcec0f8f4' alt=''> <\/div>\n<div style='flex: 1 1 360px; min-width: 280px;'>\n<h2 style='font-size: 22px; font-weight: 600; margin-top: 0; margin-bottom: 10px; color: inherit;'>CPU de cuatro n\u00facleos<\/h2>\n<p>Potente CPU de cuatro n\u00facleos a 2&comma;2 GHz en un gabinete de montaje en rack limpio y duradero.<\/p>\n<p>Suficientemente potente para reemplazar la mayor\u00eda de los enrutadores de oficina peque\u00f1os y medianos. Gracias a su CPU ARM de cuatro n\u00facleos de 2&comma;2 GHz&comma; descarga de hardware L3 y RouterOS v7&comma; puedes usarlo como puerta de enlace de Internet&comma; firewall e incluso como controlador CAPsMAN.<\/p>\n<\/p><\/div>\n<\/p><\/div>\n<p> <!-- Secci\u00f3n de especificaciones --> <\/p>\n<div style='margin-bottom: 30px;'>\n<h3 style='font-size: 22px; border-bottom: 2px solid currentColor; padding-bottom: 5px; margin-top: 0; margin-bottom: 15px; color: inherit; opacity: 0.8;'>Especificaci\u00f3n<\/h3>\n<div style='display: flex; flex-wrap: wrap; gap: 30px; margin-bottom: 30px;'>\n<div style='flex: 1 1 250px; border: 1px solid rgba(150&comma;150&comma;150&comma;0.4); border-radius: 8px; overflow: hidden; display: flex; flex-direction: column;'>\n<div style='padding: 15px; border-bottom: 1px solid rgba(150&comma;150&comma;150&comma;0.2); font-weight: bold; font-size: 18px; color: inherit;'>Detalles<\/div>\n<div style='padding: 15px; color: inherit;'>\n<ul style='padding-left: 20px; margin: 0; font-size: 14px; list-style-type: disc;'>\n<li style='margin-bottom: 5px;'><strong>C\u00f3digo de producto:<\/strong> CRS418-8P-8G-2S+RM<\/li>\n<li style='margin-bottom: 5px;'><strong>Arquitectura:<\/strong> ARM de 64 bits<\/li>\n<li style='margin-bottom: 5px;'><strong>CPU:<\/strong> IPQ-8072<\/li>\n<li style='margin-bottom: 5px;'><strong>Sistema operativo:<\/strong> RouterOS v7<\/li>\n<li style='margin-bottom: 5px;'><strong>Licencia:<\/strong> Nivel 5<\/li>\n<li style='margin-bottom: 5px;'><strong>Tama\u00f1o de RAM:<\/strong> 1 GB<\/li>\n<li style='margin-bottom: 5px;'><strong>Almacenamiento:<\/strong> 128 MB (NAND)<\/li>\n<\/ul><\/div>\n<\/p><\/div>\n<div style='flex: 1 1 250px; border: 1px solid rgba(150&comma;150&comma;150&comma;0.4); border-radius: 8px; overflow: hidden; display: flex; flex-direction: column;'>\n<div style='padding: 15px; border-bottom: 1px solid rgba(150&comma;150&comma;150&comma;0.2); font-weight: bold; font-size: 18px; color: inherit;'>Alimentaci\u00f3n<\/div>\n<div style='padding: 15px; color: inherit;'>\n<ul style='padding-left: 20px; margin: 0; font-size: 14px; list-style-type: disc;'>\n<li style='margin-bottom: 5px;'><strong>Entradas AC:<\/strong> 2 (Redundantes)<\/li>\n<li style='margin-bottom: 5px;'><strong>Rango de entrada AC:<\/strong> 100-240 V<\/li>\n<li style='margin-bottom: 5px;'><strong>Consumo m\u00e1ximo:<\/strong> 215 W<\/li>\n<li style='margin-bottom: 5px;'><strong>Consumo sin accesorios:<\/strong> 28 W<\/li>\n<li style='margin-bottom: 5px;'><strong>Tipo de refrigeraci\u00f3n:<\/strong> 2 Ventiladores<\/li>\n<\/ul><\/div>\n<\/p><\/div>\n<div style='flex: 1 1 250px; border: 1px solid rgba(150&comma;150&comma;150&comma;0.4); border-radius: 8px; overflow: hidden; display: flex; flex-direction: column;'>\n<div style='padding: 15px; border-bottom: 1px solid rgba(150&comma;150&comma;150&comma;0.2); font-weight: bold; font-size: 18px; color: inherit;'>Ethernet y Fibra<\/div>\n<div style='padding: 15px; color: inherit;'>\n<ul style='padding-left: 20px; margin: 0; font-size: 14px; list-style-type: disc;'>\n<li style='margin-bottom: 5px;'><strong>Puertos Ethernet 1G:<\/strong> 16 (8 con PoE-out)<\/li>\n<li style='margin-bottom: 5px;'><strong>Puertos SFP+:<\/strong> 2<\/li>\n<\/ul><\/div>\n<\/p><\/div>\n<div style='flex: 1 1 250px; border: 1px solid rgba(150&comma;150&comma;150&comma;0.4); border-radius: 8px; overflow: hidden; display: flex; flex-direction: column;'>\n<div style='padding: 15px; border-bottom: 1px solid rgba(150&comma;150&comma;150&comma;0.2); font-weight: bold; font-size: 18px; color: inherit;'>Otros<\/div>\n<div style='padding: 15px; color: inherit;'>\n<ul style='padding-left: 20px; margin: 0; font-size: 14px; list-style-type: disc;'>\n<li style='margin-bottom: 5px;'><strong>Monitor temp. CPU:<\/strong> S\u00ed<\/li>\n<li style='margin-bottom: 5px;'><strong>Certificaci\u00f3n:<\/strong> CE&comma; EAC&comma; ROHS&comma; IP20<\/li>\n<\/ul><\/div>\n<\/p><\/div>\n<\/p><\/div>\n<\/p><\/div>\n<p> <!-- Tabla de rendimiento --> <\/p>\n<div style='margin-bottom: 30px;'>\n<h3 style='font-size: 22px; border-bottom: 2px solid currentColor; padding-bottom: 5px; margin-top: 0; margin-bottom: 15px; color: inherit; opacity: 0.8;'>Resultados de conmutaci\u00f3n<\/h3>\n<div style='overflow-x: auto;'>\n<table style='width: 100%; border-collapse: collapse; font-size: 14px; border: 1px solid rgba(150&comma;150&comma;150&comma;0.3);'>\n<thead style='background-color: rgba(150&comma;150&comma;150&comma;0.1);'>\n<tr>\n<th style='padding: 12px; border: 1px solid rgba(150&comma;150&comma;150&comma;0.3);'>Modo<\/th>\n<th style='padding: 12px; border: 1px solid rgba(150&comma;150&comma;150&comma;0.3);'>Configuraci\u00f3n<\/th>\n<th style='padding: 12px; border: 1px solid rgba(150&comma;150&comma;150&comma;0.3);'>1518 byte<\/th>\n<th style='padding: 12px; border: 1px solid rgba(150&comma;150&comma;150&comma;0.3);'>512 byte<\/th>\n<th style='padding: 12px; border: 1px solid rgba(150&comma;150&comma;150&comma;0.3);'>64 byte<\/th>\n<\/tr>\n<\/thead>\n<tbody>\n<tr>\n<td style='padding: 12px; border: 1px solid rgba(150&comma;150&comma;150&comma;0.3);'>Switching<\/td>\n<td style='padding: 12px; border: 1px solid rgba(150&comma;150&comma;150&comma;0.3);'>Non blocking L2 throughput<\/td>\n<td style='padding: 12px; border: 1px solid rgba(150&comma;150&comma;150&comma;0.3);'>36&comma;000.0 Mbps<\/td>\n<td style='padding: 12px; border: 1px solid rgba(150&comma;150&comma;150&comma;0.3);'>36&comma;000.0 Mbps<\/td>\n<td style='padding: 12px; border: 1px solid rgba(150&comma;150&comma;150&comma;0.3);'>36&comma;000.0 Mbps<\/td>\n<\/tr>\n<tr>\n<td style='padding: 12px; border: 1px solid rgba(150&comma;150&comma;150&comma;0.3);'>Switching<\/td>\n<td style='padding: 12px; border: 1px solid rgba(150&comma;150&comma;150&comma;0.3);'>Non blocking L2 capacity<\/td>\n<td style='padding: 12px; border: 1px solid rgba(150&comma;150&comma;150&comma;0.3);'>72&comma;000.0 Mbps<\/td>\n<td style='padding: 12px; border: 1px solid rgba(150&comma;150&comma;150&comma;0.3);'>72&comma;000.0 Mbps<\/td>\n<td style='padding: 12px; border: 1px solid rgba(150&comma;150&comma;150&comma;0.3);'>72&comma;000.0 Mbps<\/td>\n<\/tr>\n<tr>\n<td style='padding: 12px; border: 1px solid rgba(150&comma;150&comma;150&comma;0.3);'>Switching<\/td>\n<td style='padding: 12px; border: 1px solid rgba(150&comma;150&comma;150&comma;0.3);'>Non blocking L1 throughput<\/td>\n<td style='padding: 12px; border: 1px solid rgba(150&comma;150&comma;150&comma;0.3);'>37&comma;000.0 Mbps<\/td>\n<td style='padding: 12px; border: 1px solid rgba(150&comma;150&comma;150&comma;0.3);'>37&comma;000.0 Mbps<\/td>\n<td style='padding: 12px; border: 1px solid rgba(150&comma;150&comma;150&comma;0.3);'>37&comma;000.0 Mbps<\/td>\n<\/tr>\n<tr>\n<td style='padding: 12px; border: 1px solid rgba(150&comma;150&comma;150&comma;0.3);'>Switching<\/td>\n<td style='padding: 12px; border: 1px solid rgba(150&comma;150&comma;150&comma;0.3);'>Non blocking L1 capacity<\/td>\n<td style='padding: 12px; border: 1px solid rgba(150&comma;150&comma;150&comma;0.3);'>74&comma;000.0 Mbps<\/td>\n<td style='padding: 12px; border: 1px solid rgba(150&comma;150&comma;150&comma;0.3);'>74&comma;000.0 Mbps<\/td>\n<td style='padding: 12px; border: 1px solid rgba(150&comma;150&comma;150&comma;0.3);'>74&comma;000.0 Mbps<\/td>\n<\/tr>\n<\/tbody>\n<\/table><\/div>\n<\/p><\/div>\n<p> <!-- Secci\u00f3n de documentos --> <\/p>\n<div style='margin-bottom: 30px;'>\n<h3 style='font-size: 22px; border-bottom: 2px solid currentColor; padding-bottom: 5px; margin-top: 0; margin-bottom: 15px; color: inherit; opacity: 0.8;'>Documentos<\/h3>\n<div style='display: flex; flex-wrap: wrap; gap: 20px;'>\n<div style='flex: 1 1 300px; min-width: 280px; border: 1px solid rgba(150&comma;150&comma;150&comma;0.3); border-radius: 8px; overflow: hidden;'>\n<div style='padding: 15px; border-bottom: 1px solid rgba(150&comma;150&comma;150&comma;0.2); font-weight: bold; font-size: 18px; color: inherit;'>Folleto<\/div>\n<div style='padding: 15px;'>\n<p style='margin-bottom: 10px;'>Lea el folleto del producto y descubra las caracter\u00edsticas y especificaciones.<\/p>\n<p> <a href='https:\/\/cdn.mikrotik.com\/web-assets\/product_files\/CRS418-8P-8G-2SRM_250823.pdf' target='_blank' rel='noopener noreferrer' style='display: inline-block; padding: 8px 16px; background-color: #000; color: #fff; text-decoration: none; border-radius: 4px; font-size: 14px; font-weight: 500;'>Descargar PDF<\/a> <\/div>\n<\/p><\/div>\n<div style='flex: 1 1 300px; min-width: 280px; border: 1px solid rgba(150&comma;150&comma;150&comma;0.3); border-radius: 8px; overflow: hidden;'>\n<div style='padding: 15px; border-bottom: 1px solid rgba(150&comma;150&comma;150&comma;0.2); font-weight: bold; font-size: 18px; color: inherit;'>Certificado de calidad<\/div>\n<div style='padding: 15px;'> <a href='https:\/\/cdn.mikrotik.com\/web-assets\/product_files\/ID279_CRS418-8P-8G-2SRM_DOC_250803.pdf' target='_blank' rel='noopener noreferrer' style='display: inline-block; padding: 8px 16px; background-color: #000; color: #fff; text-decoration: none; border-radius: 4px; font-size: 14px; font-weight: 500;'>Descargar PDF<\/a> <\/div>\n<\/p><\/div>\n<div style='flex: 1 1 300px; min-width: 280px; border: 1px solid rgba(150&comma;150&comma;150&comma;0.3); border-radius: 8px; overflow: hidden;'>\n<div style='padding: 15px; border-bottom: 1px solid rgba(150&comma;150&comma;150&comma;0.2); font-weight: bold; font-size: 18px; color: inherit;'>Manual de usuario<\/div>\n<div style='padding: 15px;'> <a href='https:\/\/help.mikrotik.com\/docs\/spaces\/UM\/pages\/330301526\/CRS418-8P-8G-2S+RM' target='_blank' rel='noopener noreferrer' style='display: inline-block; padding: 8px 16px; background-color: #000; color: #fff; text-decoration: none; border-radius: 4px; font-size: 14px; font-weight: 500;'>Ver en l\u00ednea<\/a> <\/div>\n<\/p><\/div>\n<\/p><\/div>\n<\/p><\/div>\n<p> <!-- Secci\u00f3n de diagramas --> <\/p>\n<div style='margin-bottom: 30px;'>\n<h3 style='font-size: 22px; border-bottom: 2px solid currentColor; padding-bottom: 5px; margin-top: 0; margin-bottom: 15px; color: inherit; opacity: 0.8;'>Diagrama de bloques<\/h3>\n<div style='text-align: center;'> <a href='https:\/\/cdn.mikrotik.com\/web-assets\/product_files\/CRS418-8P-8G-2S_250837.png' target='_blank' rel='noopener noreferrer'> <img style='width: 100%; max-width: 600px; height: auto; border: 1px solid rgba(150&comma;150&comma;150&comma;0.3); border-radius: 8px;' src='http:\/\/ftp3.syscom.mx\/usuarios\/ftp\/2025\/12\/30\/2676\/1767112148818.png_froala_6953fdd58bff9' alt='Diagrama de bloques'> <\/a> <\/div>\n<\/p><\/div>\n<\/p><\/div>\n","protected":false},"excerpt":{"rendered":"<p>Switch de Red MikroTik CRS418-8P-8G-2S+RM \/ 17 Puertos Gigabit Ethernet \/ 8 Puertos PoE-out 802.3af\/at \/ 2 Puertos SFP+ 10G \/ CPU Quad-Core 2.2 GHz ARM \/ RouterOS v7 \/ L3 HW Offloading \/ Alimentaci\u00f3n Dual Redundante \/ USB 3.0<\/p>\n","protected":false},"featured_media":84023,"comment_status":"open","ping_status":"closed","template":"","meta":[],"product_brand":[],"product_cat":[1970],"product_tag":[643,664,1971],"class_list":{"0":"post-84024","1":"product","2":"type-product","3":"status-publish","4":"has-post-thumbnail","6":"product_cat-switches","7":"product_tag-mikrotik","8":"product_tag-networking","9":"product_tag-switches","11":"first","12":"outofstock","13":"sale","14":"shipping-taxable","15":"purchasable","16":"product-type-simple"},"_links":{"self":[{"href":"https:\/\/soydeaqui.ddns.net\/pachuca\/index.php\/wp-json\/wp\/v2\/product\/84024","targetHints":{"allow":["GET"]}}],"collection":[{"href":"https:\/\/soydeaqui.ddns.net\/pachuca\/index.php\/wp-json\/wp\/v2\/product"}],"about":[{"href":"https:\/\/soydeaqui.ddns.net\/pachuca\/index.php\/wp-json\/wp\/v2\/types\/product"}],"replies":[{"embeddable":true,"href":"https:\/\/soydeaqui.ddns.net\/pachuca\/index.php\/wp-json\/wp\/v2\/comments?post=84024"}],"wp:featuredmedia":[{"embeddable":true,"href":"https:\/\/soydeaqui.ddns.net\/pachuca\/index.php\/wp-json\/wp\/v2\/media\/84023"}],"wp:attachment":[{"href":"https:\/\/soydeaqui.ddns.net\/pachuca\/index.php\/wp-json\/wp\/v2\/media?parent=84024"}],"wp:term":[{"taxonomy":"product_brand","embeddable":true,"href":"https:\/\/soydeaqui.ddns.net\/pachuca\/index.php\/wp-json\/wp\/v2\/product_brand?post=84024"},{"taxonomy":"product_cat","embeddable":true,"href":"https:\/\/soydeaqui.ddns.net\/pachuca\/index.php\/wp-json\/wp\/v2\/product_cat?post=84024"},{"taxonomy":"product_tag","embeddable":true,"href":"https:\/\/soydeaqui.ddns.net\/pachuca\/index.php\/wp-json\/wp\/v2\/product_tag?post=84024"}],"curies":[{"name":"wp","href":"https:\/\/api.w.org\/{rel}","templated":true}]}}