{"id":84019,"date":"2026-03-19T20:32:46","date_gmt":"2026-03-19T20:32:46","guid":{"rendered":"https:\/\/soydeaqui.ddns.net\/pachuca\/index.php\/producto\/pinza-de-punta-de-alta-palanca-de-6\/"},"modified":"2026-03-19T20:32:48","modified_gmt":"2026-03-19T20:32:48","slug":"pinza-de-punta-de-alta-palanca-de-6","status":"publish","type":"product","link":"https:\/\/soydeaqui.ddns.net\/pachuca\/index.php\/producto\/pinza-de-punta-de-alta-palanca-de-6\/","title":{"rendered":"Pinza de Punta de Alta Palanca de 6&#8243;"},"content":{"rendered":"<\/p>\n<p style='text-align: center;'><span style='font-family: tahoma&comma; arial&comma; helvetica&comma; sans-serif; font-size: 12pt;'><img class='fr-fic fr-dii' src='data:image\/png;base64&comma;iVBORw0KGgoAAAANSUhEUgAAANcAAABnCAIAAAAc1UCXAAAT7klEQVR4Ae2dd1gbR\/rHBTZuJE7suCUmubSLfYmd\/iTPXS6\/5HJpvzzJJffLpdwjATZgg8GY2MEluLfExnFix7Fjp5zL4TSrAqIITDFgehEguqkSIASoorba2V+khWG1orotQcOzf8xKu7Pzvu9nvzPzzshmYY4\/FpuLDuSBm+wBkj0Mw1iIwpvsevQ46AFEIdJ+5j2AKGQ+BlAS3LaAKEQUMu8BRCHzMXBbCYSGIwoRhcx7AFHIfAygJLhtAVGIKGTeA4hC5mPgthIIDUcUIgqZ9wCikPkYQElw2wKiEFHIvAcQhczHwG0lEBqOKEQUMu8BRCHzMYCS4LYFRCGikHkPIAqZj4HbSiA0HFGIKGTeA4hC5mMAJcFtC4hCRCHzHkAUMh8Dt5VAaDiiEFHIvAcQhczHAEqC2xYQhYhC5j2AKGQ+Bm4rgdBwRCGikHkPIAqZjwGUBLctIAoRhcx7AFHIfAzcVgKh4YhCRCHzHkAUMh8DKAluW0AUIgqZ9wCikPkYuK0EQsMRhYhC5j2AKGQ+BlAS3LaAKEQUMu8BRCHzMXBbCYSG3xAKH94kqZBrcQBGOKw2vENrzqzrjk6sfzU62ztQ6MGZhEB4cLhT\/XhLN0nWxkjP5rQmV3VJarsFJYrdouq\/H8ia5s+flFZDvMZYuDEUbpZUKnTEmP8AQbSrTd9mNL1yIGtOcOwYmz7BL5u2gv\/0jrSdgqpyudaGgyGd0W2wnM5qfuuLnElj9dUFZUJQCCPUY7D8N6d1eVTK1Rkzce6aHxr\/eWJ9Q5cBB0PzB00mCKLHYBGWtL\/4Wabb6uLEopAgCBwQnVrz8\/szJw5S423J8q2p1e264fSPyh+13G2whJwpnerHG+\/jJsH1E45CMjAao\/Wdo7lefvzfnYuf25shbdNQ8Rp7WWfC1v8oneb\/+7P6GsN0QyicvyYu7FzZbkH1cMceYfWBhLrT2S3ZDT1Gi23IOFW1657dnX6N5t3k2x\/alFzcMjSCOCDkGlNJq7a4RdPYY8Rs+JBWG8y2iPPlnr52Rbzn4yR43GRDbvLjbgiFHmzuFF\/eVL8RDv40f753oHBeSNzDn6SczGjqc2ERACKpUnmT3XEtj5u9SjQkghYb\/kuh4sWDWYvDxQtC4xeExt0VLn5mT8bXaY1mbIg3sMdgeePzHJY\/X642kUdbr5E1qXvqG0LheGM5xZf3zle5DV0GV3nwO1U43toYuX6qH28bT0YbC2I2UNyiefGzS8M16aHNEolMabIO6iJmA9Xtun8ezWWt4ENvAABY\/pN5vHhDKPQOFP55T8Yr0VnweHbX6H3rC\/szG1V90PVkobXHOH9N3HBRnDif\/2mzpKxNS208ZgPcQsV96xNHbuRv6njCLop2EOW9puiEugc+TrLfgigc2XGjfvtQZHJmbXen1gyPpIrOUe9isbnvfJVnsjp1UjgAvkzIodcKgc\/6xPsik2cECvtbzuGyODz74fKf93pwuKtOl1idh3rSVs2DHyd5uFzsevu8NXFJlcpL9d3P78ucsVLQfwGi0NVT4\/rkYZesdUFj71hqmBMcKyrtoCoKQRAxOa1THKN1sgYPNnduSOxbR3LP5baVKXRShY5b2u77XdH80DjqZSw297Ck4VRG88mMpk\/FtbcECb0DhAtC4xZvSLorImFucKzXUFNRL3\/+Q5slx9MblXoz2Qy9GbtQpHhyV1pJq6al19jSawz4TwnNFi8\/vrC0ndpsGw7e+TKXdtkIp7eHxE2lJQScKfTw589YKbgjJG7R2viFYfG3rxYNmdPx4HBvDRI+\/+mlI6lXJLWqi\/U932Q0vX44Z67zWsDCtfHrL1QekDQckDT4\/1A8M0AwK0AwLyRuUbh4YWjc7FUimidhy29fHftydPbx9KbMKz0ZDT0nM5teO5yzdLMk\/KfyHbE1G3myJZsl8OKxF25Ij3zVFHr68iLOS8nuCQY1p657cbiYNMnLn\/\/G4Zz0GhXmvBoBCKK0VcM5VUh1X6e2n6QOjdnvu6If89ra1CYzhuvNWEmbdqeg6r4NTt3lzABBxHlpu8YEHw0LJgyHY76Pfiyn+dc7SNSlt8CLCYLIrOumtoR2\/ZhOnSl84WDWibTGyg59b5+1U2fOqu\/ZcqHyXpfu\/vn9mbGlHTRVttrw9BrVP768DF+8ZVtSZAOLW5IKpe+pwjM5rTWdenWftVNrlsiUYefKZq8SUds51Y\/\/v5\/nSGRKi7Pk4wA0dBl0Jsyefu+zvn1kHO8erH9iUchic1+Nzob0kHGt7dA\/ue0ii8315PA+PFHQ1mukxptaVukt4eel0DZYD2YDKr2FtohhwfA4acfs1YO+Dj8vVRut1AqHLLtS+MSONFrlnGsfRVApJIjmHiNtFcZqw7lFCp91CdDeP+\/LqFcaaJdBEzp15oDvi8kcEJVCdZ+1t49udZ\/Fxi1S3BrU7xxPDu+D4wWtw3uefMrkofDRqNQGpdNkuV1tetGxlLJkYzJMCNtw0NjddyT1yiFJQ6VicKECAADXXSCFMBI4ALQgRQmqyCgu2SLB8P65qhnDz+e1\/e1Q9lN70veLa2k650oh+2QhfARBEBgOfD4ahANSMr4ChUJYOa3xBEFs+qWCrHZhWDxspw0H9UpDdHL97vja4hYN7DdqO\/VPbktlsblUCoerHAAicqDypRuTy+X9cy8cB3K16fTl1jOXW1t6jNQlyslD4ZKNyTUdeugagiBUBsur0dksNnfTLxUkRAYz9ll87W0DMjZ9pSA8Rqoa6BP5xe3ejikFlUKl1nyhQL5LVP1dRtMVSkqoXWuetkLg6cuLyW0jH6rus\/p9V0RqBovN9eBwX\/g0s6V7UIBdKdzwo5TaYKXOsjAsfnzMuU5inCnUGrFEaedRSUPM5VbH8nT\/AysVWnsv4cvbwa8igdCZsF2CqlkDk6pZgcID4loyHQsAsTe2xoNDp1Cls\/CLFMdSGn7Nb+ugDEhSZF1zQ+wJiq1cGSn2BrPtYELt3DX9O05mr47dJaiGHcjkoXDZJyl1nU5aqDJYXnNQWNSiJn2fWN55+2qnrTeevry9ohoyDLWd+ie223twSKHBbNvwUzmJ5jR\/\/svRWdSR0x8+TrozXAwF+MuUBtddBatPl0DOXCn86LwThSr99adwl7B6bojdZC9\/\/ptfXFao+wevVgz3XiWcHxonqVSSLTyd1TwrQDjVn788KjXkbOm5nJbiZjUcapfLtZ4cHlULNUar78kCktrpKwX\/+OKyeqCDLmvTLnXMNmTt\/Tuk4so6aJ738uMfkTSQIj15KPyf\/ZltvU7zg3aN6W+fXpoWJIJrfUOmsl\/Yn0lOLFQGy5tfXqZSKO81LqaMnzw43HzKOtuyranP7EgjNcCGg5eis1xlbOYqEQykK4XvnyiAjDo2ZIA\/bHDk\/FwVbuyfOGvhLZS3ztOPl17dRT4RB2BRuPjhLSlSR7bSaLUdSKj7NKGuVmkwU2ZUsHkmKz5rdSyVwuRK5TyH4JFWewcKEyv6ga7u0D++LfWW1SJ8YC743tf5rs555WCWymCfnE0eCv2\/LdKbnVKG9UrD09sv3r4mDs5SXz+U4+qLZ3amXXEkvTVG7N1jeVQKW7uNd1AczWJzLzb0wMA8uu0ipBDDwYsHh6IwSARXOFwpXBaVShuxBZ+hZ3NcGzzKJxQKXddOkgZAwQFYHJHw+NbUaudhDLSOfCt6+6wyhU4s7djOl80IEFApFBW3z6EgPitACJNlDgov+kQkwNH0c\/uG2Ov0l93pLT32EcskoXDGSsHRlH55h37Mbei5JyJhqj+\/2\/HCEQSxjStzDeFbX1zWGO35gg6t+RWHnsEeubXbOM95AYZG4d0fJTQPLNvsFtW4Vv7e8XzImSuFMwOFcspwiiCIkhb1tBXXtjWGQiFBECzn7GYyhUKfiMQHI5MKm\/qHK9BvAAC5xiQq7djOq\/rn0dxHtkhmBvSnxJ0oLBmFwpkBQtgPhJ4rc3XO20dytZMpU3N3REJtp9PUhCCIXwvkZKIrvryTdLFMoaWlyrz8+NwiBTmClrZp\/7gx2UkLXZYBaRR6+vISKvor1xgxclgJ3X3v+sSm7sGlRVcKp\/rxfsrvn9yQLcQBsfL7IljD1RRGpFDiTOGsQCG\/SAH5a9eaT11qfv2LnDvXim8NEs4Pje9fFRwYD4yLQhabm3ull6y8qEm9wHni5eXHvzDg+cmghZ6+vJ2iauhKsgAAWHOmlIwi+5tCo2N9DwdALO14dmfanWvj7wyLf2SL5Ex2C+w1jl+8QmaMB7VwNApZbO5LB7Pgvp7ePmvYubLln6Qs3ZT87ld5JS0aajrQlUIPDpdzqhB22WTL6zv1T2y76DrRoRHpwebeHZEQW9bx4YmCOcGxgyt+I1M4MBfBAfCJsOfe\/b8tglOulKqup7ZfvGuteFFY\/PJPUn641NylM792MAvu16RSGDuaFrLY3LCzpWTlGA7O57U9FpU6f03c\/DVxSzYlf5\/ZBD3\/u6fQk8N7\/3i+3mzvUql\/3XqLz7r+hZOFofG8IgVMUCm15vTqrrSqLupspqpdB9\/7cVH428+U9sXWQJJwAJR6S5vGBJNtsFWuFLLY3Ps\/TsobEAzyShyAVFnX4458O4086un9G5J+LZBbbcBoscVcbh3cUjlOCm8NEv6Y1wbfFpXecqlGlSLrahlIdyu15tcdqQZavjC2dJQemcXm+qxLSJF1kWMSQBBNqj5xWYe4rKNpYBhDmvz7pnCKL++D4\/nyoVLzURcGh4AeHO7SjclFTf29A8QCFmRy3SNbBtcxx0Uhi829bZXooLiWlFtYp2thSAo9fXnhMVI4fyLvwgFo7DKs+L7Ya8gxIof76qHs0hYN1DAbDuS9pq08+wSCuqdm1HEhifWc4Nif8tugMtFaXtqq+SO5W8c5az0WLfTk8J7akVbnvJpAq\/93MDspaVbPDY69g3aExC4Ijbs\/MulQYp2rCtrH+K0aT5fdnd6BopPpjR1qk9Fis+HAhgOTFVfpLNxC+QPO+ZHWXqMFwy0Y3qA03OE8O0mq6ya\/smD4sq325QTymOLLe\/dYXnGzWqkza42YzoSp9Jaqdt1mnszi2HxFEESEyzoyee+0lYLUqn7BoEYIB6CgWR10puTBzRKfdWKfcPG9kUnvnyiQyLpo1JJ3KbXm5\/aks1bwSeswHGA4oM1OEqSdNsfnFgxfNLDIzmJzZweJtvGqmlV9WhNmxnCLzb5oLu81Hk1psJM9YOYjWyTlbfZfBmI4EBQpnOfIAkFxO\/noSoXuMcdaC3njorViXrFCpTdbMHuHBABhseE9Bktdp97g2KQ80bVQa8LSalTpzkdGTXdRi4ZcCKeGjSzLe41vHB4iI8Ni23\/h+9jW1ODTJXuE1XtF1eH\/Lfvr3ozpLnqz5mxp5M8VkT9XBJ8uHdwx5YjEBycLyK8if66YF0rfvzh9peDpnWn\/+irv38cL\/rovc05I7JtHcuFIYMX3xTCctMKd4eL0ahWcTdOMIn+CrdCYRpBbld7i\/10Ri8P9bXP1Ln7VLn7VTl7VDp6MRdlVxGJzfU8Wkt9u58q8gwb2npGQcbj3bUh671j++vPSjT9XsE8WLN0smeL8Mi8IjQs7W2qvnF\/14df5VOd4+fH\/fbyArDzsbOmitU6LQNNX8J\/fl7nxp4rDSfWHk+o3\/VLx8oGsfx3PJ1eiewyWtx2ZWppbRj29SbsZaPEY9dRsxdfFSGesGHx9h7Xk+v2W3suf\/9zejEe3pnpS0iILw8XrYqTNjnwYQRAAgGVRg9rp2qrlUSmZNcOCOLLhnVoz+1QhXDx0rZzZT+ZQ+hNPPx5J9oMbk2EPoFCbXhp+Y\/kIjZ9wFAKC6DPb1sYMkZcawYzr8tVd4eLiVg0AQG20VrTrcpvUTd32Ph2iAwgiWTb6T2F8IhIu1XZbbXCqACsYtgAAIe81vn0012OoXbTXxbprrGThWnFjlyG\/SX0osS7sXFngD8VbuTJxhRKjmJlT33N1C+gTi0KjxZZUoXztkH3vws0\/PvimYMiBGsmODQeXG3rIddVR2zYjQBD5c0Vxi3pUFnEAWnuMP1xqemTLxP23ADw4vOAzJTCTNeTL1KW3\/J9jyWpU57heMCEoBATRpTP\/ki9\/71je4nDxqDk2VzOuyyfvn8jPquvus2Cu08wOjf0XIX\/aLPEcs1b9lspesjF59X9Kkis6yaUFWvBsOF4u1+6LrXlubwZc1bguhlz3SrwDhV+lNAz361UbDrLre16NzqaNPsfejBtC4bw1ccHnyrYJqkY9oriy4NMlT+9KmxkgHHuAx27euK70cGyknRUk\/MvezODTpVH8qm3CqrCzpc\/sSvfyu\/p\/1siTw7vNsVF+y6+VhyUNxy427hTVsE8W3LM+cYovj6lXblyeIbcYPxCZtC5G+muRokFlMFttJqututPwQ1bLywezXKeG46r\/hlA4rhagi5EHEIUMDEARdjQPIAoRhcx7AFHIfAxowuCGp4hCRCHzHkAUMh8DNxQ\/msmIQkQh8x5AFDIfA5owuOEpohBRyLwHEIXMx8ANxY9mMqIQUci8BxCFzMeAJgxueIooRBQy7wFEIfMxcEPxo5mMKEQUMu8BRCHzMaAJgxueIgoRhcx7AFHIfAzcUPxoJiMKEYXMewBRyHwMaMLghqeIQkQh8x5AFDIfAzcUP5rJiEJEIfMeQBQyHwOaMLjhKaIQUci8BxCFzMfADcWPZjKiEFHIvAcQhczHgCYMbniKKEQUMu8BRCHzMXBD8aOZjChEFDLvAUQh8zGgCYMbniIKEYXMewBRyHwM3FD8aCYjChGFzHsAUvj\/h+E3fXQU5i0AAAAASUVORK5CYII=' alt='' \/><\/span><\/p>\n<p style='text-align: justify;'><span style='font-family: helvetica&comma; arial&comma; sans-serif;'>La pinza de punta de 6&#8242; Dongcheng<strong data-start='219' data-end='262'> D070316<\/strong> est\u00e1 dise\u00f1ada para ofrecer m\u00e1ximo rendimiento&comma; precisi\u00f3n y durabilidad en trabajos el\u00e9ctricos y de mantenimiento. Gracias a su tecnolog\u00eda de alta palanca&comma; reduce el esfuerzo del usuario sin sacrificar potencia ni control.<\/span><\/p>\n<\/p>\n<div class='row'>\n<div class='col-sm-12'>\n<div style='border-left: 5px solid #E42327; border-radius: 5px; padding: 5px; box-shadow: 2px 2px 10px #d8d8d8; -webkit-box-shadow: 2px 2px 10px #d8d8d8;'>\n<p><span style='color: #2880b9; font-family: helvetica&comma; arial&comma; sans-serif; font-size: 16px; font-weight: bold; background-color: #ffffff;'>Caracter\u00edsiticas:<\/span><\/p>\n<ul>\n<li style='text-align: justify;'><span style='font-family: helvetica&comma; arial&comma; sans-serif;'><strong data-start='496' data-end='533'>Dise\u00f1o exc\u00e9ntrico de alta palanca<\/strong> que ahorra hasta un 30 % de esfuerzo&comma; permitiendo cortes y sujeciones m\u00e1s eficientes.<\/span><\/li>\n<li style='text-align: justify;'><span style='font-family: helvetica&comma; arial&comma; sans-serif;'><strong data-start='628' data-end='655'>Filo templado con l\u00e1ser<\/strong>&comma; con una dureza de hasta 64 HRC&comma; ideal para cortes precisos y mayor vida \u00fatil.<\/span><\/li>\n<li style='text-align: justify;'><span style='font-family: helvetica&comma; arial&comma; sans-serif;'><strong data-start='743' data-end='780'>Tratamiento superficial fosfatado<\/strong>&comma; que brinda alta resistencia al \u00f3xido y la corrosi\u00f3n&comma; incluso en ambientes exigentes.<\/span><\/li>\n<\/ul><\/div>\n<\/p><\/div>\n<\/p><\/div>\n<p style='text-align: center;'>\n<p style='text-align: center;'><img src='data:image\/png;base64&comma;iVBORw0KGgoAAAANSUhEUgAAANMAAABqCAYAAAAmwmRkAAAAAXNSR0IArs4c6QAAAARnQU1BAACxjwv8YQUAAAAJcEhZcwAADsMAAA7DAcdvqGQAABT2SURBVHhe7Z1tcFtVesf\/KbZBysZ2LAhmV8ISAQXwFCnUZLnp1pHlUDKDMpiFpJntixTY7CS0Hdtqd7IkmbHS4rDsdGWnM0s8S9pI7Ydu41CcwXSSYe3ILkQMuMkVuy4TJayVlVPMBjmyQiSIQ90P0r2+9+hKluWrV5\/fjCe6b7Jz7\/2f5znPec5zVszNzc2BQqEsmd8jd1AolOygYqJQZIKKiUKRCSomCkUmqJgoFJmgYqJQZIKKiUKRCSomCkUmqJgoFJlYkW0GhMsbhMs7Se5e9pj0Kv4nV7DBCHYcPYcvZ78mDy1bapWVuLdOge+ur0eboR61ykrylJyTtZgcg34cHPSTuykJGuoUsG3UoMOsk\/3BevwhtDi95G6KgK2P3I1\/\/JNGaFVK8lDOoG5ejrg8HcPBQT+ML4\/C4w+Rhyk55q2PPoNu\/zCe\/xcfeShnyGKZztiZnLo1pUA4Ogt2MgKPPwTX2SAuT8dEx3u2NaKjVSfaly1Cy2RQV4M90EyesuxggxGwkzM4+m4Q730yLTqmVSlxfv8fye4hkFDLJBO1ykqY9Co4LHoEDrXimNWAhjoFf7yzfxwdx8dF11Dkw6ipho3R4N0fbsREt1nUuAdCUTzy96MIR2dF18gNFVOOsDEasAea8bShnt93eHgCLm9QdB5FfrQqJc7YGRyzGvh9wWsxNL3yX6Lz5IaKKYfUKisxsKcJVkbN7+s4Po5AKCo6j5IbbIwG5\/fPu8CfXI3iR29+LDpHTqiY8oDLaoRBXQ0AmIndgoNGQfOGUVONQ20P8tuvnv4kZ40ZFVOecFmN\/Ge3dzJnD5SSzEtb7ucbMwD4u7cvio7LRVmKKRydhccf4n\/YYIQ8Je8YNdUid693aEJ0nJJberc38p\/\/7cMromNyUdKhcU40XEg68Hk0KSRNYlBXQ6tS8lkKRs18i5Vr2GAE67tHgSWGtGloPDvufWkIwWvx9yMX72zJWaZwdBYubxBtR8aw2n4az\/SN4eCgHyP+0IJCAgDfZAQnfVPo7B\/H+u5R1Haegs3N5mVg1aipRo2iAkj8HeVMOjfW4w\/l7Z4L+d6Gb\/Kfc\/G7S0ZMgVAUHcfHod0\/hJ1uH076pshTsmImdgtu7yRanF5o9w3B5Q3mdDzCqKnhP+figcpJODoLx6AftZ2n0ob0bW4WNjcr2ja+PIoBVvoZOQb9\/D1P971ys6VxDf\/511eui47JQdGLyeMPoe3IGHT7h3F4eAIzsVvkKQCAGkUFNulV6LLo0WXRo2dbI87YGZyxM\/w+K6PGpjSm\/fJ0DDvdPmj3D+UshK1VzQ\/kFjucKz8Tu5Wyj9dxfBxu7yTc3kl0HB9H79AE3N5JzMRu4Zm+MfJ0AMCIoBEpVLL0pas3yF1LpijFxLly2n1DaHF6U1qhpw316NnWiIluM8I9W+CxM3BY9HBY9Oho1fH9Im6fy2qEx85grs+CM3YG7WadKEuBYyZ2C4eHJ6DbP4y2I2OyWpB8Jl4uFaFlSdWwsAJ3lZ2MIBxb2KoLB7JH\/KGU311qFJWYAqEoHIN+3pWT6gPVKCrQZdFjotuMgT1N6GjVZfWCmvQq9G5vROBQK87YGVGkTchJ3xRanF4YXx7Nq0tSaDxEH7TNOC+ApdJmvFu0XSjrJDdFISauQ6rbP8y7FSQGdTWOWQ0I92yBw6LPSkCpMOlVcFmNmOg2o8ui54MEQnyTEex0+1DbeQqOQX\/ZtKapIBuODvN9ou2lYGM0onvsOlsejVRBxcQGIzC+PIoWpxfuFK2TlVHjjJ0Be6AZNkZDHpYVrUoJh0WPcM+WpERVjpnYLRwc9EO3f1jU6S43hC5eQ51C9iEEoaW7PB2T1ZUuFAUVk83NSoaIha6cy2qUfTwgE2yMhncBhT6+ELd3sixTg1zeoMg76GiVzypxkJaOtISlSMHE5PGHkoTUUKfAMasBge5W2V25bDHpVRjY04SJbjPazbokF7AcWlSSAfYz0TbZx5EDo6ZalOLj9k7mdEgiHxRMTCTHrAYEDrXCxmgymsRlcnqxYvcgTE5v1ulCHcfHod03hBW7BxcUhValjAcsultFL0G5EY7OiqKnm\/SqnDVqpNs+kCJqWyoUjZgW+8ACn8cDACP+ENqOfLjoVs3lDeLw8AQfsco0oFCrrMxI7KUKGVmzpYhyygH53anGskqFohHTYnFs1fOfL0\/HYHJ6MxaUyxvETvd8bQCDuhptKfpFyw2y75LL+1KrrBT1R0m3v9QoWTHZGI1obMg3GUFH\/8LTwtlgRDR9vEZRAZfVWNbWZjEIX2gro875fZE7SlhISlZMSMwRErZsbu9k2nB1IBSFyXlWFKny2DeW1QOVk1pFboVUbpS0mADAZTUkRYVIVwWJjnXbkTGRkI5ZDVRIBMKxNWGqEGVhSl5MtcpKeOyM6CXY6fYlZSybnF6RC9Nl0SdFkyiA9s7FBYIo85S8mMAXLnlMNAZkc7N8yLzj+HhSX8BhmQ9gUChyUBZiQqIjO7DnMX57JnYLJudZhKOzolywTYk8PIr8hKOzWY\/5lQNlIyYkshWEtdLigvJCq1KAPdAMK6PGwO4m0TWU1HBjeekQDkdws5iXK2UlJiRC5u3m+TLEvskI2vrGoFUpaQg8A4yCYI7UFBgOLqCTbmyITL0qd8pOTEhUohGOQY0kpnhQFiaTxiYcnYUpzaRNJISUiwTZYqYsxQSi8CMSIfNST1cpBjghkRbpnprb+VIBc30Wft7ZcqKsxBSOzop8eI+dEQmqs39ccgyKkjmOQb9ISDWKCvRsa8T\/vvoEP1XGUyS1CvNNWYmpoz9evYh7kLXKSrisRpHvvtPtW5YPOlPIrAdhNn0gFMXh4XnrXqOogMe+ESa9Ctp9Q1jfHZ\/o2eL0Yn336JIy+kuRkhPTADsFm5uFyemFyelF25ExuLxB2NwsXxXH5DzLZ4EbNdXw2DeKBGVynkXH8XH+O0xOb86qEZUa6TJCbILkYABwWNYBifspFawY8YdEz0KKdMdKjaIR00LziThf\/Zm+Mbi9kxjxhzDiD+Gkbwo73T7RtHetSilqYY2aalF5XK76EPcdI\/4QX42oHGfOyoEncZ84GuoU6GjVoe3Ih5I1OzhmYrfQcfx\/yN08gdC8CEt9nljBxLSYqeickLiH2VCnQLtZhy6LPukBNNQp4LEzSVEpMssciYfXbtaJkmUPDvoXFFSmUz3KCfKe9G5vBBuMSFokkpO+qZT3TDiWRT6zUqNgYiJJZ+57hyf4Tq+VUSNwqBW92xvhsOjBHmgWDdRq71RKPpRAKMpbL4O6GhPdZrAHmtG7vZGfls4J8+AC1YeEHfBSKiqZDYFQNMkqbdKr0Gasz6hGHkeqpFmhGBfTwBYjBRWT0KoIzT1J79BvgDSpQDZGg55tcTduJEUkiQuL1ygqMLCnKWlmr1alxMCeJr5vlSqMToqM\/J5SRzhoi0Q9CPJeZBPylmp0SNde6pxSoqBiEr6IwpZPCBuM8D55hyCzgUS4+LJULQGuZWwz1qcUgFal5EtQpWpJSaGSL1+pU6usFDVywxc+Fw3ONtQpeAuS6f+9oU4hec+T7+V8HfZSpKBiIiNH5M0FIHIlyPNJ0tUR58Qq9VCFLHScbE0X+ptKEeHUlOtfioMLwnIBtcpKdGVgpYTXCCm3e1lQMZE+MnlzQYx7SIlNCBucIXfxcK1tqo4wB+nGkQj\/xlQtbqmTqrRXQ50iaQ6YI7EgQirazbqkazg8\/s\/5z+kawlKh4GISlcmVyE4QrmlEVs4RIiycKOV+cK1euiVjwtFZflKh1HcEQlFR8MG0rvRfACm0KqVkNVvbRmlRuKxGvljnJr0Km\/QqvhKvcEhCiNB9R4r7XWoUVEwAYNLfyX\/2TUYkLQOXMHnSN5UUogVRJKWhTiFZZJ5rHblpGaSguPA73z8T9ME4SDHnsnJPoTE\/OP9cONL1WblinR47A4+dWbASL9lwHn3vt0n7So2Ci4l0KcgXFomHKAxba\/cNwZEYD7K5WazvHuVF4LIlR\/uQeNicO+KbjPBrMDkG\/fwiapzVaTdLr6whLDBfo6iQFG05MMBO4cS5T0X75KxUFE4sGSTkxldfY6fbJ9mYlgqFF5OhXuzqSayIwNV54AR1eTqGg4mFuLixoxpFBY5ZDelbQ6uRFxSXBXFw0C9aRK3drJN0TQbYqZwtsVJsdBwfTwo8pOr3ZIPN7UuZNSHVmJYKBRdTrbIyaUUEstVC4jxugPZpgQA36VVoN+syXiWD8++tjJrvFxjU8ZXQ0\/n4vYIET0gUni8nhI1GQ50Cb+5uSttILQaXNygKta+8\/TbR8VKm4GKCxCCg463kfhGHjdFgYE8Twj1bMNdngSchACm3LBXcekyBQ62Y67OAPdCc1seXygAo9TBuptg2amSzwmQlXchs8QpNUYhJq1KKwquXp2NJo+6FhAx6kOKnpCccnUXH8fEkIVkZNZ579B7RvlKmKMQEiRfUMXghKeJWCFzeYJJVSmXBKMm4vEEYXx4VzYNCwrXuTaSAlQtFIybSOs3EbiXNn8k3XIsqhBQ9JRk2GImvTbxPem1iK6OWzOwvdYpGTADQu61RFNk76ZtKqsyaT9r6xOWUnzbUU6uUBpubxar2U1jfPYqDg\/4kEXFT3Mu1SlRRialWWcnP3uQQVmbNJ45Bv8i9q1FUwCWY6kERw810\/uIr6ZC3lVGDPdAsORheLhSVmJDIPBBO1ou7e2xe+08D7BQOEkGHcm1N5UJqgW9l1W2wMmp+beLFRFxLkaITExBf2UKYG+abjMDk9IrOyRVsMJJUY6\/drJMtPLyc+OEfr10WIuJYMTc3N0fuzARHIgMBAM7YmYz7Eit2D5K7Sp65Pgu5KyXZ3jchHn8ILYnGxaCuBnugmTxlSQifUZdFv2DQRfj3CMnm2kyuyZZc37eitEyU8qCU8+yygYqJkjPSlSIoR4pOTGtXK\/HO801JPyd2JCJpVbdh17o1OLHDgBM7DNi1bg1QNZ\/ftXa1Es7WB\/DO801wtj6AtasF\/jpx7XPauvljAMz11Ti69WG883wT\/sb4LShWVomOU6TJZ3ComCk6MTXcXoHNG+qTfp41xXO4jj65Dj\/v3IBnTRo8a9Lg550b8M6frQcSQrr0ihmd29Zh84Z6dG5bh0uvmHlRfLjn26Jr+3+0EUe3PgwA2LVuDYYczXjhqfuweUM9\/mH3elxxmERCpUiTql5Gqroe5UrRiWl4+gZaHaPY9uOzGPt4mt\/\/yw+mgKrb8N3meJbEP739G\/T0XwAAbN5QD8XKKrz0HS0A4NLkF\/hBzwe4NPkFAKD78QYoVlah6aG4Jerpv4A3PPHMdO77tv\/hvQCAsY+n8bd95wEAq1dVYZdu8QECyvKk6MSEm1\/De\/1L7H36Qf7lf8MTxBP\/PAZz3UqsXhW3Mn89fAn2oYv8ZS8+cBca7oq7dG95r+D1C7\/DW94rAIDfb6jB3ke+xZ9rH7qI1zzxXLHVq6pgrq\/G5g3x0PfbH3yKn7JX4uIViIySHcspCFF8YkqwVv0N\/rP5D+4W930AxG7cFG2vUsz3byLR+Cg89y8lt6QTzHIKQhSlmGI3buIHPxvDth+fxS8\/mMLqVVU49ZcbyNMoRYJQMGsT3kGmFCJVLFcUnZh2rVuDd55vwo7HNTgRmMZ7H8c7sfcLLBWApEjb9di8papWxpNluX\/J44thhkaqFgW5JI2UWDyJlRxrO0+hs1+clV\/KFJ2YqhWVfPTu6NaH8aetDUAiMDA8FcG163FR\/OvWh\/hIHAC8dvEqfnU5XjfPtkUHB6ODbUs8qfK9j0N47eJV\/tyjWx\/Gi6b4sWvXb2J4KsIHJJ7acA8cjI7vQ50+Ly4sstzw+EPoHZqAxx\/KKAT+jTvE69hyRUS5ClLafUNocXr55X+E1Cgq0lZAKnaKTkw\/Za\/wUbwXnrqPt0h7\/\/3XAID\/GI0nVD5r0uCFp+J1GN7wBBG7cRP7378MJIIKXdZGPljx6kdXELtxkw8qvPDUfXyo3XUqHoj4xftxMTU9VIcua3zS2rXrN\/H6hd+h2MhnTe4Rfwid\/eNocXqx2n4a2n1DMDm9cAz6McBOIRCKpi3+6fGH+IXQDg9PJE3L4DCoqzGw57GSTiaWJTevZ1tjxqn1GeXmVd2GXToVnlx\/D357NYqfnbuCT67Nd3LN9dX43mPxkPapX03hRGA+hK5YWYUXH7gLWx69B6fOfYrXLl4VBSue09Zhx+MahG\/M4pV3A6LvVaysQvfjDbj3LiVOn\/8Ur0+EgJtf88dTke\/cPAju4zdr7sCVVzeTh5cEN50iG7oserjOBlOKRkhDnQK2jRrYGHVekmFznZuXtZiExTFSlceSIiMxlRiFENMdf\/Wf+OrW\/wGL\/P2ZEI7OoqN\/HGwwkrQQ9EJ0WfRJBWiEcEVCbYwm70Vpci2mrN084UtQyNmwy5X716zkP8t9\/7m1gNkDzZjrs+D8\/niJtXazDpuIktYkWtX8KhkcNYoKWBk13tzdxK+tlW8h5YOsxSSsR315OiZZdJ+SO74vGEwmqyfJjVFTDRujQe\/2RnjsDMI9WzDRbcYZO4Mui56vMW5l1LAxGnSYdWg363gBhXu2wGU1lv2csKzdPBAuyya9Ch47Q55CIZDLzQtHZ7HafprfXsp3LReK1s1DogY4Z\/JHEiFUSn6oVVbi2fXzNed2un0Zha4puWNJYiILoHT2j1N3L48c\/fNHcHtF\/BEGQlH8hUs83Z6SX5YkJiQKoAgXqmpxeiVrhVPkp1ZZiV98\/1F++62PPkOLxHI5lPywZDEBwMDuJtE6qDvdvrxXFFqutBnrsffJtfy2xx\/CfQeGqYdQAGQRE7nkCxKln1bbT8PmZjHATlFh5ZAfP\/MQDrU9yG9fi86ixenFvS8NoXdoQjI\/jiI\/S4rmkYSjs3Ak1juiLIzcEbgBdgo7jp7jB3MpqSm6aB5JrbISvdsbccbOlMWCv6VGm7EeUz95AnufXMsHJij5Q1bLRBIIRTHAfgaPP5S0uDJFfstEMsBOof\/cp\/jvyzMIhKLUYgn4tq4W7+\/9Drl7SeRUTBTKcoL6AhSKTFAxUSgyQcVEocgEFROFIhNUTBSKTFAxUSgyQcVEocgEFROFIhNUTBSKTFAxUSgyQcVEocgEFROFIhNUTBSKTFAxUSgy8f\/tekgSN6TgPAAAAABJRU5ErkJggg==' alt='' \/><\/p>\n","protected":false},"excerpt":{"rendered":"<p>Pinza de Punta de Alta Palanca de 6&#8243;<\/p>\n","protected":false},"featured_media":84018,"comment_status":"open","ping_status":"closed","template":"","meta":[],"product_brand":[],"product_cat":[130],"product_tag":[132,25,131],"class_list":{"0":"post-84019","1":"product","2":"type-product","3":"status-publish","4":"has-post-thumbnail","6":"product_cat-herramientas-electricas","7":"product_tag-dongcheng","8":"product_tag-herramientas","9":"product_tag-herramientas-electricas","11":"first","12":"outofstock","13":"sale","14":"shipping-taxable","15":"purchasable","16":"product-type-simple"},"_links":{"self":[{"href":"https:\/\/soydeaqui.ddns.net\/pachuca\/index.php\/wp-json\/wp\/v2\/product\/84019","targetHints":{"allow":["GET"]}}],"collection":[{"href":"https:\/\/soydeaqui.ddns.net\/pachuca\/index.php\/wp-json\/wp\/v2\/product"}],"about":[{"href":"https:\/\/soydeaqui.ddns.net\/pachuca\/index.php\/wp-json\/wp\/v2\/types\/product"}],"replies":[{"embeddable":true,"href":"https:\/\/soydeaqui.ddns.net\/pachuca\/index.php\/wp-json\/wp\/v2\/comments?post=84019"}],"wp:featuredmedia":[{"embeddable":true,"href":"https:\/\/soydeaqui.ddns.net\/pachuca\/index.php\/wp-json\/wp\/v2\/media\/84018"}],"wp:attachment":[{"href":"https:\/\/soydeaqui.ddns.net\/pachuca\/index.php\/wp-json\/wp\/v2\/media?parent=84019"}],"wp:term":[{"taxonomy":"product_brand","embeddable":true,"href":"https:\/\/soydeaqui.ddns.net\/pachuca\/index.php\/wp-json\/wp\/v2\/product_brand?post=84019"},{"taxonomy":"product_cat","embeddable":true,"href":"https:\/\/soydeaqui.ddns.net\/pachuca\/index.php\/wp-json\/wp\/v2\/product_cat?post=84019"},{"taxonomy":"product_tag","embeddable":true,"href":"https:\/\/soydeaqui.ddns.net\/pachuca\/index.php\/wp-json\/wp\/v2\/product_tag?post=84019"}],"curies":[{"name":"wp","href":"https:\/\/api.w.org\/{rel}","templated":true}]}}