{"id":83982,"date":"2026-03-19T20:31:14","date_gmt":"2026-03-19T20:31:14","guid":{"rendered":"https:\/\/soydeaqui.ddns.net\/pachuca\/index.php\/producto\/switch-no-administrable-poe-extender-aislamiento-vlan-de-16-puertos-gigabit-2-combo-tp-sfp-y-pantalla\/"},"modified":"2026-03-19T20:31:21","modified_gmt":"2026-03-19T20:31:21","slug":"switch-no-administrable-poe-extender-aislamiento-vlan-de-16-puertos-gigabit-2-combo-tp-sfp-y-pantalla","status":"publish","type":"product","link":"https:\/\/soydeaqui.ddns.net\/pachuca\/index.php\/producto\/switch-no-administrable-poe-extender-aislamiento-vlan-de-16-puertos-gigabit-2-combo-tp-sfp-y-pantalla\/","title":{"rendered":"Switch No Administrable PoE+ Extender, Aislamiento VLAN de 16 Puertos Gigabit +, 2 Combo TP\/SFP y Pantalla"},"content":{"rendered":"<div style=\"width: 100%; max-width: 1200px; margin: 0 auto; font-family: sans-serif; line-height: 1.6; color: inherit; background-color: transparent;\"><!-- Im\u00e1genes --> <\/p>\n<div style=\"display: flex; flex-wrap: wrap; gap: 20px; margin-bottom: 30px; justify-content: center;\"><img decoding=\"async\" style=\"width: 100%; max-width: 500px; height: auto; border: 1px solid rgba(150&comma;150&comma;150&comma;0.3); border-radius: 8px;\" src=\"https:\/\/www.planet.com.tw\/storage\/products\/49224\/edm_GSW-1820VHP_v2_L.jpg\" alt=\"\" \/> <img decoding=\"async\" style=\"width: 100%; max-width: 500px; height: auto; border: 1px solid rgba(150&comma;150&comma;150&comma;0.3); border-radius: 8px;\" src=\"https:\/\/www.planet.com.tw\/storage\/products\/49224\/GSW-1820VHPv2_Front-Panel-Introducton_L.png\" alt=\"\" \/> <img decoding=\"async\" style=\"width: 100%; max-width: 500px; height: auto; border: 1px solid rgba(150&comma;150&comma;150&comma;0.3); border-radius: 8px;\" src=\"https:\/\/www.planet.com.tw\/storage\/products\/49224\/GSW-1820VHPv3-41.png\" alt=\"\" \/><\/div>\n<p> <!-- Secci\u00f3n de puertos --> <\/p>\n<div style=\"display: flex; flex-wrap: wrap; gap: 30px; margin-bottom: 30px;\">\n<div style=\"flex: 1 1 300px; min-width: 280px;\">\n<h3 style=\"font-size: 22px; border-bottom: 2px solid currentColor; padding-bottom: 5px; margin-top: 0; color: inherit; opacity: 0.8;\">Puertos<\/h3>\n<ul style=\"padding-left: 20px; font-size: 15px; color: inherit;\">\n<li style=\"margin-bottom: 5px;\">18 Puertos 10\/100\/1000BASE-TX RJ45<\/li>\n<li style=\"margin-bottom: 5px;\">2 Interfaces 1000BASE-X SFP&comma; compartidas con puertos 17 y 18<\/li>\n<\/ul><\/div>\n<\/p><\/div>\n<p> <!-- Secci\u00f3n de PoE --> <\/p>\n<div style=\"display: flex; flex-wrap: wrap; gap: 30px; margin-bottom: 30px;\">\n<div style=\"flex: 1 1 300px; min-width: 280px;\">\n<h3 style=\"font-size: 22px; border-bottom: 2px solid currentColor; padding-bottom: 5px; margin-top: 0; color: inherit; opacity: 0.8;\">PoE<\/h3>\n<ul style=\"padding-left: 20px; font-size: 15px; color: inherit;\">\n<li style=\"margin-bottom: 5px;\">Alimenta dispositivos PoE 802.3af y PoE+ 802.3at<\/li>\n<li style=\"margin-bottom: 5px;\">Potencia total: 300W<\/li>\n<\/ul><\/div>\n<\/p><\/div>\n<p> <!-- Secci\u00f3n de Funciones Pantalla LCD --> <\/p>\n<div style=\"display: flex; flex-wrap: wrap; gap: 30px; margin-bottom: 30px;\">\n<div style=\"flex: 1 1 300px; min-width: 280px;\">\n<h3 style=\"font-size: 22px; border-bottom: 2px solid currentColor; padding-bottom: 5px; margin-top: 0; color: inherit; opacity: 0.8;\">Funciones Pantalla LCD y Modo VLAN&comma; EXTENDED<\/h3>\n<ul style=\"padding-left: 20px; font-size: 15px; color: inherit;\">\n<li style=\"margin-bottom: 5px;\">Muestra la Potencia Total disponible y usada<\/li>\n<li style=\"margin-bottom: 5px;\">Muestra y protege contra sobrecarga&comma; bajo voltaje&comma; alto voltaje y alta temperatura<\/li>\n<li style=\"margin-bottom: 5px;\">Switch para activar Modo VLAN &amp; EXTENDED<\/li>\n<\/ul><\/div>\n<\/p><\/div>\n<p> <!-- Secci\u00f3n de Caracter\u00edsticas f\u00edsicas y el\u00e9ctricas --> <\/p>\n<div style=\"display: flex; flex-wrap: wrap; gap: 30px; margin-bottom: 30px;\">\n<div style=\"flex: 1 1 300px; min-width: 280px;\">\n<h3 style=\"font-size: 22px; border-bottom: 2px solid currentColor; padding-bottom: 5px; margin-top: 0; color: inherit; opacity: 0.8;\">Caracter&iacute;sticas f&iacute;sicas y el&eacute;ctricas<\/h3>\n<ul style=\"padding-left: 20px; font-size: 15px; color: inherit;\">\n<li style=\"margin-bottom: 5px;\">Alimentaci&oacute;n: 100~240 VCA&comma; 330W<\/li>\n<li style=\"margin-bottom: 5px;\">Protecci&oacute;n: Protecci&oacute;n contra descargas de +-4KV<\/li>\n<li style=\"margin-bottom: 5px;\">Temperatura de operaci&oacute;n: 0 ~ 50&deg;C<\/li>\n<li style=\"margin-bottom: 5px;\">Dimensiones: 233 x 440 x 44 mm<\/li>\n<li style=\"margin-bottom: 5px;\">Peso: 3.2 Kg<\/li>\n<\/ul><\/div>\n<\/p><\/div>\n<p> <!-- Im\u00e1genes adicionales --> <\/p>\n<div style=\"display: flex; flex-wrap: wrap; gap: 20px; margin-bottom: 30px; justify-content: center;\"><img decoding=\"async\" style=\"width: 100%; max-width: 500px; height: auto; border: 1px solid rgba(150&comma;150&comma;150&comma;0.3); border-radius: 8px;\" src=\"https:\/\/www.planet.com.tw\/storage\/products\/49224\/GSW-1820VHPv3-1.png\" alt=\"\" \/> <img decoding=\"async\" style=\"width: 100%; max-width: 500px; height: auto; border: 1px solid rgba(150&comma;150&comma;150&comma;0.3); border-radius: 8px;\" src=\"https:\/\/www.planet.com.tw\/storage\/products\/49224\/GSW-1820VHPv3-2.png\" alt=\"\" \/> <img decoding=\"async\" style=\"width: 100%; max-width: 500px; height: auto; border: 1px solid rgba(150&comma;150&comma;150&comma;0.3); border-radius: 8px;\" src=\"https:\/\/www.planet.com.tw\/storage\/products\/49222\/FGSW-1822VHPv3-3.png\" alt=\"\" \/><\/div>\n<p> <!-- Separador final --><\/p>\n<hr style=\"border: 0; border-top: 1px solid rgba(150&comma; 150&comma; 150&comma; 0.3); margin: 30px 0;\" \/><\/div>\n","protected":false},"excerpt":{"rendered":"<p>Switch No Administrable PoE+ Extender, Aislamiento VLAN de 16 Puertos Gigabit +, 2 Combo TP\/SFP y Pantalla<\/p>\n","protected":false},"featured_media":83981,"comment_status":"open","ping_status":"closed","template":"","meta":[],"product_brand":[],"product_cat":[1986],"product_tag":[664,2033,1987],"class_list":{"0":"post-83982","1":"product","2":"type-product","3":"status-publish","4":"has-post-thumbnail","6":"product_cat-switches-poe","7":"product_tag-networking","8":"product_tag-planet","9":"product_tag-switches-poe","11":"first","12":"outofstock","13":"sale","14":"shipping-taxable","15":"purchasable","16":"product-type-simple"},"_links":{"self":[{"href":"https:\/\/soydeaqui.ddns.net\/pachuca\/index.php\/wp-json\/wp\/v2\/product\/83982","targetHints":{"allow":["GET"]}}],"collection":[{"href":"https:\/\/soydeaqui.ddns.net\/pachuca\/index.php\/wp-json\/wp\/v2\/product"}],"about":[{"href":"https:\/\/soydeaqui.ddns.net\/pachuca\/index.php\/wp-json\/wp\/v2\/types\/product"}],"replies":[{"embeddable":true,"href":"https:\/\/soydeaqui.ddns.net\/pachuca\/index.php\/wp-json\/wp\/v2\/comments?post=83982"}],"wp:featuredmedia":[{"embeddable":true,"href":"https:\/\/soydeaqui.ddns.net\/pachuca\/index.php\/wp-json\/wp\/v2\/media\/83981"}],"wp:attachment":[{"href":"https:\/\/soydeaqui.ddns.net\/pachuca\/index.php\/wp-json\/wp\/v2\/media?parent=83982"}],"wp:term":[{"taxonomy":"product_brand","embeddable":true,"href":"https:\/\/soydeaqui.ddns.net\/pachuca\/index.php\/wp-json\/wp\/v2\/product_brand?post=83982"},{"taxonomy":"product_cat","embeddable":true,"href":"https:\/\/soydeaqui.ddns.net\/pachuca\/index.php\/wp-json\/wp\/v2\/product_cat?post=83982"},{"taxonomy":"product_tag","embeddable":true,"href":"https:\/\/soydeaqui.ddns.net\/pachuca\/index.php\/wp-json\/wp\/v2\/product_tag?post=83982"}],"curies":[{"name":"wp","href":"https:\/\/api.w.org\/{rel}","templated":true}]}}