{"id":8398,"date":"2026-03-18T07:08:43","date_gmt":"2026-03-18T07:08:43","guid":{"rendered":"https:\/\/soydeaqui.ddns.net\/pachuca\/index.php\/producto\/boton-con-texto-personalizado-tapa-protectora-de-policarbonato-super-resistente-bocina-integrada-llave-para-restablecer\/"},"modified":"2026-03-18T07:08:43","modified_gmt":"2026-03-18T07:08:43","slug":"boton-con-texto-personalizado-tapa-protectora-de-policarbonato-super-resistente-bocina-integrada-llave-para-restablecer","status":"publish","type":"product","link":"https:\/\/soydeaqui.ddns.net\/pachuca\/index.php\/producto\/boton-con-texto-personalizado-tapa-protectora-de-policarbonato-super-resistente-bocina-integrada-llave-para-restablecer\/","title":{"rendered":"Bot\u00f3n con Texto Personalizado, Tapa Protectora de Policarbonato S\u00faper Resistente, Bocina integrada, Llave para Restablecer"},"content":{"rendered":"<div style='width: 100%; max-width: 1200px; margin: 0 auto; font-family: sans-serif; line-height: 1.6; color: inherit; background-color: transparent;'> <!-- Secci\u00f3n de caracter\u00edsticas principales --> <\/p>\n<div style='display: flex; flex-wrap: wrap; gap: 30px; margin-bottom: 30px;'>\n<div style='flex: 1 1 300px; min-width: 280px;'>\n<h3 style='font-size: 22px; border-bottom: 2px solid currentColor; padding-bottom: 5px; margin-top: 0; color: inherit; opacity: 0.8;'>Caracter\u00edsticas Principales<\/h3>\n<ul style='padding-left: 20px; font-size: 15px; color: inherit;'>\n<li style='margin-bottom: 5px;'><strong>Color:<\/strong> Amarillo<\/li>\n<li style='margin-bottom: 5px;'><strong>Texto:<\/strong> Personalizado (m\u00e1ximo 13 caracteres por l\u00ednea)<\/li>\n<li style='margin-bottom: 5px;'><strong>Restablecimiento:<\/strong> Con llave<\/li>\n<li style='margin-bottom: 5px;'><strong>Tapa Protectora:<\/strong> Policarbonato con sonido<\/li>\n<li style='margin-bottom: 5px;'><strong>Placa Posterior:<\/strong> Acero inoxidable<\/li>\n<\/ul><\/div>\n<p> <!-- Secci\u00f3n de aplicaciones --> <\/p>\n<div style='flex: 1 1 300px; min-width: 280px;'>\n<h3 style='font-size: 22px; border-bottom: 2px solid currentColor; padding-bottom: 5px; margin-top: 0; color: inherit; opacity: 0.8;'>Aplicaciones<\/h3>\n<ul style='padding-left: 20px; font-size: 15px; color: inherit;'>\n<li style='margin-bottom: 5px;'>Interiores y exteriores<\/li>\n<li style='margin-bottom: 5px;'>Botones de emergencia<\/li>\n<li style='margin-bottom: 5px;'>Interruptores sin contacto<\/li>\n<li style='margin-bottom: 5px;'>Botones de alarma contra incendios<\/li>\n<li style='margin-bottom: 5px;'>Bot\u00f3n pulsador 3 en 1<\/li>\n<li style='margin-bottom: 5px;'>Interruptores de punto de llamada<\/li>\n<li style='margin-bottom: 5px;'>Interruptores de bot\u00f3n pulsador multiprop\u00f3sito<\/li>\n<\/ul><\/div>\n<\/p><\/div>\n<p> <!-- Secci\u00f3n de descripci\u00f3n general --> <\/p>\n<div style='margin-bottom: 30px;'>\n<p style='font-size: 15px; color: inherit;'> Este interruptor de pulsador multifuncional se puede utilizar para una amplia gama de aplicaciones en interiores. El bot\u00f3n incorpora un dise\u00f1o \u00fanico y patentado&comma; y la cubierta transparente ayuda a evitar la activaci\u00f3n accidental y abraza el bot\u00f3n como un guante&comma; lo que lo hace ideal para su uso cuando el espacio es limitado. <\/p>\n<p style='font-size: 15px; color: inherit; margin-top: 15px;'> Ayuda a prevenir la activaci\u00f3n accidental. Consta de un dise\u00f1o \u00fanico y patentado que ayuda a detener dr\u00e1sticamente la activaci\u00f3n accidental. Disponible en seis colores&comma; varias opciones de activaci\u00f3n de botones&comma; con o sin cubierta protectora y en cualquier idioma para adaptarse a la mayor\u00eda de las aplicaciones. <\/p>\n<\/p><\/div>\n<p> <!-- Secci\u00f3n de especificaciones por categor\u00edas --> <\/p>\n<div style='display: flex; flex-wrap: wrap; gap: 20px; margin-bottom: 30px;'> <!-- Caracter\u00edsticas del Bot\u00f3n --> <\/p>\n<div style='flex: 1 1 250px; border: 1px solid rgba(150&comma; 150&comma; 150&comma; 0.4); border-radius: 8px; overflow: hidden; display: flex; flex-direction: column;'>\n<div style='padding: 15px; border-bottom: 1px solid rgba(150&comma; 150&comma; 150&comma; 0.2); font-weight: bold; font-size: 18px; color: inherit;'>Caracter\u00edsticas del Bot\u00f3n<\/div>\n<div style='padding: 15px; color: inherit;'>\n<ul style='padding-left: 20px; margin: 0; font-size: 14px; list-style-type: disc;'>\n<li style='margin-bottom: 5px;'><strong>Color:<\/strong> Amarillo<\/li>\n<li style='margin-bottom: 5px;'><strong>Frase de texto:<\/strong> PERSONALIZADO (especificar en una o dos l\u00edneas)<\/li>\n<li style='margin-bottom: 5px;'><strong>Funcionamiento:<\/strong> Llave para restablecer<\/li>\n<li style='margin-bottom: 5px;'><strong>Cubierta protectora:<\/strong> Policarbonato para interior<\/li>\n<li style='margin-bottom: 5px;'><strong>Bocina:<\/strong> Integrada<\/li>\n<li style='margin-bottom: 5px;'><strong>Idioma:<\/strong> Espa\u00f1ol<\/li>\n<\/ul><\/div>\n<\/p><\/div>\n<p> <!-- Dise\u00f1o --> <\/p>\n<div style='flex: 1 1 250px; border: 1px solid rgba(150&comma; 150&comma; 150&comma; 0.4); border-radius: 8px; overflow: hidden; display: flex; flex-direction: column;'>\n<div style='padding: 15px; border-bottom: 1px solid rgba(150&comma; 150&comma; 150&comma; 0.2); font-weight: bold; font-size: 18px; color: inherit;'>Dise\u00f1o<\/div>\n<div style='padding: 15px; color: inherit;'>\n<ul style='padding-left: 20px; margin: 0; font-size: 14px; list-style-type: disc;'>\n<li style='margin-bottom: 5px;'>Dise\u00f1o curvo para protecci\u00f3n contra activaci\u00f3n accidental<\/li>\n<li style='margin-bottom: 5px;'>Iluminaci\u00f3n opcional (roja&comma; verde&comma; blanca) como luz de estado<\/li>\n<\/ul><\/div>\n<\/p><\/div>\n<p> <!-- Construcci\u00f3n --> <\/p>\n<div style='flex: 1 1 250px; border: 1px solid rgba(150&comma; 150&comma; 150&comma; 0.4); border-radius: 8px; overflow: hidden; display: flex; flex-direction: column;'>\n<div style='padding: 15px; border-bottom: 1px solid rgba(150&comma; 150&comma; 150&comma; 0.2); font-weight: bold; font-size: 18px; color: inherit;'>Construcci\u00f3n<\/div>\n<div style='padding: 15px; color: inherit;'>\n<ul style='padding-left: 20px; margin: 0; font-size: 14px; list-style-type: disc;'>\n<li style='margin-bottom: 5px;'>Carcasa de policarbonato resistente<\/li>\n<li style='margin-bottom: 5px;'>Placa trasera de acero inoxidable<\/li>\n<li style='margin-bottom: 5px;'>Certificaciones: UL\/cUL S7255&comma; UL2017&comma; UL294 (modelos con m\u00f3dulo de temporizador de bloqueo)&comma; CSA c22.2 No. 205<\/li>\n<li style='margin-bottom: 5px;'>Cubierta Universal Stopper\u00ae con sello herm\u00e9tico a la lluvia (similar a clasificaci\u00f3n 3R)<\/li>\n<li style='margin-bottom: 5px;'>Cumple con ADA (excepto bot\u00f3n &#8216;3&#8217;)<\/li>\n<\/ul><\/div>\n<\/p><\/div>\n<p> <!-- Instalaci\u00f3n --> <\/p>\n<div style='flex: 1 1 250px; border: 1px solid rgba(150&comma; 150&comma; 150&comma; 0.4); border-radius: 8px; overflow: hidden; display: flex; flex-direction: column;'>\n<div style='padding: 15px; border-bottom: 1px solid rgba(150&comma; 150&comma; 150&comma; 0.2); font-weight: bold; font-size: 18px; color: inherit;'>Instalaci\u00f3n<\/div>\n<div style='padding: 15px; color: inherit;'>\n<ul style='padding-left: 20px; margin: 0; font-size: 14px; list-style-type: disc;'>\n<li style='margin-bottom: 5px;'>Clasificaci\u00f3n de inflamabilidad 5VA en placa posterior y espaciador<\/li>\n<li style='margin-bottom: 5px;'>Rango de temperatura de operaci\u00f3n: -40\u00b0 a 250\u00b0F (-40\u00b0 a 121\u00b0C)<\/li>\n<\/ul><\/div>\n<\/p><\/div>\n<p> <!-- Opciones --> <\/p>\n<div style='flex: 1 1 250px; border: 1px solid rgba(150&comma; 150&comma; 150&comma; 0.4); border-radius: 8px; overflow: hidden; display: flex; flex-direction: column;'>\n<div style='padding: 15px; border-bottom: 1px solid rgba(150&comma; 150&comma; 150&comma; 0.2); font-weight: bold; font-size: 18px; color: inherit;'>Opciones<\/div>\n<div style='padding: 15px; color: inherit;'>\n<ul style='padding-left: 20px; margin: 0; font-size: 14px; list-style-type: disc;'>\n<li style='margin-bottom: 5px;'>Colores disponibles: rojo&comma; verde&comma; amarillo&comma; blanco o azul<\/li>\n<li style='margin-bottom: 5px;'>Texto: est\u00e1ndar o personalizado&comma; o logotipo de alta resoluci\u00f3n<\/li>\n<li style='margin-bottom: 5px;'>Disponible en pr\u00e1cticamente cualquier idioma<\/li>\n<li style='margin-bottom: 5px;'>Opci\u00f3n de cubiertas protectoras STI<\/li>\n<\/ul><\/div>\n<\/p><\/div>\n<p> <!-- Otras caracter\u00edsticas --> <\/p>\n<div style='flex: 1 1 250px; border: 1px solid rgba(150&comma; 150&comma; 150&comma; 0.4); border-radius: 8px; overflow: hidden; display: flex; flex-direction: column;'>\n<div style='padding: 15px; border-bottom: 1px solid rgba(150&comma; 150&comma; 150&comma; 0.2); font-weight: bold; font-size: 18px; color: inherit;'>Otras Caracter\u00edsticas<\/div>\n<div style='padding: 15px; color: inherit;'>\n<ul style='padding-left: 20px; margin: 0; font-size: 14px; list-style-type: disc;'>\n<li style='margin-bottom: 5px;'>Amplia gama de aplicaciones en interiores y exteriores<\/li>\n<li style='margin-bottom: 5px;'>Dise\u00f1o \u00fanico y patentado para evitar activaci\u00f3n accidental<\/li>\n<li style='margin-bottom: 5px;'>Garant\u00eda de 3 a\u00f1os contra rotura del policarbonato (1 a\u00f1o en componentes electromec\u00e1nicos y electr\u00f3nicos)<\/li>\n<\/ul><\/div>\n<\/p><\/div>\n<\/p><\/div>\n<p> <!-- Separador --> <\/p>\n<hr style='border: 0; border-top: 1px solid rgba(150&comma; 150&comma; 150&comma; 0.3); margin: 30px 0;'> <!-- Secci\u00f3n de videos --> <\/p>\n<div style='margin-bottom: 30px;'>\n<h3 style='font-size: 22px; border-bottom: 2px solid currentColor; padding-bottom: 5px; margin-top: 0; color: inherit; opacity: 0.8; text-align: center;'>V\u00eddeos<\/h3>\n<div style='margin-top: 20px; text-align: center;'>\n<div style='position: relative; padding-bottom: 56.25%; height: 0; overflow: hidden; margin-bottom: 30px; display: inline-block; width: 100%; max-width: 560px;'>   <\/div>\n<p style='font-size: 14px; color: inherit; margin-top: 10px;'>Stopper Stations 3-en-1 de STI Push Botton<\/p>\n<\/p><\/div>\n<div style='margin-top: 20px; text-align: center;'>\n<div style='position: relative; padding-bottom: 56.25%; height: 0; overflow: hidden; margin-bottom: 30px; display: inline-block; width: 100%; max-width: 560px;'>   <\/div>\n<p style='font-size: 14px; color: inherit; margin-top: 10px;'>Stopper Stations 3-en-1 de STI &#8211; Interruptores de Control de Acceso<\/p>\n<\/p><\/div>\n<div style='margin-top: 20px; text-align: center;'>\n<div style='position: relative; padding-bottom: 56.25%; height: 0; overflow: hidden; margin-bottom: 30px; display: inline-block; width: 100%; max-width: 560px;'>   <\/div>\n<p style='font-size: 14px; color: inherit; margin-top: 10px;'>Stopper Stations 3-en-1 de STI &#8211; Configuraci\u00f3n de LED<\/p>\n<\/p><\/div>\n<\/p><\/div>\n<\/p><\/div>\n","protected":false},"excerpt":{"rendered":"<p>Bot\u00f3n con Texto Personalizado, Tapa Protectora de Policarbonato S\u00faper Resistente, Bocina integrada, Llave para Restablecer<\/p>\n","protected":false},"featured_media":8397,"comment_status":"open","ping_status":"closed","template":"","meta":[],"product_brand":[],"product_cat":[167],"product_tag":[93,168,169],"class_list":{"0":"post-8398","1":"product","2":"type-product","3":"status-publish","4":"has-post-thumbnail","6":"product_cat-botones-de-panico","7":"product_tag-accesorios","8":"product_tag-botones-de-panico","9":"product_tag-sti","11":"first","12":"outofstock","13":"sale","14":"shipping-taxable","15":"purchasable","16":"product-type-simple"},"_links":{"self":[{"href":"https:\/\/soydeaqui.ddns.net\/pachuca\/index.php\/wp-json\/wp\/v2\/product\/8398","targetHints":{"allow":["GET"]}}],"collection":[{"href":"https:\/\/soydeaqui.ddns.net\/pachuca\/index.php\/wp-json\/wp\/v2\/product"}],"about":[{"href":"https:\/\/soydeaqui.ddns.net\/pachuca\/index.php\/wp-json\/wp\/v2\/types\/product"}],"replies":[{"embeddable":true,"href":"https:\/\/soydeaqui.ddns.net\/pachuca\/index.php\/wp-json\/wp\/v2\/comments?post=8398"}],"wp:featuredmedia":[{"embeddable":true,"href":"https:\/\/soydeaqui.ddns.net\/pachuca\/index.php\/wp-json\/wp\/v2\/media\/8397"}],"wp:attachment":[{"href":"https:\/\/soydeaqui.ddns.net\/pachuca\/index.php\/wp-json\/wp\/v2\/media?parent=8398"}],"wp:term":[{"taxonomy":"product_brand","embeddable":true,"href":"https:\/\/soydeaqui.ddns.net\/pachuca\/index.php\/wp-json\/wp\/v2\/product_brand?post=8398"},{"taxonomy":"product_cat","embeddable":true,"href":"https:\/\/soydeaqui.ddns.net\/pachuca\/index.php\/wp-json\/wp\/v2\/product_cat?post=8398"},{"taxonomy":"product_tag","embeddable":true,"href":"https:\/\/soydeaqui.ddns.net\/pachuca\/index.php\/wp-json\/wp\/v2\/product_tag?post=8398"}],"curies":[{"name":"wp","href":"https:\/\/api.w.org\/{rel}","templated":true}]}}