{"id":83966,"date":"2026-03-19T20:30:34","date_gmt":"2026-03-19T20:30:34","guid":{"rendered":"https:\/\/soydeaqui.ddns.net\/pachuca\/index.php\/producto\/pantalla-interactiva-ideahub-s3-para-colaboracion-inteligente-65-doble-camara-4k-harmony-os-wi-fi-6-24-microfonos-byom-enfoque-automatico-baffle-acustico-gestion-d\/"},"modified":"2026-03-19T20:30:39","modified_gmt":"2026-03-19T20:30:39","slug":"pantalla-interactiva-ideahub-s3-para-colaboracion-inteligente-65-doble-camara-4k-harmony-os-wi-fi-6-24-microfonos-byom-enfoque-automatico-baffle-acustico-gestion-d","status":"publish","type":"product","link":"https:\/\/soydeaqui.ddns.net\/pachuca\/index.php\/producto\/pantalla-interactiva-ideahub-s3-para-colaboracion-inteligente-65-doble-camara-4k-harmony-os-wi-fi-6-24-microfonos-byom-enfoque-automatico-baffle-acustico-gestion-d\/","title":{"rendered":"Pantalla Interactiva IdeaHub S3 para Colaboraci\u00f3n Inteligente \/ 65\u201d \/ Doble C\u00e1mara 4K \/ Harmony OS \/ Wi-Fi 6 \/ 24 Micr\u00f3fonos\u00a0\/ BYOM \/ Enfoque Autom\u00e1tico\u00a0\/ Baffle ac\u00fastico \/ Gesti\u00f3n desde la nube"},"content":{"rendered":"<div style='width: 100%; max-width: 1200px; margin: 0 auto; font-family: sans-serif; line-height: 1.6; color: inherit; background-color: transparent;'> <!-- Video principal --> <\/p>\n<div style='display: flex; flex-wrap: wrap; gap: 30px; margin-bottom: 30px;'>\n<div style='flex: 1 1 300px; min-width: 280px;'>\n<div style='position: relative; padding-bottom: 56.25%; height: 0; overflow: hidden; margin-bottom: 30px;'> <video style='position: absolute; top: 0; left: 0; width: 100%; height: 100%; border: 1px solid rgba(150&comma;150&comma;150&comma;0.3); border-radius: 8px;' src='https:\/\/ftp3.syscom.mx\/usuarios\/axel\/Huawei\/IdeaHub\/HUAWEI%20IdeaHub%20S2%20Scenario%20Video_HD_3840x2160.mp4' autoplay muted loop playsinline><\/video> <\/div>\n<\/p><\/div>\n<\/p><\/div>\n<p> <!-- Hero con imagen y texto --> <\/p>\n<div style='display: flex; flex-wrap: wrap; gap: 30px; margin-bottom: 30px;'>\n<div style='flex: 1 1 300px; min-width: 280px;'> <img style='width: 100%; height: auto; border: 1px solid rgba(150&comma;150&comma;150&comma;0.3); border-radius: 8px;' src='http:\/\/ftp3.syscom.mx\/usuarios\/ftp\/2025\/11\/03\/1971\/Captura_de_pantalla_20251103_a_la_s__3.22.01p.m..png_froala_69091d14c6304' alt=''> <\/div>\n<div style='flex: 1 1 300px; min-width: 280px;'>\n<h2 style='font-size: 22px; margin-top: 0; margin-bottom: 10px; color: inherit;'>IdeaHub S3: Un estilo de trabajo inteligente para todos.<\/h2>\n<p style='margin-bottom: 15px; color: inherit; opacity: 0.8;'>Modelo: IHS3-65SA<\/p>\n<p style='color: inherit;'> HUAWEI IdeaHub SS est\u00e1 equipada con c\u00e1mara dual inteligente y audio HD&comma; ofrece videollamadas n\u00edtidas y colaboraci\u00f3n en tiempo real. Su IA optimiza cada detalle para reuniones m\u00e1s naturales&comma; conectando equipos y ejecutivos sin barreras de tiempo ni espacio. <\/p>\n<\/p><\/div>\n<\/p><\/div>\n<p> <!-- Secci\u00f3n de cards con especificaciones --> <\/p>\n<div style='display: flex; flex-wrap: wrap; gap: 20px; margin-bottom: 30px;'> <!-- Caracter\u00edsticas principales --> <\/p>\n<div style='flex: 1 1 250px; border: 1px solid rgba(150&comma; 150&comma; 150&comma; 0.4); border-radius: 8px; overflow: hidden; display: flex; flex-direction: column;'>\n<div style='padding: 15px; border-bottom: 1px solid rgba(150&comma; 150&comma; 150&comma; 0.2); font-weight: bold; font-size: 18px; color: inherit;'>Caracter\u00edsticas principales<\/div>\n<div style='padding: 15px; color: inherit;'>\n<ul style='padding-left: 20px; margin: 0; font-size: 14px; list-style-type: disc;'>\n<li style='margin-bottom: 5px;'><strong>Pantalla:<\/strong><br \/>Resoluci\u00f3n: 4K<br \/>Tipo de luz de fondo: D-LED<\/li>\n<li style='margin-bottom: 5px;'><strong>(2) C\u00e1maras:<\/strong><br \/>Resoluci\u00f3n: 4K 30 FPS<br \/>Cubierta de lente: s\u00ed<br \/>Campo de visi\u00f3n horizontal: 80\u00ba<\/li>\n<li style='margin-bottom: 5px;'><strong>(5) Altavoz:<\/strong><br \/>Dominio de frecuencia: De 60 Hz a 20 kHz<br \/>(2 tweeters + 2 altavoces de rango completo + 1 woofer)<br \/>Potencia total: 70 W<\/li>\n<li style='margin-bottom: 5px;'><strong>(24) Micr\u00f3fonos:<\/strong><br \/>\u00c1ngulo de captaci\u00f3n de sonido: 180\u00ba<br \/>Distancia de captura de sonido: 15 m<br \/>Dominio de frecuencia: De 100 Hz a 20 kHz Eliminaci\u00f3n de ruido mediante IA<br \/>Cancelaci\u00f3n de eco ac\u00fastico (AEC)<\/li>\n<\/ul><\/div>\n<\/p><\/div>\n<p> <!-- Caracter\u00edsticas f\u00edsicas --> <\/p>\n<div style='flex: 1 1 250px; border: 1px solid rgba(150&comma;150&comma;150&comma;0.4); border-radius: 8px; overflow: hidden; display: flex; flex-direction: column;'>\n<div style='padding: 15px; border-bottom: 1px solid rgba(150&comma;150&comma;150&comma;0.2); font-weight: bold; font-size: 18px; color: inherit;'>Caracter\u00edsticas f\u00edsicas<\/div>\n<div style='padding: 15px; color: inherit;'>\n<ul style='padding-left: 20px; margin: 0; font-size: 14px; list-style-type: disc;'>\n<li style='margin-bottom: 5px;'><strong>Sistema:<\/strong><br \/>CPU*: 8 n\u00facleos<br \/>RAM: 8 GB<br \/>Flash: 128 GB<br \/>Sistema operativo: HarmonyOS&comma; Windows (Para windows se requiere el modelo: OPSW022Z\/OPSW021Z)<\/li>\n<li style='margin-bottom: 5px;'><strong>Conexi\u00f3n inal\u00e1mbrica:<\/strong><br \/>M\u00f3dulo Wi-Fi*: Wi-Fi 6<br \/>Frecuencia Wi-Fi: 2.4 GHz + 5 GHz<br \/>NFC: S\u00ed<br \/>Bluetooth: S\u00ed<\/li>\n<li style='margin-bottom: 5px;'><strong>Interfaz:<\/strong><br \/><strong>Enfrente:<\/strong><br \/>1 USB Tipo-C<br \/>2 USB Tipo-A 3.0<br \/><strong>Lateral:<\/strong><br \/>2 Entradas HDMI<br \/>1 Salida HDMI<br \/>1 Entrada de audio 3.5 mm<br \/>1 Salida de audio 3.5 mm<br \/>1 USB Tipo-A 3.0<br \/>1 SUB tipo-C (Carga r\u00e1pida)<br \/>1 Entrada de audio HD-AI<br \/>1 Puerto RJ45 10\/100\/1000 Mbps<br \/>1 Puerto t\u00e1ctil<br \/>1 Puerto COM<\/li>\n<\/ul><\/div>\n<\/p><\/div>\n<p> <!-- Caracter\u00edsticas de colaboraci\u00f3n --> <\/p>\n<div style='flex: 1 1 250px; border: 1px solid rgba(150&comma;150&comma;150&comma;0.4); border-radius: 8px; overflow: hidden; display: flex; flex-direction: column;'>\n<div style='padding: 15px; border-bottom: 1px solid rgba(150&comma;150&comma;150&comma;0.2); font-weight: bold; font-size: 18px; color: inherit;'>Caracter\u00edsticas de Colaboraci\u00f3n<\/div>\n<div style='padding: 15px; color: inherit;'>\n<ul style='padding-left: 20px; margin: 0; font-size: 14px; list-style-type: disc;'>\n<li style='margin-bottom: 5px;'><strong>Escritura:<\/strong><br \/>Latencia: 16 ms<br \/>Distancia de detecci\u00f3n t\u00e1ctil: 1.5 mm de ancho<br \/>Reconocimiento de escritura inteligente<\/li>\n<li style='margin-bottom: 5px;'><strong>Conferencias:<\/strong><br \/>Reuni\u00f3n nativa (audio\/video + datos compartidos):<br \/>Conferencia local: 1080p 30 fps + 1080p 30 fps\/4K 8 fps<br \/>BYOM: S\u00ed<\/li>\n<li style='margin-bottom: 5px;'><strong>Funci\u00f3n AI:<\/strong><br \/>Autoencuadre<br \/>Seguimiento inteligente<br \/>Baffle ac\u00fastico editable<br \/>Dereverberaci\u00f3n basada en DNN*<br \/>Motor de visi\u00f3n de IA<br \/>Recorte autom\u00e1tico de asistentes<\/li>\n<\/ul><\/div>\n<\/p><\/div>\n<p> <!-- Contenido del paquete --> <\/p>\n<div style='flex: 1 1 250px; border: 1px solid rgba(150&comma;150&comma;150&comma;0.4); border-radius: 8px; overflow: hidden; display: flex; flex-direction: column;'>\n<div style='padding: 15px; border-bottom: 1px solid rgba(150&comma;150&comma;150&comma;0.2); font-weight: bold; font-size: 18px; color: inherit;'>Contenido del paquete:<\/div>\n<div style='padding: 15px; color: inherit;'>\n<ul style='padding-left: 20px; margin: 0; font-size: 14px; list-style-type: disc;'>\n<li style='margin-bottom: 5px;'>1 Pantalla<\/li>\n<li style='margin-bottom: 5px;'>2 Plumas stylus<\/li>\n<li style='margin-bottom: 5px;'>1 Cable de alimentaci\u00f3n<\/li>\n<\/ul><\/div>\n<\/p><\/div>\n<p> <!-- Accesorios opcionales --> <\/p>\n<div style='flex: 1 1 250px; border: 1px solid rgba(150&comma;150&comma;150&comma;0.4); border-radius: 8px; overflow: hidden; display: flex; flex-direction: column;'>\n<div style='padding: 15px; border-bottom: 1px solid rgba(150&comma;150&comma;150&comma;0.2); font-weight: bold; font-size: 18px; color: inherit;'>Accesorios opcionales:<\/div>\n<div style='padding: 15px; color: inherit;'>\n<ul style='padding-left: 20px; margin: 0; font-size: 14px; list-style-type: disc;'>\n<li style='margin-bottom: 5px;'>Hi care anual:<\/li>\n<li style='margin-bottom: 5px;'>Tarjeta de mantenimiento anual:<br \/><a href='https:\/\/www.syscom.pro\/products\/228324' style='color: inherit; text-decoration: underline; font-size: 14px;'>MCS2651Y<\/a><\/li>\n<li style='margin-bottom: 5px;'>Repuesto de plumas:<br \/><a href='https:\/\/www.syscom.pro\/products\/231705\/861' style='color: inherit; text-decoration: underline; font-size: 14px;'>IFP-UG86E-STP-V1<\/a><\/li>\n<li style='margin-bottom: 5px;'>Montaje en pared:<br \/><a href='https:\/\/www.syscom.pro\/products\/220436' style='color: inherit; text-decoration: underline; font-size: 14px;'>WB1M0IDEAHUB02<\/a><\/li>\n<li style='margin-bottom: 5px;'>Montaje Rolling (movible):<br \/><a href='https:\/\/www.syscom.pro\/products\/220435' style='color: inherit; text-decoration: underline; font-size: 14px;'>WB1M0IDEAHUB07<\/a><\/li>\n<li style='margin-bottom: 5px;'>OPS (Windows 11):<br \/><a href='https:\/\/www.syscom.pro\/products\/239110' style='color: inherit; text-decoration: underline; font-size: 14px;'>OPSW022Z<\/a> (i7)<br \/><a href='https:\/\/www.syscom.pro\/products\/245164\/021' style='color: inherit; text-decoration: underline; font-size: 14px;'>OPSW021Z<\/a> (i5)<\/li>\n<li style='margin-bottom: 5px;'>IdeaShare:<br \/><a href='https:\/\/www.syscom.pro\/products\/220442' style='color: inherit; text-decoration: underline; font-size: 14px;'>HWA01<\/a><\/li>\n<li style='margin-bottom: 5px;'>Control remoto:<br \/>Control 2.0<br \/><a href='https:\/\/www.syscom.pro\/products\/220440' style='color: inherit; text-decoration: underline; font-size: 14px;'>IHC<\/a><\/li>\n<\/ul><\/div>\n<\/p><\/div>\n<\/p><\/div>\n<p> <!-- Secci\u00f3n de caracter\u00edsticas avanzadas con im\u00e1genes --> <\/p>\n<div style='display: flex; flex-wrap: wrap; gap: 30px; margin-bottom: 30px;'>\n<div style='flex: 1 1 300px; min-width: 280px;'> <img style='width: 100%; height: auto; border: 1px solid rgba(150&comma;150&comma;150&comma;0.3); border-radius: 8px;' src='http:\/\/ftp3.syscom.mx\/usuarios\/ftp\/2025\/11\/03\/1971\/secondbanner1en.jpg_froala_69092e44f2dbc' alt=''> <\/div>\n<div style='flex: 1 1 300px; min-width: 280px;'>\n<h3 style='font-size: 22px; margin-top: 0; margin-bottom: 10px; color: inherit; opacity: 0.8; border-bottom: 2px solid currentColor; padding-bottom: 5px;'>C\u00e1mara dual con calidad de im\u00e1gen superior y Zoom de 5x<\/h3>\n<ul style='padding-left: 20px; font-size: 14px; color: inherit;'>\n<li style='margin-bottom: 5px;'>C\u00e1mara 4K con cubierta de lente para garantizar la privacidad.<\/li>\n<li style='margin-bottom: 5px;'>Pantalla 4K de luz suave con bordes ultrafinos que ofrece una experiencia visual inmersiva.<\/li>\n<li style='margin-bottom: 5px;'>Cambio entre sistemas operativos con un solo toque sin necesidad de configurar el sistema operativo.<\/li>\n<li style='margin-bottom: 5px;'>Panel frontal de f\u00e1cil acceso con NFC&comma; USB tipo C&comma; USB 3.0 y bot\u00f3n de encendido.<\/li>\n<li style='margin-bottom: 5px;'>Certificaci\u00f3n T\u00dcV Rheinland Low Blue Light Certification.<\/li>\n<\/ul><\/div>\n<\/p><\/div>\n<p> <!-- Secci\u00f3n de caracter\u00edsticas con imagen invertida --> <\/p>\n<div style='display: flex; flex-wrap: wrap; gap: 30px; margin-bottom: 30px;'>\n<div style='flex: 1 1 300px; min-width: 280px; order: 2;'> <img style='width: 100%; height: auto; border: 1px solid rgba(150&comma;150&comma;150&comma;0.3); border-radius: 8px;' src='http:\/\/ftp3.syscom.mx\/usuarios\/ftp\/2025\/11\/04\/1971\/secondbanner2pc1.jpg_froala_690a133e377d1' alt=''> <\/div>\n<div style='flex: 1 1 300px; min-width: 280px; order: 1;'>\n<h3 style='font-size: 22px; margin-top: 0; margin-bottom: 10px; color: inherit; opacity: 0.8; border-bottom: 2px solid currentColor; padding-bottom: 5px;'>Captaci\u00f3n de sonido de 24 micr\u00f3fonos y 15 metros&comma; que garantiza un audio claro y n\u00edtido.<\/h3>\n<ul style='padding-left: 20px; font-size: 14px; color: inherit;'>\n<li style='margin-bottom: 5px;'>Captaci\u00f3n de audio multicanal mediante beamforming: El seguimiento del hablante en tiempo real y la mejora autom\u00e1tica de la voz garantizan un audio n\u00edtido.<\/li>\n<li style='margin-bottom: 5px;'>Reducci\u00f3n de ruido por IA: Filtra m\u00e1s de 300 tipos de ruido&comma; garantizando una voz clara y pura sin interferencias.<\/li>\n<\/ul><\/div>\n<\/p><\/div>\n<p> <!-- Secci\u00f3n de motor de visi\u00f3n con IA --> <\/p>\n<div style='display: flex; flex-wrap: wrap; gap: 30px; margin-bottom: 30px;'>\n<div style='flex: 1 1 300px; min-width: 280px;'> <img style='width: 100%; height: auto; border: 1px solid rgba(150&comma;150&comma;150&comma;0.3); border-radius: 8px;' src='http:\/\/ftp3.syscom.mx\/usuarios\/ftp\/2025\/11\/04\/1971\/Captura_de_pantalla_20251104_a_la_s__8.55.52a.m..png_froala_690a15d8b0958' alt=''> <\/div>\n<div style='flex: 1 1 300px; min-width: 280px;'>\n<h3 style='font-size: 22px; margin-top: 0; margin-bottom: 10px; color: inherit; opacity: 0.8; border-bottom: 2px solid currentColor; padding-bottom: 5px;'>Motor de visi\u00f3n con IA: Redefiniendo la imaginaci\u00f3n visual<\/h3>\n<p style='margin-bottom: 10px; color: inherit; font-size: 14px;'> Algoritmo de superresoluci\u00f3n l\u00edder en la industria: Mejora la resoluci\u00f3n de 720p a 1080p en reuniones BYOM y en la nube en modo OPS&comma; ofreciendo im\u00e1genes m\u00e1s n\u00edtidas y realistas con detalles vibrantes. <\/p>\n<\/p><\/div>\n<\/p><\/div>\n<p> <!-- Secci\u00f3n de seguimiento inteligente --> <\/p>\n<div style='display: flex; flex-wrap: wrap; gap: 30px; margin-bottom: 30px;'>\n<div style='flex: 1 1 300px; min-width: 280px; order: 2;'> <img style='width: 100%; height: auto; border: 1px solid rgba(150&comma;150&comma;150&comma;0.3); border-radius: 8px;' src='http:\/\/ftp3.syscom.mx\/usuarios\/ftp\/2025\/11\/04\/1971\/Captura_de_pantalla_20251104_a_la_s__9.12.01a.m..png_froala_690a17d5e9fde' alt=''> <\/div>\n<div style='flex: 1 1 300px; min-width: 280px; order: 1;'>\n<h3 style='font-size: 22px; margin-top: 0; margin-bottom: 10px; color: inherit; opacity: 0.8; border-bottom: 2px solid currentColor; padding-bottom: 5px;'>Seguimiento inteligente en todos los escenarios<\/h3>\n<ul style='padding-left: 20px; font-size: 14px; color: inherit;'>\n<li style='margin-bottom: 5px;'><strong>Seguimiento inteligente del orador:<\/strong> Sigue autom\u00e1ticamente al orador activo.<\/li>\n<li style='margin-bottom: 5px;'><strong>Recorte autom\u00e1tico de la vista:<\/strong> Divide de forma inteligente el v\u00eddeo de los participantes en 6 paneles.<\/li>\n<li style='margin-bottom: 5px;'><strong>Encuadre autom\u00e1tico:<\/strong> Ajusta din\u00e1micamente el encuadre para obtener una vista panor\u00e1mica \u00f3ptima de todos los participantes.<\/li>\n<\/ul><\/div>\n<\/p><\/div>\n<p> <!-- Secci\u00f3n de baffle ac\u00fastico --> <\/p>\n<div style='display: flex; flex-wrap: wrap; gap: 30px; margin-bottom: 30px;'>\n<div style='flex: 1 1 300px; min-width: 280px;'> <img style='width: 100%; height: auto; border: 1px solid rgba(150&comma;150&comma;150&comma;0.3); border-radius: 8px;' src='http:\/\/ftp3.syscom.mx\/usuarios\/ftp\/2025\/11\/04\/1971\/Captura_de_pantalla_20251104_a_la_s__9.14.59a.m..png_froala_690a1888c1db' alt=''> <\/div>\n<div style='flex: 1 1 300px; min-width: 280px;'>\n<h3 style='font-size: 22px; margin-top: 0; margin-bottom: 10px; color: inherit; opacity: 0.8; border-bottom: 2px solid currentColor; padding-bottom: 5px;'>Baffle ac\u00fastico 2.0<\/h3>\n<p style='margin-bottom: 10px; color: inherit; font-size: 14px;'> El panel ac\u00fastico anular mejorado&comma; con un rango ajustable&comma; crea un espacio de reuni\u00f3n flexible y m\u00f3vil. Lo que garantiza una captaci\u00f3n de voz n\u00edtida&comma; independientemente de la ubicaci\u00f3n del orador. <\/p>\n<\/p><\/div>\n<\/p><\/div>\n<p> <!-- Secci\u00f3n de proyecci\u00f3n de 9 paneles --> <\/p>\n<div style='display: flex; flex-wrap: wrap; gap: 30px; margin-bottom: 30px;'>\n<div style='flex: 1 1 300px; min-width: 280px; order: 2;'> <img style='width: 100%; height: auto; border: 1px solid rgba(150&comma;150&comma;150&comma;0.3); border-radius: 8px;' src='http:\/\/ftp3.syscom.mx\/usuarios\/ftp\/2025\/11\/04\/1971\/Captura_de_pantalla_20251104_a_la_s__9.18.00a.m..png_froala_690a1939e8b2c' alt=''> <\/div>\n<div style='flex: 1 1 300px; min-width: 280px; order: 1;'>\n<h3 style='font-size: 22px; margin-top: 0; margin-bottom: 10px; color: inherit; opacity: 0.8; border-bottom: 2px solid currentColor; padding-bottom: 5px;'>Proyecci\u00f3n de 9 paneles para una comparaci\u00f3n de materiales sin esfuerzo en una disposici\u00f3n \u00f3ptima.<\/h3>\n<p style='margin-bottom: 10px; color: inherit; font-size: 14px;'> Huawei IdeaHub sincroniza informaci\u00f3n desde m\u00f3viles&comma; computadoras&comma; tabletas y archivos en una sola pantalla&comma; eliminando barreras entre dispositivos. Permite acercar&comma; anotar y controlar el contenido de forma intuitiva&comma; con ajuste autom\u00e1tico del dise\u00f1o para mostrar siempre la mejor vista&comma; en vertical u horizontal. <\/p>\n<\/p><\/div>\n<\/p><\/div>\n<p> <!-- Secci\u00f3n de colaboraci\u00f3n en m\u00faltiples pantallas --> <\/p>\n<div style='display: flex; flex-wrap: wrap; gap: 30px; margin-bottom: 30px;'>\n<div style='flex: 1 1 300px; min-width: 280px;'> <img style='width: 100%; height: auto; border: 1px solid rgba(150&comma;150&comma;150&comma;0.3); border-radius: 8px;' src='http:\/\/ftp3.syscom.mx\/usuarios\/ftp\/2025\/11\/04\/1971\/Captura_de_pantalla_20251104_a_la_s__9.28.16a.m..png_froala_690a1ba605cec' alt=''> <\/div>\n<div style='flex: 1 1 300px; min-width: 280px;'>\n<h3 style='font-size: 22px; margin-top: 0; margin-bottom: 10px; color: inherit; opacity: 0.8; border-bottom: 2px solid currentColor; padding-bottom: 5px;'>Colaboraci\u00f3n en m\u00faltiples pantallas con todo al alcance<\/h3>\n<p style='margin-bottom: 10px; color: inherit; font-size: 14px;'> Al conectar un tel\u00e9fono m\u00f3vil o una tableta al IdeaHub&comma; puedes duplicar la pantalla del IdeaHub y controlarlo directamente desde el dispositivo&comma; lo que facilita la gesti\u00f3n de reuniones y la escritura en pantalla cruzada. Esto proporciona una experiencia fluida e inmersiva con todo al alcance de tu mano. <\/p>\n<\/p><\/div>\n<\/p><\/div>\n<\/p><\/div>\n","protected":false},"excerpt":{"rendered":"<p>Pantalla Interactiva IdeaHub S3 para Colaboraci\u00f3n Inteligente \/ 65\u201d \/ Doble C\u00e1mara 4K \/ Harmony OS \/ Wi-Fi 6 \/ 24 Micr\u00f3fonos\u00a0\/ BYOM \/ Enfoque Autom\u00e1tico\u00a0\/ Baffle ac\u00fastico \/ Gesti\u00f3n desde la nube<\/p>\n","protected":false},"featured_media":83965,"comment_status":"open","ping_status":"closed","template":"","meta":[],"product_brand":[],"product_cat":[2048],"product_tag":[2049,718,2004],"class_list":{"0":"post-83966","1":"product","2":"type-product","3":"status-publish","4":"has-post-thumbnail","6":"product_cat-audio-video-conferencia","7":"product_tag-audio-video-conferencia","8":"product_tag-huawei","9":"product_tag-voip-telefonia-ip-videoconferencia","11":"first","12":"outofstock","13":"sale","14":"shipping-taxable","15":"purchasable","16":"product-type-simple"},"_links":{"self":[{"href":"https:\/\/soydeaqui.ddns.net\/pachuca\/index.php\/wp-json\/wp\/v2\/product\/83966","targetHints":{"allow":["GET"]}}],"collection":[{"href":"https:\/\/soydeaqui.ddns.net\/pachuca\/index.php\/wp-json\/wp\/v2\/product"}],"about":[{"href":"https:\/\/soydeaqui.ddns.net\/pachuca\/index.php\/wp-json\/wp\/v2\/types\/product"}],"replies":[{"embeddable":true,"href":"https:\/\/soydeaqui.ddns.net\/pachuca\/index.php\/wp-json\/wp\/v2\/comments?post=83966"}],"wp:featuredmedia":[{"embeddable":true,"href":"https:\/\/soydeaqui.ddns.net\/pachuca\/index.php\/wp-json\/wp\/v2\/media\/83965"}],"wp:attachment":[{"href":"https:\/\/soydeaqui.ddns.net\/pachuca\/index.php\/wp-json\/wp\/v2\/media?parent=83966"}],"wp:term":[{"taxonomy":"product_brand","embeddable":true,"href":"https:\/\/soydeaqui.ddns.net\/pachuca\/index.php\/wp-json\/wp\/v2\/product_brand?post=83966"},{"taxonomy":"product_cat","embeddable":true,"href":"https:\/\/soydeaqui.ddns.net\/pachuca\/index.php\/wp-json\/wp\/v2\/product_cat?post=83966"},{"taxonomy":"product_tag","embeddable":true,"href":"https:\/\/soydeaqui.ddns.net\/pachuca\/index.php\/wp-json\/wp\/v2\/product_tag?post=83966"}],"curies":[{"name":"wp","href":"https:\/\/api.w.org\/{rel}","templated":true}]}}