{"id":83937,"date":"2026-03-19T20:29:08","date_gmt":"2026-03-19T20:29:08","guid":{"rendered":"https:\/\/soydeaqui.ddns.net\/pachuca\/index.php\/producto\/1-port-sfp-1-port-rj45-1000mbps-fuente-incluida\/"},"modified":"2026-03-19T20:29:10","modified_gmt":"2026-03-19T20:29:10","slug":"1-port-sfp-1-port-rj45-1000mbps-fuente-incluida","status":"publish","type":"product","link":"https:\/\/soydeaqui.ddns.net\/pachuca\/index.php\/producto\/1-port-sfp-1-port-rj45-1000mbps-fuente-incluida\/","title":{"rendered":"1 port SFP, 1 port RJ45 1000Mbps (FUENTE INCLUIDA)"},"content":{"rendered":"<div style='width: 100%; max-width: 1200px; margin: 0 auto; font-family: sans-serif; line-height: 1.6; color: inherit; background-color: transparent;'> <!-- Secci\u00f3n de imagen --> <\/p>\n<div style='width: 100%; margin-bottom: 30px;'> <img style='width: 100%; height: auto; border: 1px solid rgba(150&comma;150&comma;150&comma;0.3); border-radius: 8px;' src='https:\/\/ftp3.syscom.mx\/usuarios\/daniel.anchondo\/%28LINKEDPRO%29\/IMAGENES\/Linkedpro%20arriba.jpg' alt=''> <\/div>\n<p> <!-- Secci\u00f3n de caracter\u00edsticas --> <\/p>\n<div style='display: flex; flex-wrap: wrap; gap: 30px; margin-bottom: 30px;'>\n<div style='flex: 1 1 300px; min-width: 280px;'>\n<h3 style='font-size: 22px; border-bottom: 2px solid currentColor; padding-bottom: 5px; margin-top: 0; color: inherit; opacity: 0.8;'>CARACTER\u00cdSTICAS PRINCIPALES DEL PRODUCTO<\/h3>\n<ul style='padding-left: 20px; font-size: 15px; color: inherit;'>\n<li style='margin-bottom: 5px;'>Enlaces de alto rendimiento sobre fibra \u00f3ptica<\/li>\n<li style='margin-bottom: 5px;'>Conexi\u00f3n en caliente para f\u00e1cil instalaci\u00f3n<\/li>\n<li style='margin-bottom: 5px;'>Compatibilidad con marcas l\u00edderes del mercado<\/li>\n<li style='margin-bottom: 5px;'>Optimizaci\u00f3n de la demanda de transmisi\u00f3n de datos<\/li>\n<li style='margin-bottom: 5px;'>Compatibilidad SFP para operaci\u00f3n continua<\/li>\n<\/ul><\/div>\n<div style='flex: 1 1 300px; min-width: 280px;'>\n<h3 style='font-size: 22px; border-bottom: 2px solid currentColor; padding-bottom: 5px; margin-top: 0; color: inherit; opacity: 0.8;'>ESPECIFICACIONES T\u00c9CNICAS<\/h3>\n<ul style='padding-left: 20px; font-size: 15px; color: inherit;'>\n<li style='margin-bottom: 5px;'><strong>Modelo:<\/strong> LPCM1X1<\/li>\n<li style='margin-bottom: 5px;'><strong>Marca:<\/strong> LINKEDPRO BY EPCOM<\/li>\n<li style='margin-bottom: 5px;'><strong>Conectores:<\/strong> 1 puerto SFP&comma; 1 puerto RJ45<\/li>\n<li style='margin-bottom: 5px;'><strong>Velocidad:<\/strong> 1000Mbps<\/li>\n<li style='margin-bottom: 5px;'><strong>Fuente de alimentaci\u00f3n:<\/strong> Incluida<\/li>\n<\/ul><\/div>\n<\/p><\/div>\n<p> <!-- Separador --> <\/p>\n<hr style='border: 0; border-top: 1px solid rgba(150&comma; 150&comma; 150&comma; 0.3); margin: 30px 0;'> <\/div>\n","protected":false},"excerpt":{"rendered":"<p>1 port SFP, 1 port RJ45 1000Mbps (FUENTE INCLUIDA)<\/p>\n","protected":false},"featured_media":32,"comment_status":"open","ping_status":"closed","template":"","meta":[],"product_brand":[],"product_cat":[663],"product_tag":[435,664,665],"class_list":{"0":"post-83937","1":"product","2":"type-product","3":"status-publish","4":"has-post-thumbnail","6":"product_cat-transceptores-de-fibra","7":"product_tag-linkedpro-by-epcom","8":"product_tag-networking","9":"product_tag-transceptores-de-fibra","11":"first","12":"outofstock","13":"sale","14":"shipping-taxable","15":"purchasable","16":"product-type-simple"},"_links":{"self":[{"href":"https:\/\/soydeaqui.ddns.net\/pachuca\/index.php\/wp-json\/wp\/v2\/product\/83937","targetHints":{"allow":["GET"]}}],"collection":[{"href":"https:\/\/soydeaqui.ddns.net\/pachuca\/index.php\/wp-json\/wp\/v2\/product"}],"about":[{"href":"https:\/\/soydeaqui.ddns.net\/pachuca\/index.php\/wp-json\/wp\/v2\/types\/product"}],"replies":[{"embeddable":true,"href":"https:\/\/soydeaqui.ddns.net\/pachuca\/index.php\/wp-json\/wp\/v2\/comments?post=83937"}],"wp:featuredmedia":[{"embeddable":true,"href":"https:\/\/soydeaqui.ddns.net\/pachuca\/index.php\/wp-json\/wp\/v2\/media\/32"}],"wp:attachment":[{"href":"https:\/\/soydeaqui.ddns.net\/pachuca\/index.php\/wp-json\/wp\/v2\/media?parent=83937"}],"wp:term":[{"taxonomy":"product_brand","embeddable":true,"href":"https:\/\/soydeaqui.ddns.net\/pachuca\/index.php\/wp-json\/wp\/v2\/product_brand?post=83937"},{"taxonomy":"product_cat","embeddable":true,"href":"https:\/\/soydeaqui.ddns.net\/pachuca\/index.php\/wp-json\/wp\/v2\/product_cat?post=83937"},{"taxonomy":"product_tag","embeddable":true,"href":"https:\/\/soydeaqui.ddns.net\/pachuca\/index.php\/wp-json\/wp\/v2\/product_tag?post=83937"}],"curies":[{"name":"wp","href":"https:\/\/api.w.org\/{rel}","templated":true}]}}