{"id":83885,"date":"2026-03-19T20:27:01","date_gmt":"2026-03-19T20:27:01","guid":{"rendered":"https:\/\/soydeaqui.ddns.net\/pachuca\/index.php\/producto\/punto-de-acceso-omada-wi-fi-7-be5000-mu-mimo-2x2-1-puerto-2-5-gbps-mesh-omada-operaciones-multiencale-mlo-configuracion-por-controlador-o-stand-alone-para-montaje-en-techo-pared-alimen\/"},"modified":"2026-03-19T20:27:10","modified_gmt":"2026-03-19T20:27:10","slug":"punto-de-acceso-omada-wi-fi-7-be5000-mu-mimo-2x2-1-puerto-2-5-gbps-mesh-omada-operaciones-multiencale-mlo-configuracion-por-controlador-o-stand-alone-para-montaje-en-techo-pared-alimen","status":"publish","type":"product","link":"https:\/\/soydeaqui.ddns.net\/pachuca\/index.php\/producto\/punto-de-acceso-omada-wi-fi-7-be5000-mu-mimo-2x2-1-puerto-2-5-gbps-mesh-omada-operaciones-multiencale-mlo-configuracion-por-controlador-o-stand-alone-para-montaje-en-techo-pared-alimen\/","title":{"rendered":"Punto de Acceso Omada \/ Wi-Fi 7 BE5000 MU-MIMO 2&#215;2 \/ 1 Puerto 2.5 Gbps \/ Mesh Omada \/ Operaciones Multiencale (MLO) \/ Configuraci\u00f3n por Controlador o Stand-Alone \/ Para Montaje en Techo\/pared \/ Alimentaci\u00f3n PoE+"},"content":{"rendered":"<div style='width: 100%; max-width: 1200px; margin: 0 auto; font-family: sans-serif; line-height: 1.6; color: inherit; background-color: transparent;'> <!-- Secci\u00f3n Hero con imagen y descripci\u00f3n --> <\/p>\n<div style='display: flex; flex-wrap: wrap; gap: 30px; align-items: center; border: 1px solid rgba(150&comma;150&comma;150&comma;0.3); border-radius: 12px; padding: 20px; margin-bottom: 30px;'> <!-- Imagen --> <\/p>\n<div style='flex: 1 1 320px; min-width: 280px;'> <img style='width: 100%; height: auto; border: 1px solid rgba(150&comma;150&comma;150&comma;0.3); border-radius: 8px;' src='http:\/\/ftp3.syscom.mx\/usuarios\/ftp\/2025\/11\/07\/1908\/1.jpg_froala_690e3adc146da' alt='Switch Industrial eKit S210I-8T4SX'> <\/div>\n<p> <!-- Descripci\u00f3n --> <\/p>\n<div style='flex: 1 1 360px; min-width: 280px;'>\n<h2 style='font-size: 24px; margin-top: 0; color: inherit; opacity: 0.9;'>Punto de Acceso WiFi 7<\/h2>\n<div style='color: rgba(120&comma;120&comma;120&comma;0.8); font-weight: 600; margin: 10px 0;'>Modelo: EAP723<\/div>\n<p style='margin: 0; font-size: 15px; color: inherit;'>El TP-Link EAP723 BE5000 es mucho m\u00e1s que un simple amplificador de se\u00f1al. Es una soluci\u00f3n profesional que lleva tu conectividad al siguiente nivel&comma; ofreciendo velocidad&comma; capacidad y estabilidad para que el trabajo&comma; el entretenimiento y la comunicaci\u00f3n fluyan sin problemas. Es la elecci\u00f3n ideal para quienes necesitan un rendimiento robusto y a prueba del futuro.<\/p>\n<\/p><\/div>\n<\/p><\/div>\n<p> <!-- Secci\u00f3n de cards con especificaciones --> <\/p>\n<div style='display: flex; flex-wrap: wrap; gap: 20px; margin-bottom: 30px;'> <!-- Card: Caracter\u00edsticas principales --> <\/p>\n<div style='flex: 1 1 250px; border: 1px solid rgba(150&comma; 150&comma; 150&comma; 0.4); border-radius: 8px; overflow: hidden; display: flex; flex-direction: column;'>\n<div style='padding: 15px; border-bottom: 1px solid rgba(150&comma; 150&comma; 150&comma; 0.2); font-weight: bold; font-size: 18px; color: inherit;'>Caracter\u00edsticas principales<\/div>\n<div style='padding: 15px; color: inherit;'>\n<ul style='padding-left: 20px; margin: 0; font-size: 14px; list-style-type: disc;'>\n<li style='margin-bottom: 5px;'>(1) Puerto PoE+ LAN RJ45 2.5GE<\/li>\n<li style='margin-bottom: 5px;'>Gesti\u00f3n Web \/ App Omada \/ Controladora Omada<\/li>\n<li style='margin-bottom: 5px;'>Certificaciones: CE&comma; FCC&comma; RoHS&comma; IC<\/li>\n<li style='margin-bottom: 5px;'>Estandares WiFi: IEEE 802.11 a\/b\/g\/n\/ac\/ax\/be<\/li>\n<li style='margin-bottom: 5px;'>Gesti\u00f3n centralizada:\n<ul style='margin: 8px 0 0 20px; padding: 0; list-style-type: disc;'>\n<li style='margin-bottom: 5px;'>OC200<\/li>\n<li style='margin-bottom: 5px;'>OC300<\/li>\n<li style='margin-bottom: 5px;'><a href='https:\/\/support.omadanetworks.com\/es\/product\/omada-software-controller\/?resourceType=download' target='_blank' rel='noopener noreferrer' style='color: inherit; text-decoration: underline;'>Omada Software<\/a><\/li>\n<li style='margin-bottom: 5px;'><a href='https:\/\/omada.tplinkcloud.com\/' target='_blank' rel='noopener noreferrer' style='color: inherit; text-decoration: underline;'>Omada basado en la nube<\/a><\/li>\n<\/ul>\n<\/li>\n<li style='margin-bottom: 5px;'>Bot\u00f3n: Reset<\/li>\n<li style='margin-bottom: 5px;'>Puede trabajar con TP-Link Mesh<\/li>\n<\/ul><\/div>\n<\/p><\/div>\n<p> <!-- Card: F\u00edsicas y el\u00e9ctricas --> <\/p>\n<div style='flex: 1 1 250px; border: 1px solid rgba(150&comma; 150&comma; 150&comma; 0.4); border-radius: 8px; overflow: hidden; display: flex; flex-direction: column;'>\n<div style='padding: 15px; border-bottom: 1px solid rgba(150&comma; 150&comma; 150&comma; 0.2); font-weight: bold; font-size: 18px; color: inherit;'>Caracter\u00edsticas f\u00edsicas y el\u00e9ctricas<\/div>\n<div style='padding: 15px; color: inherit;'>\n<ul style='padding-left: 20px; margin: 0; font-size: 14px; list-style-type: disc;'>\n<li style='margin-bottom: 5px;'>Dimensiones: 160 x 160 x 36.7 mm<\/li>\n<li style='margin-bottom: 5px;'>Alimentaci\u00f3n: 802.3bt PoE++ \/ 12 Vcc (<span style='color: rgba(184&comma; 49&comma; 47&comma; 0.8);'>No incluye el adaptador<\/span>)<\/li>\n<li style='margin-bottom: 5px;'>Consumo m\u00e1ximo: 19.5 W<\/li>\n<li style='margin-bottom: 5px;'>Temperatura de operaci\u00f3n: 0\u00ba a 40\u00ba<\/li>\n<li style='margin-bottom: 5px;'>Humedad de operaci\u00f3n: 10 a 90% sin condensaci\u00f3n<\/li>\n<li style='margin-bottom: 5px;'>Frecuencia: 2.4 GHz \/ 5 GHz<\/li>\n<li style='margin-bottom: 5px;'>Potencia de transmisi\u00f3n:\n<ul style='margin: 8px 0 0 20px; padding: 0; list-style-type: disc;'>\n<li style='margin-bottom: 5px;'>FCC: < 25 dBm (2.4Ghz)<\/li>\n<li style='margin-bottom: 5px;'>< 25 dBm (5G&comma; banda 1 &#038; banda 4)<\/li>\n<li style='margin-bottom: 5px;'>< 24 dBm (5G&comma; banda 2 &#038; banda 3)<\/li>\n<\/ul>\n<\/li>\n<li style='margin-bottom: 5px;'>Multi SSID: 8 SSID por banda (16 en total)<\/li>\n<\/ul><\/div>\n<\/p><\/div>\n<p> <!-- Card: Contenido del paquete --> <\/p>\n<div style='flex: 1 1 250px; border: 1px solid rgba(150&comma; 150&comma; 150&comma; 0.4); border-radius: 8px; overflow: hidden; display: flex; flex-direction: column;'>\n<div style='padding: 15px; border-bottom: 1px solid rgba(150&comma; 150&comma; 150&comma; 0.2); font-weight: bold; font-size: 18px; color: inherit;'>Contenido del Paquete<\/div>\n<div style='padding: 15px; color: inherit;'>\n<ul style='padding-left: 20px; margin: 0; font-size: 14px; list-style-type: disc;'>\n<li style='margin-bottom: 5px;'>Punto de Acceso WiFi 7: EAP723<\/li>\n<li style='margin-bottom: 5px;'>Kit montaje en techo\/pared<\/li>\n<li style='margin-bottom: 5px;'>Gu\u00eda de instalaci\u00f3n<\/li>\n<\/ul><\/div>\n<\/p><\/div>\n<p> <!-- Card: Funciones avanzadas --> <\/p>\n<div style='flex: 1 1 250px; border: 1px solid rgba(150&comma; 150&comma; 150&comma; 0.4); border-radius: 8px; overflow: hidden; display: flex; flex-direction: column;'>\n<div style='padding: 15px; border-bottom: 1px solid rgba(150&comma; 150&comma; 150&comma; 0.2); font-weight: bold; font-size: 18px; color: inherit;'>Funciones Avanzadas<\/div>\n<div style='padding: 15px; color: inherit;'>\n<ul style='padding-left: 20px; margin: 0; font-size: 14px; list-style-type: disc;'>\n<li style='margin-bottom: 5px;'>Roaming sin interrupciones<\/li>\n<li style='margin-bottom: 5px;'><a href='https:\/\/www.tp-link.com\/es\/wifi7\/' target='_blank' rel='noopener noreferrer' style='color: inherit; text-decoration: underline;'>Aprende m\u00e1s sobre WiFi 7<\/a><\/li>\n<li style='margin-bottom: 5px;'>Seguridad Inal\u00e1mbrica: WPA\/WPA2\/WPA3-PSK \/ PPSK<\/li>\n<li style='margin-bottom: 5px;'>UL\/DL&comma; OFDMA&comma; 4K-QAM<\/li>\n<li style='margin-bottom: 5px;'>Tecnolog\u00eda Mesh: Omada Mesh<\/li>\n<li style='margin-bottom: 5px;'>Red de invitados&comma; Aislamiento entre clientes<\/li>\n<li style='margin-bottom: 5px;'>Balance de carga<\/li>\n<li style='margin-bottom: 5px;'>Limite de velocidades<\/li>\n<li style='margin-bottom: 5px;'>AI Roaming&comma; Beamforming&comma; Band Steering<\/li>\n<li style='margin-bottom: 5px;'>Canales de hasta 240 MHz<\/li>\n<li style='margin-bottom: 5px;'>Filtrado de direcciones MAC inal\u00e1mbrica<\/li>\n<li style='margin-bottom: 5px;'>Autenticaci\u00f3n de portal cautivo<\/li>\n<\/ul><\/div>\n<\/p><\/div>\n<\/p><\/div>\n<p> <!-- Secci\u00f3n de contenido con im\u00e1genes adicionales --> <\/p>\n<div style='display: flex; flex-wrap: wrap; gap: 30px; margin-bottom: 30px;'>\n<div style='flex: 1 1 100%; border: 1px solid rgba(150&comma;150&comma;150&comma;0.3); border-radius: 12px; padding: 20px;'>\n<h3 style='font-size: 22px; border-bottom: 2px solid currentColor; padding-bottom: 5px; margin-top: 0; color: inherit; opacity: 0.8;'>Soluci\u00f3n completa para redes de mayor velocidad<\/h3>\n<div style='display: flex; flex-wrap: wrap; gap: 30px; align-items: center; margin-top: 20px;'>\n<div style='flex: 1 1 320px; min-width: 280px;'> <img style='width: 100%; height: auto; border: 1px solid rgba(150&comma;150&comma;150&comma;0.3); border-radius: 8px;' src='http:\/\/ftp3.syscom.mx\/usuarios\/ftp\/2025\/11\/07\/1908\/88.png_froala_690e5c4ef1da3' alt='Switch Industrial eKit S210I-8T4SX'> <\/div>\n<div style='flex: 1 1 360px; min-width: 280px;'>\n<p style='margin: 0 0 15px; font-size: 15px; color: inherit;'><strong style='color: inherit;'>Es rapid\u00edsimo:<\/strong> WiFi 7 de \u00faltima generaci\u00f3n para conexiones m\u00e1s estables y r\u00e1pidas.<\/p>\n<p style='margin: 0 0 15px; font-size: 15px; color: inherit;'><strong style='color: inherit;'>Conexi\u00f3n m\u00e1s estable:<\/strong> Una tecnolog\u00eda nueva (MLO) evita los &#8216;tirones&#8217; o lag&comma; ideal para videollamadas y juegos.<\/p>\n<p style='margin: 0 0 15px; font-size: 15px; color: inherit;'><strong style='color: inherit;'>Puertos superveloces:<\/strong> Tiene entradas de 10GE para conectar servidores o equipos que necesiten mucho ancho de banda.<\/p>\n<p style='margin: 0 0 15px; font-size: 15px; color: inherit;'><strong style='color: inherit;'>F\u00e1cil de instalar y usar:<\/strong> Se configura solo para dar el mejor rendimiento&comma; se puede alimentar por el mismo cable de red (PoE+) y se controla todo f\u00e1cilmente desde una app en la nube.<\/p>\n<p style='margin: 0; font-size: 15px; color: inherit;'><strong style='color: inherit;'>Cubre toda tu \u00e1rea:<\/strong> Puedes conectar varios de estos equipos para crear una red malla que cubra desde una oficina grande hasta una casa sin dead zones<\/p>\n<\/p><\/div>\n<\/p><\/div>\n<\/p><\/div>\n<\/p><\/div>\n<p> <!-- Secci\u00f3n de Wi-Fi 7 --> <\/p>\n<div style='display: flex; flex-wrap: wrap; gap: 30px; margin-bottom: 30px;'>\n<div style='flex: 1 1 100%; border: 1px solid rgba(150&comma;150&comma;150&comma;0.3); border-radius: 12px; padding: 20px;'>\n<h3 style='font-size: 22px; border-bottom: 2px solid currentColor; padding-bottom: 5px; margin-top: 0; color: inherit; opacity: 0.8;'>Wi-Fi 7: M\u00e1s r\u00e1pido&comma; m\u00e1s fluido&comma; m\u00e1s potente<\/h3>\n<div style='display: flex; flex-wrap: wrap; gap: 30px; align-items: center; margin-top: 20px;'>\n<div style='flex: 1 1 360px; min-width: 280px;'>\n<p style='margin: 0 0 15px; font-size: 15px; color: inherit;'>Mayor eficiencia con 4K-QAM: La imagen muestra c\u00f3mo Wi-Fi 7 utiliza 12 bits por s\u00edmbolo (4K-QAM) en comparaci\u00f3n con los 10 bits por s\u00edmbolo del Wi-Fi 6. Esta diferencia se traduce en un 20% m\u00e1s de transmisi\u00f3n de datos&comma; permitiendo velocidades brutas m\u00e1s altas en las mismas condiciones.<\/p>\n<p style='margin: 0; font-size: 15px; color: inherit;'>Menor Latencia con M\u00faltiples RU (Unidades Remotas): Un diagrama compara la asignaci\u00f3n de recursos. Mientras que Wi-Fi 6 asigna una \u00fanica unidad remota (RU) a un usuario a la vez&comma; Wi-Fi 7 demuestra la capacidad de transmitir datos a m\u00faltiples usuarios (Usuario 1 y Usuario 2) simult\u00e1neamente utilizando RUs separadas (RU1&comma; RU2&comma; RU3). Esto reduce significativamente la latencia y mejora la eficiencia en entornos con muchos dispositivos conectados.<\/p>\n<\/p><\/div>\n<div style='flex: 1 1 320px; min-width: 280px;'> <img style='width: 100%; height: auto; border: 1px solid rgba(150&comma;150&comma;150&comma;0.3); border-radius: 8px;' src='http:\/\/ftp3.syscom.mx\/usuarios\/ftp\/2025\/11\/07\/1908\/99.png_froala_690e5cb543c7a' alt='Switch Industrial eKit S210I-8T4SX'> <\/div>\n<\/p><\/div>\n<\/p><\/div>\n<\/p><\/div>\n<p> <!-- Secci\u00f3n de fibra y gesti\u00f3n SDN --> <\/p>\n<div style='display: flex; flex-wrap: wrap; gap: 30px; margin-bottom: 30px;'>\n<div style='flex: 1 1 100%; border: 1px solid rgba(150&comma;150&comma;150&comma;0.3); border-radius: 12px; padding: 20px;'>\n<h3 style='font-size: 22px; border-bottom: 2px solid currentColor; padding-bottom: 5px; margin-top: 0; color: inherit; opacity: 0.8;'>Una fibra&comma; m\u00faltiples servicios<\/h3>\n<div style='display: flex; flex-wrap: wrap; gap: 30px; align-items: center; margin-top: 20px;'>\n<div style='flex: 1 1 320px; min-width: 280px;'> <img style='width: 100%; height: auto; border: 1px solid rgba(150&comma;150&comma;150&comma;0.3); border-radius: 8px;' src='http:\/\/ftp3.syscom.mx\/usuarios\/ftp\/2025\/10\/31\/1908\/6.png_froala_690511436792d' alt='Switch Industrial eKit S210I-8T4SX'> <\/div>\n<div style='flex: 1 1 360px; min-width: 280px;'>\n<p style='margin: 0 0 15px; font-size: 15px; color: inherit;'>La plataforma de redes definidas por software (SDN) de Omada integra dispositivos de red&comma; incluidos puntos de acceso&comma; conmutadores y enrutadores&comma; para proporcionar una gesti\u00f3n de la nube 100 % centralizada y crear una red altamente escalable&comma; todo ello controlado desde una \u00fanica interfaz.<\/p>\n<ul style='padding-left: 20px; margin: 0; font-size: 14px; color: inherit;'>\n<li style='margin-bottom: 5px;'>Gesti\u00f3n centralizada en la nube<\/li>\n<li style='margin-bottom: 5px;'>Monitoreo inteligente<\/li>\n<li style='margin-bottom: 5px;'>Aprovisionamiento sin intervenci\u00f3n<\/li>\n<li style='margin-bottom: 5px;'>Controladores de hardware&comma; software o en la nube<\/li>\n<\/ul><\/div>\n<\/p><\/div>\n<\/p><\/div>\n<\/p><\/div>\n<p> <!-- Secci\u00f3n de administraci\u00f3n centralizada --> <\/p>\n<div style='display: flex; flex-wrap: wrap; gap: 30px; margin-bottom: 30px;'>\n<div style='flex: 1 1 100%; border: 1px solid rgba(150&comma;150&comma;150&comma;0.3); border-radius: 12px; padding: 20px;'>\n<h3 style='font-size: 22px; border-bottom: 2px solid currentColor; padding-bottom: 5px; margin-top: 0; color: inherit; opacity: 0.8;'>Administraci\u00f3n centralizada en la nube sin complicaciones<\/h3>\n<div style='display: flex; flex-wrap: wrap; gap: 30px; align-items: center; margin-top: 20px;'>\n<div style='flex: 1 1 360px; min-width: 280px;'>\n<p style='margin: 0 0 15px; font-size: 15px; color: inherit;'>Administraci\u00f3n 100% centralizada en la nube de toda la red desde distintos sitios&comma; todo controlado desde una sola interfaz&comma; en cualquier lugar y en cualquier momento.<\/p>\n<ul style='padding-left: 20px; margin: 0; font-size: 14px; color: inherit;'>\n<li style='margin-bottom: 5px;'>Controladora basada en la nube<\/li>\n<li style='margin-bottom: 5px;'>Controladora por hardware<\/li>\n<li style='margin-bottom: 5px;'>Controladora por software<\/li>\n<\/ul><\/div>\n<div style='flex: 1 1 320px; min-width: 280px;'> <img style='width: 100%; height: auto; border: 1px solid rgba(150&comma;150&comma;150&comma;0.3); border-radius: 8px;' src='http:\/\/ftp3.syscom.mx\/usuarios\/ftp\/2025\/10\/31\/1908\/7.png_froala_690511e38e0d7' alt='Switch Industrial eKit S210I-8T4SX'> <\/div>\n<\/p><\/div>\n<\/p><\/div>\n<\/p><\/div>\n<\/p><\/div>\n","protected":false},"excerpt":{"rendered":"<p>Punto de Acceso Omada \/ Wi-Fi 7 BE5000 MU-MIMO 2&#215;2 \/ 1 Puerto 2.5 Gbps \/ Mesh Omada \/ Operaciones Multiencale (MLO) \/ Configuraci\u00f3n por Controlador o Stand-Alone \/ Para Montaje en Techo\/pared \/ Alimentaci\u00f3n PoE+<\/p>\n","protected":false},"featured_media":83884,"comment_status":"open","ping_status":"closed","template":"","meta":[],"product_brand":[],"product_cat":[1794],"product_tag":[1795,1479,71],"class_list":{"0":"post-83885","1":"product","2":"type-product","3":"status-publish","4":"has-post-thumbnail","6":"product_cat-puntos-de-acceso","7":"product_tag-puntos-de-acceso","8":"product_tag-redes-wifi","9":"product_tag-tp-link","11":"first","12":"instock","13":"sale","14":"shipping-taxable","15":"purchasable","16":"product-type-simple"},"_links":{"self":[{"href":"https:\/\/soydeaqui.ddns.net\/pachuca\/index.php\/wp-json\/wp\/v2\/product\/83885","targetHints":{"allow":["GET"]}}],"collection":[{"href":"https:\/\/soydeaqui.ddns.net\/pachuca\/index.php\/wp-json\/wp\/v2\/product"}],"about":[{"href":"https:\/\/soydeaqui.ddns.net\/pachuca\/index.php\/wp-json\/wp\/v2\/types\/product"}],"replies":[{"embeddable":true,"href":"https:\/\/soydeaqui.ddns.net\/pachuca\/index.php\/wp-json\/wp\/v2\/comments?post=83885"}],"wp:featuredmedia":[{"embeddable":true,"href":"https:\/\/soydeaqui.ddns.net\/pachuca\/index.php\/wp-json\/wp\/v2\/media\/83884"}],"wp:attachment":[{"href":"https:\/\/soydeaqui.ddns.net\/pachuca\/index.php\/wp-json\/wp\/v2\/media?parent=83885"}],"wp:term":[{"taxonomy":"product_brand","embeddable":true,"href":"https:\/\/soydeaqui.ddns.net\/pachuca\/index.php\/wp-json\/wp\/v2\/product_brand?post=83885"},{"taxonomy":"product_cat","embeddable":true,"href":"https:\/\/soydeaqui.ddns.net\/pachuca\/index.php\/wp-json\/wp\/v2\/product_cat?post=83885"},{"taxonomy":"product_tag","embeddable":true,"href":"https:\/\/soydeaqui.ddns.net\/pachuca\/index.php\/wp-json\/wp\/v2\/product_tag?post=83885"}],"curies":[{"name":"wp","href":"https:\/\/api.w.org\/{rel}","templated":true}]}}