{"id":83853,"date":"2026-03-19T20:25:40","date_gmt":"2026-03-19T20:25:40","guid":{"rendered":"https:\/\/soydeaqui.ddns.net\/pachuca\/index.php\/producto\/par-de-antenas-omnidireccionales-ideales-para-el-uk-ultra-incluye-dos-antenas-de-doble-banda-con-3-dbi-en-2-4-ghz-y-4-dbi-en-5-ghz\/"},"modified":"2026-03-19T20:25:47","modified_gmt":"2026-03-19T20:25:47","slug":"par-de-antenas-omnidireccionales-ideales-para-el-uk-ultra-incluye-dos-antenas-de-doble-banda-con-3-dbi-en-2-4-ghz-y-4-dbi-en-5-ghz","status":"publish","type":"product","link":"https:\/\/soydeaqui.ddns.net\/pachuca\/index.php\/producto\/par-de-antenas-omnidireccionales-ideales-para-el-uk-ultra-incluye-dos-antenas-de-doble-banda-con-3-dbi-en-2-4-ghz-y-4-dbi-en-5-ghz\/","title":{"rendered":"Par de Antenas Omnidireccionales Ideales para el UK-Ultra. Incluye dos Antenas de Doble Banda con 3 dBi en 2.4 GHz y 4 dBi en 5 GHz"},"content":{"rendered":"<div style='width: 100%; max-width: 1200px; margin: 0 auto; font-family: sans-serif; line-height: 1.6; color: inherit; background-color: transparent;'> <!-- Hero section --> <\/p>\n<div style='display: flex; flex-wrap: wrap; gap: 30px; align-items: center; border: 1px solid rgba(150&comma;150&comma;150&comma;0.3); border-radius: 12px; padding: 20px; margin-bottom: 30px; background-color: transparent;'>\n<div style='flex: 1 1 320px; min-width: 280px;'>\n<div style='position: relative; width: 100%;'> <video style='width: 100%; height: auto; border: 1px solid rgba(150&comma;150&comma;150&comma;0.3); border-radius: 12px; display: block; background: transparent;' src='https:\/\/ftp3.syscom.mx\/usuarios\/adiaz\/Ubiquiti\/Imagenes\/Accesorios\/ANT\/loop-UKUltra.mp4' preload='metadata' autoplay loop muted controls> <img src='https:\/\/ftp3.syscom.mx\/usuarios\/adiaz\/Ubiquiti\/Imagenes\/Accesorios\/ANT\/fallback.png' alt='Swiss Army Knife Omni Antenna' style='width: 100%; height: auto; border: 1px solid rgba(150&comma;150&comma;150&comma;0.3); border-radius: 12px; display: block; background: transparent;' \/> <\/video> <\/div>\n<\/p><\/div>\n<div style='flex: 1 1 360px; min-width: 280px;'>\n<h2 style='font-size: 24px; margin: 0 0 10px; color: inherit;'>Swiss Army Knife Omni Antenna<\/h2>\n<div style='margin: 0 0 15px; font-weight: 600; color: inherit; opacity: 0.85;'>Modelo: <span style='font-weight: bold; opacity: 1; color: inherit;'>UACC-UK-Ultra-Omni-Antenna-AO<\/span><\/div>\n<p style='margin: 0; color: inherit;'>Par de antenas <strong>omnidireccionales de doble banda<\/strong> dise\u00f1adas para el <strong>UniFi Swiss Army Knife Ultra<\/strong>&comma; ideales para ampliar cobertura Wi-Fi en <strong>2.4 GHz<\/strong> y <strong>5 GHz<\/strong>.<\/p>\n<\/p><\/div>\n<\/p><\/div>\n<p> <!-- Especificaciones section --> <\/p>\n<div style='text-align: center; margin: 40px 0 20px;'> <span style='font-size: 20px; font-weight: bold; color: inherit; display: inline-block; padding: 8px 20px; border: 1px solid rgba(150&comma;150&comma;150&comma;0.3); border-radius: 20px;'>Especificaciones<\/span> <\/div>\n<p> <!-- Features grid --> <\/p>\n<div style='display: flex; flex-wrap: wrap; gap: 20px; margin-bottom: 30px;'> <!-- Card: Caracter\u00edsticas principales --> <\/p>\n<div style='flex: 1 1 250px; border: 1px solid rgba(150&comma;150&comma;150&comma;0.3); border-radius: 8px; overflow: hidden; display: flex; flex-direction: column; background-color: transparent;'>\n<div style='padding: 15px; border-bottom: 1px solid rgba(150&comma;150&comma;150&comma;0.2); font-weight: bold; font-size: 16px; color: inherit;'>Caracter\u00edsticas principales<\/div>\n<div style='padding: 15px; color: inherit; flex-grow: 1;'>\n<ul style='padding-left: 20px; margin: 0; font-size: 14px; list-style-type: disc;'>\n<li style='margin-bottom: 8px;'>Par de antenas <strong>omnidireccionales<\/strong> para <strong>UK-Ultra<\/strong><\/li>\n<li style='margin-bottom: 8px;'>Cobertura <strong>360\u00b0<\/strong> para redes Wi-Fi en <strong>2.4 GHz<\/strong> y <strong>5 GHz<\/strong><\/li>\n<li style='margin-bottom: 8px;'>Accesorio oficial UniFi para mejorar la cobertura y la flexibilidad de despliegue<\/li>\n<li style='margin-bottom: 8px;'>Apta para exteriores gracias a su clasificaci\u00f3n <strong>IPX6<\/strong><\/li>\n<\/ul><\/div>\n<\/p><\/div>\n<p> <!-- Card: Caracter\u00edsticas f\u00edsicas --> <\/p>\n<div style='flex: 1 1 250px; border: 1px solid rgba(150&comma;150&comma;150&comma;0.3); border-radius: 8px; overflow: hidden; display: flex; flex-direction: column; background-color: transparent;'>\n<div style='padding: 15px; border-bottom: 1px solid rgba(150&comma;150&comma;150&comma;0.2); font-weight: bold; font-size: 16px; color: inherit;'>Caracter\u00edsticas f\u00edsicas<\/div>\n<div style='padding: 15px; color: inherit; flex-grow: 1;'>\n<ul style='padding-left: 20px; margin: 0; font-size: 14px; list-style-type: disc;'>\n<li style='margin-bottom: 8px;'>Dimensiones: <strong>154 \u00d7 15 \u00d7 15 mm<\/strong> (6.1 \u00d7 0.6 \u00d7 0.6&#8242;)<\/li>\n<li style='margin-bottom: 8px;'>Peso (par): <strong>42 g<\/strong> (1.5 oz)<\/li>\n<li style='margin-bottom: 8px;'>Materiales: elast\u00f3mero termopl\u00e1stico de poli\u00e9ster&comma; <strong>policarbonato<\/strong>&comma; <strong>PBT<\/strong> y <strong>POM<\/strong><\/li>\n<li style='margin-bottom: 8px;'>Resistencia a la intemperie: <strong>IPX6<\/strong><\/li>\n<\/ul><\/div>\n<\/p><\/div>\n<p> <!-- Card: Rendimiento RF --> <\/p>\n<div style='flex: 1 1 250px; border: 1px solid rgba(150&comma;150&comma;150&comma;0.3); border-radius: 8px; overflow: hidden; display: flex; flex-direction: column; background-color: transparent;'>\n<div style='padding: 15px; border-bottom: 1px solid rgba(150&comma;150&comma;150&comma;0.2); font-weight: bold; font-size: 16px; color: inherit;'>Rendimiento RF<\/div>\n<div style='padding: 15px; color: inherit; flex-grow: 1;'>\n<ul style='padding-left: 20px; margin: 0; font-size: 14px; list-style-type: disc;'>\n<li style='margin-bottom: 8px;'>Ganancia en <strong>5 GHz<\/strong>: <strong>4 dBi<\/strong><\/li>\n<li style='margin-bottom: 8px;'>Ganancia en <strong>2.4 GHz<\/strong>: <strong>3 dBi<\/strong><\/li>\n<\/ul><\/div>\n<\/p><\/div>\n<p> <!-- Card: Uso y compatibilidad --> <\/p>\n<div style='flex: 1 1 250px; border: 1px solid rgba(150&comma;150&comma;150&comma;0.3); border-radius: 8px; overflow: hidden; display: flex; flex-direction: column; background-color: transparent;'>\n<div style='padding: 15px; border-bottom: 1px solid rgba(150&comma;150&comma;150&comma;0.2); font-weight: bold; font-size: 16px; color: inherit;'>Uso y compatibilidad<\/div>\n<div style='padding: 15px; color: inherit; flex-grow: 1;'>\n<ul style='padding-left: 20px; margin: 0; font-size: 14px; list-style-type: disc;'>\n<li style='margin-bottom: 8px;'>Dise\u00f1ada espec\u00edficamente para <strong>UniFi Swiss Army Knife Ultra<\/strong> (UK-Ultra)<\/li>\n<li style='margin-bottom: 8px;'>Ideal para ampliar cobertura Wi-Fi en oficinas&comma; comercios&comma; patios y \u00e1reas abiertas<\/li>\n<\/ul><\/div>\n<\/p><\/div>\n<\/p><\/div>\n<p> <!-- Contenido del paquete --> <\/p>\n<div style='border: 1px solid rgba(150&comma;150&comma;150&comma;0.3); border-radius: 8px; padding: 20px; margin-top: 30px; text-align: center; background-color: transparent;'>\n<h3 style='font-size: 18px; margin: 0 0 15px; color: inherit;'>Contenido del paquete<\/h3>\n<p> <img style='width: 100%; height: auto; border: 1px solid rgba(150&comma;150&comma;150&comma;0.3); border-radius: 8px; display: block; margin: 0 auto;' src='https:\/\/ftp3.syscom.mx\/usuarios\/adiaz\/Ubiquiti\/Imagenes\/Accesorios\/ANT\/contenido.png' alt='Contenido del paquete UACC-UK-Ultra-Omni-Antenna-AO' \/> <\/div>\n<p> <!-- Separador final --> <\/p>\n<hr style='border: 0; border-top: 1px solid rgba(150&comma;150&comma;150&comma;0.3); margin: 40px 0;'> <\/div>\n","protected":false},"excerpt":{"rendered":"<p>Par de Antenas Omnidireccionales Ideales para el UK-Ultra. Incluye dos Antenas de Doble Banda con 3 dBi en 2.4 GHz y 4 dBi en 5 GHz<\/p>\n","protected":false},"featured_media":83852,"comment_status":"open","ping_status":"closed","template":"","meta":[],"product_brand":[],"product_cat":[1849],"product_tag":[1404,1850,166],"class_list":{"0":"post-83853","1":"product","2":"type-product","3":"status-publish","4":"has-post-thumbnail","6":"product_cat-omnidireccionales","7":"product_tag-antenas","8":"product_tag-omnidireccionales","9":"product_tag-ubiquiti","11":"first","12":"outofstock","13":"sale","14":"shipping-taxable","15":"purchasable","16":"product-type-simple"},"_links":{"self":[{"href":"https:\/\/soydeaqui.ddns.net\/pachuca\/index.php\/wp-json\/wp\/v2\/product\/83853","targetHints":{"allow":["GET"]}}],"collection":[{"href":"https:\/\/soydeaqui.ddns.net\/pachuca\/index.php\/wp-json\/wp\/v2\/product"}],"about":[{"href":"https:\/\/soydeaqui.ddns.net\/pachuca\/index.php\/wp-json\/wp\/v2\/types\/product"}],"replies":[{"embeddable":true,"href":"https:\/\/soydeaqui.ddns.net\/pachuca\/index.php\/wp-json\/wp\/v2\/comments?post=83853"}],"wp:featuredmedia":[{"embeddable":true,"href":"https:\/\/soydeaqui.ddns.net\/pachuca\/index.php\/wp-json\/wp\/v2\/media\/83852"}],"wp:attachment":[{"href":"https:\/\/soydeaqui.ddns.net\/pachuca\/index.php\/wp-json\/wp\/v2\/media?parent=83853"}],"wp:term":[{"taxonomy":"product_brand","embeddable":true,"href":"https:\/\/soydeaqui.ddns.net\/pachuca\/index.php\/wp-json\/wp\/v2\/product_brand?post=83853"},{"taxonomy":"product_cat","embeddable":true,"href":"https:\/\/soydeaqui.ddns.net\/pachuca\/index.php\/wp-json\/wp\/v2\/product_cat?post=83853"},{"taxonomy":"product_tag","embeddable":true,"href":"https:\/\/soydeaqui.ddns.net\/pachuca\/index.php\/wp-json\/wp\/v2\/product_tag?post=83853"}],"curies":[{"name":"wp","href":"https:\/\/api.w.org\/{rel}","templated":true}]}}