{"id":83827,"date":"2026-03-19T20:24:27","date_gmt":"2026-03-19T20:24:27","guid":{"rendered":"https:\/\/soydeaqui.ddns.net\/pachuca\/index.php\/producto\/switch-poe-gigabit-8-puertos-2-sfp-uplink-poe-802-3bt-90w-port-1-2-poe-802-3at-30w-port-3-8-110w-budget-total-20gbps-switching-fanless-wall-pole-mount-industrial-30c-a-60\/"},"modified":"2026-03-19T20:24:29","modified_gmt":"2026-03-19T20:24:29","slug":"switch-poe-gigabit-8-puertos-2-sfp-uplink-poe-802-3bt-90w-port-1-2-poe-802-3at-30w-port-3-8-110w-budget-total-20gbps-switching-fanless-wall-pole-mount-industrial-30c-a-60","status":"publish","type":"product","link":"https:\/\/soydeaqui.ddns.net\/pachuca\/index.php\/producto\/switch-poe-gigabit-8-puertos-2-sfp-uplink-poe-802-3bt-90w-port-1-2-poe-802-3at-30w-port-3-8-110w-budget-total-20gbps-switching-fanless-wall-pole-mount-industrial-30c-a-60\/","title":{"rendered":"Switch PoE Gigabit 8 Puertos \/ 2 SFP Uplink \/ PoE++ 802.3bt 90W Port 1-2 \/ PoE+ 802.3at 30W Port 3-8 \/ 110W Budget Total \/ 20Gbps Switching \/ Fanless \/ Wall-Pole Mount \/ Industrial -30\u00b0C a 60\u00b0C"},"content":{"rendered":"<div style='width: 100%; max-width: 1200px; margin: 0 auto; font-family: sans-serif; line-height: 1.6; color: inherit; background-color: transparent;'>\n<div style='display: flex; flex-wrap: wrap; gap: 30px; margin-bottom: 30px;'>\n<div style='flex: 1 1 300px; min-width: 280px;'>\n<h2 style='font-size: 24px; margin-top: 0; color: inherit;'>WI-PCMS310GF-O V2<\/h2>\n<p style='font-size: 15px; color: inherit;'>El WI-PCMS310GF-O para exteriores est\u00e1 dise\u00f1ado para abordar los desaf\u00edos \u00fanicos de los entornos clim\u00e1ticos variables&comma; ofreciendo funciones L2 y L2+ robustas y de alto rendimiento&comma; como enrutamiento est\u00e1tico&comma; ERPS&comma; servidor DHCP&comma; calidad de servicio (QoS) de nivel empresarial y pol\u00edticas de seguridad avanzadas. Las funciones de enlace de puertos IP-MAC (IMPB) y lista de control de acceso (ACL) protegen contra tormentas de difusi\u00f3n&comma; ataques ARP y de denegaci\u00f3n de servicio (DoS)&comma; entre otros. La calidad de servicio (QoS&comma; L2 a L4) proporciona capacidades mejoradas de gesti\u00f3n del tr\u00e1fico para que la transferencia de datos sea m\u00e1s fluida y r\u00e1pida. La gesti\u00f3n en la nube de Wi-Tek proporciona un m\u00e9todo de gesti\u00f3n remota m\u00e1s eficiente&comma; sencillo&comma; seguro y f\u00e1cil de usar. Admite implementaci\u00f3n inteligente&comma; redes autom\u00e1ticas&comma; alarmas anormales y otras funciones&comma; lo que facilita la gesti\u00f3n y el mantenimiento. El switch Gigabit PoE para exteriores administrado en la nube L2+ es una soluci\u00f3n de red confiable y de alto rendimiento con funciones de gesti\u00f3n avanzadas&comma; lo que lo convierte en la opci\u00f3n ideal para soluciones CCTV\/WLAN para exteriores.<\/p>\n<\/p><\/div>\n<div style='flex: 1 1 300px; min-width: 280px;'> <img style='width: 100%; height: auto; border: 1px solid rgba(150&comma;150&comma;150&comma;0.3); border-radius: 8px;' src='https:\/\/ftp3.syscom.mx\/usuarios\/fotos\/WILTE117OV2(US)\/237996-wi-pcms310gf-ov2_imagen_1.jpg' alt=''> <\/div>\n<\/p><\/div>\n<div style='text-align: center; margin: 30px 0;'>\n<h1 style='font-size: 28px; color: inherit; opacity: 0.8; border-bottom: 2px solid currentColor; display: inline-block; padding-bottom: 5px;'>Especificaciones<\/h1>\n<\/p><\/div>\n<div style='display: flex; flex-wrap: wrap; gap: 20px; margin-bottom: 30px;'>\n<div style='flex: 1 1 250px; border: 1px solid rgba(150&comma; 150&comma; 150&comma; 0.4); border-radius: 8px; overflow: hidden; display: flex; flex-direction: column;'>\n<div style='padding: 15px; border-bottom: 1px solid rgba(150&comma; 150&comma; 150&comma; 0.2); font-weight: bold; font-size: 18px; color: inherit; background-color: rgba(0&comma; 123&comma; 255&comma; 0.8);'>Caracter\u00edsticas Principales:<\/div>\n<div style='padding: 15px; color: inherit;'>\n<ul style='padding-left: 20px; margin: 0; font-size: 14px; list-style-type: disc;'>\n<li style='margin-bottom: 5px;'>8 Puertos PoE af\/at 10\/100\/1000 Mbps RJ45<\/li>\n<li style='margin-bottom: 5px;'>2 Puertos 10\/100\/1000 Mbps Ethernet<\/li>\n<li style='margin-bottom: 5px;'>Switching Capacity: 20 Gbps<\/li>\n<li style='margin-bottom: 5px;'>Packet Forwarding Rate: 14.88 Mpps<\/li>\n<li style='margin-bottom: 5px;'>MAC Address Table: 8 k<\/li>\n<li style='margin-bottom: 5px;'>Packet Buffer Memory: 4.1 Mbit<\/li>\n<li style='margin-bottom: 5px;'>Jumbo Frame: 10000 Byte<\/li>\n<li style='margin-bottom: 5px;'>Configuraciones: (Port Mirroring \/ Port lsolation \/ Storm Control \/ ONVIF \/ Etc.)<\/li>\n<li style='margin-bottom: 5px;'><a href='https:\/\/app-gateway.wireless-tek.com\/witek-auth\/oauth2\/authorize?access_type=online&#038;client_id=671944230925173991&#038;code_challenge=_Fj_Ht31cMaQ-i21QMy-eA0FV6yCsUIXsjAnPbXH1zo&#038;code_challenge_method=S256&#038;redirect_uri=https%3A%2F%2Fcloud2.wireless-tek.com%2Fv1%2Fuser%2Foauth2&#038;response_type=code&#038;state=1#\/login' target='_blank' rel='noopener' style='color: inherit; text-decoration: underline;'>Cloud<\/a><\/li>\n<li style='margin-bottom: 5px;'>Certificaciones: CE&comma; FCC&comma; RoHS&comma; UKCA&comma; RCM<\/li>\n<\/ul><\/div>\n<\/p><\/div>\n<div style='flex: 1 1 250px; border: 1px solid rgba(150&comma; 150&comma; 150&comma; 0.4); border-radius: 8px; overflow: hidden; display: flex; flex-direction: column;'>\n<div style='padding: 15px; border-bottom: 1px solid rgba(150&comma; 150&comma; 150&comma; 0.2); font-weight: bold; font-size: 18px; color: inherit; background-color: rgba(0&comma; 123&comma; 255&comma; 0.8);'>Caracter\u00edsticas F\u00edsicas y El\u00e9ctricas:<\/div>\n<div style='padding: 15px; color: inherit;'>\n<ul style='padding-left: 20px; margin: 0; font-size: 14px; list-style-type: disc;'>\n<li style='margin-bottom: 5px;'>Dimensiones: 314*210*89 mm<\/li>\n<li style='margin-bottom: 5px;'>Peso: 1.42 kg<\/li>\n<li style='margin-bottom: 5px;'>Alimentaci\u00f3n: 100~240V AC 50\/60Hz<\/li>\n<li style='margin-bottom: 5px;'>Presupuesto PoE 110W max.<\/li>\n<li style='margin-bottom: 5px;'>Consumo m\u00e1ximo: Idle: 5W 100% Traffic Rate with PoE: 115W<\/li>\n<li style='margin-bottom: 5px;'>Temperatura de operaci\u00f3n: -30\u2103-60\u2103 (-22\u2109-122\u2109)<\/li>\n<li style='margin-bottom: 5px;'>Humedad de operaci\u00f3n: 10-90 % de humedad relativa sin condensaci\u00f3n<\/li>\n<li style='margin-bottom: 5px;'>Bot\u00f3n: Reset<\/li>\n<li style='margin-bottom: 5px;'>Sin ventiladores<\/li>\n<\/ul><\/div>\n<\/p><\/div>\n<div style='flex: 1 1 250px; border: 1px solid rgba(150&comma; 150&comma; 150&comma; 0.4); border-radius: 8px; overflow: hidden; display: flex; flex-direction: column;'>\n<div style='padding: 15px; border-bottom: 1px solid rgba(150&comma; 150&comma; 150&comma; 0.2); font-weight: bold; font-size: 18px; color: inherit; background-color: rgba(0&comma; 123&comma; 255&comma; 0.8);'>Caracter\u00edsticas Destacadas:<\/div>\n<div style='padding: 15px; color: inherit;'>\n<ul style='padding-left: 20px; margin: 0; font-size: 14px; list-style-type: disc;'>\n<li style='margin-bottom: 5px;'>1 Switch WI-PCMS310GF-O<\/li>\n<li style='margin-bottom: 5px;'>2 Tapones de goma<\/li>\n<li style='margin-bottom: 5px;'>1 Cable de corriente<\/li>\n<li style='margin-bottom: 5px;'>2 corbata de metal<\/li>\n<li style='margin-bottom: 5px;'>1 Gu\u00eda de instalaci\u00f3n<\/li>\n<li style='margin-bottom: 5px;'>2 Gl\u00e1ndula impermeable M36<\/li>\n<\/ul><\/div>\n<\/p><\/div>\n<\/p><\/div>\n<hr style='border: 0; border-top: 1px solid rgba(150&comma; 150&comma; 150&comma; 0.3); margin: 30px 0;'>\n<div style='margin: 30px 0;'> <img style='width: 100%; height: auto; border: 1px solid rgba(150&comma;150&comma;150&comma;0.3); border-radius: 8px;' src='https:\/\/ftp3.syscom.mx\/usuarios\/fotos\/WILTE117OV2\/236616-wipcms310gfov2_imagen_2.jpg' alt=''> <\/div>\n<\/p><\/div>\n","protected":false},"excerpt":{"rendered":"<p>Switch PoE Gigabit 8 Puertos \/ 2 SFP Uplink \/ PoE++ 802.3bt 90W Port 1-2 \/ PoE+ 802.3at 30W Port 3-8 \/ 110W Budget Total \/ 20Gbps Switching \/ Fanless \/ Wall-Pole Mount \/ Industrial -30\u00b0C a 60\u00b0C<\/p>\n","protected":false},"featured_media":83826,"comment_status":"open","ping_status":"closed","template":"","meta":[],"product_brand":[],"product_cat":[1986],"product_tag":[664,1987,1262],"class_list":{"0":"post-83827","1":"product","2":"type-product","3":"status-publish","4":"has-post-thumbnail","6":"product_cat-switches-poe","7":"product_tag-networking","8":"product_tag-switches-poe","9":"product_tag-wi-tek","11":"first","12":"outofstock","13":"sale","14":"shipping-taxable","15":"purchasable","16":"product-type-simple"},"_links":{"self":[{"href":"https:\/\/soydeaqui.ddns.net\/pachuca\/index.php\/wp-json\/wp\/v2\/product\/83827","targetHints":{"allow":["GET"]}}],"collection":[{"href":"https:\/\/soydeaqui.ddns.net\/pachuca\/index.php\/wp-json\/wp\/v2\/product"}],"about":[{"href":"https:\/\/soydeaqui.ddns.net\/pachuca\/index.php\/wp-json\/wp\/v2\/types\/product"}],"replies":[{"embeddable":true,"href":"https:\/\/soydeaqui.ddns.net\/pachuca\/index.php\/wp-json\/wp\/v2\/comments?post=83827"}],"wp:featuredmedia":[{"embeddable":true,"href":"https:\/\/soydeaqui.ddns.net\/pachuca\/index.php\/wp-json\/wp\/v2\/media\/83826"}],"wp:attachment":[{"href":"https:\/\/soydeaqui.ddns.net\/pachuca\/index.php\/wp-json\/wp\/v2\/media?parent=83827"}],"wp:term":[{"taxonomy":"product_brand","embeddable":true,"href":"https:\/\/soydeaqui.ddns.net\/pachuca\/index.php\/wp-json\/wp\/v2\/product_brand?post=83827"},{"taxonomy":"product_cat","embeddable":true,"href":"https:\/\/soydeaqui.ddns.net\/pachuca\/index.php\/wp-json\/wp\/v2\/product_cat?post=83827"},{"taxonomy":"product_tag","embeddable":true,"href":"https:\/\/soydeaqui.ddns.net\/pachuca\/index.php\/wp-json\/wp\/v2\/product_tag?post=83827"}],"curies":[{"name":"wp","href":"https:\/\/api.w.org\/{rel}","templated":true}]}}