{"id":83806,"date":"2026-03-19T20:23:36","date_gmt":"2026-03-19T20:23:36","guid":{"rendered":"https:\/\/soydeaqui.ddns.net\/pachuca\/index.php\/producto\/switch-de-acceso-ekit-administrable-capa-2-8-puertos-poe-gigabit-2-sfp-2-sfp-poe-perpetuo-presupuesto-poe-128-w-sin-licenciamiento\/"},"modified":"2026-03-19T20:23:50","modified_gmt":"2026-03-19T20:23:50","slug":"switch-de-acceso-ekit-administrable-capa-2-8-puertos-poe-gigabit-2-sfp-2-sfp-poe-perpetuo-presupuesto-poe-128-w-sin-licenciamiento","status":"publish","type":"product","link":"https:\/\/soydeaqui.ddns.net\/pachuca\/index.php\/producto\/switch-de-acceso-ekit-administrable-capa-2-8-puertos-poe-gigabit-2-sfp-2-sfp-poe-perpetuo-presupuesto-poe-128-w-sin-licenciamiento\/","title":{"rendered":"Switch de Acceso eKit Administrable \/ Capa 2 \/ 8 Puertos PoE+ Gigabit + 2 SFP + 2 SFP+ \/ PoE Perpetuo \/ Presupuesto PoE 128 W \/ Sin licenciamiento"},"content":{"rendered":"<div style='width: 100%; max-width: 1200px; margin: 0 auto; font-family: sans-serif; line-height: 1.6; color: inherit; background-color: transparent;'>\n<div style='width: 100%; margin-bottom: 30px;'>\n<div style='width: 100%;'> <img style='width: 100%; height: auto; border: 1px solid rgba(150&comma;150&comma;150&comma;0.3); border-radius: 8px;' src='https:\/\/ftp3.syscom.mx\/usuarios\/fotos\/AP362\/223796-captura_de_pantalla_2023-12-06_a_la(s)_15.46.50.png' alt=''> <\/div>\n<\/p><\/div>\n<div style='display: flex; flex-wrap: wrap; gap: 30px; margin-bottom: 30px;'>\n<div style='flex: 1 1 300px; min-width: 280px;'>\n<h3 style='font-size: 22px; border-bottom: 2px solid currentColor; padding-bottom: 5px; margin-top: 0; color: inherit; opacity: 0.8;'>Especificaciones<\/h3>\n<ul style='padding-left: 20px; font-size: 15px; color: inherit;'>\n<li style='margin-bottom: 5px;'><strong>Dimesiones:<\/strong> 91 mm x 465 mm x 355 mm con caja<\/li>\n<li style='margin-bottom: 5px;'><strong>Dimesiones:<\/strong> 43.6 mm x 320 mm x 210 mm sin caja<\/li>\n<li style='margin-bottom: 5px;'><strong>Estandar PoE:<\/strong> 802.3 af\/at<\/li>\n<li style='margin-bottom: 5px;'><strong>Puertos PoE:<\/strong> 8 Puertos PoE+ Gigabit<\/li>\n<li style='margin-bottom: 5px;'><strong>Puertos SFP+:<\/strong> 2 Puertos de fibra \u00f3ptica SFP+<\/li>\n<li style='margin-bottom: 5px;'><strong>Puertos SFP:<\/strong> 2 Puertos de fibra \u00f3ptica SFP<\/li>\n<li style='margin-bottom: 5px;'><strong>Material del chasis:<\/strong> Metal<\/li>\n<li style='margin-bottom: 5px;'><strong>Consumo del equipo:<\/strong> Sin PoE: 23.23 W \/ Con PoE: 161.56 W<\/li>\n<li style='margin-bottom: 5px;'><strong>Instalaci\u00f3n:<\/strong> En rack&comma; escritorio o pared<\/li>\n<li style='margin-bottom: 5px;'><strong>Capa:<\/strong> Capa 2<\/li>\n<li style='margin-bottom: 5px;'><strong>Capacidad de Switching:<\/strong> 66 Gbps<\/li>\n<li style='margin-bottom: 5px;'><strong>Reenv\u00edo de paquetes:<\/strong> 49 Mpps<\/li>\n<li style='margin-bottom: 5px;'><strong>Fuente de alimentaci\u00f3n:<\/strong> 100 VCA &#8211; 240 VCA; 50 Hz &#8211; 60 Hz<\/li>\n<li style='margin-bottom: 5px;'><strong>Temperatura de operaci\u00f3n:<\/strong> -5\u00b0C to 40\u00b0C<\/li>\n<li style='margin-bottom: 5px;'><strong>Peso:<\/strong> 3.43 kg<\/li>\n<\/ul><\/div>\n<div style='flex: 1 1 300px; min-width: 280px;'>\n<h3 style='font-size: 22px; border-bottom: 2px solid currentColor; padding-bottom: 5px; margin-top: 0; color: inherit; opacity: 0.8;'>Caracter\u00edsticas de las interfaces<\/h3>\n<ul style='padding-left: 20px; font-size: 15px; color: inherit;'>\n<li style='margin-bottom: 5px;'><strong>Puertos PoE+:<\/strong> 8 Puertos PoE+ (802.3 af\/at) 10\/100\/1000 Mbps (Autonegociable)<\/li>\n<li style='margin-bottom: 5px;'><strong>Puertos Uplink SFP+:<\/strong> 2 Puertos Uplink SFP+ 1000\/10000 Mbps<\/li>\n<li style='margin-bottom: 5px;'><strong>Puertos Uplink SFP:<\/strong> 2 Puertos Uplink SFP 1000\/2500 Mbps<\/li>\n<\/ul><\/div>\n<div style='flex: 1 1 300px; min-width: 280px;'>\n<h3 style='font-size: 22px; border-bottom: 2px solid currentColor; padding-bottom: 5px; margin-top: 0; color: inherit; opacity: 0.8;'>Funciones del equipo<\/h3>\n<ul style='padding-left: 20px; font-size: 15px; color: inherit;'>\n<li style='margin-bottom: 5px;'>Sin ventilador&comma; disipaci\u00f3n natural del calor<\/li>\n<li style='margin-bottom: 5px;'>Sin licenciamiento oculto<\/li>\n<li style='margin-bottom: 5px;'>Gesti\u00f3n en la nube gratuita<\/li>\n<li style='margin-bottom: 5px;'>Modos de gesti\u00f3n: Interfaz web&comma; SSH o Nube de SNC de Huawei<\/li>\n<li style='margin-bottom: 5px;'>Soluci\u00f3n de problemas en cuesti\u00f3n de minutos desde la nube con IA<\/li>\n<li style='margin-bottom: 5px;'>Defensa contra ataques DoS&comma; ARP e ICMP<\/li>\n<li style='margin-bottom: 5px;'>Soporte DHCP Snooping<\/li>\n<li style='margin-bottom: 5px;'>Funci\u00f3n de PoE Perpetuo<\/li>\n<li style='margin-bottom: 5px;'>Funci\u00f3n de STP&comma; RSTP y MSTP<\/li>\n<li style='margin-bottom: 5px;'>Funci\u00f3n de ERPS<\/li>\n<\/ul><\/div>\n<\/p><\/div>\n<div style='display: flex; flex-wrap: wrap; gap: 20px; margin-bottom: 30px;'>\n<div style='flex: 1 1 400px; min-width: 280px;'> <img style='width: 100%; height: auto; border: 1px solid rgba(150&comma;150&comma;150&comma;0.3); border-radius: 8px;' src='https:\/\/ftp3.syscom.mx\/usuarios\/fotos\/S220S8P4JX\/234889-s220s-8p4jx.png' alt='Switch Huawei eKit S220S8P4JX'> <\/div>\n<div style='flex: 1 1 400px; min-width: 280px;'>\n<p style='font-size: 15px; color: inherit;'>Switch con flexibilidad de conexi\u00f3n con 8 puertos PoE+ (802.3af\/at) Gigabit Ethernet&comma; para encender cualquier tipo de dispositvo PoE como: c\u00e1maras&comma; puntos de acceso Wi-Fi&comma; controles de acceso&comma; entre otros.<\/p>\n<p>4 Puertos para el enlace ascendente por medio de fibra \u00f3ptica&comma; otorgando velocidades de 1\/2.5\/10 Gbps seg\u00fan la necesidad que tengamos.<\/p>\n<\/p><\/div>\n<\/p><\/div>\n<div style='display: flex; flex-wrap: wrap; gap: 20px; margin-bottom: 30px;'>\n<div style='flex: 1 1 400px; min-width: 280px;'>\n<p style='font-size: 15px; color: inherit;'>Compatible con PoE permanente. Los switches se reinician y la alimentaci\u00f3n de los dispositivos conectados no se interrumpe.<\/p>\n<p style='font-size: 15px; color: inherit;'>Esto nos funciona en aplicaciones como Video vigilancia donde las c\u00e1maras son cruciales y no deben de apagarse por ninguna raz\u00f3n.<\/p>\n<\/p><\/div>\n<div style='flex: 1 1 400px; min-width: 280px;'> <img style='width: 100%; height: auto; border: 1px solid rgba(150&comma;150&comma;150&comma;0.3); border-radius: 8px;' src='https:\/\/ftp3.syscom.mx\/usuarios\/fotos\/S31048HP4X\/241062-pertpetual_poe_ekit.png' alt='PoE Perpetuo Huawei eKit'> <\/div>\n<\/p><\/div>\n<div style='display: flex; flex-wrap: wrap; gap: 20px; margin-bottom: 30px;'>\n<div style='flex: 1 1 400px; min-width: 280px;'> <img style='width: 100%; height: auto; border: 1px solid rgba(150&comma;150&comma;150&comma;0.3); border-radius: 8px;' src='https:\/\/ftp3.syscom.mx\/usuarios\/fotos\/S220S8P4JX\/234889-super-quiet.png' alt='Switch Huawei eKit silencioso'> <\/div>\n<div style='flex: 1 1 400px; min-width: 280px;'>\n<p style='font-size: 15px; color: inherit;'>Switch super silencioso&comma; eficiente y ecol\u00f3gico: sin ventilador y con bajo consumo de energ\u00eda.<\/p>\n<\/p><\/div>\n<\/p><\/div>\n<div style='display: flex; flex-wrap: wrap; gap: 20px; margin-bottom: 30px;'>\n<div style='flex: 1 1 400px; min-width: 280px;'>\n<p style='font-size: 15px; color: inherit;'>Con el siguiente c\u00f3digo QR puedes descargar la aplicaci\u00f3n de Huawei eKit en donde podr\u00e1s dar de alta equipos como: Routers&comma; Switch y puntos de acceso de la l\u00ednea eKit&comma; en cuesti\u00f3n de minutos y poder desplegar redes con la comodidad de su smartphone.<\/p>\n<p style='font-size: 15px; color: inherit;'>Disponible para iOS&comma; Android y Harmony OS.<\/p>\n<\/p><\/div>\n<div style='flex: 1 1 400px; min-width: 280px;'> <img style='width: 100%; height: auto; border: 1px solid rgba(150&comma;150&comma;150&comma;0.3); border-radius: 8px;' src='https:\/\/ftp3.syscom.mx\/usuarios\/fotos\/AP271E\/241040-223794-ekitqr.png' alt='C\u00f3digo QR Huawei eKit'> <\/div>\n<\/p><\/div>\n<div style='display: flex; flex-wrap: wrap; gap: 20px; margin-bottom: 30px;'>\n<div style='flex: 1 1 400px; min-width: 280px;'> <img style='width: 100%; height: auto; border: 1px solid rgba(150&comma;150&comma;150&comma;0.3); border-radius: 8px;' src='https:\/\/ftp3.syscom.mx\/usuarios\/fotos\/AP271E\/241040-snc.png' alt='Gesti\u00f3n en la nube SNC de Huawei'> <\/div>\n<div style='flex: 1 1 400px; min-width: 280px;'>\n<p style='font-size: 15px; color: inherit;'>M\u00e9todos flexibles de gesti\u00f3n: desde la interfaz web&comma; APP (iOS\/Android\/Harmony OS) y desde la <a href='https:\/\/ekit.huawei.com\/' style='color: inherit; text-decoration: underline;'>nube SNC<\/a> de Huawei.<\/p>\n<p style='font-size: 15px; color: inherit;'>Comparta proyectos para clientes espec\u00edficos&comma; gestione y de soporte t\u00e9cnico de manera remota sin pagos extras&comma; ya que es totalmente gratuita la plataforma de eKit<\/p>\n<\/p><\/div>\n<\/p><\/div>\n<div style='display: flex; flex-wrap: wrap; gap: 20px; margin-bottom: 30px;'>\n<div style='flex: 1 1 400px; min-width: 280px;'>\n<p style='font-size: 15px; color: inherit;'>Lo importante del soporte t\u00e9cnico o solucionar problemas&comma; es hacerlo de manera r\u00e1pida y efectiva.<\/p>\n<p>Huawei viene a revolucionar esto con la funci\u00f3n de soluci\u00f3n de problemas impulsado por la IA (Inteligencia artificial) teniendo un diagnostico de la red en sus diferentes par\u00e1metros en cuesti\u00f3n de minutos&comma; indicando problemas y posibles soluciones de cada uno de ellos.<\/p>\n<\/p><\/div>\n<div style='flex: 1 1 400px; min-width: 280px;'> <img style='width: 100%; height: auto; border: 1px solid rgba(150&comma;150&comma;150&comma;0.3); border-radius: 8px;' src='https:\/\/ftp3.syscom.mx\/usuarios\/fotos\/AP271E\/241040-ia_troubleshooting.png' alt='Soluci\u00f3n de problemas con IA Huawei eKit'> <\/div>\n<\/p><\/div>\n<div style='display: flex; flex-wrap: wrap; gap: 20px; margin-bottom: 30px;'>\n<div style='width: 100%;'>\n<h3 style='font-size: 22px; border-bottom: 2px solid currentColor; padding-bottom: 5px; margin-top: 0; margin-bottom: 15px; color: inherit; opacity: 0.8; text-align: center;'>Diferencias entre series de Switches Huawei eKit<\/h3>\n<p> <img style='width: 100%; height: auto; border: 1px solid rgba(150&comma;150&comma;150&comma;0.3); border-radius: 8px;' src='https:\/\/ftp3.syscom.mx\/usuarios\/fotos\/S220S8T2J\/234868-captura_de_pantalla_2024-11-06_a_la(s)_12.19.15.png' alt='Comparativa series Huawei eKit'> <\/div>\n<\/p><\/div>\n<\/p><\/div>\n","protected":false},"excerpt":{"rendered":"<p>Switch de Acceso eKit Administrable \/ Capa 2 \/ 8 Puertos PoE+ Gigabit + 2 SFP + 2 SFP+ \/ PoE Perpetuo \/ Presupuesto PoE 128 W \/ Sin licenciamiento<\/p>\n","protected":false},"featured_media":83805,"comment_status":"open","ping_status":"closed","template":"","meta":[],"product_brand":[],"product_cat":[1986],"product_tag":[718,664,1987],"class_list":{"0":"post-83806","1":"product","2":"type-product","3":"status-publish","4":"has-post-thumbnail","6":"product_cat-switches-poe","7":"product_tag-huawei","8":"product_tag-networking","9":"product_tag-switches-poe","11":"first","12":"instock","13":"sale","14":"shipping-taxable","15":"purchasable","16":"product-type-simple"},"_links":{"self":[{"href":"https:\/\/soydeaqui.ddns.net\/pachuca\/index.php\/wp-json\/wp\/v2\/product\/83806","targetHints":{"allow":["GET"]}}],"collection":[{"href":"https:\/\/soydeaqui.ddns.net\/pachuca\/index.php\/wp-json\/wp\/v2\/product"}],"about":[{"href":"https:\/\/soydeaqui.ddns.net\/pachuca\/index.php\/wp-json\/wp\/v2\/types\/product"}],"replies":[{"embeddable":true,"href":"https:\/\/soydeaqui.ddns.net\/pachuca\/index.php\/wp-json\/wp\/v2\/comments?post=83806"}],"wp:featuredmedia":[{"embeddable":true,"href":"https:\/\/soydeaqui.ddns.net\/pachuca\/index.php\/wp-json\/wp\/v2\/media\/83805"}],"wp:attachment":[{"href":"https:\/\/soydeaqui.ddns.net\/pachuca\/index.php\/wp-json\/wp\/v2\/media?parent=83806"}],"wp:term":[{"taxonomy":"product_brand","embeddable":true,"href":"https:\/\/soydeaqui.ddns.net\/pachuca\/index.php\/wp-json\/wp\/v2\/product_brand?post=83806"},{"taxonomy":"product_cat","embeddable":true,"href":"https:\/\/soydeaqui.ddns.net\/pachuca\/index.php\/wp-json\/wp\/v2\/product_cat?post=83806"},{"taxonomy":"product_tag","embeddable":true,"href":"https:\/\/soydeaqui.ddns.net\/pachuca\/index.php\/wp-json\/wp\/v2\/product_tag?post=83806"}],"curies":[{"name":"wp","href":"https:\/\/api.w.org\/{rel}","templated":true}]}}