{"id":8379,"date":"2026-03-18T07:08:26","date_gmt":"2026-03-18T07:08:26","guid":{"rendered":"https:\/\/soydeaqui.ddns.net\/pachuca\/index.php\/producto\/boton-de-salida-texto-en-ingles-tapa-protectora-de-policarbonato-super-resistente-llave-para-restablecer-bocina-integrada-de-advertencia\/"},"modified":"2026-03-18T07:08:30","modified_gmt":"2026-03-18T07:08:30","slug":"boton-de-salida-texto-en-ingles-tapa-protectora-de-policarbonato-super-resistente-llave-para-restablecer-bocina-integrada-de-advertencia","status":"publish","type":"product","link":"https:\/\/soydeaqui.ddns.net\/pachuca\/index.php\/producto\/boton-de-salida-texto-en-ingles-tapa-protectora-de-policarbonato-super-resistente-llave-para-restablecer-bocina-integrada-de-advertencia\/","title":{"rendered":"Bot\u00f3n de Salida, Texto en Ingles, Tapa Protectora de Policarbonato S\u00faper Resistente, Llave para restablecer, Bocina integrada de Advertencia"},"content":{"rendered":"<div style='width: 100%; max-width: 1200px; margin: 0 auto; font-family: sans-serif; line-height: 1.6; color: inherit; background-color: transparent;'> <!-- Secci\u00f3n de descripci\u00f3n general --> <\/p>\n<div style='margin-bottom: 30px; font-size: 15px; color: inherit;'>\n<p>Adecuado para aplicaciones tanto en interiores como en exteriores&comma; STI tiene una variedad de botones de emergencia&comma; interruptores sin contacto&comma; botones de alarma contra incendios&comma; bot\u00f3n pulsador 3 en 1&comma; interruptores de punto de llamada e interruptores de bot\u00f3n pulsador multiprop\u00f3sito. Muchos son UL&comma; cUL y ADA.<\/p>\n<p>Este interruptor de pulsador multifuncional se puede utilizar para una amplia gama de aplicaciones en interiores. El bot\u00f3n incorpora un dise\u00f1o \u00fanico&comma; patentado y la cubierta transparente ayuda a evitar la activaci\u00f3n accidental y abraza el bot\u00f3n como un guante por lo que es ideal para su uso cuando el espacio es limitado.<\/p>\n<p><strong>Ayuda a prevenir la activaci\u00f3n accidental<\/strong><\/p>\n<p>Construya estos interruptores de bot\u00f3n multiprop\u00f3sito de estilo norteamericano que cumplen con ADA seg\u00fan sus especificaciones. El dise\u00f1o \u00fanico y patentado ayuda a detener dr\u00e1sticamente la activaci\u00f3n accidental. Disponible en seis colores&comma; varias opciones de activaci\u00f3n de botones&comma; con o sin cubierta protectora y en cualquier idioma para adaptarse a la mayor\u00eda de las aplicaciones.<\/p>\n<\/p><\/div>\n<p> <!-- Secci\u00f3n de caracter\u00edsticas --> <\/p>\n<div style='display: flex; flex-wrap: wrap; gap: 30px; margin-bottom: 30px;'>\n<div style='flex: 1 1 300px; min-width: 280px;'>\n<h3 style='font-size: 22px; border-bottom: 2px solid currentColor; padding-bottom: 5px; margin-top: 0; color: inherit; opacity: 0.8;'>Caracter\u00edsticas del Bot\u00f3n<\/h3>\n<ul style='padding-left: 20px; font-size: 15px; color: inherit;'>\n<li><strong>Color:<\/strong> Amarillo<\/li>\n<li><strong>Frase de texto:<\/strong> EXIT<\/li>\n<li><strong>Cubierta protectora:<\/strong> Policarbonato para interior<\/li>\n<li><strong>Bocina integrada:<\/strong> Advertencia<\/li>\n<li><strong>Funcionamiento:<\/strong> Llave para restablecer<\/li>\n<li><strong>Idioma:<\/strong> Ingl\u00e9s<\/li>\n<\/ul><\/div>\n<div style='flex: 1 1 300px; min-width: 280px;'>\n<h3 style='font-size: 22px; border-bottom: 2px solid currentColor; padding-bottom: 5px; margin-top: 0; color: inherit; opacity: 0.8;'>Caracter\u00edsticas Generales<\/h3>\n<ul style='padding-left: 20px; font-size: 15px; color: inherit;'>\n<li>El dise\u00f1o curvo \u00fanico ayuda a proteger contra la activaci\u00f3n accidental<\/li>\n<li>La iluminaci\u00f3n opcional (roja&comma; verde&comma; blanca) se puede utilizar como luz de estado para indicar la activaci\u00f3n<\/li>\n<li>Carcasa de la estaci\u00f3n moldeada de policarbonato resistente<\/li>\n<li>Placa trasera de acero inoxidable<\/li>\n<li>Listado en UL\/cUL S7255&comma; UL2017&comma; UL294 (modelos con m\u00f3dulo de temporizador de bloqueo)&comma; CSA c22.2 No. 205<\/li>\n<li>La cubierta Universal Stopper\u00ae&comma; cuando se monta de acuerdo con las instrucciones de instalaci\u00f3n del fabricante sobre una superficie lisa&comma; proporciona un sello herm\u00e9tico a la lluvia similar a una clasificaci\u00f3n 3R<\/li>\n<li>Los botones cumplen con ADA (excluye el bot\u00f3n &#8216;3&#8217;)<\/li>\n<\/ul><\/div>\n<div style='flex: 1 1 300px; min-width: 280px;'>\n<h3 style='font-size: 22px; border-bottom: 2px solid currentColor; padding-bottom: 5px; margin-top: 0; color: inherit; opacity: 0.8;'>Instalaci\u00f3n y Opciones<\/h3>\n<ul style='padding-left: 20px; font-size: 15px; color: inherit;'>\n<li>Clasificaci\u00f3n de inflamabilidad de 5VA en la placa posterior y el espaciador<\/li>\n<li>Las propiedades de trabajo t\u00edpicas del policarbonato son -40\u00b0 a 250\u00b0F (-40\u00b0 a 121\u00b0C)<\/li>\n<li>Su elecci\u00f3n de colores: rojo&comma; verde&comma; amarillo&comma; blanco o azul<\/li>\n<li>Texto est\u00e1ndar o personalizado o logotipo de alta resoluci\u00f3n<\/li>\n<li>Redacci\u00f3n en pr\u00e1cticamente cualquier idioma<\/li>\n<li>Opci\u00f3n de proteger los interruptores con cubiertas protectoras STI<\/li>\n<\/ul><\/div>\n<\/p><\/div>\n<p> <!-- Secci\u00f3n de otras caracter\u00edsticas --> <\/p>\n<div style='margin-bottom: 30px; font-size: 15px; color: inherit;'>\n<h3 style='font-size: 22px; border-bottom: 2px solid currentColor; padding-bottom: 5px; margin-top: 0; color: inherit; opacity: 0.8;'>Otras caracter\u00edsticas<\/h3>\n<ul style='padding-left: 20px; color: inherit;'>\n<li>Los interruptores de bot\u00f3n multiprop\u00f3sito cubren una amplia gama de aplicaciones tanto en interiores como en exteriores<\/li>\n<li>Incorporan un dise\u00f1o \u00fanico y patentado que ayuda dr\u00e1sticamente a detener la activaci\u00f3n accidental<\/li>\n<li>Tres a\u00f1os de garant\u00eda contra rotura del policarbonato en uso normal (un a\u00f1o en componentes electromec\u00e1nicos y electr\u00f3nicos)<\/li>\n<\/ul><\/div>\n<p> <!-- Secci\u00f3n de videos --> <\/p>\n<div style='margin-bottom: 30px;'>\n<h3 style='font-size: 22px; border-bottom: 2px solid currentColor; padding-bottom: 5px; margin-top: 0; color: inherit; opacity: 0.8; text-align: center;'>V\u00eddeos Informativos<\/h3>\n<div style='display: flex; flex-wrap: wrap; gap: 30px; justify-content: center; margin-top: 20px;'>\n<div style='flex: 1 1 560px; max-width: 560px;'>\n<div style='position: relative; padding-bottom: 56.25%; height: 0; overflow: hidden;'>   <\/div>\n<\/p><\/div>\n<div style='flex: 1 1 560px; max-width: 560px;'>\n<div style='position: relative; padding-bottom: 56.25%; height: 0; overflow: hidden;'>   <\/div>\n<\/p><\/div>\n<div style='flex: 1 1 560px; max-width: 560px;'>\n<div style='position: relative; padding-bottom: 56.25%; height: 0; overflow: hidden;'>   <\/div>\n<\/p><\/div>\n<\/p><\/div>\n<\/p><\/div>\n<p> <!-- Secci\u00f3n de especificaciones t\u00e9cnicas --> <\/p>\n<div style='display: flex; flex-wrap: wrap; gap: 20px; margin-bottom: 30px;'>\n<div style='flex: 1 1 250px; border: 1px solid rgba(150&comma; 150&comma; 150&comma; 0.4); border-radius: 8px; overflow: hidden; display: flex; flex-direction: column;'>\n<div style='padding: 15px; border-bottom: 1px solid rgba(150&comma; 150&comma; 150&comma; 0.2); font-weight: bold; font-size: 18px; color: inherit;'>Dise\u00f1o<\/div>\n<div style='padding: 15px; color: inherit;'>\n<ul style='padding-left: 20px; margin: 0; font-size: 14px; list-style-type: disc;'>\n<li style='margin-bottom: 5px;'>Dise\u00f1o curvo \u00fanico<\/li>\n<li style='margin-bottom: 5px;'>Cubierta transparente para evitar activaci\u00f3n accidental<\/li>\n<li style='margin-bottom: 5px;'>Ideal para espacios limitados<\/li>\n<li style='margin-bottom: 5px;'>Iluminaci\u00f3n opcional (roja&comma; verde&comma; blanca) como luz de estado<\/li>\n<\/ul><\/div>\n<\/p><\/div>\n<div style='flex: 1 1 250px; border: 1px solid rgba(150&comma; 150&comma; 150&comma; 0.4); border-radius: 8px; overflow: hidden; display: flex; flex-direction: column;'>\n<div style='padding: 15px; border-bottom: 1px solid rgba(150&comma; 150&comma; 150&comma; 0.2); font-weight: bold; font-size: 18px; color: inherit;'>Construcci\u00f3n<\/div>\n<div style='padding: 15px; color: inherit;'>\n<ul style='padding-left: 20px; margin: 0; font-size: 14px; list-style-type: disc;'>\n<li style='margin-bottom: 5px;'>Carcasa de policarbonato resistente<\/li>\n<li style='margin-bottom: 5px;'>Placa trasera de acero inoxidable<\/li>\n<li style='margin-bottom: 5px;'>Listado en UL\/cUL S7255&comma; UL2017&comma; UL294<\/li>\n<li style='margin-bottom: 5px;'>CSA c22.2 No. 205<\/li>\n<li style='margin-bottom: 5px;'>Sello herm\u00e9tico a la lluvia similar a clasificaci\u00f3n 3R<\/li>\n<li style='margin-bottom: 5px;'>Cumple con ADA (excluye el bot\u00f3n &#8216;3&#8217;)<\/li>\n<\/ul><\/div>\n<\/p><\/div>\n<div style='flex: 1 1 250px; border: 1px solid rgba(150&comma; 150&comma; 150&comma; 0.4); border-radius: 8px; overflow: hidden; display: flex; flex-direction: column;'>\n<div style='padding: 15px; border-bottom: 1px solid rgba(150&comma; 150&comma; 150&comma; 0.2); font-weight: bold; font-size: 18px; color: inherit;'>Instalaci\u00f3n<\/div>\n<div style='padding: 15px; color: inherit;'>\n<ul style='padding-left: 20px; margin: 0; font-size: 14px; list-style-type: disc;'>\n<li style='margin-bottom: 5px;'>Clasificaci\u00f3n de inflamabilidad 5VA<\/li>\n<li style='margin-bottom: 5px;'>Temperatura de operaci\u00f3n: -40\u00b0 a 250\u00b0F (-40\u00b0 a 121\u00b0C)<\/li>\n<\/ul><\/div>\n<\/p><\/div>\n<div style='flex: 1 1 250px; border: 1px solid rgba(150&comma; 150&comma; 150&comma; 0.4); border-radius: 8px; overflow: hidden; display: flex; flex-direction: column;'>\n<div style='padding: 15px; border-bottom: 1px solid rgba(150&comma; 150&comma; 150&comma; 0.2); font-weight: bold; font-size: 18px; color: inherit;'>Opciones<\/div>\n<div style='padding: 15px; color: inherit;'>\n<ul style='padding-left: 20px; margin: 0; font-size: 14px; list-style-type: disc;'>\n<li style='margin-bottom: 5px;'>Colores disponibles: rojo&comma; verde&comma; amarillo&comma; blanco o azul<\/li>\n<li style='margin-bottom: 5px;'>Texto est\u00e1ndar o personalizado<\/li>\n<li style='margin-bottom: 5px;'>Logotipo de alta resoluci\u00f3n<\/li>\n<li style='margin-bottom: 5px;'>Redacci\u00f3n en cualquier idioma<\/li>\n<li style='margin-bottom: 5px;'>Cubiertas protectoras STI disponibles<\/li>\n<\/ul><\/div>\n<\/p><\/div>\n<\/p><\/div>\n<p> <!-- Secci\u00f3n de garant\u00eda --> <\/p>\n<div style='margin-bottom: 30px; font-size: 15px; color: inherit;'>\n<h3 style='font-size: 22px; border-bottom: 2px solid currentColor; padding-bottom: 5px; margin-top: 0; color: inherit; opacity: 0.8;'>Garant\u00eda<\/h3>\n<p>Tres a\u00f1os de garant\u00eda contra rotura del policarbonato en uso normal (un a\u00f1o en componentes electromec\u00e1nicos y electr\u00f3nicos)<\/p>\n<\/p><\/div>\n<p> <!-- Separador final --> <\/p>\n<hr style='border: 0; border-top: 1px solid rgba(150&comma; 150&comma; 150&comma; 0.3); margin: 30px 0;'> <\/div>\n","protected":false},"excerpt":{"rendered":"<p>Bot\u00f3n de Salida, Texto en Ingles, Tapa Protectora de Policarbonato S\u00faper Resistente, Llave para restablecer, Bocina integrada de Advertencia<\/p>\n","protected":false},"featured_media":8378,"comment_status":"open","ping_status":"closed","template":"","meta":[],"product_brand":[],"product_cat":[190],"product_tag":[93,191,169],"class_list":{"0":"post-8379","1":"product","2":"type-product","3":"status-publish","4":"has-post-thumbnail","6":"product_cat-botones-de-salida","7":"product_tag-accesorios","8":"product_tag-botones-de-salida","9":"product_tag-sti","11":"first","12":"instock","13":"sale","14":"shipping-taxable","15":"purchasable","16":"product-type-simple"},"_links":{"self":[{"href":"https:\/\/soydeaqui.ddns.net\/pachuca\/index.php\/wp-json\/wp\/v2\/product\/8379","targetHints":{"allow":["GET"]}}],"collection":[{"href":"https:\/\/soydeaqui.ddns.net\/pachuca\/index.php\/wp-json\/wp\/v2\/product"}],"about":[{"href":"https:\/\/soydeaqui.ddns.net\/pachuca\/index.php\/wp-json\/wp\/v2\/types\/product"}],"replies":[{"embeddable":true,"href":"https:\/\/soydeaqui.ddns.net\/pachuca\/index.php\/wp-json\/wp\/v2\/comments?post=8379"}],"wp:featuredmedia":[{"embeddable":true,"href":"https:\/\/soydeaqui.ddns.net\/pachuca\/index.php\/wp-json\/wp\/v2\/media\/8378"}],"wp:attachment":[{"href":"https:\/\/soydeaqui.ddns.net\/pachuca\/index.php\/wp-json\/wp\/v2\/media?parent=8379"}],"wp:term":[{"taxonomy":"product_brand","embeddable":true,"href":"https:\/\/soydeaqui.ddns.net\/pachuca\/index.php\/wp-json\/wp\/v2\/product_brand?post=8379"},{"taxonomy":"product_cat","embeddable":true,"href":"https:\/\/soydeaqui.ddns.net\/pachuca\/index.php\/wp-json\/wp\/v2\/product_cat?post=8379"},{"taxonomy":"product_tag","embeddable":true,"href":"https:\/\/soydeaqui.ddns.net\/pachuca\/index.php\/wp-json\/wp\/v2\/product_tag?post=8379"}],"curies":[{"name":"wp","href":"https:\/\/api.w.org\/{rel}","templated":true}]}}