{"id":83785,"date":"2026-03-19T20:22:42","date_gmt":"2026-03-19T20:22:42","guid":{"rendered":"https:\/\/soydeaqui.ddns.net\/pachuca\/index.php\/producto\/switch-de-acceso-ekit-administrable-capa-2-6-puertos-poe-gigabit-2-puertos-poe-multi-gigabit-2-5-gbps-2-puertos-gigabit-2-puertos-sfp-2-puertos-sfp-poe-perpetuo-presupuesto-poe-12\/"},"modified":"2026-03-19T20:22:58","modified_gmt":"2026-03-19T20:22:58","slug":"switch-de-acceso-ekit-administrable-capa-2-6-puertos-poe-gigabit-2-puertos-poe-multi-gigabit-2-5-gbps-2-puertos-gigabit-2-puertos-sfp-2-puertos-sfp-poe-perpetuo-presupuesto-poe-12","status":"publish","type":"product","link":"https:\/\/soydeaqui.ddns.net\/pachuca\/index.php\/producto\/switch-de-acceso-ekit-administrable-capa-2-6-puertos-poe-gigabit-2-puertos-poe-multi-gigabit-2-5-gbps-2-puertos-gigabit-2-puertos-sfp-2-puertos-sfp-poe-perpetuo-presupuesto-poe-12\/","title":{"rendered":"Switch de Acceso eKit Administrable \/ Capa 2 \/ 6 Puertos PoE+ Gigabit + 2 Puertos PoE+ Multi-Gigabit (2.5 Gbps) + 2 Puertos Gigabit + 2 Puertos SFP + 2 Puertos SFP+ \/ PoE Perpetuo \/ Presupuesto PoE 128 W \/ Sin licenciamiento"},"content":{"rendered":"<div style='width: 100%; max-width: 1200px; margin: 0 auto; font-family: sans-serif; line-height: 1.6; color: inherit; background-color: transparent;'> <!-- Imagen principal --> <\/p>\n<div style='width: 100%; margin-bottom: 30px;'> <img style='width: 100%; height: auto; border: 1px solid rgba(150&comma;150&comma;150&comma;0.3); border-radius: 8px;' src='https:\/\/ftp3.syscom.mx\/usuarios\/fotos\/AP362\/223796-captura_de_pantalla_2023-12-06_a_la(s)_15.46.50.png' alt='Vista principal del producto'> <\/div>\n<p> <!-- Secci\u00f3n de especificaciones --> <\/p>\n<div style='display: flex; flex-wrap: wrap; gap: 30px; margin-bottom: 30px;'>\n<div style='flex: 1 1 300px; min-width: 280px;'>\n<h3 style='font-size: 22px; border-bottom: 2px solid currentColor; padding-bottom: 5px; margin-top: 0; color: inherit; opacity: 0.8;'>Especificaciones<\/h3>\n<ul style='padding-left: 20px; font-size: 15px; color: inherit;'>\n<li style='margin-bottom: 5px;'>Dimesiones: 91 mm x 465 mm x 355 mm con caja<\/li>\n<li style='margin-bottom: 5px;'>Dimesiones: 43.6 mm x 320 mm x 210 mm sin caja<\/li>\n<li style='margin-bottom: 5px;'>Estandar PoE: 802.3 af\/at<\/li>\n<li style='margin-bottom: 5px;'>6 Puertos PoE+ Gigabit<\/li>\n<li style='margin-bottom: 5px;'>2 Puertos Gigabit<\/li>\n<li style='margin-bottom: 5px;'>2 Puertos PoE+ Multi-Gigabit<\/li>\n<li style='margin-bottom: 5px;'>2 Puertos de fibra \u00f3ptica SFP<\/li>\n<li style='margin-bottom: 5px;'>2 Puertos de fibra \u00f3ptica SFP+<\/li>\n<li style='margin-bottom: 5px;'>Material del chasis: Metal<\/li>\n<li style='margin-bottom: 5px;'>Consumo del equipo: Sin PoE: 24.03 W \/ Con PoE: 162.36 W<\/li>\n<li style='margin-bottom: 5px;'>Instalaci\u00f3n en rack&comma; escritorio o pared<\/li>\n<li style='margin-bottom: 5px;'>Capa 2<\/li>\n<li style='margin-bottom: 5px;'>Capacidad de Switching: 76 Gbps<\/li>\n<li style='margin-bottom: 5px;'>Reenv\u00edo de paquetes: 57 Mpps<\/li>\n<li style='margin-bottom: 5px;'>Fuente de alimentaci\u00f3n: 100 VCA &#8211; 240 VCA; 50 Hz &#8211; 60 Hz<\/li>\n<li style='margin-bottom: 5px;'>Temperatura de operaci\u00f3n: -5\u00b0C a 50\u00b0C<\/li>\n<li style='margin-bottom: 5px;'>Peso: 3.44 kg<\/li>\n<\/ul><\/div>\n<div style='flex: 1 1 300px; min-width: 280px;'>\n<h3 style='font-size: 22px; border-bottom: 2px solid currentColor; padding-bottom: 5px; margin-top: 0; color: inherit; opacity: 0.8;'>Caracter\u00edsticas de las interfaces<\/h3>\n<ul style='padding-left: 20px; font-size: 15px; color: inherit;'>\n<li style='margin-bottom: 5px;'>6 Puertos PoE+ (802.3 af\/at) 10\/100\/1000 Mbps (Autonegociable)<\/li>\n<li style='margin-bottom: 5px;'>2 Puertos 10\/100\/1000 Mbps (Autonegociable)<\/li>\n<li style='margin-bottom: 5px;'>2 Puertos PoE+ (802.3 af\/at) 10\/100\/1000\/2500 Mbps (Autonegociable)<\/li>\n<li style='margin-bottom: 5px;'>2 Puertos Uplink SFP 100\/1000\/2500 Mbps<\/li>\n<li style='margin-bottom: 5px;'>2 Puertos Uplink SFP+ 100\/1000\/10000 Mbps<\/li>\n<\/ul><\/div>\n<div style='flex: 1 1 300px; min-width: 280px;'>\n<h3 style='font-size: 22px; border-bottom: 2px solid currentColor; padding-bottom: 5px; margin-top: 0; color: inherit; opacity: 0.8;'>Funciones del equipo<\/h3>\n<ul style='padding-left: 20px; font-size: 15px; color: inherit;'>\n<li style='margin-bottom: 5px;'>Disipaci\u00f3n natural del calor<\/li>\n<li style='margin-bottom: 5px;'>Sin licenciamiento oculto<\/li>\n<li style='margin-bottom: 5px;'>Gesti\u00f3n en la nube gratuita<\/li>\n<li style='margin-bottom: 5px;'>Modos de gesti\u00f3n: Interfaz web&comma; SSH o Nube de SNC de Huawei<\/li>\n<li style='margin-bottom: 5px;'>Soluci\u00f3n de problemas en cuesti\u00f3n de minutos desde la nube con IA<\/li>\n<li style='margin-bottom: 5px;'>Defensa contra ataques DoS&comma; ARP e ICMP<\/li>\n<li style='margin-bottom: 5px;'>Soporte DHCP Snooping<\/li>\n<li style='margin-bottom: 5px;'>Funci\u00f3n de PoE Perpetuo<\/li>\n<li style='margin-bottom: 5px;'>Funci\u00f3n STP&comma; RSTP y MSTP<\/li>\n<li style='margin-bottom: 5px;'>Funci\u00f3n de ERPS<\/li>\n<li style='margin-bottom: 5px;'>Funci\u00f3n IGMPv1\/v2\/v3 y IGMPv1\/v2\/v3 snooping<\/li>\n<\/ul><\/div>\n<\/p><\/div>\n<p> <!-- Secci\u00f3n de caracter\u00edsticas detalladas --> <\/p>\n<div style='display: flex; flex-wrap: wrap; gap: 30px; margin-bottom: 30px;'>\n<div style='flex: 1 1 400px; min-width: 280px;'> <img style='width: 100%; height: auto; border: 1px solid rgba(150&comma;150&comma;150&comma;0.3); border-radius: 8px; margin-bottom: 15px;' src='https:\/\/ftp3.syscom.mx\/usuarios\/fotos\/S220S10PN4JX\/234886-s220s-10pn4jx_ports.png' alt='Puertos del switch'> <\/p>\n<p style='font-size: 15px; color: inherit;'>Flexibilidad en conectividad Ethernet&comma; dise\u00f1ado para cualquier tipo de aplicaci\u00f3n o requerimiento&comma; ya que se puede tener conectividad por cable ethernet o por fibra \u00f3ptica&comma; en las diferentes capacidades de datos&comma; desde 10 Mbps hasta 10 Gbps.<\/p>\n<\/p><\/div>\n<div style='flex: 1 1 400px; min-width: 280px;'> <img style='width: 100%; height: auto; border: 1px solid rgba(150&comma;150&comma;150&comma;0.3); border-radius: 8px; margin-bottom: 15px;' src='https:\/\/ftp3.syscom.mx\/usuarios\/fotos\/S31048HP4X\/241062-pertpetual_poe_ekit.png' alt='PoE Perpetuo'> <\/p>\n<p style='font-size: 15px; color: inherit;'>Compatible con PoE permanente. Los switches se reinician y la alimentaci\u00f3n de los dispositivos conectados no se interrumpe.<\/p>\n<p style='font-size: 15px; color: inherit;'>Esto nos funciona en aplicaciones como video vigilancia donde las c\u00e1maras son cruciales y no deben de apagarse por ninguna raz\u00f3n.<\/p>\n<\/p><\/div>\n<div style='flex: 1 1 400px; min-width: 280px;'> <img style='width: 100%; height: auto; border: 1px solid rgba(150&comma;150&comma;150&comma;0.3); border-radius: 8px; margin-bottom: 15px;' src='https:\/\/ftp3.syscom.mx\/usuarios\/fotos\/S220S10PN4JX\/234886-s220s-10pn4jx_non-bloking.png' alt='Arquitectura sin bloqueo'> <\/p>\n<p style='font-size: 15px; color: inherit;'>Arquitectura sin bloqueo: Alto rendimiento&comma; gran ancho de banda para reenv\u00edo de paquetes sin bloqueo&comma; y sin congesti\u00f3n durante picos de tr\u00e1fico<\/p>\n<\/p><\/div>\n<div style='flex: 1 1 400px; min-width: 280px;'> <img style='width: 100%; height: auto; border: 1px solid rgba(150&comma;150&comma;150&comma;0.3); border-radius: 8px; margin-bottom: 15px;' src='https:\/\/ftp3.syscom.mx\/usuarios\/fotos\/AP271E\/241040-ekitqr.png' alt='C\u00f3digo QR Huawei eKit'> <\/p>\n<p style='font-size: 15px; color: inherit;'>Con el c\u00f3digo QR puedes descargar la aplicaci\u00f3n de Huawei eKit para dar de alta equipos como routers&comma; switches y puntos de acceso de la l\u00ednea eKit en minutos y desplegar redes desde la comodidad de tu smartphone.<\/p>\n<p style='font-size: 15px; color: inherit;'>Disponible para iOS&comma; Android y Harmony OS.<\/p>\n<\/p><\/div>\n<div style='flex: 1 1 400px; min-width: 280px;'> <img style='width: 100%; height: auto; border: 1px solid rgba(150&comma;150&comma;150&comma;0.3); border-radius: 8px; margin-bottom: 15px;' src='https:\/\/ftp3.syscom.mx\/usuarios\/fotos\/AP271E\/241040-snc.png' alt='Gesti\u00f3n Huawei SNC'> <\/p>\n<p style='font-size: 15px; color: inherit;'>M\u00e9todos flexibles de gesti\u00f3n: desde la interfaz web&comma; APP (iOS\/Android\/Harmony OS) y desde la nube SNC de Huawei.<\/p>\n<p style='font-size: 15px; color: inherit;'>Permite compartir proyectos para clientes espec\u00edficos&comma; gestionar y dar soporte t\u00e9cnico de manera remota sin costos adicionales&comma; ya que la plataforma de eKit es totalmente gratuita.<\/p>\n<\/p><\/div>\n<div style='flex: 1 1 400px; min-width: 280px;'> <img style='width: 100%; height: auto; border: 1px solid rgba(150&comma;150&comma;150&comma;0.3); border-radius: 8px; margin-bottom: 15px;' src='https:\/\/ftp3.syscom.mx\/usuarios\/fotos\/AP271E\/241040-ia_troubleshooting.png' alt='Soluci\u00f3n de problemas con IA'> <\/p>\n<p style='font-size: 15px; color: inherit;'>La soluci\u00f3n de problemas se realiza de manera r\u00e1pida y efectiva con la funci\u00f3n de diagn\u00f3stico impulsado por inteligencia artificial&comma; permitiendo identificar problemas y posibles soluciones en minutos.<\/p>\n<\/p><\/div>\n<\/p><\/div>\n<p> <!-- Tabla comparativa --> <\/p>\n<div style='margin-bottom: 30px;'>\n<h3 style='font-size: 22px; border-bottom: 2px solid currentColor; padding-bottom: 5px; margin-top: 0; color: inherit; opacity: 0.8; text-align: center;'>Diferencias entre series de Switches Huawei eKit<\/h3>\n<div style='width: 100%; overflow-x: auto;'> <img style='width: 100%; height: auto; border: 1px solid rgba(150&comma;150&comma;150&comma;0.3); border-radius: 8px; display: block; margin: 0 auto;' src='https:\/\/ftp3.syscom.mx\/usuarios\/fotos\/S220S8T2J\/234868-captura_de_pantalla_2024-11-06_a_la(s)_12.19.15.png' alt='Comparaci\u00f3n series de Switches Huawei eKit'> <\/div>\n<\/p><\/div>\n<p> <!-- Secci\u00f3n de gesti\u00f3n --> <\/p>\n<div style='display: flex; flex-wrap: wrap; gap: 30px; margin-bottom: 30px;'>\n<div style='flex: 1 1 400px; min-width: 280px;'>\n<h3 style='font-size: 22px; border-bottom: 2px solid currentColor; padding-bottom: 5px; margin-top: 0; color: inherit; opacity: 0.8;'>Gesti\u00f3n inteligente<\/h3>\n<p style='font-size: 15px; color: inherit;'>M\u00e9todos flexibles de gesti\u00f3n: desde la interfaz web&comma; APP (iOS\/Android\/Harmony OS) y desde la nube SNC de Huawei.<\/p>\n<p style='font-size: 15px; color: inherit;'>Permite compartir proyectos para clientes espec\u00edficos&comma; gestionar y dar soporte t\u00e9cnico de manera remota sin costos adicionales&comma; ya que la plataforma de eKit es totalmente gratuita.<\/p>\n<\/p><\/div>\n<div style='flex: 1 1 400px; min-width: 280px;'>\n<h3 style='font-size: 22px; border-bottom: 2px solid currentColor; padding-bottom: 5px; margin-top: 0; color: inherit; opacity: 0.8;'>Soluci\u00f3n de problemas con IA<\/h3>\n<p style='font-size: 15px; color: inherit;'>La soluci\u00f3n de problemas se realiza de manera r\u00e1pida y efectiva con la funci\u00f3n de diagn\u00f3stico impulsado por inteligencia artificial&comma; permitiendo identificar problemas y posibles soluciones en minutos.<\/p>\n<\/p><\/div>\n<\/p><\/div>\n<p> <!-- Separador final --> <\/p>\n<hr style='border: 0; border-top: 1px solid rgba(150&comma; 150&comma; 150&comma; 0.3); margin: 30px 0;'> <\/div>\n","protected":false},"excerpt":{"rendered":"<p>Switch de Acceso eKit Administrable \/ Capa 2 \/ 6 Puertos PoE+ Gigabit + 2 Puertos PoE+ Multi-Gigabit (2.5 Gbps) + 2 Puertos Gigabit + 2 Puertos SFP + 2 Puertos SFP+ \/ PoE Perpetuo \/ Presupuesto PoE 128 W \/ Sin licenciamiento<\/p>\n","protected":false},"featured_media":83784,"comment_status":"open","ping_status":"closed","template":"","meta":[],"product_brand":[],"product_cat":[1986],"product_tag":[718,664,1987],"class_list":{"0":"post-83785","1":"product","2":"type-product","3":"status-publish","4":"has-post-thumbnail","6":"product_cat-switches-poe","7":"product_tag-huawei","8":"product_tag-networking","9":"product_tag-switches-poe","11":"first","12":"instock","13":"sale","14":"shipping-taxable","15":"purchasable","16":"product-type-simple"},"_links":{"self":[{"href":"https:\/\/soydeaqui.ddns.net\/pachuca\/index.php\/wp-json\/wp\/v2\/product\/83785","targetHints":{"allow":["GET"]}}],"collection":[{"href":"https:\/\/soydeaqui.ddns.net\/pachuca\/index.php\/wp-json\/wp\/v2\/product"}],"about":[{"href":"https:\/\/soydeaqui.ddns.net\/pachuca\/index.php\/wp-json\/wp\/v2\/types\/product"}],"replies":[{"embeddable":true,"href":"https:\/\/soydeaqui.ddns.net\/pachuca\/index.php\/wp-json\/wp\/v2\/comments?post=83785"}],"wp:featuredmedia":[{"embeddable":true,"href":"https:\/\/soydeaqui.ddns.net\/pachuca\/index.php\/wp-json\/wp\/v2\/media\/83784"}],"wp:attachment":[{"href":"https:\/\/soydeaqui.ddns.net\/pachuca\/index.php\/wp-json\/wp\/v2\/media?parent=83785"}],"wp:term":[{"taxonomy":"product_brand","embeddable":true,"href":"https:\/\/soydeaqui.ddns.net\/pachuca\/index.php\/wp-json\/wp\/v2\/product_brand?post=83785"},{"taxonomy":"product_cat","embeddable":true,"href":"https:\/\/soydeaqui.ddns.net\/pachuca\/index.php\/wp-json\/wp\/v2\/product_cat?post=83785"},{"taxonomy":"product_tag","embeddable":true,"href":"https:\/\/soydeaqui.ddns.net\/pachuca\/index.php\/wp-json\/wp\/v2\/product_tag?post=83785"}],"curies":[{"name":"wp","href":"https:\/\/api.w.org\/{rel}","templated":true}]}}