{"id":83772,"date":"2026-03-19T20:22:07","date_gmt":"2026-03-19T20:22:07","guid":{"rendered":"https:\/\/soydeaqui.ddns.net\/pachuca\/index.php\/producto\/switch-de-acceso-ekit-administrable-capa-2-22-puertos-poe-gigabit-2-puertos-poe-2-5-gbps-2-puertos-sfp2-5-gbps-2-puertos-sfp10-gbps-poe-perpetuo-presupuesto-poe-400-w-sin-licenc\/"},"modified":"2026-03-19T20:22:22","modified_gmt":"2026-03-19T20:22:22","slug":"switch-de-acceso-ekit-administrable-capa-2-22-puertos-poe-gigabit-2-puertos-poe-2-5-gbps-2-puertos-sfp2-5-gbps-2-puertos-sfp10-gbps-poe-perpetuo-presupuesto-poe-400-w-sin-licenc","status":"publish","type":"product","link":"https:\/\/soydeaqui.ddns.net\/pachuca\/index.php\/producto\/switch-de-acceso-ekit-administrable-capa-2-22-puertos-poe-gigabit-2-puertos-poe-2-5-gbps-2-puertos-sfp2-5-gbps-2-puertos-sfp10-gbps-poe-perpetuo-presupuesto-poe-400-w-sin-licenc\/","title":{"rendered":"Switch de Acceso eKit Administrable \/ Capa 2 \/ 22 Puertos PoE+ Gigabit + 2 Puertos PoE+ 2.5 Gbps + 2 Puertos SFP(2.5 Gbps) + 2 Puertos SFP+(10 Gbps) \/ PoE Perpetuo \/ Presupuesto PoE 400 W \/ Sin Licenciamiento"},"content":{"rendered":"<div style='width: 100%; max-width: 1200px; margin: 0 auto; font-family: sans-serif; line-height: 1.6; color: inherit; background-color: transparent;'>\n<div style='display: flex; flex-wrap: wrap; gap: 30px; margin-bottom: 30px;'>\n<div style='flex: 1 1 100%; min-width: 280px;'> <img style='width: 100%; height: auto; border: 1px solid rgba(150&comma;150&comma;150&comma;0.3); border-radius: 8px;' src='https:\/\/ftp3.syscom.mx\/usuarios\/fotos\/AP362\/223796-captura_de_pantalla_2023-12-06_a_la(s)_15.46.50.png' alt=''> <\/div>\n<\/p><\/div>\n<div style='display: flex; flex-wrap: wrap; gap: 20px; margin-bottom: 30px;'>\n<div style='flex: 1 1 300px; border: 1px solid rgba(150&comma; 150&comma; 150&comma; 0.4); border-radius: 8px; overflow: hidden; display: flex; flex-direction: column;'>\n<div style='padding: 15px; border-bottom: 1px solid rgba(150&comma; 150&comma; 150&comma; 0.2); font-weight: bold; font-size: 18px; color: inherit;'>Especificaciones:<\/div>\n<div style='padding: 15px; color: inherit;'>\n<ul style='padding-left: 20px; margin: 0; font-size: 14px; list-style-type: disc; color: inherit;'>\n<li style='margin-bottom: 5px;'><strong>Dimesiones:<\/strong> 90 mm x 550 mm x 360 mm con caja<\/li>\n<li style='margin-bottom: 5px;'><strong>Dimesiones:<\/strong> 43.6 mm x 442 mm x 220 mm sin caja<\/li>\n<li style='margin-bottom: 5px;'><strong>Estandar PoE:<\/strong> 802.3 af\/at<\/li>\n<li style='margin-bottom: 5px;'><strong>Puertos PoE+ Gigabit:<\/strong> 22<\/li>\n<li style='margin-bottom: 5px;'><strong>Puertos PoE+ 2.5 Gbps:<\/strong> 2<\/li>\n<li style='margin-bottom: 5px;'><strong>Puertos SFP:<\/strong> 2<\/li>\n<li style='margin-bottom: 5px;'><strong>Puertos SFP+:<\/strong> 2<\/li>\n<li style='margin-bottom: 5px;'><strong>Material del chasis:<\/strong> Metal<\/li>\n<li style='margin-bottom: 5px;'><strong>Consumo del equipo:<\/strong> Sin PoE: 39.40 W \/ Con PoE: 484.27 W<\/li>\n<li style='margin-bottom: 5px;'><strong>Instalaci\u00f3n:<\/strong> En rack&comma; escritorio o pared<\/li>\n<li style='margin-bottom: 5px;'><strong>Capa:<\/strong> 2<\/li>\n<li style='margin-bottom: 5px;'><strong>Capacidad de Switching:<\/strong> 98 Gbps<\/li>\n<li style='margin-bottom: 5px;'><strong>Reenv\u00edo de paquetes:<\/strong> 73 Mpps<\/li>\n<li style='margin-bottom: 5px;'><strong>Fuente de alimentaci\u00f3n:<\/strong> 100 VCA &#8211; 240 VCA; 50 Hz &#8211; 60 Hz<\/li>\n<li style='margin-bottom: 5px;'><strong>Temperatura de operaci\u00f3n:<\/strong> -5\u00b0C a 45\u00b0C<\/li>\n<li style='margin-bottom: 5px;'><strong>Peso:<\/strong> 3.72 kg<\/li>\n<\/ul><\/div>\n<\/p><\/div>\n<div style='flex: 1 1 300px; border: 1px solid rgba(150&comma; 150&comma; 150&comma; 0.4); border-radius: 8px; overflow: hidden; display: flex; flex-direction: column;'>\n<div style='padding: 15px; border-bottom: 1px solid rgba(150&comma; 150&comma; 150&comma; 0.2); font-weight: bold; font-size: 18px; color: inherit;'>Caracter\u00edsticas de las interfaces:<\/div>\n<div style='padding: 15px; color: inherit;'>\n<ul style='padding-left: 20px; margin: 0; font-size: 14px; list-style-type: disc; color: inherit;'>\n<li style='margin-bottom: 5px;'><strong>22 Puertos PoE+ (802.3af\/at) 10\/100\/1000 Mbps (Autonegociable)<\/strong><\/li>\n<li style='margin-bottom: 5px;'><strong>2 Puertos PoE+ (802.3af\/at) 10\/100\/1000\/2500 Mbps (Autonegociable)<\/strong><\/li>\n<li style='margin-bottom: 5px;'><strong>2 Puertos Uplink SFP 100\/1000\/2500 Mbps<\/strong><\/li>\n<li style='margin-bottom: 5px;'><strong>2 Puertos Uplink SFP+ 100\/1000\/10000 Mbps<\/strong><\/li>\n<\/ul><\/div>\n<\/p><\/div>\n<div style='flex: 1 1 300px; border: 1px solid rgba(150&comma; 150&comma; 150&comma; 0.4); border-radius: 8px; overflow: hidden; display: flex; flex-direction: column;'>\n<div style='padding: 15px; border-bottom: 1px solid rgba(150&comma; 150&comma; 150&comma; 0.2); font-weight: bold; font-size: 18px; color: inherit;'>Funciones del equipo:<\/div>\n<div style='padding: 15px; color: inherit;'>\n<ul style='padding-left: 20px; margin: 0; font-size: 14px; list-style-type: disc; color: inherit;'>\n<li style='margin-bottom: 5px;'>Refrigeraci\u00f3n por aire para disipaci\u00f3n de calor&comma; ajuste inteligente de la velocidad del ventilador<\/li>\n<li style='margin-bottom: 5px;'>Sin licenciamiento oculto<\/li>\n<li style='margin-bottom: 5px;'>Gesti\u00f3n en la nube gratuita<\/li>\n<li style='margin-bottom: 5px;'>Modos de gesti\u00f3n: Interfaz web&comma; SSH o Nube de SNC de Huawei<\/li>\n<li style='margin-bottom: 5px;'>Soluci\u00f3n de problemas en cuesti\u00f3n de minutos desde la nube con IA<\/li>\n<li style='margin-bottom: 5px;'>Defensa contra ataques DoS&comma; ARP e ICMP<\/li>\n<li style='margin-bottom: 5px;'>Soporte DHCP Snooping<\/li>\n<li style='margin-bottom: 5px;'>Funci\u00f3n de PoE Perpetuo<\/li>\n<li style='margin-bottom: 5px;'>Funci\u00f3n STP&comma; RSTP y MSTP<\/li>\n<li style='margin-bottom: 5px;'>Funci\u00f3n de ERPS<\/li>\n<li style='margin-bottom: 5px;'>Funci\u00f3n IGMPv1\/v2\/v3 y IGMPv1\/v2\/v3 snooping<\/li>\n<\/ul><\/div>\n<\/p><\/div>\n<\/p><\/div>\n<hr style='border: 0; border-top: 1px solid rgba(150&comma; 150&comma; 150&comma; 0.3); margin: 30px 0;'>\n<div style='display: flex; flex-wrap: wrap; gap: 30px; margin-bottom: 30px;'>\n<div style='flex: 1 1 400px; min-width: 300px;'> <img style='width: 100%; height: auto; border: 1px solid rgba(150&comma;150&comma;150&comma;0.3); border-radius: 8px;' src='https:\/\/ftp3.syscom.mx\/usuarios\/fotos\/S220S26PN4JX\/234884-s220s-26pn4jx_ports.png' alt=''> <\/div>\n<div style='flex: 1 1 400px; min-width: 300px;'>\n<p style='font-size: 16px; margin: 0 0 15px; color: inherit;'>Flexibilidad en conectividad Ethernet&comma; dise\u00f1ado para cualquier tipo de aplicaci\u00f3n o requerimiento&comma; ya que se puede tener conectivdad por cable ethernet o por fibra \u00f3ptica&comma; en las diferentes capacidades de datos&comma; desde 10 Mbps hasta 10 Gbps.<\/p>\n<\/p><\/div>\n<\/p><\/div>\n<div style='display: flex; flex-wrap: wrap; gap: 30px; margin-bottom: 30px;'>\n<div style='flex: 1 1 400px; min-width: 300px;'>\n<p style='font-size: 16px; margin: 0 0 15px; color: inherit;'>Compatible con PoE permanente. Los switches se reinician y la alimentaci\u00f3n de los dispositivos conectados no se interrumpe.<\/p>\n<p style='font-size: 16px; margin: 0 0 15px; color: inherit;'>Esto nos funciona en aplicaciones como Video vigilancia donde las c\u00e1maras son cruciales y no deben de apagarse por ninguna raz\u00f3n.<\/p>\n<\/p><\/div>\n<div style='flex: 1 1 400px; min-width: 300px;'> <img style='width: 100%; height: auto; border: 1px solid rgba(150&comma;150&comma;150&comma;0.3); border-radius: 8px;' src='https:\/\/ftp3.syscom.mx\/usuarios\/fotos\/S31048HP4X\/241062-pertpetual_poe_ekit.png' alt=''> <\/div>\n<\/p><\/div>\n<div style='display: flex; flex-wrap: wrap; gap: 30px; margin-bottom: 30px;'>\n<div style='flex: 1 1 400px; min-width: 300px;'> <img style='width: 100%; height: auto; border: 1px solid rgba(150&comma;150&comma;150&comma;0.3); border-radius: 8px;' src='https:\/\/ftp3.syscom.mx\/usuarios\/fotos\/S220S10PN4JX\/234886-s220s-10pn4jx_non-bloking.png' alt=''> <\/div>\n<div style='flex: 1 1 400px; min-width: 300px;'>\n<p style='font-size: 16px; margin: 0 0 15px; color: inherit;'>Flexibilidad en conectividad Ethernet&comma; dise\u00f1ado para cualquier tipo de aplicaci\u00f3n o requerimiento&comma; ya que se puede tener conectivdad por cable ethernet o por fibra \u00f3ptica&comma; en las diferentes capacidades de datos&comma; desde 10 Mbps hasta 10 Gbps.<\/p>\n<\/p><\/div>\n<\/p><\/div>\n<div style='display: flex; flex-wrap: wrap; gap: 30px; margin-bottom: 30px;'>\n<div style='flex: 1 1 400px; min-width: 300px;'>\n<p style='font-size: 16px; margin: 0 0 15px; color: inherit;'>Con el siguiente c\u00f3digo QR puedes descargar la aplicaci\u00f3n de Huawei eKit en donde podr\u00e1s dar de alta equipos como: Routers&comma; Switch y puntos de acceso de la l\u00ednea eKit&comma; en cuesti\u00f3n de minutos y poder desplegar redes de las comodidad de su smartphone.<\/p>\n<p style='font-size: 16px; margin: 0 0 15px; color: inherit;'>Disponible para iOS&comma; Android y Harmony OS.<\/p>\n<\/p><\/div>\n<div style='flex: 1 1 400px; min-width: 300px;'> <img style='width: 100%; height: auto; border: 1px solid rgba(150&comma;150&comma;150&comma;0.3); border-radius: 8px;' src='https:\/\/ftp3.syscom.mx\/usuarios\/fotos\/AP271E\/241040-223794-ekitqr.png' alt=''> <\/div>\n<\/p><\/div>\n<div style='display: flex; flex-wrap: wrap; gap: 30px; margin-bottom: 30px;'>\n<div style='flex: 1 1 400px; min-width: 300px;'> <img style='width: 100%; height: auto; border: 1px solid rgba(150&comma;150&comma;150&comma;0.3); border-radius: 8px;' src='https:\/\/ftp3.syscom.mx\/usuarios\/fotos\/AP271E\/241040-snc.png' alt=''> <\/div>\n<div style='flex: 1 1 400px; min-width: 300px;'>\n<p style='font-size: 16px; margin: 0 0 15px; color: inherit;'>M\u00e9todos flexibles de gesti\u00f3n: desde la interfaz web&comma; APP (iOS\/Android\/Harmony OS) y desde la <a href='https:\/\/ekit.huawei.com\/' style='color: inherit; text-decoration: underline;'>nube SNC<\/a> de Huawei.<\/p>\n<p style='font-size: 16px; margin: 0 0 15px; color: inherit;'>Comparta proyectos para clientes espec\u00edficos&comma; gestione y de soporte t\u00e9cnico de manera remota sin pagos extras&comma; ya que es totalmente gratuita la plataforma de eKit<\/p>\n<\/p><\/div>\n<\/p><\/div>\n<div style='display: flex; flex-wrap: wrap; gap: 30px; margin-bottom: 30px;'>\n<div style='flex: 1 1 100%; min-width: 280px;'>\n<p style='font-size: 16px; margin: 0 0 15px; color: inherit;'>Lo importante del soporte t\u00e9cnico o solucionar problemas&comma; es hacerlo de manera r\u00e1pida y efectiva. Huawei viene a revolucionar esto con la funci\u00f3n de soluci\u00f3n de problemas impulsado por la IA (Inteligencia artificial) teniendo un diagn\u00f3stico de la red en sus diferentes par\u00e1metros en cuesti\u00f3n de minutos&comma; indicando problemas y posibles soluciones de cada uno de ellos.<\/p>\n<\/p><\/div>\n<\/p><\/div>\n<div style='display: flex; flex-wrap: wrap; gap: 30px; margin-bottom: 30px;'>\n<div style='flex: 1 1 100%; min-width: 280px;'> <img style='width: 100%; height: auto; border: 1px solid rgba(150&comma;150&comma;150&comma;0.3); border-radius: 8px;' src='https:\/\/ftp3.syscom.mx\/usuarios\/fotos\/S220S8T2J\/234868-captura_de_pantalla_2024-11-06_a_la(s)_12.19.15.png' alt=''> <\/div>\n<\/p><\/div>\n<\/p><\/div>\n","protected":false},"excerpt":{"rendered":"<p>Switch de Acceso eKit Administrable \/ Capa 2 \/ 22 Puertos PoE+ Gigabit + 2 Puertos PoE+ 2.5 Gbps + 2 Puertos SFP(2.5 Gbps) + 2 Puertos SFP+(10 Gbps) \/ PoE Perpetuo \/ Presupuesto PoE 400 W \/ Sin Licenciamiento<\/p>\n","protected":false},"featured_media":83771,"comment_status":"open","ping_status":"closed","template":"","meta":[],"product_brand":[],"product_cat":[1986],"product_tag":[718,664,1987],"class_list":{"0":"post-83772","1":"product","2":"type-product","3":"status-publish","4":"has-post-thumbnail","6":"product_cat-switches-poe","7":"product_tag-huawei","8":"product_tag-networking","9":"product_tag-switches-poe","11":"first","12":"instock","13":"sale","14":"shipping-taxable","15":"purchasable","16":"product-type-simple"},"_links":{"self":[{"href":"https:\/\/soydeaqui.ddns.net\/pachuca\/index.php\/wp-json\/wp\/v2\/product\/83772","targetHints":{"allow":["GET"]}}],"collection":[{"href":"https:\/\/soydeaqui.ddns.net\/pachuca\/index.php\/wp-json\/wp\/v2\/product"}],"about":[{"href":"https:\/\/soydeaqui.ddns.net\/pachuca\/index.php\/wp-json\/wp\/v2\/types\/product"}],"replies":[{"embeddable":true,"href":"https:\/\/soydeaqui.ddns.net\/pachuca\/index.php\/wp-json\/wp\/v2\/comments?post=83772"}],"wp:featuredmedia":[{"embeddable":true,"href":"https:\/\/soydeaqui.ddns.net\/pachuca\/index.php\/wp-json\/wp\/v2\/media\/83771"}],"wp:attachment":[{"href":"https:\/\/soydeaqui.ddns.net\/pachuca\/index.php\/wp-json\/wp\/v2\/media?parent=83772"}],"wp:term":[{"taxonomy":"product_brand","embeddable":true,"href":"https:\/\/soydeaqui.ddns.net\/pachuca\/index.php\/wp-json\/wp\/v2\/product_brand?post=83772"},{"taxonomy":"product_cat","embeddable":true,"href":"https:\/\/soydeaqui.ddns.net\/pachuca\/index.php\/wp-json\/wp\/v2\/product_cat?post=83772"},{"taxonomy":"product_tag","embeddable":true,"href":"https:\/\/soydeaqui.ddns.net\/pachuca\/index.php\/wp-json\/wp\/v2\/product_tag?post=83772"}],"curies":[{"name":"wp","href":"https:\/\/api.w.org\/{rel}","templated":true}]}}