{"id":83727,"date":"2026-03-19T20:20:11","date_gmt":"2026-03-19T20:20:11","guid":{"rendered":"https:\/\/soydeaqui.ddns.net\/pachuca\/index.php\/producto\/unifi-switch-enterprise-campus-aggregation-capa-3-48-puertos-etherlighting-sfp28-de-25g-6-puertos-qsfp28-de-100g-5-abanicos-ruteo-dinamico-bgp-doble-fuente-redundante-alta-disponibilidad-enlac\/"},"modified":"2026-03-19T20:20:26","modified_gmt":"2026-03-19T20:20:26","slug":"unifi-switch-enterprise-campus-aggregation-capa-3-48-puertos-etherlighting-sfp28-de-25g-6-puertos-qsfp28-de-100g-5-abanicos-ruteo-dinamico-bgp-doble-fuente-redundante-alta-disponibilidad-enlac","status":"publish","type":"product","link":"https:\/\/soydeaqui.ddns.net\/pachuca\/index.php\/producto\/unifi-switch-enterprise-campus-aggregation-capa-3-48-puertos-etherlighting-sfp28-de-25g-6-puertos-qsfp28-de-100g-5-abanicos-ruteo-dinamico-bgp-doble-fuente-redundante-alta-disponibilidad-enlac\/","title":{"rendered":"UniFi Switch Enterprise Campus Aggregation, Capa 3, 48 puertos Etherlighting SFP28 de 25G, 6 puertos QSFP28 de 100G, 5 abanicos, ruteo din\u00e1mico BGP, doble fuente redundante, alta disponibilidad, enlace multichasis (MC-LAG)"},"content":{"rendered":"<div style='width: 100%; max-width: 1200px; margin: 0 auto; font-family: sans-serif; line-height: 1.6; color: inherit; background-color: transparent;'> <!-- Imagen principal --> <\/p>\n<div style='text-align: center; margin: 20px 0;'> <img style='width: 100%; max-width: 200px; height: auto; border: 1px solid rgba(150&comma;150&comma;150&comma;0.3); border-radius: 8px;' src='https:\/\/images.svc.ui.com\/?u=https%3A%2F%2Fcdn.ecomm.ui.com%2Fproducts%2F82c1c564-0e08-4b27-a7b9-95729cca00bd%2F27a4376a-5402-498f-b38b-214b1086c31b.png&#038;q=75&#038;w=256' alt=''> <\/div>\n<p> <!-- T\u00edtulo y modelo --> <\/p>\n<div style='text-align: center; margin: 15px 0;'>\n<h2 style='font-size: 22px; margin: 0; color: inherit; opacity: 0.9;'>Switch Enterprise Campus Aggregation<\/h2>\n<div style='font-size: 14px; color: inherit; opacity: 0.7;'>ECS-Aggregation<\/div>\n<\/p><\/div>\n<p> <!-- Descripci\u00f3n general --> <\/p>\n<div style='margin: 25px 0;'>\n<p style='font-size: 15px; color: inherit;'> Switch de agregaci\u00f3n de capa 3&comma; con puertos de fibra \u00f3ptica Etherlighting\u2122 de 100G\/25G para alta densidad de tr\u00e1fico&comma; hasta 1&comma;8 Tbps&comma; con soporte MC-LAG para dise\u00f1o de sistema de alta disponibilidad. <\/p>\n<\/p><\/div>\n<p> <!-- Caracter\u00edsticas clave --> <\/p>\n<div style='margin: 30px 0;'>\n<h3 style='font-size: 18px; border-bottom: 2px solid currentColor; padding-bottom: 5px; margin-top: 0; color: inherit; opacity: 0.8;'>Caracter\u00edsticas clave<\/h3>\n<ul style='padding-left: 20px; font-size: 15px; color: inherit;'>\n<li style='margin-bottom: 10px; display: flex; align-items: flex-start;'> <img style='width: 20px; height: 20px; margin-right: 10px; flex-shrink: 0;' src='https:\/\/assets.ecomm.ui.com\/static\/key-features\/sfp.svg' alt=''> <span>(48) puertos SFP28 de 25G y (6) puertos 100G QSFP28<\/span> <\/li>\n<li style='margin-bottom: 10px; display: flex; align-items: flex-start;'> <img style='width: 20px; height: 20px; margin-right: 10px; flex-shrink: 0;' src='https:\/\/assets.ecomm.ui.com\/static\/key-features\/add.svg' alt=''> <span>Compatibilidad con agregaci\u00f3n de enlaces de m\u00faltiples chasis (MC-LAG)*<\/span> <\/li>\n<li style='margin-bottom: 10px; display: flex; align-items: flex-start;'> <img style='width: 20px; height: 20px; margin-right: 10px; flex-shrink: 0;' src='https:\/\/assets.ecomm.ui.com\/static\/key-features\/layer3.svg' alt=''> <span>Capa 3 con soporte failover autom\u00e1tico (VRRP) **<\/span> <\/li>\n<li style='margin-bottom: 10px; display: flex; align-items: flex-start;'> <img style='width: 20px; height: 20px; margin-right: 10px; flex-shrink: 0;' src='https:\/\/assets.ecomm.ui.com\/static\/key-features\/axes.svg' alt=''> <span>Ruteo din\u00e1mico BGP***<\/span> <\/li>\n<li style='margin-bottom: 10px; display: flex; align-items: flex-start;'> <img style='width: 20px; height: 20px; margin-right: 10px; flex-shrink: 0;' src='https:\/\/assets.ecomm.ui.com\/static\/key-features\/power_support.svg' alt=''> <span>(2) fuentes hot-swap incluidas para energ\u00eda redundante<\/span> <\/li>\n<li style='margin-bottom: 10px; display: flex; align-items: flex-start;'> <img style='width: 20px; height: 20px; margin-right: 10px; flex-shrink: 0;' src='https:\/\/assets.ecomm.ui.com\/static\/key-features\/poe.svg' alt=''> <span>(5) abanicos hot-swap incluidos.<\/span> <\/li>\n<li style='margin-top: 15px; font-size: 12px; color: inherit; opacity: 0.7;'> *Debe combinarse con otro switch ECS-AGGREGATION. <br \/><span style='display: block; margin-top: 5px;'>**Programado para la pr\u00f3xima versi\u00f3n de la aplicaci\u00f3n UniFi Network.<\/span> <br \/><span style='display: block; margin-top: 5px;'>***La compatibilidad con OSPF est\u00e1 programada para una pr\u00f3xima versi\u00f3n de la aplicaci\u00f3n de UniFi Network.<\/span> <\/li>\n<\/ul><\/div>\n<p> <!-- Video --> <\/p>\n<div style='position: relative; padding-bottom: 56.25%; height: 0; overflow: hidden; margin: 30px 0;'>   <\/div>\n<p> <!-- Im\u00e1genes adicionales --> <\/p>\n<div style='display: flex; flex-wrap: wrap; gap: 20px; margin: 30px 0;'>\n<div style='flex: 1 1 300px; min-width: 280px;'> <img style='width: 100%; height: auto; border: 1px solid rgba(150&comma;150&comma;150&comma;0.3); border-radius: 8px;' src='https:\/\/images.svc.ui.com\/?u=https%3A%2F%2Fcdn.ecomm.ui.com%2Fproducts%2F82c1c564-0e08-4b27-a7b9-95729cca00bd%2Fceef34fb-0f03-46c3-a81a-a0c261d89301.png&#038;q=75&#038;w=3840' alt=''> <\/div>\n<div style='flex: 1 1 300px; min-width: 280px;'> <img style='width: 100%; height: auto; border: 1px solid rgba(150&comma;150&comma;150&comma;0.3); border-radius: 8px;' src='https:\/\/images.svc.ui.com\/?u=https%3A%2F%2Fcdn.ecomm.ui.com%2Fproducts%2F82c1c564-0e08-4b27-a7b9-95729cca00bd%2Fa2fd9741-187b-4818-9805-9a4762ccd63e.png&#038;q=75&#038;w=1920' alt=''> <\/div>\n<\/p><\/div>\n<p> <!-- Especificaciones --> <\/p>\n<div style='margin: 30px 0;'>\n<h3 style='font-size: 18px; border-bottom: 2px solid currentColor; padding-bottom: 5px; margin-top: 0; color: inherit; opacity: 0.8;'>Especificaciones<\/h3>\n<p> <!-- Secciones de especificaciones --> <\/p>\n<div style='display: flex; flex-wrap: wrap; gap: 20px; margin-top: 20px;'> <!-- Secci\u00f3n Mec\u00e1nico --> <\/p>\n<div style='flex: 1 1 250px; min-width: 280px;'>\n<div style='padding: 15px; border: 1px solid rgba(150&comma;150&comma;150&comma;0.4); border-radius: 8px; margin-bottom: 20px;'>\n<div style='font-weight: bold; font-size: 18px; padding: 15px; border-bottom: 1px solid rgba(150&comma;150&comma;150&comma;0.2); color: inherit;'>Mec\u00e1nico<\/div>\n<div style='padding: 15px;'>\n<ul style='padding-left: 20px; margin: 0; list-style-type: disc; font-size: 14px; color: inherit;'>\n<li style='margin-bottom: 8px;'><strong>Dimensiones:<\/strong> 442&comma;4 x 43&comma;7 x 496 mm (17&comma;4 x 1&comma;7 x 19&comma;5 pulgadas)<\/li>\n<li style='margin-bottom: 8px;'><strong>Peso:<\/strong> 9&comma;9 kg (21&comma;8 libras)<\/li>\n<li style='margin-bottom: 8px;'><strong>Material de la carcasa:<\/strong> Acero SGCC<\/li>\n<li style='margin-bottom: 8px;'><strong>Soporte de rieles deslizantes:<\/strong> Los rieles admiten bastidores de cuatro postes de 482&comma;6 mm (19&#8242;) con orificios cuadrados (9&comma;5 x 9&comma;5 mm) y profundidades de postes que var\u00edan de 650 a 1000 mm (25&comma;6\u201339&comma;4&#8242;)<\/li>\n<\/ul><\/div>\n<\/p><\/div>\n<\/p><\/div>\n<p> <!-- Secci\u00f3n Hardware --> <\/p>\n<div style='flex: 1 1 250px; min-width: 280px;'>\n<div style='padding: 15px; border: 1px solid rgba(150&comma;150&comma;150&comma;0.4); border-radius: 8px; margin-bottom: 20px;'>\n<div style='font-weight: bold; font-size: 18px; padding: 15px; border-bottom: 1px solid rgba(150&comma;150&comma;150&comma;0.2); color: inherit;'>Hardware<\/div>\n<div style='padding: 15px;'>\n<ul style='padding-left: 20px; margin: 0; list-style-type: disc; font-size: 14px; color: inherit;'>\n<li style='margin-bottom: 8px;'><strong>Interfaz de gesti\u00f3n:<\/strong> Ethernet en banda<\/li>\n<li style='margin-bottom: 8px;'><strong>Interfaz de red:<\/strong> (6) puertos QSFP28 de 100\/40G&comma; (48) puertos SFP28 de 25\/10G*<br \/><small style='font-size: 12px; color: inherit; opacity: 0.7;'>No se admite la velocidad de puerto de 1 Gbps.<\/small><\/li>\n<li style='margin-bottom: 8px;'><strong>Rendimiento total sin bloqueo:<\/strong> 1&comma;8 Tbps<\/li>\n<li style='margin-bottom: 8px;'><strong>Capacidad de conmutaci\u00f3n:<\/strong> 3&comma;6 Tbps<\/li>\n<li style='margin-bottom: 8px;'><strong>Tasa de reenv\u00edo:<\/strong> 2&comma;3 puntos por punto<\/li>\n<\/ul><\/div>\n<\/p><\/div>\n<\/p><\/div>\n<p> <!-- Secci\u00f3n Funciones de conmutaci\u00f3n --> <\/p>\n<div style='flex: 1 1 250px; min-width: 280px;'>\n<div style='padding: 15px; border: 1px solid rgba(150&comma;150&comma;150&comma;0.4); border-radius: 8px; margin-bottom: 20px;'>\n<div style='font-weight: bold; font-size: 18px; padding: 15px; border-bottom: 1px solid rgba(150&comma;150&comma;150&comma;0.2); color: inherit;'>Funciones de conmutaci\u00f3n<\/div>\n<div style='padding: 15px;'>\n<ul style='padding-left: 20px; margin: 0; list-style-type: disc; font-size: 14px; color: inherit;'>\n<li style='margin-bottom: 8px;'><strong>M\u00e9todo de potencia:<\/strong> (2) Entrada universal&comma; 100\u2014240 V CA<\/li>\n<li style='margin-bottom: 8px;'><strong>Fuente de alimentaci\u00f3n:<\/strong> (2) M\u00f3dulos de potencia CA\/CC de 550 W intercambiables en caliente<\/li>\n<li style='margin-bottom: 8px;'><strong>Rango de voltaje admitido:<\/strong> 100-240 V CA<\/li>\n<li style='margin-bottom: 8px;'><strong>Consumo m\u00e1ximo de energ\u00eda:<\/strong> 340 W<\/li>\n<li style='margin-bottom: 8px;'><strong>Protecci\u00f3n ESD\/EMP:<\/strong> Aire: \u00b1 12 kV&comma; contacto: \u00b1 8 kV<\/li>\n<\/ul><\/div>\n<\/p><\/div>\n<\/p><\/div>\n<p> <!-- Secci\u00f3n Etherlighting --> <\/p>\n<div style='flex: 1 1 250px; min-width: 280px;'>\n<div style='padding: 15px; border: 1px solid rgba(150&comma;150&comma;150&comma;0.4); border-radius: 8px; margin-bottom: 20px;'>\n<div style='font-weight: bold; font-size: 18px; padding: 15px; border-bottom: 1px solid rgba(150&comma;150&comma;150&comma;0.2); color: inherit;'>Iluminaci\u00f3n Etherlight\u2122<\/div>\n<div style='padding: 15px;'>\n<ul style='padding-left: 20px; margin: 0; list-style-type: disc; font-size: 14px; color: inherit;'>\n<li style='margin-bottom: 8px;'><strong>SFP28\/QSFP28:<\/strong> Ubicaci\u00f3n de la velocidad\/enlace VLAN\/red nativa<\/li>\n<\/ul><\/div>\n<\/p><\/div>\n<\/p><\/div>\n<p> <!-- Secci\u00f3n LED --> <\/p>\n<div style='flex: 1 1 250px; min-width: 280px;'>\n<div style='padding: 15px; border: 1px solid rgba(150&comma;150&comma;150&comma;0.4); border-radius: 8px; margin-bottom: 20px;'>\n<div style='font-weight: bold; font-size: 18px; padding: 15px; border-bottom: 1px solid rgba(150&comma;150&comma;150&comma;0.2); color: inherit;'>LED<\/div>\n<div style='padding: 15px;'>\n<ul style='padding-left: 20px; margin: 0; list-style-type: disc; font-size: 14px; color: inherit;'>\n<li style='margin-bottom: 8px;'><strong>Sistema:<\/strong> Estado<\/li>\n<\/ul><\/div>\n<\/p><\/div>\n<\/p><\/div>\n<p> <!-- Secci\u00f3n Requisitos de la aplicaci\u00f3n --> <\/p>\n<div style='flex: 1 1 250px; min-width: 280px;'>\n<div style='padding: 15px; border: 1px solid rgba(150&comma;150&comma;150&comma;0.4); border-radius: 8px; margin-bottom: 20px;'>\n<div style='font-weight: bold; font-size: 18px; padding: 15px; border-bottom: 1px solid rgba(150&comma;150&comma;150&comma;0.2); color: inherit;'>Requisitos de la aplicaci\u00f3n<\/div>\n<div style='padding: 15px;'>\n<ul style='padding-left: 20px; margin: 0; list-style-type: disc; font-size: 14px; color: inherit;'>\n<li style='margin-bottom: 8px;'><strong>Red UniFi:<\/strong> Versi\u00f3n 8.5.6 y posteriores<\/li>\n<\/ul><\/div>\n<\/p><\/div>\n<\/p><\/div>\n<p> <!-- Secci\u00f3n Capa 2 --> <\/p>\n<div style='flex: 1 1 250px; min-width: 280px;'>\n<div style='padding: 15px; border: 1px solid rgba(150&comma;150&comma;150&comma;0.4); border-radius: 8px; margin-bottom: 20px;'>\n<div style='font-weight: bold; font-size: 18px; padding: 15px; border-bottom: 1px solid rgba(150&comma;150&comma;150&comma;0.2); color: inherit;'>Caracter\u00edsticas de la capa 2<\/div>\n<div style='padding: 15px;'>\n<ul style='padding-left: 20px; margin: 0; list-style-type: disc; font-size: 14px; color: inherit;'>\n<li style='margin-bottom: 8px;'>Inspecci\u00f3n IGMP<\/li>\n<li style='margin-bottom: 8px;'>STP\/RSTP con prioridades y desactivaci\u00f3n a nivel de puerto<\/li>\n<li style='margin-bottom: 8px;'>Aislamiento de puertos<\/li>\n<li style='margin-bottom: 8px;'>Control de tormentas<\/li>\n<li style='margin-bottom: 8px;'>VLAN de voz<\/li>\n<li style='margin-bottom: 8px;'>Duplicaci\u00f3n de puertos<\/li>\n<li style='margin-bottom: 8px;'>Agregaci\u00f3n de puertos LACP<\/li>\n<li style='margin-bottom: 8px;'>Limitaci\u00f3n de velocidad de multidifusi\u00f3n\/difusi\u00f3n<\/li>\n<li style='margin-bottom: 8px;'>Bloqueo de direcciones MAC<\/li>\n<li style='margin-bottom: 8px;'>Control de flujo<\/li>\n<li style='margin-bottom: 8px;'>Tramas gigantes<\/li>\n<li style='margin-bottom: 8px;'>Protecci\u00f3n de bucles patentada<\/li>\n<li style='margin-bottom: 8px;'>Inspecci\u00f3n\/protecci\u00f3n DHCP<\/li>\n<li style='margin-bottom: 8px;'>L\u00edmite de velocidad de salida<\/li>\n<li style='margin-bottom: 8px;'>LLDP-MED<\/li>\n<li style='margin-bottom: 8px;'>Puerto restringido por MAC<\/li>\n<li style='margin-bottom: 8px;'>Aislamiento de dispositivos con ACL<\/li>\n<li style='margin-bottom: 8px;'>Compatibilidad con MC-LAG<\/li>\n<\/ul><\/div>\n<\/p><\/div>\n<\/p><\/div>\n<p> <!-- Secci\u00f3n Capa 3 --> <\/p>\n<div style='flex: 1 1 250px; min-width: 280px;'>\n<div style='padding: 15px; border: 1px solid rgba(150&comma;150&comma;150&comma;0.4); border-radius: 8px; margin-bottom: 20px;'>\n<div style='font-weight: bold; font-size: 18px; padding: 15px; border-bottom: 1px solid rgba(150&comma;150&comma;150&comma;0.2); color: inherit;'>Caracter\u00edsticas de la capa 3<\/div>\n<div style='padding: 15px;'>\n<ul style='padding-left: 20px; margin: 0; list-style-type: disc; font-size: 14px; color: inherit;'>\n<li style='margin-bottom: 8px;'>DHCP para redes administradas localmente<\/li>\n<li style='margin-bottom: 8px;'>Retransmisi\u00f3n DHCP<\/li>\n<li style='margin-bottom: 8px;'>Enrutamiento entre VLAN entre redes en el mismo conmutador<\/li>\n<li style='margin-bottom: 8px;'>Enrutamiento est\u00e1tico entre redes locales<\/li>\n<li style='margin-bottom: 8px;'>Conmutaci\u00f3n por error autom\u00e1tica (VRRP)*<\/li>\n<li style='margin-top: 10px; font-size: 12px; color: inherit; opacity: 0.7;'>*El soporte est\u00e1 programado para la pr\u00f3xima versi\u00f3n de la aplicaci\u00f3n de red UniFi.<\/li>\n<\/ul><\/div>\n<\/p><\/div>\n<\/p><\/div>\n<\/p><\/div>\n<\/p><\/div>\n<p> <!-- Contenido del paquete --> <\/p>\n<div style='margin: 30px 0;'>\n<h3 style='font-size: 18px; border-bottom: 2px solid currentColor; padding-bottom: 5px; margin-top: 0; color: inherit; opacity: 0.8;'>Contenido del paquete<\/h3>\n<div style='margin-top: 20px;'> <img style='width: 100%; height: auto; border: 1px solid rgba(150&comma;150&comma;150&comma;0.3); border-radius: 8px;' src='https:\/\/images.svc.ui.com\/?u=https%3A%2F%2Fcdn.ecomm.ui.com%2Fproducts%2F82c1c564-0e08-4b27-a7b9-95729cca00bd%2Faec50b98-1a81-45a4-bffc-5f2f5ba2003a.png&#038;q=75&#038;w=3840' alt=''> <\/div>\n<\/p><\/div>\n<p> <!-- Separador final --> <\/p>\n<hr style='border: 0; border-top: 1px solid rgba(150&comma; 150&comma; 150&comma; 0.3); margin: 30px 0;'> <\/div>\n","protected":false},"excerpt":{"rendered":"<p>UniFi Switch Enterprise Campus Aggregation, Capa 3, 48 puertos Etherlighting SFP28 de 25G, 6 puertos QSFP28 de 100G, 5 abanicos, ruteo din\u00e1mico BGP, doble fuente redundante, alta disponibilidad, enlace multichasis (MC-LAG)<\/p>\n","protected":false},"featured_media":83726,"comment_status":"open","ping_status":"closed","template":"","meta":[],"product_brand":[],"product_cat":[1970],"product_tag":[664,1971,166],"class_list":{"0":"post-83727","1":"product","2":"type-product","3":"status-publish","4":"has-post-thumbnail","6":"product_cat-switches","7":"product_tag-networking","8":"product_tag-switches","9":"product_tag-ubiquiti","11":"first","12":"instock","13":"sale","14":"shipping-taxable","15":"purchasable","16":"product-type-simple"},"_links":{"self":[{"href":"https:\/\/soydeaqui.ddns.net\/pachuca\/index.php\/wp-json\/wp\/v2\/product\/83727","targetHints":{"allow":["GET"]}}],"collection":[{"href":"https:\/\/soydeaqui.ddns.net\/pachuca\/index.php\/wp-json\/wp\/v2\/product"}],"about":[{"href":"https:\/\/soydeaqui.ddns.net\/pachuca\/index.php\/wp-json\/wp\/v2\/types\/product"}],"replies":[{"embeddable":true,"href":"https:\/\/soydeaqui.ddns.net\/pachuca\/index.php\/wp-json\/wp\/v2\/comments?post=83727"}],"wp:featuredmedia":[{"embeddable":true,"href":"https:\/\/soydeaqui.ddns.net\/pachuca\/index.php\/wp-json\/wp\/v2\/media\/83726"}],"wp:attachment":[{"href":"https:\/\/soydeaqui.ddns.net\/pachuca\/index.php\/wp-json\/wp\/v2\/media?parent=83727"}],"wp:term":[{"taxonomy":"product_brand","embeddable":true,"href":"https:\/\/soydeaqui.ddns.net\/pachuca\/index.php\/wp-json\/wp\/v2\/product_brand?post=83727"},{"taxonomy":"product_cat","embeddable":true,"href":"https:\/\/soydeaqui.ddns.net\/pachuca\/index.php\/wp-json\/wp\/v2\/product_cat?post=83727"},{"taxonomy":"product_tag","embeddable":true,"href":"https:\/\/soydeaqui.ddns.net\/pachuca\/index.php\/wp-json\/wp\/v2\/product_tag?post=83727"}],"curies":[{"name":"wp","href":"https:\/\/api.w.org\/{rel}","templated":true}]}}