{"id":8372,"date":"2026-03-18T07:08:22","date_gmt":"2026-03-18T07:08:22","guid":{"rendered":"https:\/\/soydeaqui.ddns.net\/pachuca\/index.php\/producto\/detector-de-rayo-fotoelectrico-3-rayos-4-frecuencias-100mts-exterior-alimentacion-12-24-vcc-2\/"},"modified":"2026-03-18T07:08:22","modified_gmt":"2026-03-18T07:08:22","slug":"detector-de-rayo-fotoelectrico-3-rayos-4-frecuencias-100mts-exterior-alimentacion-12-24-vcc-2","status":"publish","type":"product","link":"https:\/\/soydeaqui.ddns.net\/pachuca\/index.php\/producto\/detector-de-rayo-fotoelectrico-3-rayos-4-frecuencias-100mts-exterior-alimentacion-12-24-vcc-2\/","title":{"rendered":"Detector de rayo fotoel\u00e9ctrico \/ 3 rayos \/ 4 frecuencias \/ 100mts exterior \/ Alimentacion 12-24 Vcc"},"content":{"rendered":"<div style='width: 100%; max-width: 1200px; margin: 0 auto; font-family: sans-serif; line-height: 1.6; color: inherit; background-color: transparent;'> <!-- Imagen principal --> <\/p>\n<div style='margin: 0 auto; max-width: 500px;'> <img style='width: 100%; height: auto; border: 1px solid rgba(150&comma;150&comma;150&comma;0.3); border-radius: 8px; display: block;' src='https:\/\/pcoax.com.mx\/img\/m\/139.jpg' alt=''> <\/div>\n<p> <!-- Descripci\u00f3n --> <\/p>\n<div style='margin-top: 30px; font-size: 15px;'>\n<p style='text-align: justify;'>Toda la serie de detectores fotoel\u00e9ctricos de S FIRE\u00ae cuentan con un exclusivo dise\u00f1o de la cubierta que evita falsas alarmas por lluvia&comma; nieve y reflejos producidos por el sol. Los canales de rayo fotoel\u00e9ctricos son digitales lo que permite una perfecta sincronizaci\u00f3n entre el trasmisor y el receptor&comma; evitando falsas alarmas por interferencias o equipos similares&comma; un ajuste que garantiza el correcto funcionamiento&comma; mediante LED indicador.<\/p>\n<p style='text-align: justify;'>Los modelos SFE le brindan mayor nivel de seguridad ya que ofrecen una protecci\u00f3n con 3 rayos infrarrojos los cuales tiene que ser obstruidos simult\u00e1neamente para generar alarma.<\/p>\n<\/p><\/div>\n<p> <!-- Imagen 2 --> <\/p>\n<div style='margin: 30px auto; max-width: 1200px;'> <img style='width: 100%; height: auto; border: 1px solid rgba(150&comma;150&comma;150&comma;0.3); border-radius: 8px;' src='https:\/\/i.ibb.co\/Tm80Rt4\/Captura.png' alt=''> <\/div>\n<p> <!-- Secci\u00f3n de caracter\u00edsticas --> <\/p>\n<div style='display: flex; flex-wrap: wrap; gap: 30px; margin-top: 30px;'>\n<div style='flex: 1 1 300px; min-width: 280px;'>\n<h3 style='font-size: 22px; border-bottom: 2px solid currentColor; padding-bottom: 5px; margin-top: 0; color: inherit; opacity: 0.8;'>Caracter\u00edsticas principales<\/h3>\n<ul style='padding-left: 20px; font-size: 15px; color: inherit;'>\n<li style='margin-bottom: 5px;'>Distancia en interior sin tapa: 300m<\/li>\n<li style='margin-bottom: 5px;'>Distancia en exterior: 100m<\/li>\n<li style='margin-bottom: 5px;'>Tiempo de respuesta: 50&comma; 100&comma; 300 y 700 milisegundos<\/li>\n<li style='margin-bottom: 5px;'>Salida de alarma: Relay tipo C<\/li>\n<\/ul><\/div>\n<div style='flex: 1 1 300px; min-width: 280px;'>\n<h3 style='font-size: 22px; border-bottom: 2px solid currentColor; padding-bottom: 5px; margin-top: 0; color: inherit; opacity: 0.8;'>Caracter\u00edsticas F\u00edsicas y El\u00e9ctricas<\/h3>\n<ul style='padding-left: 20px; font-size: 15px; color: inherit;'>\n<li style='margin-bottom: 5px;'>Alimentaci\u00f3n: 12- 24 Vcc 11-18 Vca<\/li>\n<li style='margin-bottom: 5px;'>Consumo: 100 MA<\/li>\n<li style='margin-bottom: 5px;'>Tamper: Normalmente cerrado<\/li>\n<li style='margin-bottom: 5px;'>Temperatura de operaci\u00f3n: -25 a 55 oC<\/li>\n<li style='margin-bottom: 5px;'>Humedad: 95%<\/li>\n<li style='margin-bottom: 5px;'>Clasificaci\u00f3n IP: IP65<\/li>\n<li style='margin-bottom: 5px;'>Dimensiones: 92 x 90.5 x 290.8 mm<\/li>\n<\/ul><\/div>\n<div style='flex: 1 1 300px; min-width: 280px;'>\n<h3 style='font-size: 22px; border-bottom: 2px solid currentColor; padding-bottom: 5px; margin-top: 0; color: inherit; opacity: 0.8;'>Caracter\u00edsticas Destacadas<\/h3>\n<ul style='padding-left: 20px; font-size: 15px; color: inherit;'>\n<li style='margin-bottom: 5px;'>Montaje: Poste o pared<\/li>\n<li style='margin-bottom: 5px;'>Peso: 1.0 kg<\/li>\n<li style='margin-bottom: 5px;'>1 a\u00f1o de garant\u00eda<\/li>\n<li style='margin-bottom: 5px;'>Cableado<\/li>\n<\/ul>\n<h3 style='font-size: 22px; border-bottom: 2px solid currentColor; padding-bottom: 5px; margin-top: 20px; color: inherit; opacity: 0.8;'>Incluye<\/h3>\n<ul style='padding-left: 20px; font-size: 15px; color: inherit;'>\n<li style='margin-bottom: 5px;'>1 SFE100<\/li>\n<li style='margin-bottom: 5px;'>1SFALINEA<\/li>\n<\/ul><\/div>\n<\/p><\/div>\n<p> <!-- Separador --> <\/p>\n<hr style='border: 0; border-top: 1px solid rgba(150&comma; 150&comma; 150&comma; 0.3); margin: 30px 0;'> <!-- Imagen 3 --> <\/p>\n<div style='margin: 30px auto; max-width: 1200px;'> <img style='width: 100%; height: auto; border: 1px solid rgba(150&comma;150&comma;150&comma;0.3); border-radius: 8px;' src='https:\/\/i.ibb.co\/HBSzMtY\/Captura3.png' alt=''> <\/div>\n<\/p><\/div>\n","protected":false},"excerpt":{"rendered":"<p>Detector de rayo fotoel\u00e9ctrico \/ 3 rayos \/ 4 frecuencias \/ 100mts exterior \/ Alimentacion 12-24 Vcc<\/p>\n","protected":false},"featured_media":8371,"comment_status":"open","ping_status":"closed","template":"","meta":[],"product_brand":[],"product_cat":[232],"product_tag":[19,233,79],"class_list":{"0":"post-8372","1":"product","2":"type-product","3":"status-publish","4":"has-post-thumbnail","6":"product_cat-fotoelectricos-y-microondas","7":"product_tag-detectores-sensores","8":"product_tag-fotoelectricos-y-microondas","9":"product_tag-sfire","11":"first","12":"instock","13":"sale","14":"shipping-taxable","15":"purchasable","16":"product-type-simple"},"_links":{"self":[{"href":"https:\/\/soydeaqui.ddns.net\/pachuca\/index.php\/wp-json\/wp\/v2\/product\/8372","targetHints":{"allow":["GET"]}}],"collection":[{"href":"https:\/\/soydeaqui.ddns.net\/pachuca\/index.php\/wp-json\/wp\/v2\/product"}],"about":[{"href":"https:\/\/soydeaqui.ddns.net\/pachuca\/index.php\/wp-json\/wp\/v2\/types\/product"}],"replies":[{"embeddable":true,"href":"https:\/\/soydeaqui.ddns.net\/pachuca\/index.php\/wp-json\/wp\/v2\/comments?post=8372"}],"wp:featuredmedia":[{"embeddable":true,"href":"https:\/\/soydeaqui.ddns.net\/pachuca\/index.php\/wp-json\/wp\/v2\/media\/8371"}],"wp:attachment":[{"href":"https:\/\/soydeaqui.ddns.net\/pachuca\/index.php\/wp-json\/wp\/v2\/media?parent=8372"}],"wp:term":[{"taxonomy":"product_brand","embeddable":true,"href":"https:\/\/soydeaqui.ddns.net\/pachuca\/index.php\/wp-json\/wp\/v2\/product_brand?post=8372"},{"taxonomy":"product_cat","embeddable":true,"href":"https:\/\/soydeaqui.ddns.net\/pachuca\/index.php\/wp-json\/wp\/v2\/product_cat?post=8372"},{"taxonomy":"product_tag","embeddable":true,"href":"https:\/\/soydeaqui.ddns.net\/pachuca\/index.php\/wp-json\/wp\/v2\/product_tag?post=8372"}],"curies":[{"name":"wp","href":"https:\/\/api.w.org\/{rel}","templated":true}]}}