{"id":83703,"date":"2026-03-19T20:19:10","date_gmt":"2026-03-19T20:19:10","guid":{"rendered":"https:\/\/soydeaqui.ddns.net\/pachuca\/index.php\/producto\/punto-de-acceso-ekit-wi-fi-6-para-techo-o-pared-hasta-128-clientes-2-9-gbps-mu-mimo-2x2-1-puerto-gigabit-smart-antenna-20-mas-de-cobertura-libre-de-licenciamiento\/"},"modified":"2026-03-19T20:19:24","modified_gmt":"2026-03-19T20:19:24","slug":"punto-de-acceso-ekit-wi-fi-6-para-techo-o-pared-hasta-128-clientes-2-9-gbps-mu-mimo-2x2-1-puerto-gigabit-smart-antenna-20-mas-de-cobertura-libre-de-licenciamiento","status":"publish","type":"product","link":"https:\/\/soydeaqui.ddns.net\/pachuca\/index.php\/producto\/punto-de-acceso-ekit-wi-fi-6-para-techo-o-pared-hasta-128-clientes-2-9-gbps-mu-mimo-2x2-1-puerto-gigabit-smart-antenna-20-mas-de-cobertura-libre-de-licenciamiento\/","title":{"rendered":"Punto de Acceso eKit Wi-Fi 6 Para techo o pared \/ Hasta 128 clientes \/ 2.9 Gbps \/MU-MIMO 2&#215;2 \/ 1 Puerto Gigabit \/ Smart Antenna 20% m\u00e1s de cobertura \/ Libre de licenciamiento"},"content":{"rendered":"<div style='width: 100%; max-width: 1200px; margin: 0 auto; font-family: sans-serif; line-height: 1.6; color: inherit; background-color: transparent;'> <!-- Video principal --> <\/p>\n<div style='position: relative; padding-bottom: 56.25%; height: 0; overflow: hidden; margin-bottom: 30px;'> <video style='position: absolute; top: 0; left: 0; width: 100%; height: 100%; border: 1px solid rgba(150&comma;150&comma;150&comma;0.3); border-radius: 8px;' src='https:\/\/ftp3.syscom.mx\/usuarios\/axel\/Huawei\/eKit\/AP362E\/HUAWEI%20eKitEngine%20AP362E.mp4' autoplay muted loop playsinline><\/video> <\/div>\n<p> <!-- Secci\u00f3n principal --> <\/p>\n<div style='display: flex; flex-wrap: wrap; gap: 30px; margin-bottom: 30px;'>\n<div style='flex: 1 1 300px; min-width: 280px;'>\n<h3 style='font-size: 22px; border-bottom: 2px solid currentColor; padding-bottom: 5px; margin-top: 0; color: inherit; opacity: 0.8;'>Descripci\u00f3n general<\/h3>\n<p style='font-size: 15px; color: inherit; text-align: justify;'> El Huawei eKitEngine AP362E es un punto de acceso Wi-Fi 6 para interiores que alcanza hasta 2&comma;975 Gbps en bandas de 2.4 y 5 GHz. Su dise\u00f1o circular compacto se adapta a cualquier entorno y permite la instalaci\u00f3n en pared o techo. Ideal para PYMES&comma; hoteles&comma; comercios y escuelas&comma; puede gestionarse f\u00e1cilmente desde EasyWeb&comma; WAC o la app Huawei eKit para una administraci\u00f3n local o remota simplificada. <\/p>\n<\/p><\/div>\n<\/p><\/div>\n<p> <!-- Secci\u00f3n de cards con especificaciones --> <\/p>\n<div style='display: flex; flex-wrap: wrap; gap: 20px; margin-bottom: 30px;'> <!-- Caracter\u00edsticas principales --> <\/p>\n<div style='flex: 1 1 250px; border: 1px solid rgba(150&comma; 150&comma; 150&comma; 0.4); border-radius: 8px; overflow: hidden; display: flex; flex-direction: column;'>\n<div style='padding: 15px; border-bottom: 1px solid rgba(150&comma; 150&comma; 150&comma; 0.2); font-weight: bold; font-size: 18px; color: inherit;'>Caracter\u00edsticas principales<\/div>\n<div style='padding: 15px; color: inherit;'>\n<ul style='padding-left: 20px; margin: 0; font-size: 14px; list-style-type: disc;'>\n<li style='margin-bottom: 5px;'>(1) Puerto Ethernet PoE in 10\/100\/1000 Mbps<\/li>\n<li style='margin-bottom: 5px;'>(1) Bot\u00f3n de reset<\/li>\n<li style='margin-bottom: 5px;'><strong>Modo de operaci\u00f3n<\/strong>: Punto de Acceso<\/li>\n<li style='margin-bottom: 5px;'><strong>Frecuencias<\/strong>: 2.4 y 5 GHz<\/li>\n<li style='margin-bottom: 5px;'>MU-MIMO 2&#215;2<\/li>\n<li style='margin-bottom: 5px;'><strong>Ganancia<\/strong>: 2.4 GHz 4 dBi \/ 5 GHz 5 dBi<\/li>\n<li style='margin-bottom: 5px;'><strong>Potencia<\/strong>: 2.4 GHz 23 dBm \/ 5 GHz 23 dBm<\/li>\n<li style='margin-bottom: 5px;'><strong>Seguridad Inal\u00e1mbrica<\/strong>: WEP&comma; WPA\/WPA2-PSK&comma; WPA3-SAE&comma; WPA\/WPA2-PPSK&comma; y WPA\/WPA2\/WPA3-802.1X<\/li>\n<li style='margin-bottom: 5px;'><strong>Gesti\u00f3n<\/strong>: interfaz web&comma; CLI&comma; nube&comma; APP o controladora f\u00edsica<\/li>\n<li style='margin-bottom: 5px;'><strong>Cantidad de clientes<\/strong>: 128 m\u00e1ximo&comma; 100 recomendado<\/li>\n<li style='margin-bottom: 5px;'><strong>Cobertura<\/strong>: Hasta 20 metros de radio<\/li>\n<\/ul><\/div>\n<\/p><\/div>\n<p> <!-- Caracter\u00edsticas f\u00edsicas y el\u00e9ctricas --> <\/p>\n<div style='flex: 1 1 250px; border: 1px solid rgba(150&comma; 150&comma; 150&comma; 0.4); border-radius: 8px; overflow: hidden; display: flex; flex-direction: column;'>\n<div style='padding: 15px; border-bottom: 1px solid rgba(150&comma; 150&comma; 150&comma; 0.2); font-weight: bold; font-size: 18px; color: inherit;'>Caracter\u00edsticas f\u00edsicas y el\u00e9ctricas<\/div>\n<div style='padding: 15px; color: inherit;'>\n<ul style='padding-left: 20px; margin: 0; font-size: 14px; list-style-type: disc;'>\n<li style='margin-bottom: 5px;'><strong>Doble banda<\/strong>: 2.4 y 5 GHz<\/li>\n<li style='margin-bottom: 5px;'><strong>N\u00famero de SSIDs:<\/strong> 16<\/li>\n<li style='margin-bottom: 5px;'><strong>Alimentaci\u00f3n<\/strong>: PoE: 802.3af (No incluido&comma; se recomienda el modelo: <a href='https:\/\/www.syscom.pro\/products\/228206\/5600620' style='color: inherit; text-decoration: underline;'>AD-560062T0E<\/a>)<\/li>\n<li style='margin-bottom: 5px;'><strong>Dimensiones<\/strong>: \u03a6180 mm x 35 mm<\/li>\n<li style='margin-bottom: 5px;'><strong>Peso<\/strong>: 0.45 kg<\/li>\n<li style='margin-bottom: 5px;'><strong>Consumo m\u00e1ximo<\/strong>: 9.4 W<\/li>\n<li style='margin-bottom: 5px;'><strong>Temperatura de operaci\u00f3n<\/strong>: \u20130\u00b0C a +40\u00b0C<\/li>\n<li style='margin-bottom: 5px;'><strong>Humedad de operaci\u00f3n<\/strong>: 5% a 95% (No condensado)<\/li>\n<\/ul><\/div>\n<\/p><\/div>\n<p> <!-- Funciones avanzadas --> <\/p>\n<div style='flex: 1 1 250px; border: 1px solid rgba(150&comma; 150&comma; 150&comma; 0.4); border-radius: 8px; overflow: hidden; display: flex; flex-direction: column;'>\n<div style='padding: 15px; border-bottom: 1px solid rgba(150&comma; 150&comma; 150&comma; 0.2); font-weight: bold; font-size: 18px; color: inherit;'>Funciones avanzadas<\/div>\n<div style='padding: 15px; color: inherit;'>\n<ul style='padding-left: 20px; margin: 0; font-size: 14px; list-style-type: disc;'>\n<li style='margin-bottom: 5px;'>Smart Antenna (Hasta 20% m\u00e1s cobertura)<\/li>\n<li style='margin-bottom: 5px;'>Beamforming<\/li>\n<li style='margin-bottom: 5px;'>Bandsteering<\/li>\n<li style='margin-bottom: 5px;'>Optimizaci\u00f3n de Wi-Fi basada en IA<\/li>\n<li style='margin-bottom: 5px;'>Aislamiento de clientes<\/li>\n<li style='margin-bottom: 5px;'>Escaneo autom\u00e1tico de canales para mitigar interferencias<\/li>\n<li style='margin-bottom: 5px;'>Smart y fast Roaming<\/li>\n<li style='margin-bottom: 5px;'>Horarios de Wi-Fi<\/li>\n<li style='margin-bottom: 5px;'>Resoluci\u00f3n de problemas con IA desde nube SNC<\/li>\n<li style='margin-bottom: 5px;'>Soporta redes MESH<\/li>\n<\/ul><\/div>\n<\/p><\/div>\n<p> <!-- Contenido del paquete --> <\/p>\n<div style='flex: 1 1 250px; border: 1px solid rgba(150&comma; 150&comma; 150&comma; 0.4); border-radius: 8px; overflow: hidden; display: flex; flex-direction: column;'>\n<div style='padding: 15px; border-bottom: 1px solid rgba(150&comma; 150&comma; 150&comma; 0.2); font-weight: bold; font-size: 18px; color: inherit;'>Contenido del paquete<\/div>\n<div style='padding: 15px; color: inherit;'>\n<ul style='padding-left: 20px; margin: 0; font-size: 14px; list-style-type: disc;'>\n<li style='margin-bottom: 5px;'>(1) Punto de acceso AP362E<\/li>\n<li style='margin-bottom: 5px;'>(3) Tornillos<\/li>\n<li style='margin-bottom: 5px;'>(3) Taquetes<\/li>\n<li style='margin-bottom: 5px;'>(1) Montaje para techo o pared<\/li>\n<\/ul>\n<div style='margin-top: 15px; font-weight: bold; font-size: 16px; color: inherit;'>Accesorios opcionales:<\/div>\n<ul style='padding-left: 20px; margin-top: 8px; font-size: 14px; list-style-type: disc;'>\n<li style='margin-bottom: 5px;'><a href='https:\/\/www.syscom.pro\/products\/228206\/5600620' style='color: inherit; text-decoration: underline;'>Inyector PoE: AD-560062T0E<\/a><\/li>\n<\/ul><\/div>\n<\/p><\/div>\n<\/p><\/div>\n<p> <!-- Secci\u00f3n de im\u00e1genes y contenido adicional --> <\/p>\n<div style='display: flex; flex-wrap: wrap; gap: 30px; margin-bottom: 30px;'>\n<div style='flex: 1 1 300px; min-width: 280px;'> <img style='width: 100%; height: auto; border: 1px solid rgba(150&comma;150&comma;150&comma;0.3); border-radius: 8px;' src='http:\/\/ftp3.syscom.mx\/usuarios\/ftp\/2025\/10\/22\/1971\/Captura_de_pantalla_20251022_a_la_s__3.25.31p.m..png_froala_68f94bdf8e1b2' alt=''> <\/div>\n<div style='flex: 1 1 300px; min-width: 280px;'>\n<h3 style='font-size: 22px; border-bottom: 2px solid currentColor; padding-bottom: 5px; margin-top: 0; color: inherit; opacity: 0.8;'>Smart Antenna<\/h3>\n<p style='font-size: 15px; color: inherit; text-align: justify;'> La funci\u00f3n Smart Antenna incluida en este punto de acceso es una caracter\u00edstica avanzada de antenaje que mejora la cobertura&comma; precisi\u00f3n y eficiencia de la se\u00f1al inal\u00e1mbrica&comma; ganando hasta un 20% m\u00e1s de cobertura. <\/p>\n<\/p><\/div>\n<\/p><\/div>\n<div style='display: flex; flex-wrap: wrap; gap: 30px; margin-bottom: 30px;'>\n<div style='flex: 1 1 300px; min-width: 280px;'>\n<h3 style='font-size: 22px; border-bottom: 2px solid currentColor; padding-bottom: 5px; margin-top: 0; color: inherit; opacity: 0.8;'>Roaming continuo con cero p\u00e9rdida de paquetes<\/h3>\n<p style='font-size: 15px; color: inherit; text-align: justify;'> Garantiza una conexi\u00f3n ininterrumpida al desplazarse entre puntos de acceso&comma; con transferencias ultrarr\u00e1pidas menores a 50 ms. Su gesti\u00f3n avanzada de roaming optimiza el cambio de red para mantener la mejor calidad de enlace en todo momento. <\/p>\n<\/p><\/div>\n<div style='flex: 1 1 300px; min-width: 280px;'> <img style='width: 100%; height: auto; border: 1px solid rgba(150&comma;150&comma;150&comma;0.3); border-radius: 8px;' src='http:\/\/ftp3.syscom.mx\/usuarios\/ftp\/2025\/10\/22\/1971\/Captura_de_pantalla_20251022_a_la_s__8.13.07a.m..png_froala_68f8e6889602d' alt=''> <\/div>\n<\/p><\/div>\n<div style='display: flex; flex-wrap: wrap; gap: 30px; margin-bottom: 30px;'>\n<div style='flex: 1 1 300px; min-width: 280px;'> <img style='width: 100%; height: auto; border: 1px solid rgba(150&comma;150&comma;150&comma;0.3); border-radius: 8px;' src='http:\/\/ftp3.syscom.mx\/usuarios\/ftp\/2025\/10\/22\/1971\/Captura_de_pantalla_20251022_a_la_s__8.18.55a.m..png_froala_68f8e7db2e543' alt=''> <\/div>\n<div style='flex: 1 1 300px; min-width: 280px;'>\n<h3 style='font-size: 22px; border-bottom: 2px solid currentColor; padding-bottom: 5px; margin-top: 0; color: inherit; opacity: 0.8;'>Encriptaci\u00f3n WPA3: El cifrado m\u00e1s potente<\/h3>\n<p style='font-size: 15px; color: inherit; text-align: justify;'> Ofrece m\u00e1xima protecci\u00f3n de red mediante protocolos avanzados de seguridad y cifrado. Incorpora WPA3&comma; que mejora la protecci\u00f3n de la conexi\u00f3n inal\u00e1mbrica&comma; y WPA3-Enterprise con cifrado de 192 bits&comma; brindando un nivel superior de defensa frente a accesos no autorizados. <\/p>\n<\/p><\/div>\n<\/p><\/div>\n<div style='display: flex; flex-wrap: wrap; gap: 30px; margin-bottom: 30px;'>\n<div style='flex: 1 1 300px; min-width: 280px;'>\n<h3 style='font-size: 22px; border-bottom: 2px solid currentColor; padding-bottom: 5px; margin-top: 0; color: inherit; opacity: 0.8;'>Optimizaci\u00f3n inteligente impulsada por IA<\/h3>\n<p style='font-size: 15px; color: inherit; text-align: justify;'> Capaz de ajustar autom\u00e1ticamente los par\u00e1metros de red. Su algoritmo exclusivo de calibraci\u00f3n de radio realiza una sintonizaci\u00f3n precisa de potencia y frecuencia con un solo clic&comma; reduciendo interferencias y fortaleciendo la se\u00f1al para un rendimiento inal\u00e1mbrico superior. <\/p>\n<\/p><\/div>\n<div style='flex: 1 1 300px; min-width: 280px;'> <img style='width: 100%; height: auto; border: 1px solid rgba(150&comma;150&comma;150&comma;0.3); border-radius: 8px;' src='http:\/\/ftp3.syscom.mx\/usuarios\/ftp\/2025\/10\/22\/1971\/Captura_de_pantalla_20251022_a_la_s__8.31.01a.m..png_froala_68f8eaadaeef4' alt=''> <\/div>\n<\/p><\/div>\n<div style='display: flex; flex-wrap: wrap; gap: 30px; margin-bottom: 30px;'>\n<div style='flex: 1 1 300px; min-width: 280px;'> <img style='width: 100%; height: auto; border: 1px solid rgba(150&comma;150&comma;150&comma;0.3); border-radius: 8px;' src='http:\/\/ftp3.syscom.mx\/usuarios\/ftp\/2025\/10\/22\/1971\/Captura_de_pantalla_20251022_a_la_s__8.38.30a.m..png_froala_68f8ec6e89f6e' alt=''> <\/div>\n<div style='flex: 1 1 300px; min-width: 280px;'>\n<h3 style='font-size: 22px; border-bottom: 2px solid currentColor; padding-bottom: 5px; margin-top: 0; color: inherit; opacity: 0.8;'>L\u00edder de la industria tecnol\u00f3gica<\/h3>\n<p style='font-size: 15px; color: inherit; text-align: justify;'> Huawei se posiciona como l\u00edder en la industria Wi-Fi 6 y Wi-Fi 7&comma; con patentes l\u00edderes en dispositivos y un papel destacado en la formulaci\u00f3n de est\u00e1ndares y dise\u00f1o de chips. Sus equipos de red ofrecen compatibilidad con aplicaciones profesionales&comma; consolidando su influencia y confiabilidad en el sector tecnol\u00f3gico. <\/p>\n<\/p><\/div>\n<\/p><\/div>\n<div style='display: flex; flex-wrap: wrap; gap: 30px; margin-bottom: 30px;'>\n<div style='flex: 1 1 300px; min-width: 280px;'>\n<h3 style='font-size: 22px; border-bottom: 2px solid currentColor; padding-bottom: 5px; margin-top: 0; color: inherit; opacity: 0.8;'>Gesti\u00f3n flexible y remota sin costo<\/h3>\n<p style='font-size: 15px; color: inherit; text-align: justify;'> M\u00e9todos flexibles de gesti\u00f3n: desde la interfaz web&comma; APP (iOS\/Android\/Harmony OS) y desde la <a href='https:\/\/ekit.huawei.com\/#\/serve\/main?countryCode=MX&#038;lang=en' style='color: inherit; text-decoration: underline;'>nube SNC de Huawei eKit<\/a>. <\/p>\n<p style='font-size: 15px; color: inherit; text-align: justify;'> Comparta proyectos para clientes espec\u00edficos&comma; gestione y d\u00e9 soporte t\u00e9cnico de manera remota sin pagos extra&comma; ya que es totalmente gratuita la plataforma de eKit. <\/p>\n<\/p><\/div>\n<div style='flex: 1 1 300px; min-width: 280px;'> <img style='width: 100%; height: auto; border: 1px solid rgba(150&comma;150&comma;150&comma;0.3); border-radius: 8px;' src='http:\/\/ftp3.syscom.mx\/usuarios\/ftp\/2025\/10\/22\/1971\/1761144118408.png_froala_68f8ed37afdc6' alt=''> <\/div>\n<\/p><\/div>\n<div style='display: flex; flex-wrap: wrap; gap: 30px; margin-bottom: 30px;'>\n<div style='flex: 1 1 300px; min-width: 280px;'> <img style='width: 100%; height: auto; border: 1px solid rgba(150&comma;150&comma;150&comma;0.3); border-radius: 8px;' src='http:\/\/ftp3.syscom.mx\/usuarios\/ftp\/2025\/10\/22\/1971\/1761144251539.png_froala_68f8edbbcde2b' alt=''> <\/div>\n<div style='flex: 1 1 300px; min-width: 280px;'>\n<h3 style='font-size: 22px; border-bottom: 2px solid currentColor; padding-bottom: 5px; margin-top: 0; color: inherit; opacity: 0.8;'>Resoluci\u00f3n de problemas con IA<\/h3>\n<p style='font-size: 15px; color: inherit; text-align: justify;'> Lo importante del soporte t\u00e9cnico o solucionar problemas&comma; es hacerlo de manera r\u00e1pida y efectiva. Huawei viene a revolucionar esto con la funci\u00f3n de soluci\u00f3n de problemas impulsada por la IA (Inteligencia artificial)&comma; teniendo un diagn\u00f3stico de la red en sus diferentes par\u00e1metros en cuesti\u00f3n de minutos&comma; indicando problemas y posibles soluciones de cada uno de ellos. <\/p>\n<\/p><\/div>\n<\/p><\/div>\n<div style='display: flex; flex-wrap: wrap; gap: 30px; margin-bottom: 30px;'>\n<div style='flex: 1 1 300px; min-width: 280px;'>\n<h3 style='font-size: 22px; border-bottom: 2px solid currentColor; padding-bottom: 5px; margin-top: 0; color: inherit; opacity: 0.8;'>Planea y simula tu red Wi-Fi con precisi\u00f3n usando WLAN Planner<\/h3>\n<p style='font-size: 15px; color: inherit; text-align: justify;'> Para dimensionar una red Wi-Fi con un archivo entregable para el usuario final&comma; puedes utilizar la herramienta de planeaci\u00f3n <a href='https:\/\/sg.o3community.huawei.com\/sg\/en\/o3\/detail?activeIndex=undefined&#038;o3src=https:\/\/stm-sg.o3community.huawei.com\/stmo3\/en\/tool\/tool-details-extranet-o3-sxz%3Fid%3DGT2021113005' style='color: inherit; text-decoration: underline;'>WLAN Planner de Huawei<\/a>&comma; en la cual podr\u00e1s dibujar las paredes del sitio seg\u00fan su material para simular la cobertura que se tendr\u00e1 de acuerdo a los puntos de acceso Wi-Fi que selecciones. <\/p>\n<\/p><\/div>\n<div style='flex: 1 1 300px; min-width: 280px;'> <img style='width: 100%; height: auto; border: 1px solid rgba(150&comma;150&comma;150&comma;0.3); border-radius: 8px;' src='http:\/\/ftp3.syscom.mx\/usuarios\/ftp\/2025\/10\/22\/1971\/1761144341865.jpeg_froala_68f8ee16889ee' alt=''> <\/div>\n<\/p><\/div>\n<div style='display: flex; flex-wrap: wrap; gap: 30px; margin-bottom: 30px;'>\n<div style='flex: 1 1 300px; min-width: 280px;'> <img style='width: 100%; height: auto; border: 1px solid rgba(150&comma;150&comma;150&comma;0.3); border-radius: 8px;' src='http:\/\/ftp3.syscom.mx\/usuarios\/ftp\/2025\/10\/22\/1971\/1761144660933.png_froala_68f8ef55554a4' alt=''> <\/div>\n<div style='flex: 1 1 300px; min-width: 280px;'>\n<h3 style='font-size: 22px; border-bottom: 2px solid currentColor; padding-bottom: 5px; margin-top: 0; color: inherit; opacity: 0.8;'>Configura y gestiona tu red eKit desde la app m\u00f3vil<\/h3>\n<p style='font-size: 15px; color: inherit; text-align: justify;'> Con el siguiente c\u00f3digo QR puedes descargar la aplicaci\u00f3n de Huawei eKit en donde podr\u00e1s dar de alta equipos como: Routers&comma; Switch y puntos de acceso de la l\u00ednea eKit&comma; en cuesti\u00f3n de minutos y poder desplegar redes con la comodidad de su smartphone. Disponible para iOS&comma; Android y Harmony OS. <\/p>\n<\/p><\/div>\n<\/p><\/div>\n<p> <!-- Separador --> <\/p>\n<hr style='border: 0; border-top: 1px solid rgba(150&comma; 150&comma; 150&comma; 0.3); margin: 30px 0;'> <\/div>\n","protected":false},"excerpt":{"rendered":"<p>Punto de Acceso eKit Wi-Fi 6 Para techo o pared \/ Hasta 128 clientes \/ 2.9 Gbps \/MU-MIMO 2&#215;2 \/ 1 Puerto Gigabit \/ Smart Antenna 20% m\u00e1s de cobertura \/ Libre de licenciamiento<\/p>\n","protected":false},"featured_media":83702,"comment_status":"open","ping_status":"closed","template":"","meta":[],"product_brand":[],"product_cat":[1794],"product_tag":[718,1795,1479],"class_list":{"0":"post-83703","1":"product","2":"type-product","3":"status-publish","4":"has-post-thumbnail","6":"product_cat-puntos-de-acceso","7":"product_tag-huawei","8":"product_tag-puntos-de-acceso","9":"product_tag-redes-wifi","11":"first","12":"instock","13":"sale","14":"shipping-taxable","15":"purchasable","16":"product-type-simple"},"_links":{"self":[{"href":"https:\/\/soydeaqui.ddns.net\/pachuca\/index.php\/wp-json\/wp\/v2\/product\/83703","targetHints":{"allow":["GET"]}}],"collection":[{"href":"https:\/\/soydeaqui.ddns.net\/pachuca\/index.php\/wp-json\/wp\/v2\/product"}],"about":[{"href":"https:\/\/soydeaqui.ddns.net\/pachuca\/index.php\/wp-json\/wp\/v2\/types\/product"}],"replies":[{"embeddable":true,"href":"https:\/\/soydeaqui.ddns.net\/pachuca\/index.php\/wp-json\/wp\/v2\/comments?post=83703"}],"wp:featuredmedia":[{"embeddable":true,"href":"https:\/\/soydeaqui.ddns.net\/pachuca\/index.php\/wp-json\/wp\/v2\/media\/83702"}],"wp:attachment":[{"href":"https:\/\/soydeaqui.ddns.net\/pachuca\/index.php\/wp-json\/wp\/v2\/media?parent=83703"}],"wp:term":[{"taxonomy":"product_brand","embeddable":true,"href":"https:\/\/soydeaqui.ddns.net\/pachuca\/index.php\/wp-json\/wp\/v2\/product_brand?post=83703"},{"taxonomy":"product_cat","embeddable":true,"href":"https:\/\/soydeaqui.ddns.net\/pachuca\/index.php\/wp-json\/wp\/v2\/product_cat?post=83703"},{"taxonomy":"product_tag","embeddable":true,"href":"https:\/\/soydeaqui.ddns.net\/pachuca\/index.php\/wp-json\/wp\/v2\/product_tag?post=83703"}],"curies":[{"name":"wp","href":"https:\/\/api.w.org\/{rel}","templated":true}]}}