{"id":83696,"date":"2026-03-19T20:18:54","date_gmt":"2026-03-19T20:18:54","guid":{"rendered":"https:\/\/soydeaqui.ddns.net\/pachuca\/index.php\/producto\/punto-de-acceso-ekit-wi-fi-7-de-alta-densidad-mlo-13-66-gbps-tri-banda-puerto-uplink-de-5-gbps-smart-antenna-gestion-gratuita-desde-la-nube\/"},"modified":"2026-03-19T20:19:07","modified_gmt":"2026-03-19T20:19:07","slug":"punto-de-acceso-ekit-wi-fi-7-de-alta-densidad-mlo-13-66-gbps-tri-banda-puerto-uplink-de-5-gbps-smart-antenna-gestion-gratuita-desde-la-nube","status":"publish","type":"product","link":"https:\/\/soydeaqui.ddns.net\/pachuca\/index.php\/producto\/punto-de-acceso-ekit-wi-fi-7-de-alta-densidad-mlo-13-66-gbps-tri-banda-puerto-uplink-de-5-gbps-smart-antenna-gestion-gratuita-desde-la-nube\/","title":{"rendered":"Punto de acceso eKit Wi-Fi 7 de Alta Densidad \/ MLO \/ 13.66 Gbps \/ Tri-Banda \/ Puerto Uplink de 5 Gbps \/ Smart Antenna \/ Gesti\u00f3n Gratuita desde la Nube"},"content":{"rendered":"<div style='width: 100%; max-width: 1200px; margin: 0 auto; font-family: sans-serif; line-height: 1.6; color: inherit; background-color: transparent;'> <!-- Video principal --> <\/p>\n<div style='display: flex; flex-wrap: wrap; gap: 30px; align-items: center; border: 1px solid rgba(150&comma;150&comma;150&comma;0.3); border-radius: 12px; padding: 20px; margin-bottom: 30px;'>\n<div style='flex: 1 1 320px; min-width: 280px;'>\n<div style='position: relative; padding-bottom: 56.25%; height: 0; overflow: hidden;'> <video style='position: absolute; top: 0; left: 0; width: 100%; height: 100%; border: 1px solid rgba(150&comma;150&comma;150&comma;0.3); border-radius: 8px;' src='https:\/\/ftp3.syscom.mx\/usuarios\/axel\/Huawei\/eKit\/AP673\/HUAWEI%20eKitEngine%20AP673%20Wireless%20Access%20Point%20Product%20Introduction%20Video.mp4' autoplay muted loop playsinline><\/video> <\/div>\n<\/p><\/div>\n<\/p><\/div>\n<p> <!-- Secci\u00f3n principal --> <\/p>\n<div style='display: flex; flex-wrap: wrap; gap: 30px; align-items: center; border: 1px solid rgba(150&comma;150&comma;150&comma;0.3); border-radius: 12px; padding: 20px; margin-bottom: 30px;'>\n<div style='flex: 1 1 320px; min-width: 280px;'> <img style='width: 100%; height: auto; border: 1px solid rgba(150&comma;150&comma;150&comma;0.3); border-radius: 8px;' src='http:\/\/ftp3.syscom.mx\/usuarios\/ftp\/2026\/01\/14\/1971\/Captura_de_pantalla_20260114_a_la_s__10.14.21a.m..png_froala_6967c0ebf04f4' alt=''> <\/div>\n<div style='flex: 1 1 360px; min-width: 280px;'>\n<h2 style='font-size: 22px; margin-top: 0; margin-bottom: 10px; color: inherit;'>AP673 eKit: Potencia y eficiencia Wi-Fi 7 para cualquier espacio interior de alta densidad de usuarios<\/h2>\n<div style='margin-bottom: 15px; color: inherit; opacity: 0.8; font-weight: 500;'>Modelo: AP673<\/div>\n<p style='margin: 0; color: inherit; text-align: justify;'>El Huawei eKitEngine AP673 es un punto de acceso (AP) de nueva generaci\u00f3n para interiores que cumple con el est\u00e1ndar Wi-Fi 7 (802.11be). Admite ocho transmisiones espaciales en las bandas de frecuencia de 2&comma;4 GHz (2&#215;2 MIMO)&comma; 5 GHz (2&#215;2 MIMO) y 6 GHz (4&#215;4 MIMO)&comma; ofreciendo una velocidad de datos de hasta 13&comma;66 Gbps.<\/p>\n<\/p><\/div>\n<\/p><\/div>\n<p> <!-- Secci\u00f3n de especificaciones --> <\/p>\n<div style='display: flex; flex-wrap: wrap; gap: 20px; margin-bottom: 30px;'> <!-- Caracter\u00edsticas principales --> <\/p>\n<div style='flex: 1 1 250px; border: 1px solid rgba(150&comma;150&comma;150&comma;0.3); border-radius: 8px; overflow: hidden;'>\n<div style='padding: 15px; border-bottom: 1px solid rgba(150&comma;150&comma;150&comma;0.2); font-weight: bold; color: inherit; background-color: rgba(0&comma;0&comma;0&comma;0.05);'>Caracter\u00edsticas principales<\/div>\n<ul style='padding: 15px 20px; margin: 0; color: inherit; font-size: 14px; list-style-type: disc;'>\n<li style='margin-bottom: 5px;'>(1) Puerto Ethernet PoE in 10\/100\/1000\/2500 Mbps<\/li>\n<li style='margin-bottom: 5px;'>(1) Puerto RJ45 AUX 10\/100\/1000 Mbps<\/li>\n<li style='margin-bottom: 5px;'>(1) Puerto USB<\/li>\n<li style='margin-bottom: 5px;'>(1) Bot\u00f3n de reset<\/li>\n<li style='margin-bottom: 5px;'><strong>Modo de operaci\u00f3n<\/strong>: Punto de Acceso<\/li>\n<li style='margin-bottom: 5px;'><strong>Frecuencias<\/strong>: 2.4&comma; 5 GHz y 6 GHz<\/li>\n<li style='margin-bottom: 5px;'>MU-MIMO 2&#215;2 (2.5 y 5 GHz) \/ MU-MIMO 4&#215;4 (6 GHz)<\/li>\n<li style='margin-bottom: 5px;'><strong>Ganancia<\/strong>: 2.4 GHz 4 dBi \/ 5 GHz 5 dBi \/ 6 GHz 5 dBi<\/li>\n<li style='margin-bottom: 5px;'><strong>Potencia<\/strong>: 2.4 GHz 23 dBm \/ 5 GHz 23 dBm \/ 6 GHz 26 dBm<\/li>\n<li style='margin-bottom: 5px;'><strong>Seguridad Inal\u00e1mbrica<\/strong>: WEP&comma; WPA\/WPA2-PSK&comma; WPA3-SAE&comma; WPA\/WPA2-PPSK&comma; y WPA\/WPA2\/WPA3-802.1<\/li>\n<li style='margin-bottom: 5px;'><strong>Gesti\u00f3n<\/strong>: interfaz web&comma; CLI&comma; nube&comma; APP o controladora f\u00edsica<\/li>\n<li style='margin-bottom: 5px;'><strong>Cantidad de clientes<\/strong>: 1&comma;024 m\u00e1ximo&comma; 300 recomendado<\/li>\n<li style='margin-bottom: 5px;'><strong>Cobertura<\/strong>: Hasta 30 metros de radio<\/li>\n<\/ul><\/div>\n<p> <!-- Caracter\u00edsticas f\u00edsicas y el\u00e9ctricas --> <\/p>\n<div style='flex: 1 1 250px; border: 1px solid rgba(150&comma;150&comma;150&comma;0.3); border-radius: 8px; overflow: hidden;'>\n<div style='padding: 15px; border-bottom: 1px solid rgba(150&comma;150&comma;150&comma;0.2); font-weight: bold; color: inherit; background-color: rgba(0&comma;0&comma;0&comma;0.05);'>Caracter\u00edsticas f\u00edsicas y el\u00e9ctricas<\/div>\n<ul style='padding: 15px 20px; margin: 0; color: inherit; font-size: 14px; list-style-type: disc;'>\n<li style='margin-bottom: 5px;'><strong>Doble banda<\/strong>: 2.4&comma; 5 y 6 GHz<\/li>\n<li style='margin-bottom: 5px;'><strong>N\u00famero de SSIDs: 10<\/strong><\/li>\n<li style='margin-bottom: 5px;'><strong>Alimentaci\u00f3n<\/strong>: PoE 802.3af\/at (No incluido&comma; se recomienda el modelo: <a href='https:\/\/www.syscom.pro\/products\/228206\/5600620' style='color: inherit; text-decoration: underline;'>AD-560062T0E<\/a>) Corriente directa 12 v: (No incluido&comma; se recomienda el modelo: <a href='https:\/\/www.syscom.pro\/products\/77584' style='color: inherit; text-decoration: underline;'>PSD1202D<\/a>)<\/li>\n<li style='margin-bottom: 5px;'><strong>Dimensiones<\/strong>: \u03a6220 mm x 45 mm<\/li>\n<li style='margin-bottom: 5px;'><strong>Peso<\/strong>: 1.230 kg<\/li>\n<li style='margin-bottom: 5px;'><strong>Consumo m\u00e1ximo<\/strong>: 21.1 W (Excluyendo el puerto USB)<\/li>\n<li style='margin-bottom: 5px;'><strong>Temperatura de operaci\u00f3n<\/strong>: \u201310\u00b0C a +50\u00b0C<\/li>\n<li style='margin-bottom: 5px;'><strong>Humedad de operaci\u00f3n<\/strong>: 5% a 95% (No condensado)<\/li>\n<\/ul><\/div>\n<p> <!-- Funciones avanzadas --> <\/p>\n<div style='flex: 1 1 250px; border: 1px solid rgba(150&comma;150&comma;150&comma;0.3); border-radius: 8px; overflow: hidden;'>\n<div style='padding: 15px; border-bottom: 1px solid rgba(150&comma;150&comma;150&comma;0.2); font-weight: bold; color: inherit; background-color: rgba(0&comma;0&comma;0&comma;0.05);'>Funciones avanzadas<\/div>\n<ul style='padding: 15px 20px; margin: 0; color: inherit; font-size: 14px; list-style-type: disc;'>\n<li style='margin-bottom: 5px;'>Smart Antenna (Hasta 20% m\u00e1s cobertura)<\/li>\n<li style='margin-bottom: 5px;'>Beamforming<\/li>\n<li style='margin-bottom: 5px;'>Bandsteering<\/li>\n<li style='margin-bottom: 5px;'>Optimizaci\u00f3n de Wi-Fi basada en IA<\/li>\n<li style='margin-bottom: 5px;'>Aislamiento de clientes<\/li>\n<li style='margin-bottom: 5px;'>Escaneo autom\u00e1tico de canales para mitigar interferencias<\/li>\n<li style='margin-bottom: 5px;'>Smart y fast Roaming<\/li>\n<li style='margin-bottom: 5px;'>Horarios de Wi-Fi<\/li>\n<li style='margin-bottom: 5px;'>Resoluci\u00f3n de problemas con IA desde nube SNC<\/li>\n<li style='margin-bottom: 5px;'>Soporta redes MESH<\/li>\n<\/ul><\/div>\n<p> <!-- Contenido del paquete --> <\/p>\n<div style='flex: 1 1 250px; border: 1px solid rgba(150&comma;150&comma;150&comma;0.3); border-radius: 8px; overflow: hidden;'>\n<div style='padding: 15px; border-bottom: 1px solid rgba(150&comma;150&comma;150&comma;0.2); font-weight: bold; color: inherit; background-color: rgba(0&comma;0&comma;0&comma;0.05);'>Contenido del paquete:<\/div>\n<ul style='padding: 15px 20px; margin: 0; color: inherit; font-size: 14px; list-style-type: disc;'>\n<li style='margin-bottom: 5px;'>(1) Punto de acceso AP673<\/li>\n<li style='margin-bottom: 5px;'>(3) Tornillos<\/li>\n<li style='margin-bottom: 5px;'>(3) Taquetes<\/li>\n<li style='margin-bottom: 5px;'>(1) Montaje para techo o pared<\/li>\n<\/ul>\n<div style='padding: 15px; border-top: 1px solid rgba(150&comma;150&comma;150&comma;0.2); font-weight: bold; color: inherit; background-color: rgba(0&comma;0&comma;0&comma;0.05);'>Accesorios opcionales:<\/div>\n<ul style='padding: 15px 20px; margin: 0; color: inherit; font-size: 14px; list-style-type: disc;'>\n<li style='margin-bottom: 5px;'>Inyector PoE: <a href='https:\/\/www.syscom.pro\/products\/228206\/5600620' style='color: inherit; text-decoration: underline;'>AD-560062T0E<\/a><\/li>\n<li style='margin-bottom: 5px;'>Fuente DC: <a href='https:\/\/www.syscom.pro\/products\/77584' style='color: inherit; text-decoration: underline;'>PSD1202D<\/a><\/li>\n<\/ul><\/div>\n<\/p><\/div>\n<p> <!-- Secci\u00f3n Smart Antenna --> <\/p>\n<div style='display: flex; flex-wrap: wrap; gap: 30px; align-items: center; border: 1px solid rgba(150&comma;150&comma;150&comma;0.3); border-radius: 12px; padding: 20px; margin-bottom: 30px;'>\n<div style='flex: 1 1 320px; min-width: 280px; order: 2;'> <img style='width: 100%; height: auto; border: 1px solid rgba(150&comma;150&comma;150&comma;0.3); border-radius: 8px;' src='http:\/\/ftp3.syscom.mx\/usuarios\/ftp\/2026\/01\/14\/1971\/Captura_de_pantalla_20260114_a_la_s__10.31.12a.m..png_froala_6967c4df290f9' alt=''> <\/div>\n<div style='flex: 1 1 360px; min-width: 280px; order: 1;'>\n<h3 style='font-size: 22px; border-bottom: 2px solid currentColor; padding-bottom: 5px; margin-top: 0; margin-bottom: 15px; color: inherit; opacity: 0.8;'>Smart Antenna en Puntos de acceso eKit<\/h3>\n<p style='margin: 0; color: inherit; text-align: justify;'>La funci\u00f3n Smart Antenna incluida en este punto de acceso es una caracter\u00edstica avanzada de antenaje que mejora la cobertura&comma; precisi\u00f3n y eficiencia de la se\u00f1al inal\u00e1mbrica&comma; ganando hasta un 20% m\u00e1s de cobertura.<\/p>\n<\/p><\/div>\n<\/p><\/div>\n<p> <!-- Secci\u00f3n MLO --> <\/p>\n<div style='display: flex; flex-wrap: wrap; gap: 30px; align-items: center; border: 1px solid rgba(150&comma;150&comma;150&comma;0.3); border-radius: 12px; padding: 20px; margin-bottom: 30px;'>\n<div style='flex: 1 1 360px; min-width: 280px; order: 1;'>\n<h3 style='font-size: 22px; border-bottom: 2px solid currentColor; padding-bottom: 5px; margin-top: 0; margin-bottom: 15px; color: inherit; opacity: 0.8;'>Mayor rendimiento con Multi-Link Operation (MLO)<\/h3>\n<p style='margin: 0; color: inherit; text-align: justify;'>La <strong>operaci\u00f3n Multi-Link (MLO)<\/strong> permite utilizar de forma simult\u00e1nea <strong>m\u00faltiples bandas de frecuencia<\/strong>&comma; aprovechando al m\u00e1ximo los recursos de ancho de banda disponibles. Esto se traduce en un <strong>mayor throughput<\/strong>&comma; <strong>menor latencia<\/strong> y una <strong>mayor estabilidad de la red<\/strong>&comma; garantizando un rendimiento consistente incluso en entornos con alta densidad de usuarios y tr\u00e1fico intensivo.<\/p>\n<\/p><\/div>\n<div style='flex: 1 1 320px; min-width: 280px; order: 2;'> <img style='width: 100%; height: auto; border: 1px solid rgba(150&comma;150&comma;150&comma;0.3); border-radius: 8px;' src='http:\/\/ftp3.syscom.mx\/usuarios\/ftp\/2025\/10\/22\/1971\/Captura_de_pantalla_20251022_a_la_s__8.31.01a.m..png_froala_68f8eaadaeef4' alt=''> <\/div>\n<\/p><\/div>\n<p> <!-- Secci\u00f3n Tri-banda --> <\/p>\n<div style='display: flex; flex-wrap: wrap; gap: 30px; align-items: center; border: 1px solid rgba(150&comma;150&comma;150&comma;0.3); border-radius: 12px; padding: 20px; margin-bottom: 30px;'>\n<div style='flex: 1 1 320px; min-width: 280px; order: 1;'> <img style='width: 100%; height: auto; border: 1px solid rgba(150&comma;150&comma;150&comma;0.3); border-radius: 8px;' src='http:\/\/ftp3.syscom.mx\/usuarios\/ftp\/2026\/01\/14\/1971\/Captura_de_pantalla_20260114_a_la_s__10.37.53a.m..png_froala_6967c66c25236' alt=''> <\/div>\n<div style='flex: 1 1 360px; min-width: 280px; order: 2;'>\n<h3 style='font-size: 22px; border-bottom: 2px solid currentColor; padding-bottom: 5px; margin-top: 0; margin-bottom: 15px; color: inherit; opacity: 0.8;'>Dise\u00f1o tri-banda para m\u00e1ximo desempe\u00f1o y densidad de usuarios<\/h3>\n<p style='margin: 0; color: inherit; text-align: justify;'>El <strong>dise\u00f1o tri-banda<\/strong> con <strong>canales de 320 MHz en la banda de 6 GHz<\/strong> ofrece <strong>hasta el doble de ancho de banda que Wi-Fi 6<\/strong>&comma; reduciendo significativamente la interferencia. Esto permite una <strong>experiencia inal\u00e1mbrica superior<\/strong>&comma; con mayor velocidad&comma; menor latencia y un rendimiento \u00f3ptimo incluso en entornos de alta densidad.<\/p>\n<\/p><\/div>\n<\/p><\/div>\n<p> <!-- Secci\u00f3n Optimizaci\u00f3n inteligente --> <\/p>\n<div style='display: flex; flex-wrap: wrap; gap: 30px; align-items: center; border: 1px solid rgba(150&comma;150&comma;150&comma;0.3); border-radius: 12px; padding: 20px; margin-bottom: 30px;'>\n<div style='flex: 1 1 360px; min-width: 280px; order: 1;'>\n<h3 style='font-size: 22px; border-bottom: 2px solid currentColor; padding-bottom: 5px; margin-top: 0; margin-bottom: 15px; color: inherit; opacity: 0.8;'>Optimizaci\u00f3n inteligente impulsada por IA<\/h3>\n<p style='margin: 0; color: inherit; text-align: justify;'>Capaz de ajustar autom\u00e1ticamente los par\u00e1metros de red. Su algoritmo exclusivo de calibraci\u00f3n de radio realiza una sintonizaci\u00f3n precisa de potencia y frecuencia con un solo clic&comma; reduciendo interferencias y fortaleciendo la se\u00f1al para un rendimiento inal\u00e1mbrico superior.<\/p>\n<\/p><\/div>\n<div style='flex: 1 1 320px; min-width: 280px; order: 2;'> <img style='width: 100%; height: auto; border: 1px solid rgba(150&comma;150&comma;150&comma;0.3); border-radius: 8px;' src='http:\/\/ftp3.syscom.mx\/usuarios\/ftp\/2025\/10\/22\/1971\/Captura_de_pantalla_20251022_a_la_s__8.31.01a.m..png_froala_68f8eaadaeef4' alt=''> <\/div>\n<\/p><\/div>\n<p> <!-- Secci\u00f3n 4K-QAM --> <\/p>\n<div style='display: flex; flex-wrap: wrap; gap: 30px; align-items: center; border: 1px solid rgba(150&comma;150&comma;150&comma;0.3); border-radius: 12px; padding: 20px; margin-bottom: 30px;'>\n<div style='flex: 1 1 320px; min-width: 280px; order: 1;'> <img style='width: 100%; height: auto; border: 1px solid rgba(150&comma;150&comma;150&comma;0.3); border-radius: 8px;' src='http:\/\/ftp3.syscom.mx\/usuarios\/ftp\/2026\/01\/14\/1971\/Captura_de_pantalla_20260114_a_la_s__10.41.17a.m..png_froala_6967c73642c1b' alt=''> <\/div>\n<div style='flex: 1 1 360px; min-width: 280px; order: 2;'>\n<h3 style='font-size: 22px; border-bottom: 2px solid currentColor; padding-bottom: 5px; margin-top: 0; margin-bottom: 15px; color: inherit; opacity: 0.8;'>Modulaci\u00f3n de 4K-QAM: hasta 20% m\u00e1s velocidad<\/h3>\n<p style='margin: 0; color: inherit; text-align: justify;'>La tecnolog\u00eda 4K-QAM permite transmitir un mayor volumen de datos en el mismo intervalo de tiempo&comma; logrando incrementos de velocidad de hasta un 20%. Esto se traduce en una conexi\u00f3n m\u00e1s r\u00e1pida y eficiente&comma; ideal para aplicaciones exigentes&comma; streaming de alta calidad y entornos con alta demanda de ancho de banda.<\/p>\n<\/p><\/div>\n<\/p><\/div>\n<p> <!-- Secci\u00f3n Gesti\u00f3n remota --> <\/p>\n<div style='display: flex; flex-wrap: wrap; gap: 30px; align-items: center; border: 1px solid rgba(150&comma;150&comma;150&comma;0.3); border-radius: 12px; padding: 20px; margin-bottom: 30px;'>\n<div style='flex: 1 1 360px; min-width: 280px; order: 1;'>\n<h3 style='font-size: 22px; border-bottom: 2px solid currentColor; padding-bottom: 5px; margin-top: 0; margin-bottom: 15px; color: inherit; opacity: 0.8;'>Gesti\u00f3n flexible y remota sin costo<\/h3>\n<p style='margin: 0; color: inherit; text-align: justify;'>M\u00e9todos flexibles de gesti\u00f3n: desde la interfaz web&comma; APP (iOS\/Android\/Harmony OS) y desde la <a href='https:\/\/ekit.huawei.com\/#\/serve\/main?countryCode=MX&#038;lang=en' style='color: inherit; text-decoration: underline;'>nube SNC de Huawei eKit<\/a>. Comparta proyectos para clientes espec\u00edficos&comma; gestione y d\u00e9 soporte t\u00e9cnico de manera remota sin pagos extra&comma; ya que es totalmente gratuita la plataforma de eKit.<\/p>\n<\/p><\/div>\n<div style='flex: 1 1 320px; min-width: 280px; order: 2;'> <img style='width: 100%; height: auto; border: 1px solid rgba(150&comma;150&comma;150&comma;0.3); border-radius: 8px;' src='http:\/\/ftp3.syscom.mx\/usuarios\/ftp\/2025\/10\/22\/1971\/1761144118408.png_froala_68f8ed37afdc6' alt=''> <\/div>\n<\/p><\/div>\n<p> <!-- Secci\u00f3n Resoluci\u00f3n de problemas con IA --> <\/p>\n<div style='display: flex; flex-wrap: wrap; gap: 30px; align-items: center; border: 1px solid rgba(150&comma;150&comma;150&comma;0.3); border-radius: 12px; padding: 20px; margin-bottom: 30px;'>\n<div style='flex: 1 1 320px; min-width: 280px; order: 1;'> <img style='width: 100%; height: auto; border: 1px solid rgba(150&comma;150&comma;150&comma;0.3); border-radius: 8px;' src='http:\/\/ftp3.syscom.mx\/usuarios\/ftp\/2025\/10\/22\/1971\/1761144251539.png_froala_68f8edbbcde2b' alt=''> <\/div>\n<div style='flex: 1 1 360px; min-width: 280px; order: 2;'>\n<h3 style='font-size: 22px; border-bottom: 2px solid currentColor; padding-bottom: 5px; margin-top: 0; margin-bottom: 15px; color: inherit; opacity: 0.8;'>Resoluci\u00f3n de problemas con IA<\/h3>\n<p style='margin: 0; color: inherit; text-align: justify;'>Lo importante del soporte t\u00e9cnico o solucionar problemas&comma; es hacerlo de manera r\u00e1pida y efectiva. Huawei viene a revolucionar esto con la funci\u00f3n de soluci\u00f3n de problemas impulsada por la IA (Inteligencia artificial)&comma; teniendo un diagn\u00f3stico de la red en sus diferentes par\u00e1metros en cuesti\u00f3n de minutos&comma; indicando problemas y posibles soluciones de cada uno de ellos.<\/p>\n<\/p><\/div>\n<\/p><\/div>\n<p> <!-- Secci\u00f3n WLAN Planner --> <\/p>\n<div style='display: flex; flex-wrap: wrap; gap: 30px; align-items: center; border: 1px solid rgba(150&comma;150&comma;150&comma;0.3); border-radius: 12px; padding: 20px; margin-bottom: 30px;'>\n<div style='flex: 1 1 360px; min-width: 280px; order: 1;'>\n<h3 style='font-size: 22px; border-bottom: 2px solid currentColor; padding-bottom: 5px; margin-top: 0; margin-bottom: 15px; color: inherit; opacity: 0.8;'>Planea y simula tu red Wi-Fi con precisi\u00f3n usando WLAN Planner<\/h3>\n<p style='margin: 0; color: inherit; text-align: justify;'>Para dimensionar una red Wi-Fi con un archivo entregable para el usuario final&comma; puedes utilizar la herramienta de planeaci\u00f3n <a href='https:\/\/sg.o3community.huawei.com\/sg\/en\/o3\/detail?activeIndex=undefined&#038;o3src=https:\/\/stm-sg.o3community.huawei.com\/stmo3\/en\/tool\/tool-details-extranet-o3-sxz%3Fid%3DGT2021113005' style='color: inherit; text-decoration: underline;'>WLAN Planner de Huawei<\/a>&comma; en la cual podr\u00e1s dibujar las paredes del sitio seg\u00fan su material para simular la cobertura que se tendr\u00e1 de acuerdo a los puntos de acceso Wi-Fi que selecciones.<\/p>\n<\/p><\/div>\n<div style='flex: 1 1 320px; min-width: 280px; order: 2;'> <img style='width: 100%; height: auto; border: 1px solid rgba(150&comma;150&comma;150&comma;0.3); border-radius: 8px;' src='http:\/\/ftp3.syscom.mx\/usuarios\/ftp\/2025\/10\/22\/1971\/1761144341865.jpeg_froala_68f8ee16889ee' alt=''> <\/div>\n<\/p><\/div>\n<p> <!-- Secci\u00f3n App m\u00f3vil --> <\/p>\n<div style='display: flex; flex-wrap: wrap; gap: 30px; align-items: center; border: 1px solid rgba(150&comma;150&comma;150&comma;0.3); border-radius: 12px; padding: 20px; margin-bottom: 30px;'>\n<div style='flex: 1 1 320px; min-width: 280px; order: 1;'> <img style='width: 100%; height: auto; border: 1px solid rgba(150&comma;150&comma;150&comma;0.3); border-radius: 8px;' src='http:\/\/ftp3.syscom.mx\/usuarios\/ftp\/2025\/10\/22\/1971\/1761144660933.png_froala_68f8ef55554a4' alt=''> <\/div>\n<div style='flex: 1 1 360px; min-width: 280px; order: 2;'>\n<h3 style='font-size: 22px; border-bottom: 2px solid currentColor; padding-bottom: 5px; margin-top: 0; margin-bottom: 15px; color: inherit; opacity: 0.8;'>Configura y gestiona tu red eKit desde la app m\u00f3vil<\/h3>\n<p style='margin: 0; color: inherit; text-align: justify;'>Con el siguiente c\u00f3digo QR puedes descargar la aplicaci\u00f3n de Huawei eKit en donde podr\u00e1s dar de alta equipos como: Routers&comma; Switch y puntos de acceso de la l\u00ednea eKit&comma; en cuesti\u00f3n de minutos y poder desplegar redes desde la comodidad de su smartphone. Disponible para iOS&comma; Android y Harmony OS.<\/p>\n<\/p><\/div>\n<\/p><\/div>\n<\/p><\/div>\n","protected":false},"excerpt":{"rendered":"<p>Punto de acceso eKit Wi-Fi 7 de Alta Densidad \/ MLO \/ 13.66 Gbps \/ Tri-Banda \/ Puerto Uplink de 5 Gbps \/ Smart Antenna \/ Gesti\u00f3n Gratuita desde la Nube<\/p>\n","protected":false},"featured_media":83695,"comment_status":"open","ping_status":"closed","template":"","meta":[],"product_brand":[],"product_cat":[1794],"product_tag":[718,1795,1479],"class_list":{"0":"post-83696","1":"product","2":"type-product","3":"status-publish","4":"has-post-thumbnail","6":"product_cat-puntos-de-acceso","7":"product_tag-huawei","8":"product_tag-puntos-de-acceso","9":"product_tag-redes-wifi","11":"first","12":"instock","13":"sale","14":"shipping-taxable","15":"purchasable","16":"product-type-simple"},"_links":{"self":[{"href":"https:\/\/soydeaqui.ddns.net\/pachuca\/index.php\/wp-json\/wp\/v2\/product\/83696","targetHints":{"allow":["GET"]}}],"collection":[{"href":"https:\/\/soydeaqui.ddns.net\/pachuca\/index.php\/wp-json\/wp\/v2\/product"}],"about":[{"href":"https:\/\/soydeaqui.ddns.net\/pachuca\/index.php\/wp-json\/wp\/v2\/types\/product"}],"replies":[{"embeddable":true,"href":"https:\/\/soydeaqui.ddns.net\/pachuca\/index.php\/wp-json\/wp\/v2\/comments?post=83696"}],"wp:featuredmedia":[{"embeddable":true,"href":"https:\/\/soydeaqui.ddns.net\/pachuca\/index.php\/wp-json\/wp\/v2\/media\/83695"}],"wp:attachment":[{"href":"https:\/\/soydeaqui.ddns.net\/pachuca\/index.php\/wp-json\/wp\/v2\/media?parent=83696"}],"wp:term":[{"taxonomy":"product_brand","embeddable":true,"href":"https:\/\/soydeaqui.ddns.net\/pachuca\/index.php\/wp-json\/wp\/v2\/product_brand?post=83696"},{"taxonomy":"product_cat","embeddable":true,"href":"https:\/\/soydeaqui.ddns.net\/pachuca\/index.php\/wp-json\/wp\/v2\/product_cat?post=83696"},{"taxonomy":"product_tag","embeddable":true,"href":"https:\/\/soydeaqui.ddns.net\/pachuca\/index.php\/wp-json\/wp\/v2\/product_tag?post=83696"}],"curies":[{"name":"wp","href":"https:\/\/api.w.org\/{rel}","templated":true}]}}