{"id":83608,"date":"2026-03-19T20:15:10","date_gmt":"2026-03-19T20:15:10","guid":{"rendered":"https:\/\/soydeaqui.ddns.net\/pachuca\/index.php\/producto\/antena-omnidireccional-mayor-distancia-de-transmision-y-recepcion-de-senal-en-360o-banda-5-ghz-ganancia-de-13-dbi-conectores-rpsma-adecuada-para-entornos-exigentes\/"},"modified":"2026-03-19T20:15:14","modified_gmt":"2026-03-19T20:15:14","slug":"antena-omnidireccional-mayor-distancia-de-transmision-y-recepcion-de-senal-en-360o-banda-5-ghz-ganancia-de-13-dbi-conectores-rpsma-adecuada-para-entornos-exigentes","status":"publish","type":"product","link":"https:\/\/soydeaqui.ddns.net\/pachuca\/index.php\/producto\/antena-omnidireccional-mayor-distancia-de-transmision-y-recepcion-de-senal-en-360o-banda-5-ghz-ganancia-de-13-dbi-conectores-rpsma-adecuada-para-entornos-exigentes\/","title":{"rendered":"Antena Omnidireccional, mayor distancia de transmisi\u00f3n y recepci\u00f3n de se\u00f1al en 360\u00ba,  Banda  5 GHz, Ganancia de 13 dBi, Conectores RPSMA, Adecuada para entornos exigentes"},"content":{"rendered":"<div style='width: 100%; max-width: 1200px; margin: 0 auto; font-family: sans-serif; line-height: 1.6; color: inherit; background-color: transparent;'>\n<div style='display: flex; flex-wrap: wrap; gap: 30px; margin-bottom: 30px;'>\n<div style='flex: 1 1 300px; min-width: 280px;'>\n<h3 style='font-size: 22px; border-bottom: 2px solid currentColor; padding-bottom: 5px; margin-top: 0; color: inherit; opacity: 0.8;'>Caracter\u00edsticas Principales:<\/h3>\n<ul style='padding-left: 20px; font-size: 15px; color: inherit;'>\n<li style='margin-bottom: 5px;'>Rango de frecuencia 4.9 a 5.8 GHz.<\/li>\n<li style='margin-bottom: 5px;'>Ganancia 13 dBi.<\/li>\n<li style='margin-bottom: 5px;'>VSWR &lt;2.0.<\/li>\n<li style='margin-bottom: 5px;'>Polarizaci\u00f3n doble (V\/H).<\/li>\n<li style='margin-bottom: 5px;'>Aislamiento &gt;25 dB.<\/li>\n<li style='margin-bottom: 5px;'>Ancho de haz H (360\u00b0) y V (7\u00ba).<\/li>\n<li style='margin-bottom: 5px;'>Potencia m\u00e1xima por puerto 50W.<\/li>\n<li style='margin-bottom: 5px;'>Impedancia 50 \u03a9.<\/li>\n<li style='margin-bottom: 5px;'>NO INCLUYE JUMPERS de RPSMA.<\/li>\n<\/ul><\/div>\n<div style='flex: 1 1 300px; min-width: 280px;'>\n<h3 style='font-size: 22px; border-bottom: 2px solid currentColor; padding-bottom: 5px; margin-top: 0; color: inherit; opacity: 0.8;'>Caracter\u00edsticas F\u00edsicas y El\u00e9ctricas:<\/h3>\n<ul style='padding-left: 20px; font-size: 15px; color: inherit;'>\n<li style='margin-bottom: 5px;'>Conector RPSMA<\/li>\n<li style='margin-bottom: 5px;'>Peso 3 kg.<\/li>\n<li style='margin-bottom: 5px;'>Temperatura de operaci\u00f3n -40&comma; +70 \u00b0C (-32 \u00b0F to +158 \u00b0F).<\/li>\n<li style='margin-bottom: 5px;'>Diametros del tubo o mast\u00edl 30 a 70 mm.<\/li>\n<\/ul><\/div>\n<\/p><\/div>\n<\/p><\/div>\n","protected":false},"excerpt":{"rendered":"<p>Antena Omnidireccional, mayor distancia de transmisi\u00f3n y recepci\u00f3n de se\u00f1al en 360\u00ba,  Banda  5 GHz, Ganancia de 13 dBi, Conectores RPSMA, Adecuada para entornos exigentes<\/p>\n","protected":false},"featured_media":83607,"comment_status":"open","ping_status":"closed","template":"","meta":[],"product_brand":[],"product_cat":[1849],"product_tag":[1404,1850,560],"class_list":{"0":"post-83608","1":"product","2":"type-product","3":"status-publish","4":"has-post-thumbnail","6":"product_cat-omnidireccionales","7":"product_tag-antenas","8":"product_tag-omnidireccionales","9":"product_tag-txpro","11":"first","12":"outofstock","13":"sale","14":"shipping-taxable","15":"purchasable","16":"product-type-simple"},"_links":{"self":[{"href":"https:\/\/soydeaqui.ddns.net\/pachuca\/index.php\/wp-json\/wp\/v2\/product\/83608","targetHints":{"allow":["GET"]}}],"collection":[{"href":"https:\/\/soydeaqui.ddns.net\/pachuca\/index.php\/wp-json\/wp\/v2\/product"}],"about":[{"href":"https:\/\/soydeaqui.ddns.net\/pachuca\/index.php\/wp-json\/wp\/v2\/types\/product"}],"replies":[{"embeddable":true,"href":"https:\/\/soydeaqui.ddns.net\/pachuca\/index.php\/wp-json\/wp\/v2\/comments?post=83608"}],"wp:featuredmedia":[{"embeddable":true,"href":"https:\/\/soydeaqui.ddns.net\/pachuca\/index.php\/wp-json\/wp\/v2\/media\/83607"}],"wp:attachment":[{"href":"https:\/\/soydeaqui.ddns.net\/pachuca\/index.php\/wp-json\/wp\/v2\/media?parent=83608"}],"wp:term":[{"taxonomy":"product_brand","embeddable":true,"href":"https:\/\/soydeaqui.ddns.net\/pachuca\/index.php\/wp-json\/wp\/v2\/product_brand?post=83608"},{"taxonomy":"product_cat","embeddable":true,"href":"https:\/\/soydeaqui.ddns.net\/pachuca\/index.php\/wp-json\/wp\/v2\/product_cat?post=83608"},{"taxonomy":"product_tag","embeddable":true,"href":"https:\/\/soydeaqui.ddns.net\/pachuca\/index.php\/wp-json\/wp\/v2\/product_tag?post=83608"}],"curies":[{"name":"wp","href":"https:\/\/api.w.org\/{rel}","templated":true}]}}