{"id":8360,"date":"2026-03-18T07:08:10","date_gmt":"2026-03-18T07:08:10","guid":{"rendered":"https:\/\/soydeaqui.ddns.net\/pachuca\/index.php\/producto\/teclado-programador-ultradelgado-con-teclas-touch-compatible-con-panel-force\/"},"modified":"2026-03-18T07:08:15","modified_gmt":"2026-03-18T07:08:15","slug":"teclado-programador-ultradelgado-con-teclas-touch-compatible-con-panel-force","status":"publish","type":"product","link":"https:\/\/soydeaqui.ddns.net\/pachuca\/index.php\/producto\/teclado-programador-ultradelgado-con-teclas-touch-compatible-con-panel-force\/","title":{"rendered":"Teclado Programador Ultradelgado Con Teclas TOUCH compatible con panel FORCE"},"content":{"rendered":"<div style='width: 100%; max-width: 1200px; margin: 0 auto; font-family: sans-serif; line-height: 1.6; color: inherit; background-color: transparent;'>\n<div style='display: flex; flex-wrap: wrap; gap: 30px; margin-bottom: 30px;'>\n<div style='flex: 1 1 300px; min-width: 280px;'>\n<p style='font-size: 15px; color: inherit; margin-bottom: 15px;'> KLT500 Es un teclado t\u00e1ctil de interfaz plana y ultra delgado LCD gr\u00e1ficos&comma; dise\u00f1ados para el sistema de Alarma FORCE. Los dos teclados se conectan a trav\u00e9s del BUS del sistema. Se pueden conectar hasta 16 teclados al FORCE. <\/p>\n<p style='font-size: 15px; color: inherit; margin-bottom: 15px;'> El KLT500 tienen un dise\u00f1o moderno y elegante que se adapta a todas las decoraciones de interiores. <\/p>\n<p style='font-size: 15px; color: inherit; margin-bottom: 15px;'> Los teclados tienen cuatro LEDS (Armar&comma; Listo&comma; AC&comma; Alerta \/ Falla) y un zumbador para varias indicaciones de estado del panel. <\/p>\n<p style='font-size: 15px; color: inherit; margin-bottom: 15px;'> Los dos teclados tienen configuraciones para contraluz&comma; contraste&comma; volumen del zumbador y n\u00famero de identificaci\u00f3n&comma; y tambi\u00e9n un Tamper para detectar la apertura de su gabinete. <\/p>\n<\/p><\/div>\n<\/p><\/div>\n<div style='display: flex; flex-wrap: wrap; gap: 20px; margin-bottom: 30px;'>\n<div style='flex: 1 1 250px; border: 1px solid rgba(150&comma; 150&comma; 150&comma; 0.4); border-radius: 8px; overflow: hidden; display: flex; flex-direction: column;'>\n<div style='padding: 15px; border-bottom: 1px solid rgba(150&comma; 150&comma; 150&comma; 0.2); font-weight: bold; font-size: 18px; color: inherit;'>Caracter\u00edsticas<\/div>\n<div style='padding: 15px; color: inherit;'>\n<ul style='padding-left: 20px; margin: 0; font-size: 14px; list-style-type: disc;'>\n<li style='margin-bottom: 5px;'>Pantalla LCD gr\u00e1fica&comma; 128 \u00d7 64 p\u00edxeles<\/li>\n<li style='margin-bottom: 5px;'>Luz de fondo<\/li>\n<li style='margin-bottom: 5px;'>Cuatro LED de indicaci\u00f3n: Armado&comma; Listo&comma; CA&comma; Alerta \/ Falla<\/li>\n<li style='margin-bottom: 5px;'>Zumbador para varias indicaciones de estado del panel<\/li>\n<li style='margin-bottom: 5px;'>23 Teclas<\/li>\n<li style='margin-bottom: 5px;'>KLT500 &#8211; Teclado touch<\/li>\n<li style='margin-bottom: 5px;'>Control local de la luz&comma; el contraste&comma; el volumen del zumbador y la identificaci\u00f3n del teclado en ForceBus<\/li>\n<\/ul><\/div>\n<\/p><\/div>\n<\/p><\/div>\n<div style='display: flex; flex-wrap: wrap; gap: 30px; margin-bottom: 30px;'>\n<div style='flex: 1 1 300px; min-width: 280px;'> <img style='width: 100%; height: auto; border: 1px solid rgba(150&comma;150&comma;150&comma;0.3); border-radius: 8px;' src='http:\/\/ftp3.syscom.mx\/usuarios\/yhermosillo\/PIMA\/Nuevo_force_panel.jpg' alt=''> <\/div>\n<div style='flex: 1 1 300px; min-width: 280px;'> <img style='width: 100%; height: auto; border: 1px solid rgba(150&comma;150&comma;150&comma;0.3); border-radius: 8px;' src='http:\/\/ftp3.syscom.mx\/usuarios\/yhermosillo\/PIMA\/comunicacion_panel_force.jpg' alt=''> <\/div>\n<\/p><\/div>\n<hr style='border: 0; border-top: 1px solid rgba(150&comma; 150&comma; 150&comma; 0.3); margin: 30px 0;'> <\/div>\n","protected":false},"excerpt":{"rendered":"<p>Teclado Programador Ultradelgado Con Teclas TOUCH compatible con panel FORCE<\/p>\n","protected":false},"featured_media":8359,"comment_status":"open","ping_status":"closed","template":"","meta":[],"product_brand":[],"product_cat":[134],"product_tag":[496,135,62],"class_list":{"0":"post-8360","1":"product","2":"type-product","3":"status-publish","4":"has-post-thumbnail","6":"product_cat-todos-teclados","7":"product_tag-pima","8":"product_tag-teclados","9":"product_tag-todos","11":"first","12":"outofstock","13":"sale","14":"shipping-taxable","15":"purchasable","16":"product-type-simple"},"_links":{"self":[{"href":"https:\/\/soydeaqui.ddns.net\/pachuca\/index.php\/wp-json\/wp\/v2\/product\/8360","targetHints":{"allow":["GET"]}}],"collection":[{"href":"https:\/\/soydeaqui.ddns.net\/pachuca\/index.php\/wp-json\/wp\/v2\/product"}],"about":[{"href":"https:\/\/soydeaqui.ddns.net\/pachuca\/index.php\/wp-json\/wp\/v2\/types\/product"}],"replies":[{"embeddable":true,"href":"https:\/\/soydeaqui.ddns.net\/pachuca\/index.php\/wp-json\/wp\/v2\/comments?post=8360"}],"wp:featuredmedia":[{"embeddable":true,"href":"https:\/\/soydeaqui.ddns.net\/pachuca\/index.php\/wp-json\/wp\/v2\/media\/8359"}],"wp:attachment":[{"href":"https:\/\/soydeaqui.ddns.net\/pachuca\/index.php\/wp-json\/wp\/v2\/media?parent=8360"}],"wp:term":[{"taxonomy":"product_brand","embeddable":true,"href":"https:\/\/soydeaqui.ddns.net\/pachuca\/index.php\/wp-json\/wp\/v2\/product_brand?post=8360"},{"taxonomy":"product_cat","embeddable":true,"href":"https:\/\/soydeaqui.ddns.net\/pachuca\/index.php\/wp-json\/wp\/v2\/product_cat?post=8360"},{"taxonomy":"product_tag","embeddable":true,"href":"https:\/\/soydeaqui.ddns.net\/pachuca\/index.php\/wp-json\/wp\/v2\/product_tag?post=8360"}],"curies":[{"name":"wp","href":"https:\/\/api.w.org\/{rel}","templated":true}]}}