{"id":83586,"date":"2026-03-19T20:14:15","date_gmt":"2026-03-19T20:14:15","guid":{"rendered":"https:\/\/soydeaqui.ddns.net\/pachuca\/index.php\/producto\/punto-de-acceso-wifi-6-y-ptmp-omnidireccional-cobertura-hasta-300-m-doble-banda-simultanea-en-2-4-y-5-ghz-hasta-2-976-gbps-hasta-256-usuarios-concurrentes-administracion-en-nube-gratis-con-insigh\/"},"modified":"2026-03-19T20:14:21","modified_gmt":"2026-03-19T20:14:21","slug":"punto-de-acceso-wifi-6-y-ptmp-omnidireccional-cobertura-hasta-300-m-doble-banda-simultanea-en-2-4-y-5-ghz-hasta-2-976-gbps-hasta-256-usuarios-concurrentes-administracion-en-nube-gratis-con-insigh","status":"publish","type":"product","link":"https:\/\/soydeaqui.ddns.net\/pachuca\/index.php\/producto\/punto-de-acceso-wifi-6-y-ptmp-omnidireccional-cobertura-hasta-300-m-doble-banda-simultanea-en-2-4-y-5-ghz-hasta-2-976-gbps-hasta-256-usuarios-concurrentes-administracion-en-nube-gratis-con-insigh\/","title":{"rendered":"Punto de Acceso WiFi 6 y PTMP Omnidireccional, Cobertura Hasta 300 m, Doble Banda Simultanea en 2.4 y 5 GHz, Hasta 2.976 Gbps, Hasta 256 Usuarios Concurrentes, Administraci\u00f3n en Nube Gratis con INSIGHTS"},"content":{"rendered":"<div style='width: 100%; max-width: 1200px; margin: 0 auto; font-family: sans-serif; line-height: 1.6; color: inherit; background-color: transparent;'> <!-- Imagen principal --> <\/p>\n<div style='display: flex; justify-content: center; margin: 20px 0;'> <img style='width: 100%; max-width: 800px; height: auto; border: 1px solid rgba(150&comma;150&comma;150&comma;0.3); border-radius: 8px;' src='https:\/\/ftp3.syscom.mx\/usuarios\/hortega\/Altai\/Altai.png' alt='Logo Altai'> <\/div>\n<p> <!-- Descripci\u00f3n principal --> <\/p>\n<div style='margin: 30px 0; font-size: 15px;'>\n<p style='margin: 1em 0; text-align: justify; color: inherit;'>El Altai <strong>C260-X<\/strong> es un punto de acceso Wi-Fi 6 (802.11ax) 2\u00d72 de doble banda especialmente dise\u00f1ado para proveedores de servicios que buscan un rendimiento de nivel de operador. Esta soluci\u00f3n proporciona una cobertura excepcional y alta capacidad a la vez que es muy econ\u00f3mica. Utilizando tecnolog\u00eda avanzada de RF y antena&comma; el Altai C260-X garantiza servicios WiFi consistentes y confiables para usuarios m\u00f3viles. El C260-X admite el modo independiente o la administraci\u00f3n basada en la nube con Insights&comma; lo que proporciona una interfaz intuitiva para que personas sin conocimientos t\u00e9cnicos administren la red WiFi m\u00e1s f\u00e1cilmente que nunca.<\/p>\n<\/p><\/div>\n<p> <!-- Banner Insights --> <\/p>\n<div style='display: flex; justify-content: center; margin: 30px 0;'> <img style='width: 100%; max-width: 850px; height: auto; border: 1px solid rgba(150&comma;150&comma;150&comma;0.3); border-radius: 8px;' src='https:\/\/www.altaitechnologies.com\/wp-content\/uploads\/2024\/08\/Insights_Banner.png' alt='Insights Banner'> <\/div>\n<p> <!-- Enlace Insights --> <\/p>\n<div style='text-align: center; margin: 30px 0;'> <a style='background-color: #34495e; color: #f29d12; padding: 10px 20px; border-radius: 5px; text-decoration: none; display: inline-block;' href='https:\/\/forum.insights.altaitechnologies.com\/login' target='_blank' rel='noopener'>Crea AQU\u00cd tu cuenta INSIGHTS<\/a> <\/div>\n<p> <!-- Caracter\u00edsticas adicionales --> <\/p>\n<div style='margin: 30px 0; font-size: 15px;'>\n<p style='margin: 1em 0; text-align: justify; color: inherit;'>El Altai C260-X es un punto de acceso Wi-Fi 6 que ofrece un rendimiento excelente y una conectividad inal\u00e1mbrica confiable para uso en interiores y exteriores. Admite antenas externas que ofrecen la flexibilidad de conectar una amplia gama de tipos de antenas&comma; atendiendo a diversos requisitos de cobertura y condiciones ambientales. Esta adaptabilidad garantiza una intensidad de se\u00f1al \u00f3ptima y un alcance ampliado.<\/p>\n<\/p><\/div>\n<p> <!-- Imagen del producto --> <\/p>\n<div style='display: flex; justify-content: center; margin: 30px 0;'> <img style='width: 100%; max-width: 600px; height: auto; border: 1px solid rgba(150&comma;150&comma;150&comma;0.3); border-radius: 8px;' src='https:\/\/www.altaitechnologies.com\/wp-content\/uploads\/2025\/01\/C260-X_Front-e1737438171289.png' alt='C260-X Front'> <\/div>\n<p> <!-- Secci\u00f3n de caracter\u00edsticas --> <\/p>\n<div style='display: flex; flex-wrap: wrap; gap: 30px; margin: 40px 0;'>\n<div style='flex: 1 1 300px; min-width: 280px;'>\n<h3 style='font-size: 22px; border-bottom: 2px solid currentColor; padding-bottom: 5px; margin-top: 0; color: inherit; opacity: 0.8;'>Caracter\u00edsticas Principales<\/h3>\n<ul style='padding-left: 20px; font-size: 14px; color: inherit;'>\n<li style='margin-bottom: 8px;'>Modos de operaci\u00f3n: <strong>AP\/CPE<\/strong><\/li>\n<li style='margin-bottom: 8px;'>Est\u00e1ndar 802.11 b\/g\/n\/ac\/ax<\/li>\n<li style='margin-bottom: 8px;'><strong>Doble banda simult\u00e1nea<\/strong><\/li>\n<li style='margin-bottom: 8px;'>Velocidad en 2.4 GHz&comma; hasta <strong>574 Mbps<\/strong><\/li>\n<li style='margin-bottom: 8px;'>Velocidad en 5 GHz&comma; hasta <strong>2402 Mbps<\/strong><\/li>\n<li style='margin-bottom: 8px;'>Cobertura hasta <strong>300 m<\/strong><\/li>\n<li style='margin-bottom: 8px;'>Potencia Max. <strong>26 dBm<\/strong><\/li>\n<li style='margin-bottom: 8px;'>Fast Roaming 802.11r<\/li>\n<li style='margin-bottom: 8px;'><strong>Soporta 16 SSID<\/strong><\/li>\n<li style='margin-bottom: 8px;'><strong>Seguridad inal\u00e1mbrica WPA3<\/strong><\/li>\n<li style='margin-bottom: 8px;'>Control de ancho de banda por SSID\/Cliente<\/li>\n<li style='margin-bottom: 8px;'>Configuraci\u00f3n Stand alone<\/li>\n<li style='margin-bottom: 8px;'>Configuraci\u00f3n remota: Insights&comma; AltaiCare&comma; AltaiGate<\/li>\n<\/ul><\/div>\n<div style='flex: 1 1 300px; min-width: 280px;'>\n<h3 style='font-size: 22px; border-bottom: 2px solid currentColor; padding-bottom: 5px; margin-top: 0; color: inherit; opacity: 0.8;'>Caracter\u00edsticas F\u00edsicas y El\u00e9ctricas<\/h3>\n<ul style='padding-left: 20px; font-size: 14px; color: inherit;'>\n<li style='margin-bottom: 8px;'>Dimensiones: <strong>250 x 140 x 56 mm<\/strong> (sin Antena)<\/li>\n<li style='margin-bottom: 8px;'>Dimensiones: <strong>546 x 140 x 56 mm<\/strong> (Con Antena)<\/li>\n<li style='margin-bottom: 8px;'>Peso: <strong>0.68 kg<\/strong><\/li>\n<li style='margin-bottom: 8px;'>Temperatura de operaci\u00f3n: <strong>-20 a 55 \u00b0C<\/strong><\/li>\n<li style='margin-bottom: 8px;'>Instalaci\u00f3n en pared&comma; m\u00e1stil o poste en alturas de <strong>3 a 9 m<\/strong><\/li>\n<li style='margin-bottom: 8px;'>Puerto Ethernet de <strong>10\/100\/1000 Mbps (PoE in)<\/strong><\/li>\n<li style='margin-bottom: 8px;'>Puerto Ethernet de <strong>10\/100\/1000 Mbps<\/strong><\/li>\n<li style='margin-bottom: 8px;'><strong>NO INCLUYE POE<\/strong><\/li>\n<li style='margin-bottom: 8px;'><strong>Soporta PoE pasivo de 48 &#8211; 56 V<\/strong><\/li>\n<li style='margin-bottom: 8px;'><strong>2 Antenas Omnidireccionales de 5 dBi en 2.4 GHz<\/strong><\/li>\n<li style='margin-bottom: 8px;'><strong>2 Antenas Omnidireccionales de 5 dBi en 5 GHz<\/strong><\/li>\n<li style='margin-bottom: 8px;'>PoE recomendado: <strong>SD-PE-8N-00-00<\/strong><\/li>\n<li style='margin-bottom: 8px;'>Soporta PoE 802.3 af (<strong>recomendado POE165<\/strong>)<\/li>\n<li style='margin-bottom: 8px;'>Conector para conexi\u00f3n de adaptador de <strong>12 V<\/strong><\/li>\n<li style='margin-bottom: 8px;'>Consumo m\u00e1ximo: <strong>15 W<\/strong><\/li>\n<li style='margin-bottom: 8px;'>Carcasa con clasificaci\u00f3n <strong>IP55<\/strong><\/li>\n<\/ul><\/div>\n<div style='flex: 1 1 300px; min-width: 280px;'>\n<h3 style='font-size: 22px; border-bottom: 2px solid currentColor; padding-bottom: 5px; margin-top: 0; color: inherit; opacity: 0.8;'>El Paquete Incluye<\/h3>\n<ul style='padding-left: 20px; font-size: 14px; color: inherit;'>\n<li style='margin-bottom: 8px;'>1 Punto de acceso C260-X<\/li>\n<li style='margin-bottom: 8px;'>2 Antenas omnidireccionales en 2.4 GHz<\/li>\n<li style='margin-bottom: 8px;'>2 Antenas omnidireccionales en 5 GHz<\/li>\n<li style='margin-bottom: 8px;'>Kit de montaje<\/li>\n<\/ul><\/div>\n<\/p><\/div>\n<p> <!-- Separador final --> <\/p>\n<hr style='border: 0; border-top: 1px solid rgba(150&comma; 150&comma; 150&comma; 0.3); margin: 40px 0;'> <\/div>\n","protected":false},"excerpt":{"rendered":"<p>Punto de Acceso WiFi 6 y PTMP Omnidireccional, Cobertura Hasta 300 m, Doble Banda Simultanea en 2.4 y 5 GHz, Hasta 2.976 Gbps, Hasta 256 Usuarios Concurrentes, Administraci\u00f3n en Nube Gratis con INSIGHTS<\/p>\n","protected":false},"featured_media":83585,"comment_status":"open","ping_status":"closed","template":"","meta":[],"product_brand":[],"product_cat":[1794],"product_tag":[1950,1795,1479],"class_list":{"0":"post-83586","1":"product","2":"type-product","3":"status-publish","4":"has-post-thumbnail","6":"product_cat-puntos-de-acceso","7":"product_tag-altai-technologies","8":"product_tag-puntos-de-acceso","9":"product_tag-redes-wifi","11":"first","12":"instock","13":"sale","14":"shipping-taxable","15":"purchasable","16":"product-type-simple"},"_links":{"self":[{"href":"https:\/\/soydeaqui.ddns.net\/pachuca\/index.php\/wp-json\/wp\/v2\/product\/83586","targetHints":{"allow":["GET"]}}],"collection":[{"href":"https:\/\/soydeaqui.ddns.net\/pachuca\/index.php\/wp-json\/wp\/v2\/product"}],"about":[{"href":"https:\/\/soydeaqui.ddns.net\/pachuca\/index.php\/wp-json\/wp\/v2\/types\/product"}],"replies":[{"embeddable":true,"href":"https:\/\/soydeaqui.ddns.net\/pachuca\/index.php\/wp-json\/wp\/v2\/comments?post=83586"}],"wp:featuredmedia":[{"embeddable":true,"href":"https:\/\/soydeaqui.ddns.net\/pachuca\/index.php\/wp-json\/wp\/v2\/media\/83585"}],"wp:attachment":[{"href":"https:\/\/soydeaqui.ddns.net\/pachuca\/index.php\/wp-json\/wp\/v2\/media?parent=83586"}],"wp:term":[{"taxonomy":"product_brand","embeddable":true,"href":"https:\/\/soydeaqui.ddns.net\/pachuca\/index.php\/wp-json\/wp\/v2\/product_brand?post=83586"},{"taxonomy":"product_cat","embeddable":true,"href":"https:\/\/soydeaqui.ddns.net\/pachuca\/index.php\/wp-json\/wp\/v2\/product_cat?post=83586"},{"taxonomy":"product_tag","embeddable":true,"href":"https:\/\/soydeaqui.ddns.net\/pachuca\/index.php\/wp-json\/wp\/v2\/product_tag?post=83586"}],"curies":[{"name":"wp","href":"https:\/\/api.w.org\/{rel}","templated":true}]}}