{"id":83579,"date":"2026-03-19T20:14:00","date_gmt":"2026-03-19T20:14:00","guid":{"rendered":"https:\/\/soydeaqui.ddns.net\/pachuca\/index.php\/producto\/kit-de-2-radios-c6x-con-2-antenas-de-12-dbi-rango-de-frecuencia-extendida-4-9-a-6-4-ghz-incluye-inyector-poe-cable-de-alimentacion-y-2-fleximount-xl-para-alineacion-distancia-de-hasta-3-km\/"},"modified":"2026-03-19T20:14:01","modified_gmt":"2026-03-19T20:14:01","slug":"kit-de-2-radios-c6x-con-2-antenas-de-12-dbi-rango-de-frecuencia-extendida-4-9-a-6-4-ghz-incluye-inyector-poe-cable-de-alimentacion-y-2-fleximount-xl-para-alineacion-distancia-de-hasta-3-km","status":"publish","type":"product","link":"https:\/\/soydeaqui.ddns.net\/pachuca\/index.php\/producto\/kit-de-2-radios-c6x-con-2-antenas-de-12-dbi-rango-de-frecuencia-extendida-4-9-a-6-4-ghz-incluye-inyector-poe-cable-de-alimentacion-y-2-fleximount-xl-para-alineacion-distancia-de-hasta-3-km\/","title":{"rendered":"Kit de 2 radios C6X con 2 antenas de (12 dBi), rango de frecuencia extendida (4.9 a 6.4 GHz),  incluye inyector POE, cable de alimentaci\u00f3n y 2 FLEXIMOUNT-XL para alineaci\u00f3n, distancia de hasta 3 km"},"content":{"rendered":"<div style='width: 100%; max-width: 1200px; margin: 0 auto; font-family: sans-serif&comma; Arial&comma; Helvetica; line-height: 1.6; color: inherit; background-color: transparent;'>\n<div style='display: flex; flex-direction: column; gap: 30px;'>\n<div style='width: 100%;'> <img style='width: 100%; height: auto; border: 1px solid rgba(150&comma; 150&comma; 150&comma; 0.3); border-radius: 8px;' src='https:\/\/ftp3.syscom.mx\/usuarios\/fotos\/B6X\/226110-mimosa_articulos.jpg' alt=''> <\/div>\n<div style='text-align: center;'>\n<h3 style='font-size: 24px; font-weight: bold; margin: 0; color: inherit;'>C6X<\/h3>\n<\/p><\/div>\n<div style='font-size: 16px;'>\n<p style='margin: 0 0 15px;'>Mimosa C6x: una potente radio inal\u00e1mbrica fija que ofrece hasta 1&comma;75 Gbps en modo punto a multipunto y 2&comma;0 Gbps en modo punto a punto. Con opciones de alcance adaptables y un dise\u00f1o resistente con clasificaci\u00f3n IP67&comma; la C6x est\u00e1 dise\u00f1ada para aplicaciones de cliente y backhaul sin interrupciones&comma; ofreciendo conectividad confiable y de alta velocidad en cualquier entorno.<\/p>\n<\/p><\/div>\n<div style='display: flex; flex-wrap: wrap; gap: 30px;'>\n<div style='flex: 1 1 300px; min-width: 280px;'>\n<div style='border: 1px solid rgba(150&comma; 150&comma; 150&comma; 0.4); border-radius: 8px; overflow: hidden; display: flex; flex-direction: column;'>\n<div style='padding: 15px; border-bottom: 1px solid rgba(150&comma; 150&comma; 150&comma; 0.2); font-weight: bold; font-size: 18px; color: inherit;'>Caracter\u00edsticas Principales:<\/div>\n<div style='padding: 15px; color: inherit;'>\n<ul style='padding-left: 20px; margin: 0; font-size: 14px; list-style-type: disc;'>\n<li style='margin-bottom: 5px;'>1 Puerto de datos 10\/100\/1000<\/li>\n<li style='margin-bottom: 5px;'>Modo de operaci\u00f3n PTMP: Solo como Estaci\u00f3n del A6<\/li>\n<li style='margin-bottom: 5px;'>Frecuencia: 5100-6400 MHz<\/li>\n<li style='margin-bottom: 5px;'>Ganancia: 8 dBi (nativo)<\/li>\n<li style='margin-bottom: 5px;'>12\u201330 dBi (con antenas)<\/li>\n<li style='margin-bottom: 5px;'>Potencia m\u00e1xima de salida: 27 dBm<\/li>\n<li style='margin-bottom: 5px;'>Clasificaci\u00f3n del IP: IP67<\/li>\n<li style='margin-bottom: 5px;'>Monitoreo en la nube de Mimosa y manejo HTTPS de monitoreo heredado de SNMPv2 y Syslog<\/li>\n<li style='margin-bottom: 5px;'>Rendimiento m\u00e1ximo: (1.7 Gbps PHY)<\/li>\n<li style='margin-bottom: 5px;'>Actualizar firmware para correcto funcionamiento<\/li>\n<\/ul><\/div>\n<\/p><\/div>\n<\/p><\/div>\n<div style='flex: 1 1 300px; min-width: 280px;'>\n<div style='border: 1px solid rgba(150&comma; 150&comma; 150&comma; 0.4); border-radius: 8px; overflow: hidden; display: flex; flex-direction: column;'>\n<div style='padding: 15px; border-bottom: 1px solid rgba(150&comma; 150&comma; 150&comma; 0.2); font-weight: bold; font-size: 18px; color: inherit;'>Caracter\u00edsticas el\u00e9ctricas:<\/div>\n<div style='padding: 15px; color: inherit;'>\n<ul style='padding-left: 20px; margin: 0; font-size: 14px; list-style-type: disc;'>\n<li style='margin-bottom: 5px;'>Requiere adaptador PoE (&#8216;POE50V&#8217;) y Cable de alimentaci\u00f3n (PCC53)<\/li>\n<li style='margin-bottom: 5px;'>Consumo m\u00e1ximo de energ\u00eda: 20 W<\/li>\n<li style='margin-bottom: 5px;'>Fuente de alimentaci\u00f3n PoE: Compatible con POE pasivo&comma; 48\u201356 V (inyector PoE no incluido)<\/li>\n<li style='margin-bottom: 5px;'>Nota: Para alineaci\u00f3n en vertical utilizar U-MOUNT o FLEXIMOUNT (NO INCLUIDO)<\/li>\n<li style='margin-bottom: 5px;'>Tipo de conector: Gu\u00eda de onda<\/li>\n<li style='margin-bottom: 5px;'>Peso de 0.7 kg<\/li>\n<li style='margin-bottom: 5px;'>Temperatura operacional: -40 a 55 \u00baC<\/li>\n<li style='margin-bottom: 5px;'>Dimensiones: Altura (178 mm)&comma; Ancho de (113 mm)&comma; Profundidad (67 mm)<\/li>\n<\/ul><\/div>\n<\/p><\/div>\n<\/p><\/div>\n<\/p><\/div>\n<div style='text-align: center;'>\n<h4 style='font-size: 20px; font-weight: bold; color: inherit; margin: 0 0 10px; color: #d35400;'>Valor<\/h4>\n<p style='font-size: 16px; margin: 0 0 15px; font-weight: bold;'>L\u00edder en relaci\u00f3n precio-rendimiento<\/p>\n<p style='font-size: 16px; margin: 0 0 20px;'>El resistente C6x de Mimosa establece un nuevo est\u00e1ndar de velocidad asequible y reducci\u00f3n de interferencias. Aprovechando las \u00faltimas tecnolog\u00edas inal\u00e1mbricas y el acceso a nuevas bandas de 6 GHz&comma; el C6x ofrece velocidades de latencia ultrabaja de hasta 1&comma;75 Gbps con alta confiabilidad&comma; gracias a funciones avanzadas de reducci\u00f3n de ruido.<\/p>\n<p> <a style='display: inline-block; text-decoration: none; text-transform: uppercase; font-weight: 400; font-size: 1rem; color: #d35400; border: 1px solid #d35400; padding: 0.5rem 1.5rem; border-radius: 4px; transition: all 0.15s ease-in-out;' href='https:\/\/mimosa.co\/design-tool' target='_blank' rel='noopener'>Herramienta de dise\u00f1o Mimosa<\/a> <\/div>\n<\/p><\/div>\n<\/p><\/div>\n","protected":false},"excerpt":{"rendered":"<p>Kit de 2 radios C6X con 2 antenas de (12 dBi), rango de frecuencia extendida (4.9 a 6.4 GHz),  incluye inyector POE, cable de alimentaci\u00f3n y 2 FLEXIMOUNT-XL para alineaci\u00f3n, distancia de hasta 3 km<\/p>\n","protected":false},"featured_media":83578,"comment_status":"open","ping_status":"closed","template":"","meta":[],"product_brand":[],"product_cat":[1998],"product_tag":[1999,1980,2046],"class_list":{"0":"post-83579","1":"product","2":"type-product","3":"status-publish","4":"has-post-thumbnail","6":"product_cat-5-y-6-ghz","7":"product_tag-5-y-6-ghz","8":"product_tag-enlaces-ptp-y-ptmp","9":"product_tag-mimosa-networks","11":"first","12":"outofstock","13":"sale","14":"shipping-taxable","15":"purchasable","16":"product-type-simple"},"_links":{"self":[{"href":"https:\/\/soydeaqui.ddns.net\/pachuca\/index.php\/wp-json\/wp\/v2\/product\/83579","targetHints":{"allow":["GET"]}}],"collection":[{"href":"https:\/\/soydeaqui.ddns.net\/pachuca\/index.php\/wp-json\/wp\/v2\/product"}],"about":[{"href":"https:\/\/soydeaqui.ddns.net\/pachuca\/index.php\/wp-json\/wp\/v2\/types\/product"}],"replies":[{"embeddable":true,"href":"https:\/\/soydeaqui.ddns.net\/pachuca\/index.php\/wp-json\/wp\/v2\/comments?post=83579"}],"wp:featuredmedia":[{"embeddable":true,"href":"https:\/\/soydeaqui.ddns.net\/pachuca\/index.php\/wp-json\/wp\/v2\/media\/83578"}],"wp:attachment":[{"href":"https:\/\/soydeaqui.ddns.net\/pachuca\/index.php\/wp-json\/wp\/v2\/media?parent=83579"}],"wp:term":[{"taxonomy":"product_brand","embeddable":true,"href":"https:\/\/soydeaqui.ddns.net\/pachuca\/index.php\/wp-json\/wp\/v2\/product_brand?post=83579"},{"taxonomy":"product_cat","embeddable":true,"href":"https:\/\/soydeaqui.ddns.net\/pachuca\/index.php\/wp-json\/wp\/v2\/product_cat?post=83579"},{"taxonomy":"product_tag","embeddable":true,"href":"https:\/\/soydeaqui.ddns.net\/pachuca\/index.php\/wp-json\/wp\/v2\/product_tag?post=83579"}],"curies":[{"name":"wp","href":"https:\/\/api.w.org\/{rel}","templated":true}]}}