{"id":83577,"date":"2026-03-19T20:13:53","date_gmt":"2026-03-19T20:13:53","guid":{"rendered":"https:\/\/soydeaqui.ddns.net\/pachuca\/index.php\/producto\/kit-de-2-radios-c6x-con-2-antenas-de-20-dbi-rango-de-frecuencia-extendida-5-1-a-6-4-ghz-incluye-inyector-poe-cable-de-alimentacion-y-2-fleximount-xl-para-alineacion-distancia-de-hasta-3-km\/"},"modified":"2026-03-19T20:13:55","modified_gmt":"2026-03-19T20:13:55","slug":"kit-de-2-radios-c6x-con-2-antenas-de-20-dbi-rango-de-frecuencia-extendida-5-1-a-6-4-ghz-incluye-inyector-poe-cable-de-alimentacion-y-2-fleximount-xl-para-alineacion-distancia-de-hasta-3-km","status":"publish","type":"product","link":"https:\/\/soydeaqui.ddns.net\/pachuca\/index.php\/producto\/kit-de-2-radios-c6x-con-2-antenas-de-20-dbi-rango-de-frecuencia-extendida-5-1-a-6-4-ghz-incluye-inyector-poe-cable-de-alimentacion-y-2-fleximount-xl-para-alineacion-distancia-de-hasta-3-km\/","title":{"rendered":"Kit de 2 radios C6X con 2 antenas de (20 dBi), rango de frecuencia extendida (5.1 a 6.4 GHz),  incluye inyector POE, cable de alimentaci\u00f3n y 2 FLEXIMOUNT-XL para alineaci\u00f3n, distancia de hasta 3 km"},"content":{"rendered":"<div style='width: 100%; max-width: 1200px; margin: 0 auto; font-family: sans-serif&comma; -apple-system&comma; BlinkMacSystemFont&comma; 'Segoe UI'&comma; Roboto&comma; 'Helvetica Neue'&comma; Arial&comma; 'Noto Sans'&comma; sans-serif; line-height: 1.6; color: inherit; background-color: transparent;'> <!-- Contenido principal --> <\/p>\n<div style='display: flex; flex-direction: column; gap: 30px;'>\n<div style='width: 100%;'>\n<p style='text-align: justify; margin: 0;'> <img style='width: 100%; height: auto; border: 1px solid rgba(150&comma;150&comma;150&comma;0.3); border-radius: 8px;' src='https:\/\/ftp3.syscom.mx\/usuarios\/fotos\/B6X\/226110-mimosa_articulos.jpg' alt=''> <\/p>\n<p style='text-align: center; margin: 15px 0;'> <span style='font-size: 24px; font-weight: bold; color: inherit;'>C6X<\/span> <\/p>\n<p style='text-align: justify; margin: 15px 0;'> <span style='font-size: 24px; color: inherit;'>Mimosa C6x: una potente radio inal\u00e1mbrica fija que ofrece hasta 1&comma;75 Gbps en modo punto a multipunto y 2&comma;0 Gbps en modo punto a punto. Con opciones de alcance adaptables y un dise\u00f1o resistente con clasificaci\u00f3n IP67&comma; la C6x est\u00e1 dise\u00f1ada para aplicaciones de cliente y backhaul sin interrupciones&comma; ofreciendo conectividad confiable y de alta velocidad en cualquier entorno.<\/span> <\/p>\n<\/p><\/div>\n<p> <!-- Secci\u00f3n de caracter\u00edsticas --> <\/p>\n<div style='display: flex; flex-wrap: wrap; gap: 20px; justify-content: center;'>\n<div style='flex: 1 1 300px; min-width: 280px;'>\n<div style='border: 1px solid rgba(150&comma; 150&comma; 150&comma; 0.4); border-radius: 8px; overflow: hidden; display: flex; flex-direction: column;'>\n<div style='padding: 15px; border-bottom: 1px solid rgba(150&comma; 150&comma; 150&comma; 0.2); font-weight: bold; font-size: 18px; color: inherit; background-color: rgba(255&comma; 165&comma; 0&comma; 0.1);'>Caracter\u00edsticas Principales:<\/div>\n<div style='padding: 15px; color: inherit;'>\n<ul style='padding-left: 20px; margin: 0; font-size: 14px; list-style-type: disc; color: inherit;'>\n<li style='margin-bottom: 5px; color: inherit;'>1 Puerto de datos 10\/100\/1000<\/li>\n<li style='margin-bottom: 5px; color: inherit;'>Modo de operaci\u00f3n PTMP: Solo como Estaci\u00f3n del A6<\/li>\n<li style='margin-bottom: 5px; color: inherit;'>Frecuencia: 5100-6400 MHz<\/li>\n<li style='margin-bottom: 5px; color: inherit;'>Ganancia: 8 dBi (nativo)<\/li>\n<li style='margin-bottom: 5px; color: inherit;'>12\u201330 dBi (con antenas)<\/li>\n<li style='margin-bottom: 5px; color: inherit;'>Potencia m\u00e1xima de salida: 27 dBm<\/li>\n<li style='margin-bottom: 5px; color: inherit;'>Clasificaci\u00f3n del IP: IP67<\/li>\n<li style='margin-bottom: 5px; color: inherit;'>Monitoreo en la nube de Mimosa y manejo HTTPS de monitoreo heredado de SNMPv2 y Syslog<\/li>\n<li style='margin-bottom: 5px; color: inherit;'>Rendimiento m\u00e1ximo: (1.7 Gbps PHY)<\/li>\n<li style='margin-bottom: 5px; color: inherit;'>Actualizar firmware para correcto funcionamiento<\/li>\n<\/ul><\/div>\n<\/p><\/div>\n<\/p><\/div>\n<div style='flex: 1 1 300px; min-width: 280px;'>\n<div style='border: 1px solid rgba(150&comma; 150&comma; 150&comma; 0.4); border-radius: 8px; overflow: hidden; display: flex; flex-direction: column;'>\n<div style='padding: 15px; border-bottom: 1px solid rgba(150&comma; 150&comma; 150&comma; 0.2); font-weight: bold; font-size: 18px; color: inherit; background-color: rgba(255&comma; 165&comma; 0&comma; 0.1);'>Caracter\u00edsticas el\u00e9ctricas:<\/div>\n<div style='padding: 15px; color: inherit;'>\n<ul style='padding-left: 20px; margin: 0; font-size: 14px; list-style-type: disc; color: inherit;'>\n<li style='margin-bottom: 5px; color: inherit;'>Requiere adaptador PoE (&#8216;POE50V&#8217;) y Cable de alimentaci\u00f3n (PCC53)<\/li>\n<li style='margin-bottom: 5px; color: inherit;'>Consumo m\u00e1ximo de energ\u00eda: 20 W<\/li>\n<li style='margin-bottom: 5px; color: inherit;'>Fuente de alimentaci\u00f3n PoE: Compatible con POE pasivo&comma; 48\u201356 V (inyector PoE no incluido)<\/li>\n<li style='margin-bottom: 5px; color: inherit;'>Nota: Para alineaci\u00f3n en vertical utilizar U-MOUNT o FLEXIMOUNT (NO INCLUIDO)<\/li>\n<li style='margin-bottom: 5px; color: inherit;'>Tipo de conector: Gu\u00eda de onda<\/li>\n<li style='margin-bottom: 5px; color: inherit;'>Peso de 0.7 kg<\/li>\n<li style='margin-bottom: 5px; color: inherit;'>Temperatura operacional: -40 a 55 \u00baC<\/li>\n<li style='margin-bottom: 5px; color: inherit;'>Dimensiones: Altura (178 mm)&comma; Ancho (113 mm)&comma; Profundidad (67 mm)<\/li>\n<\/ul><\/div>\n<\/p><\/div>\n<\/p><\/div>\n<\/p><\/div>\n<p> <!-- Secci\u00f3n de valor --> <\/p>\n<div style='display: flex; flex-direction: column; align-items: center; text-align: center; gap: 10px;'>\n<h2 style='font-size: 2rem; font-weight: 500; line-height: 1.2; margin: 0; color: inherit; opacity: 0.8;'> <span style='color: rgba(211&comma; 84&comma; 0&comma; 0.8);'>Valor<\/span> <\/h2>\n<p style='font-weight: bold; margin: 0; color: inherit;'>L\u00edder en relaci\u00f3n precio-rendimiento<\/p>\n<p style='margin: 0; color: inherit;'>El resistente C6x de Mimosa establece un nuevo est\u00e1ndar de velocidad asequible y reducci\u00f3n de interferencias. Aprovechando las \u00faltimas tecnolog\u00edas inal\u00e1mbricas y el acceso a nuevas bandas de 6 GHz&comma; el C6x ofrece velocidades de latencia ultrabaja de hasta 1&comma;75 Gbps con alta confiabilidad&comma; gracias a funciones avanzadas de reducci\u00f3n de ruido.<\/p>\n<\/p><\/div>\n<p> <!-- Bot\u00f3n de herramienta Mimosa --> <\/p>\n<div style='text-align: center; margin: 20px 0;'> <a style='display: inline-block; font-size: 1rem; font-weight: 400; text-transform: uppercase; color: rgba(242&comma; 93&comma; 27&comma; 0.8); border: 1px solid rgba(242&comma; 93&comma; 27&comma; 0.8); padding: 0.5rem 1.5rem; border-radius: 4px; text-decoration: none; background-color: transparent; transition: all 0.15s ease-in-out; box-shadow: inset 0 1px 0 rgba(255&comma; 255&comma; 255&comma; 0.15)&comma; 0 1px 1px rgba(22&comma; 26&comma; 31&comma; 0.075);' href='https:\/\/mimosa.co\/design-tool' target='_blank' rel='noopener noreferrer'> Herramienta de dise\u00f1o Mimosa <\/a> <\/div>\n<p> <!-- Separador --> <\/p>\n<hr style='border: 0; border-top: 1px solid rgba(150&comma; 150&comma; 150&comma; 0.3); margin: 30px 0;'> <\/div>\n<\/p><\/div>\n","protected":false},"excerpt":{"rendered":"<p>Kit de 2 radios C6X con 2 antenas de (20 dBi), rango de frecuencia extendida (5.1 a 6.4 GHz),  incluye inyector POE, cable de alimentaci\u00f3n y 2 FLEXIMOUNT-XL para alineaci\u00f3n, distancia de hasta 3 km<\/p>\n","protected":false},"featured_media":83576,"comment_status":"open","ping_status":"closed","template":"","meta":[],"product_brand":[],"product_cat":[1998],"product_tag":[1999,1980,2046],"class_list":{"0":"post-83577","1":"product","2":"type-product","3":"status-publish","4":"has-post-thumbnail","6":"product_cat-5-y-6-ghz","7":"product_tag-5-y-6-ghz","8":"product_tag-enlaces-ptp-y-ptmp","9":"product_tag-mimosa-networks","11":"first","12":"outofstock","13":"sale","14":"shipping-taxable","15":"purchasable","16":"product-type-simple"},"_links":{"self":[{"href":"https:\/\/soydeaqui.ddns.net\/pachuca\/index.php\/wp-json\/wp\/v2\/product\/83577","targetHints":{"allow":["GET"]}}],"collection":[{"href":"https:\/\/soydeaqui.ddns.net\/pachuca\/index.php\/wp-json\/wp\/v2\/product"}],"about":[{"href":"https:\/\/soydeaqui.ddns.net\/pachuca\/index.php\/wp-json\/wp\/v2\/types\/product"}],"replies":[{"embeddable":true,"href":"https:\/\/soydeaqui.ddns.net\/pachuca\/index.php\/wp-json\/wp\/v2\/comments?post=83577"}],"wp:featuredmedia":[{"embeddable":true,"href":"https:\/\/soydeaqui.ddns.net\/pachuca\/index.php\/wp-json\/wp\/v2\/media\/83576"}],"wp:attachment":[{"href":"https:\/\/soydeaqui.ddns.net\/pachuca\/index.php\/wp-json\/wp\/v2\/media?parent=83577"}],"wp:term":[{"taxonomy":"product_brand","embeddable":true,"href":"https:\/\/soydeaqui.ddns.net\/pachuca\/index.php\/wp-json\/wp\/v2\/product_brand?post=83577"},{"taxonomy":"product_cat","embeddable":true,"href":"https:\/\/soydeaqui.ddns.net\/pachuca\/index.php\/wp-json\/wp\/v2\/product_cat?post=83577"},{"taxonomy":"product_tag","embeddable":true,"href":"https:\/\/soydeaqui.ddns.net\/pachuca\/index.php\/wp-json\/wp\/v2\/product_tag?post=83577"}],"curies":[{"name":"wp","href":"https:\/\/api.w.org\/{rel}","templated":true}]}}