{"id":83569,"date":"2026-03-19T20:13:34","date_gmt":"2026-03-19T20:13:34","guid":{"rendered":"https:\/\/soydeaqui.ddns.net\/pachuca\/index.php\/producto\/unidad-de-estado-solido-ssd-512-gb-alto-rendimiento-hasta-7100b-s-m-2-nvme-para-gaming-y-pc-trabajo-pesado\/"},"modified":"2026-03-19T20:13:41","modified_gmt":"2026-03-19T20:13:41","slug":"unidad-de-estado-solido-ssd-512-gb-alto-rendimiento-hasta-7100b-s-m-2-nvme-para-gaming-y-pc-trabajo-pesado","status":"publish","type":"product","link":"https:\/\/soydeaqui.ddns.net\/pachuca\/index.php\/producto\/unidad-de-estado-solido-ssd-512-gb-alto-rendimiento-hasta-7100b-s-m-2-nvme-para-gaming-y-pc-trabajo-pesado\/","title":{"rendered":"Unidad de Estado S\u00f3lido (SSD) 512 GB \/ ALTO RENDIMIENTO \/ Hasta 7100B\/s \/ M.2 NVMe \/ Para Gaming y PC Trabajo Pesado"},"content":{"rendered":"<div style='width: 100%; max-width: 1200px; margin: 0 auto; font-family: sans-serif; line-height: 1.6; color: inherit; background-color: transparent;'> <!-- Banner --> <\/p>\n<div style='text-align: center; margin: 30px 0;'> <img style='width: 100%; height: auto; border: 1px solid rgba(150&comma;150&comma;150&comma;0.3); border-radius: 8px;' src='https:\/\/ftp3.syscom.mx\/usuarios\/gmagos\/HIK\/storage\/Vaners\/hiksemi.png' alt='Banner'> <\/div>\n<p> <!-- Especificaciones --> <\/p>\n<div style='display: flex; flex-wrap: wrap; gap: 30px; margin-bottom: 30px;'>\n<div style='flex: 1 1 300px; min-width: 280px;'>\n<h3 style='font-size: 22px; border-bottom: 2px solid currentColor; padding-bottom: 5px; margin-top: 0; color: inherit; opacity: 0.8;'>Caracter\u00edsticas Principales<\/h3>\n<ul style='padding-left: 20px; font-size: 15px; color: inherit;'>\n<li style='margin-bottom: 5px;'>Capacidad: <strong>512 GB<\/strong><\/li>\n<li style='margin-bottom: 5px;'>Velocidad de Lectura: <strong>7000 MB\/s<\/strong><\/li>\n<li style='margin-bottom: 5px;'>Velocidad de Escritura: <strong>6610 MB\/s<\/strong><\/li>\n<li style='margin-bottom: 5px;'>Consumo M\u00e1ximo: <strong>6.7W<\/strong><\/li>\n<li style='margin-bottom: 5px;'>Interfaz: <strong>PCIe Gen 4 x 4<\/strong><\/li>\n<li style='margin-bottom: 5px;'>MTBF: <strong>2&comma;000&comma;000 hours<\/strong><\/li>\n<li style='margin-bottom: 5px;'>Temperatura de Operaci\u00f3n: <strong>-40\u00b0C a 85\u00b0C (-40 \u00b0F a +185\u00b0F)<\/strong><\/li>\n<li style='margin-bottom: 5px;'>Factor de forma: <strong>M.2 \/ PCIe Gen 3 x 4 \/ NVMe<\/strong><\/li>\n<li style='margin-bottom: 5px;'>Tama\u00f1o: <strong>80.15 mm x 22.15 mm x 2.38 mm<\/strong><\/li>\n<li style='margin-bottom: 5px;'>Peso: <strong>\u2264 7 gramos<\/strong><\/li>\n<\/ul><\/div>\n<\/p><\/div>\n<p> <!-- Videos --> <\/p>\n<div style='display: flex; flex-wrap: wrap; gap: 30px; margin-bottom: 30px;'>\n<div style='flex: 1 1 400px; min-width: 300px;'>\n<h3 style='text-align: center; font-size: 18px; margin-top: 0; color: inherit; opacity: 0.8;'>\u00bfQui\u00e9n es HIKSEMI?<\/h3>\n<div style='position: relative; padding-bottom: 56.25%; height: 0; overflow: hidden; margin-bottom: 30px;'>   <\/div>\n<\/p><\/div>\n<div style='flex: 1 1 400px; min-width: 300px;'>\n<h3 style='text-align: center; font-size: 18px; margin-top: 0; color: inherit; opacity: 0.8;'>Unidades de Estado S\u00f3lido<\/h3>\n<div style='position: relative; padding-bottom: 56.25%; height: 0; overflow: hidden; margin-bottom: 30px;'>   <\/div>\n<\/p><\/div>\n<\/p><\/div>\n<p> <!-- Imagen 1 --> <\/p>\n<div style='position: relative; width: 100%; margin-bottom: 30px;'> <img style='width: 100%; height: auto; border: 1px solid rgba(150&comma;150&comma;150&comma;0.3); border-radius: 8px;' src='https:\/\/ftp3.syscom.mx\/usuarios\/gmagos\/HIK\/storage\/Pagina%20WEB\/FUTURE%20LITE\/FUTURE-Lite_01.jpg' alt='Imagen de Fondo'> <\/p>\n<div style='position: absolute; top: 0; left: 0; width: 100%; height: 100%; display: flex; align-items: center; justify-content: center; flex-direction: column; background: rgba(0&comma;0&comma;0&comma;0.5); padding: 30px;'>\n<h1 style='font-size: 35px; color: white; text-align: center; font-weight: bold; margin: 0;'>FUTURE<\/h1>\n<h2 style='font-size: 20px; color: white; text-align: center; margin: 0;'>SSD PCIe 4.0 NVMe M.2<\/h2>\n<\/p><\/div>\n<\/p><\/div>\n<p> <!-- Informaci\u00f3n 1 --> <\/p>\n<div style='display: flex; flex-wrap: wrap; gap: 30px; margin-bottom: 30px;'>\n<div style='flex: 1 1 300px; min-width: 280px; text-align: center;'> <img style='width: 100%; height: auto; border: 1px solid rgba(150&comma;150&comma;150&comma;0.3); border-radius: 8px;' src='https:\/\/ftp3.syscom.mx\/usuarios\/gmagos\/HIK\/storage\/Pagina%20WEB\/FUTURE%20LITE\/FUTURE-Lite_02.jpg' alt='Alta Velocidad'> <\/div>\n<div style='flex: 2 1 400px;'>\n<h3 style='font-size: 20px; margin-top: 0; color: inherit; opacity: 0.8;'>Alta Velocidad<\/h3>\n<p style='font-size: 15px; color: inherit;'>Hiksemi presenta su revolucionario SSD M.2 FUTURE LITE&comma; llevando la experiencia de almacenamiento a un nuevo nivel. Estos dispositivos destacan por su asombrosa velocidad de lectura de 7100MB\/s&comma; ofreciendo un rendimiento sin precedentes para satisfacer las demandas m\u00e1s exigentes.<\/p>\n<\/p><\/div>\n<\/p><\/div>\n<p> <!-- Informaci\u00f3n 2 --> <\/p>\n<div style='display: flex; flex-wrap: wrap; gap: 30px; margin-bottom: 30px;'>\n<div style='flex: 2 1 400px;'>\n<h3 style='font-size: 20px; margin-top: 0; color: inherit; opacity: 0.8;'>Innovaci\u00f3n en el Almacenamiento<\/h3>\n<p style='font-size: 15px; color: inherit;'>Los SSD M.2 FUTURE LITE no solo ofrecen un alto rendimiento&comma; sino que tambi\u00e9n incorporan innovaciones que redefinen la forma en que experimentamos el almacenamiento con capacidades de hasta 4TB. Hiksemi ha fusionado tecnolog\u00eda avanzada con dise\u00f1o funcional para ofrecer una soluci\u00f3n integral y vanguardista.<\/p>\n<\/p><\/div>\n<div style='flex: 1 1 300px; min-width: 280px; text-align: center;'> <img style='width: 100%; height: auto; border: 1px solid rgba(150&comma;150&comma;150&comma;0.3); border-radius: 8px;' src='https:\/\/ftp3.syscom.mx\/usuarios\/gmagos\/HIK\/storage\/Pagina%20WEB\/FUTURE%20LITE\/FUTURE-Lite_03.jpg' alt='Innovaci\u00f3n en el Almacenamiento'> <\/div>\n<\/p><\/div>\n<p> <!-- Imagen 2 --> <\/p>\n<div style='position: relative; width: 100%; margin-bottom: 30px;'> <img style='width: 100%; height: auto; border: 1px solid rgba(150&comma;150&comma;150&comma;0.3); border-radius: 8px;' src='https:\/\/ftp3.syscom.mx\/usuarios\/gmagos\/HIK\/storage\/Pagina%20WEB\/FuturePRO\/FUTURE_03.jpg' alt='Imagen de Fondo'> <\/p>\n<div style='position: absolute; top: 0; left: 0; width: 100%; height: 100%; display: flex; align-items: center; justify-content: center; flex-direction: column; background: rgba(0&comma;0&comma;0&comma;0.5); padding: 30px;'>\n<h1 style='font-size: 24px; color: white; text-align: center; margin: 0;'>Menor consumo de energ\u00eda&comma; disipaci\u00f3n t\u00e9rmica avanzada<\/h1>\n<\/p><\/div>\n<\/p><\/div>\n<p> <!-- Banner Final --> <\/p>\n<div style='text-align: center; margin: 30px 0;'> <img style='width: 100%; height: auto; border: 1px solid rgba(150&comma;150&comma;150&comma;0.3); border-radius: 8px;' src='https:\/\/ftp3.syscom.mx\/usuarios\/gmagos\/HIK\/storage\/Vaners\/HIKSEMI-banner1.jpg' alt='Banner final'> <\/div>\n<\/p><\/div>\n","protected":false},"excerpt":{"rendered":"<p>Unidad de Estado S\u00f3lido (SSD) 512 GB \/ ALTO RENDIMIENTO \/ Hasta 7100B\/s \/ M.2 NVMe \/ Para Gaming y PC Trabajo Pesado<\/p>\n","protected":false},"featured_media":83568,"comment_status":"open","ping_status":"closed","template":"","meta":[],"product_brand":[],"product_cat":[2138],"product_tag":[1974,2129,2139],"class_list":{"0":"post-83569","1":"product","2":"type-product","3":"status-publish","4":"has-post-thumbnail","6":"product_cat-unidades-de-estado-solido-ssd","7":"product_tag-almacenamiento","8":"product_tag-hiksemi-by-hikvision","9":"product_tag-unidades-de-estado-solido-ssd","11":"first","12":"outofstock","13":"sale","14":"shipping-taxable","15":"purchasable","16":"product-type-simple"},"_links":{"self":[{"href":"https:\/\/soydeaqui.ddns.net\/pachuca\/index.php\/wp-json\/wp\/v2\/product\/83569","targetHints":{"allow":["GET"]}}],"collection":[{"href":"https:\/\/soydeaqui.ddns.net\/pachuca\/index.php\/wp-json\/wp\/v2\/product"}],"about":[{"href":"https:\/\/soydeaqui.ddns.net\/pachuca\/index.php\/wp-json\/wp\/v2\/types\/product"}],"replies":[{"embeddable":true,"href":"https:\/\/soydeaqui.ddns.net\/pachuca\/index.php\/wp-json\/wp\/v2\/comments?post=83569"}],"wp:featuredmedia":[{"embeddable":true,"href":"https:\/\/soydeaqui.ddns.net\/pachuca\/index.php\/wp-json\/wp\/v2\/media\/83568"}],"wp:attachment":[{"href":"https:\/\/soydeaqui.ddns.net\/pachuca\/index.php\/wp-json\/wp\/v2\/media?parent=83569"}],"wp:term":[{"taxonomy":"product_brand","embeddable":true,"href":"https:\/\/soydeaqui.ddns.net\/pachuca\/index.php\/wp-json\/wp\/v2\/product_brand?post=83569"},{"taxonomy":"product_cat","embeddable":true,"href":"https:\/\/soydeaqui.ddns.net\/pachuca\/index.php\/wp-json\/wp\/v2\/product_cat?post=83569"},{"taxonomy":"product_tag","embeddable":true,"href":"https:\/\/soydeaqui.ddns.net\/pachuca\/index.php\/wp-json\/wp\/v2\/product_tag?post=83569"}],"curies":[{"name":"wp","href":"https:\/\/api.w.org\/{rel}","templated":true}]}}