{"id":83562,"date":"2026-03-19T20:13:16","date_gmt":"2026-03-19T20:13:16","guid":{"rendered":"https:\/\/soydeaqui.ddns.net\/pachuca\/index.php\/producto\/antena-sectorial-wi-fi-de-90-para-exterior-con-montaje-2-4-y-5-ghz-ganancia-15-dbi-conectores-rpsma-ideal-para-aps-conectorizados-unifi-altai-tp-link-y-grandstream\/"},"modified":"2026-03-19T20:13:24","modified_gmt":"2026-03-19T20:13:24","slug":"antena-sectorial-wi-fi-de-90-para-exterior-con-montaje-2-4-y-5-ghz-ganancia-15-dbi-conectores-rpsma-ideal-para-aps-conectorizados-unifi-altai-tp-link-y-grandstream","status":"publish","type":"product","link":"https:\/\/soydeaqui.ddns.net\/pachuca\/index.php\/producto\/antena-sectorial-wi-fi-de-90-para-exterior-con-montaje-2-4-y-5-ghz-ganancia-15-dbi-conectores-rpsma-ideal-para-aps-conectorizados-unifi-altai-tp-link-y-grandstream\/","title":{"rendered":"Antena Sectorial Wi-Fi de 90\u00b0 para Exterior con Montaje \/ 2.4 y 5 GHz \/ Ganancia 15 dBi \/ Conectores RPSMA \/ Ideal para APs Conectorizados Unifi, Altai, TP-Link y Grandstream."},"content":{"rendered":"<div style='width: 100%; max-width: 1200px; margin: 0 auto; font-family: sans-serif; line-height: 1.6; color: inherit; background-color: transparent;'>\n<div style='display: flex; flex-wrap: wrap; gap: 30px; margin-bottom: 30px;'>\n<div style='flex: 1 1 300px; min-width: 280px;'>\n<h3 style='font-size: 22px; border-bottom: 2px solid currentColor; padding-bottom: 5px; margin-top: 0; color: inherit; opacity: 0.8;'>Caracter\u00edsticas Principales:<\/h3>\n<ul style='padding-left: 20px; font-size: 15px; color: inherit;'>\n<li style='margin-bottom: 5px;'><strong>Rango de frecuencia:<\/strong> 2.4 \/ 5 GHz.<\/li>\n<li style='margin-bottom: 5px;'><strong>Ganancia:<\/strong> 10 dBi en (2.4 GHz) \/ 15 dBi en (5 GHz).<\/li>\n<li style='margin-bottom: 5px;'><strong>VSWR:<\/strong> Max 2.0.<\/li>\n<li style='margin-bottom: 5px;'><strong>Hz Horizontal:<\/strong> 90\u00ba en 2.4 GHz \/ 45\u00b0 en 5 GHz.<\/li>\n<li style='margin-bottom: 5px;'><strong>Hz Vertical:<\/strong> 30\u00ba.<\/li>\n<li style='margin-bottom: 5px;'><strong>Polarizaci\u00f3n:<\/strong> doble<\/li>\n<li style='margin-bottom: 5px;'><strong>Impedancia:<\/strong> 50\u03a9<\/li>\n<li style='margin-bottom: 5px;'><strong>Protecci\u00f3n contra rayos:<\/strong> Tierra DC<\/li>\n<li style='margin-bottom: 5px;'><strong>Potencia m\u00e1xima por puerto:<\/strong> 50 W<\/li>\n<\/ul><\/div>\n<div style='flex: 1 1 300px; min-width: 280px;'>\n<h3 style='font-size: 22px; border-bottom: 2px solid currentColor; padding-bottom: 5px; margin-top: 0; color: inherit; opacity: 0.8;'>Caracter\u00edsticas F\u00edsicas y El\u00e9ctricas:<\/h3>\n<ul style='padding-left: 20px; font-size: 15px; color: inherit;'>\n<li style='margin-bottom: 5px;'><strong>Conectores:<\/strong> 2-RPSMA.<\/li>\n<li style='margin-bottom: 5px;'><strong>Peso:<\/strong> 1 kg<\/li>\n<li style='margin-bottom: 5px;'><strong>Dimensiones:<\/strong> 200 x 130 x 35 cm<\/li>\n<li style='margin-bottom: 5px;'><strong>Resistencia al viento:<\/strong> 60 m\/s<\/li>\n<li style='margin-bottom: 5px;'><strong>Di\u00e1metro del tubo:<\/strong> 3 a 8 cm<\/li>\n<li style='margin-bottom: 5px;'><strong>Temperatura opcional:<\/strong> &#8211; 40\u00ba C a + 60\u00ba C<\/li>\n<\/ul><\/div>\n<\/p><\/div>\n<\/p><\/div>\n","protected":false},"excerpt":{"rendered":"<p>Antena Sectorial Wi-Fi de 90\u00b0 para Exterior con Montaje \/ 2.4 y 5 GHz \/ Ganancia 15 dBi \/ Conectores RPSMA \/ Ideal para APs Conectorizados Unifi, Altai, TP-Link y Grandstream.<\/p>\n","protected":false},"featured_media":83561,"comment_status":"open","ping_status":"closed","template":"","meta":[],"product_brand":[],"product_cat":[1998],"product_tag":[1999,1980,560],"class_list":{"0":"post-83562","1":"product","2":"type-product","3":"status-publish","4":"has-post-thumbnail","6":"product_cat-5-y-6-ghz","7":"product_tag-5-y-6-ghz","8":"product_tag-enlaces-ptp-y-ptmp","9":"product_tag-txpro","11":"first","12":"instock","13":"sale","14":"shipping-taxable","15":"purchasable","16":"product-type-simple"},"_links":{"self":[{"href":"https:\/\/soydeaqui.ddns.net\/pachuca\/index.php\/wp-json\/wp\/v2\/product\/83562","targetHints":{"allow":["GET"]}}],"collection":[{"href":"https:\/\/soydeaqui.ddns.net\/pachuca\/index.php\/wp-json\/wp\/v2\/product"}],"about":[{"href":"https:\/\/soydeaqui.ddns.net\/pachuca\/index.php\/wp-json\/wp\/v2\/types\/product"}],"replies":[{"embeddable":true,"href":"https:\/\/soydeaqui.ddns.net\/pachuca\/index.php\/wp-json\/wp\/v2\/comments?post=83562"}],"wp:featuredmedia":[{"embeddable":true,"href":"https:\/\/soydeaqui.ddns.net\/pachuca\/index.php\/wp-json\/wp\/v2\/media\/83561"}],"wp:attachment":[{"href":"https:\/\/soydeaqui.ddns.net\/pachuca\/index.php\/wp-json\/wp\/v2\/media?parent=83562"}],"wp:term":[{"taxonomy":"product_brand","embeddable":true,"href":"https:\/\/soydeaqui.ddns.net\/pachuca\/index.php\/wp-json\/wp\/v2\/product_brand?post=83562"},{"taxonomy":"product_cat","embeddable":true,"href":"https:\/\/soydeaqui.ddns.net\/pachuca\/index.php\/wp-json\/wp\/v2\/product_cat?post=83562"},{"taxonomy":"product_tag","embeddable":true,"href":"https:\/\/soydeaqui.ddns.net\/pachuca\/index.php\/wp-json\/wp\/v2\/product_tag?post=83562"}],"curies":[{"name":"wp","href":"https:\/\/api.w.org\/{rel}","templated":true}]}}