{"id":83557,"date":"2026-03-19T20:13:03","date_gmt":"2026-03-19T20:13:03","guid":{"rendered":"https:\/\/soydeaqui.ddns.net\/pachuca\/index.php\/producto\/hex-version-2024-router-con-5-puertos-gigabit-ethernet-1-puerto-usb-cpu-arm-doble-nucleo-ram-512-mb-balanceo-de-cargas\/"},"modified":"2026-03-19T20:13:07","modified_gmt":"2026-03-19T20:13:07","slug":"hex-version-2024-router-con-5-puertos-gigabit-ethernet-1-puerto-usb-cpu-arm-doble-nucleo-ram-512-mb-balanceo-de-cargas","status":"publish","type":"product","link":"https:\/\/soydeaqui.ddns.net\/pachuca\/index.php\/producto\/hex-version-2024-router-con-5-puertos-gigabit-ethernet-1-puerto-usb-cpu-arm-doble-nucleo-ram-512-mb-balanceo-de-cargas\/","title":{"rendered":"(Hex Version 2024) Router con 5 Puertos Gigabit Ethernet, 1 Puerto USB \/ CPU ARM Doble Nucleo\/ RAM 512 MB\/ Balanceo de Cargas"},"content":{"rendered":"<div style='width: 100%; max-width: 1200px; margin: 0 auto; font-family: sans-serif; line-height: 1.6; color: inherit; background-color: transparent;'>\n<div style='display: flex; flex-wrap: wrap; gap: 30px; margin-bottom: 30px;'>\n<div style='flex: 1 1 300px; min-width: 280px;'>\n<h3 style='font-size: 22px; border-bottom: 2px solid currentColor; padding-bottom: 5px; margin-top: 0; color: inherit; opacity: 0.8;'>Descripci\u00f3n<\/h3>\n<p style='font-size: 15px; color: inherit; margin-bottom: 15px; line-height: 1.6;'>El router asequible y fiable que conoces y en el que conf\u00edas ahora es m\u00e1s potente que nunca. Con la \u00faltima actualizaci\u00f3n&comma; el hEX ofrece el doble de rendimiento. Tanto si buscas una soluci\u00f3n robusta para tu hogar como para tu peque\u00f1a oficina&comma; hEX garantiza una conectividad fluida y estable con una potente actualizaci\u00f3n: aumentamos la <strong style='color: inherit;'>RAM<\/strong> de <strong style='color: inherit;'>256 MB<\/strong> a <strong style='color: inherit;'>512 MB<\/strong> y reemplazamos la <strong style='color: inherit;'>CPU<\/strong> por un potente <strong style='color: inherit;'>procesador ARM de doble n\u00facleo<\/strong>.<\/p>\n<p style='font-size: 15px; color: inherit; margin-bottom: 15px; line-height: 1.6;'>Dependiendo de su configuraci\u00f3n&comma; \u00a1el aumento de rendimiento puede alcanzar <strong style='color: inherit;'>entre el 100 % y el 134 %<\/strong>! Con <strong style='color: inherit;'>5 puertos Gigabit Ethernet<\/strong>&comma; hEX es la forma m\u00e1s rentable de interconectar tus dispositivos principales de casa u oficina. Adem\u00e1s&comma; puedes usar el <strong style='color: inherit;'>puerto USB<\/strong> de tama\u00f1o completo para agregar almacenamiento adicional y transmitir contenido multimedia de alta calidad entre dispositivos.<\/p>\n<p style='font-size: 15px; color: inherit; margin-bottom: 15px; line-height: 1.6;'><em style='color: inherit;'>El dispositivo cuenta con un sistema operativo preinstalado y con licencia. No requiere compra adicional y est\u00e1 listo para usar. Incluye actualizaciones de software gratuitas durante la vida \u00fatil del producto o un m\u00ednimo de 5 a\u00f1os a partir de la fecha de compra.<\/em><\/p>\n<\/p><\/div>\n<\/p><\/div>\n<div style='display: flex; flex-wrap: wrap; gap: 20px; margin-bottom: 30px;'>\n<div style='flex: 1 1 250px; border: 1px solid rgba(150&comma; 150&comma; 150&comma; 0.4); border-radius: 8px; overflow: hidden; display: flex; flex-direction: column;'>\n<div style='padding: 15px; border-bottom: 1px solid rgba(150&comma; 150&comma; 150&comma; 0.2); font-weight: bold; font-size: 18px; color: inherit;'>Especificaciones<\/div>\n<div style='padding: 15px; color: inherit;'>\n<ul style='padding-left: 20px; margin: 0; font-size: 14px; list-style-type: disc;'>\n<li style='margin-bottom: 5px;'><strong style='color: inherit;'>Arquitectura:<\/strong> ARM<\/li>\n<li style='margin-bottom: 5px;'><strong style='color: inherit;'>N\u00facleos de CPU:<\/strong> 2<\/li>\n<li style='margin-bottom: 5px;'><strong style='color: inherit;'>Frecuencia CPU:<\/strong> 950 MHz<\/li>\n<li style='margin-bottom: 5px;'><strong style='color: inherit;'>RAM:<\/strong> 512 MB<\/li>\n<li style='margin-bottom: 5px;'><strong style='color: inherit;'>Almacenamiento:<\/strong> 128 MB NAND<\/li>\n<li style='margin-bottom: 5px;'><strong style='color: inherit;'>Temperatura operativa:<\/strong> -40\u00b0C a 70\u00b0C<\/li>\n<li style='margin-bottom: 5px;'><strong style='color: inherit;'>Consumo m\u00e1ximo:<\/strong> 10 W<\/li>\n<li style='margin-bottom: 5px;'><strong style='color: inherit;'>Temperatura probada:<\/strong> -40\u00b0C a 70\u00b0C<\/li>\n<\/ul><\/div>\n<\/p><\/div>\n<div style='flex: 1 1 250px; border: 1px solid rgba(150&comma; 150&comma; 150&comma; 0.4); border-radius: 8px; overflow: hidden; display: flex; flex-direction: column;'>\n<div style='padding: 15px; border-bottom: 1px solid rgba(150&comma; 150&comma; 150&comma; 0.2); font-weight: bold; font-size: 18px; color: inherit;'>Conectividad<\/div>\n<div style='padding: 15px; color: inherit;'>\n<ul style='padding-left: 20px; margin: 0; font-size: 14px; list-style-type: disc;'>\n<li style='margin-bottom: 5px;'><strong style='color: inherit;'>Puertos Ethernet:<\/strong> 5 x Gigabit<\/li>\n<li style='margin-bottom: 5px;'><strong style='color: inherit;'>Puerto USB:<\/strong> 1 x USB tipo A<\/li>\n<li style='margin-bottom: 5px;'><strong style='color: inherit;'>PoE:<\/strong> Pasivo (12-28 V)<\/li>\n<li style='margin-bottom: 5px;'><strong style='color: inherit;'>Aceleraci\u00f3n IPsec:<\/strong> S\u00ed<\/li>\n<li style='margin-bottom: 5px;'><strong style='color: inherit;'>Corriente USB:<\/strong> 1 A<\/li>\n<li style='margin-bottom: 5px;'><strong style='color: inherit;'>Alimentaci\u00f3n:<\/strong> 12-28 V (CC\/PoE)<\/li>\n<\/ul><\/div>\n<\/p><\/div>\n<div style='flex: 1 1 250px; border: 1px solid rgba(150&comma; 150&comma; 150&comma; 0.4); border-radius: 8px; overflow: hidden; display: flex; flex-direction: column;'>\n<div style='padding: 15px; border-bottom: 1px solid rgba(150&comma; 150&comma; 150&comma; 0.2); font-weight: bold; font-size: 18px; color: inherit;'>Certificaciones<\/div>\n<div style='padding: 15px; color: inherit;'>\n<ul style='padding-left: 20px; margin: 0; font-size: 14px; list-style-type: disc;'>\n<li style='margin-bottom: 5px;'><strong style='color: inherit;'>Certificaciones:<\/strong> CE&comma; EAC&comma; ROHS<\/li>\n<li style='margin-bottom: 5px;'><strong style='color: inherit;'>MTBF:<\/strong> Aproximadamente 100.000 horas a 25 \u00b0C<\/li>\n<li style='margin-bottom: 5px;'><strong style='color: inherit;'>Licencia RouterOS:<\/strong> Nivel 4<\/li>\n<li style='margin-bottom: 5px;'><strong style='color: inherit;'>Sistema operativo:<\/strong> RouterOS v7<\/li>\n<li style='margin-bottom: 5px;'><strong style='color: inherit;'>Propiedad intelectual:<\/strong> 20<\/li>\n<\/ul><\/div>\n<\/p><\/div>\n<div style='flex: 1 1 250px; border: 1px solid rgba(150&comma; 150&comma; 150&comma; 0.4); border-radius: 8px; overflow: hidden; display: flex; flex-direction: column;'>\n<div style='padding: 15px; border-bottom: 1px solid rgba(150&comma; 150&comma; 150&comma; 0.2); font-weight: bold; font-size: 18px; color: inherit;'>Caracter\u00edsticas F\u00edsicas<\/div>\n<div style='padding: 15px; color: inherit;'>\n<ul style='padding-left: 20px; margin: 0; font-size: 14px; list-style-type: disc;'>\n<li style='margin-bottom: 5px;'><strong style='color: inherit;'>Dimensiones:<\/strong> 113 x 89 x 28 mm<\/li>\n<li style='margin-bottom: 5px;'><strong style='color: inherit;'>Enfriamiento:<\/strong> Pasivo<\/li>\n<li style='margin-bottom: 5px;'><strong style='color: inherit;'>Bot\u00f3n modo:<\/strong> S\u00ed<\/li>\n<li style='margin-bottom: 5px;'><strong style='color: inherit;'>Monitores:<\/strong> Temperatura CPU\/PCB&comma; Voltaje<\/li>\n<\/ul><\/div>\n<\/p><\/div>\n<\/p><\/div>\n<div style='display: flex; flex-wrap: wrap; gap: 30px; margin-bottom: 30px;'>\n<div style='flex: 1 1 300px; min-width: 280px;'>\n<h3 style='font-size: 22px; border-bottom: 2px solid currentColor; padding-bottom: 5px; margin-top: 0; color: inherit; opacity: 0.8;'>Piezas incluidas<\/h3>\n<ul style='padding-left: 20px; font-size: 15px; color: inherit;'>\n<li style='margin-bottom: 5px;'><a href='https:\/\/cdn.mikrotik.com\/web-assets\/rb_images\/part171391162306m.jpg' style='color: inherit; text-decoration: none; line-height: inherit;' target='_blank'>Adaptador de corriente de 24 V y 0&comma;38 A<\/a><\/li>\n<\/ul>\n<div style='margin-top: 20px;'> <a href='https:\/\/cdn.mikrotik.com\/web-assets\/rb_images\/part171391162306m.jpg' target='_blank'> <img style='width: 100%; height: auto; border: 1px solid rgba(150&comma;150&comma;150&comma;0.3); border-radius: 8px;' src='http:\/\/ftp3.syscom.mx\/usuarios\/ftp\/2025\/05\/13\/2676\/1747151687330.png_froala_68236b477fc33' alt='Adaptador de corriente'> <\/a> <\/div>\n<\/p><\/div>\n<div style='flex: 1 1 300px; min-width: 280px;'>\n<h3 style='font-size: 22px; border-bottom: 2px solid currentColor; padding-bottom: 5px; margin-top: 0; color: inherit; opacity: 0.8;'>C\u00f3digo del producto<\/h3>\n<ul style='padding-left: 20px; font-size: 15px; color: inherit;'>\n<li style='margin-bottom: 5px;'><strong style='color: inherit;'>Modelo:<\/strong> E50UG<\/li>\n<li style='margin-bottom: 5px;'><strong style='color: inherit;'>UPC:<\/strong> EN7562CT<\/li>\n<li style='margin-bottom: 5px;'><strong style='color: inherit;'>Modelo chip:<\/strong> EN7562CT<\/li>\n<\/ul><\/div>\n<\/p><\/div>\n<div style='margin-bottom: 30px;'>\n<div style='position: relative; padding-bottom: 56.25%; height: 0; overflow: hidden;'>   <\/div>\n<\/p><\/div>\n<hr style='border: 0; border-top: 1px solid rgba(150&comma; 150&comma; 150&comma; 0.3); margin: 30px 0;'> <\/div>\n","protected":false},"excerpt":{"rendered":"<p>(Hex Version 2024) Router con 5 Puertos Gigabit Ethernet, 1 Puerto USB \/ CPU ARM Doble Nucleo\/ RAM 512 MB\/ Balanceo de Cargas<\/p>\n","protected":false},"featured_media":83556,"comment_status":"open","ping_status":"closed","template":"","meta":[],"product_brand":[],"product_cat":[2036,2035,2034],"product_tag":[2039,2038,643,664,2037],"class_list":{"0":"post-83557","1":"product","2":"type-product","3":"status-publish","4":"has-post-thumbnail","6":"product_cat-balanceadores","7":"product_cat-firewalls","8":"product_cat-routers","9":"product_tag-balanceadores","10":"product_tag-firewalls","11":"product_tag-mikrotik","12":"product_tag-networking","13":"product_tag-routers","15":"first","16":"instock","17":"sale","18":"shipping-taxable","19":"purchasable","20":"product-type-simple"},"_links":{"self":[{"href":"https:\/\/soydeaqui.ddns.net\/pachuca\/index.php\/wp-json\/wp\/v2\/product\/83557","targetHints":{"allow":["GET"]}}],"collection":[{"href":"https:\/\/soydeaqui.ddns.net\/pachuca\/index.php\/wp-json\/wp\/v2\/product"}],"about":[{"href":"https:\/\/soydeaqui.ddns.net\/pachuca\/index.php\/wp-json\/wp\/v2\/types\/product"}],"replies":[{"embeddable":true,"href":"https:\/\/soydeaqui.ddns.net\/pachuca\/index.php\/wp-json\/wp\/v2\/comments?post=83557"}],"wp:featuredmedia":[{"embeddable":true,"href":"https:\/\/soydeaqui.ddns.net\/pachuca\/index.php\/wp-json\/wp\/v2\/media\/83556"}],"wp:attachment":[{"href":"https:\/\/soydeaqui.ddns.net\/pachuca\/index.php\/wp-json\/wp\/v2\/media?parent=83557"}],"wp:term":[{"taxonomy":"product_brand","embeddable":true,"href":"https:\/\/soydeaqui.ddns.net\/pachuca\/index.php\/wp-json\/wp\/v2\/product_brand?post=83557"},{"taxonomy":"product_cat","embeddable":true,"href":"https:\/\/soydeaqui.ddns.net\/pachuca\/index.php\/wp-json\/wp\/v2\/product_cat?post=83557"},{"taxonomy":"product_tag","embeddable":true,"href":"https:\/\/soydeaqui.ddns.net\/pachuca\/index.php\/wp-json\/wp\/v2\/product_tag?post=83557"}],"curies":[{"name":"wp","href":"https:\/\/api.w.org\/{rel}","templated":true}]}}