{"id":83549,"date":"2026-03-19T20:12:44","date_gmt":"2026-03-19T20:12:44","guid":{"rendered":"https:\/\/soydeaqui.ddns.net\/pachuca\/index.php\/producto\/memoria-compacta-usb-c-impulsado-por-ssd-core-256-gb-usb-c-400-mb-s-de-escritura-450-mb-s-lectura\/"},"modified":"2026-03-19T20:12:51","modified_gmt":"2026-03-19T20:12:51","slug":"memoria-compacta-usb-c-impulsado-por-ssd-core-256-gb-usb-c-400-mb-s-de-escritura-450-mb-s-lectura","status":"publish","type":"product","link":"https:\/\/soydeaqui.ddns.net\/pachuca\/index.php\/producto\/memoria-compacta-usb-c-impulsado-por-ssd-core-256-gb-usb-c-400-mb-s-de-escritura-450-mb-s-lectura\/","title":{"rendered":"Memoria compacta USB-C impulsado por SSD Core \/ 256 GB \/ USB-C \/ 400 MB\/s de Escritura \/ 450 MB\/s Lectura"},"content":{"rendered":"<div style='width: 100%; max-width: 1200px; margin: 0 auto; font-family: sans-serif; line-height: 1.6; color: inherit; background-color: transparent;'> <!-- Banner --> <\/p>\n<div style='width: 100%; text-align: center; margin: 20px 0;'> <img style='width: 100%; max-width: 1200px; height: auto; border: 1px solid rgba(150&comma;150&comma;150&comma;0.3); border-radius: 8px;' src='https:\/\/ftp3.syscom.mx\/usuarios\/gmagos\/HIK\/storage\/Vaners\/hiksemi.png' alt='HIKSEMI Banner'> <\/div>\n<p> <!-- Descripci\u00f3n --> <\/p>\n<div style='display: flex; flex-direction: column; align-items: center; margin-bottom: 30px;'>\n<div style='width: 100%; max-width: 800px;'>\n<h1 style='text-align: center; font-size: 24px; border-bottom: 2px solid currentColor; padding-bottom: 5px; margin-top: 0; color: inherit; opacity: 0.8;'>Especificaciones<\/h1>\n<ul style='list-style-type: disc; padding-left: 20px; font-size: 15px; color: inherit;'>\n<li style='margin-bottom: 5px;'>Aplicaciones vers\u00e1tiles (smartphones&comma; c\u00e1maras&comma; consolas de juegos&comma; TVs).<\/li>\n<li style='margin-bottom: 5px;'>Velocidades de lectura\/escritura: hasta 450\/400 MB\/s.<\/li>\n<li style='margin-bottom: 5px;'>S\u00faper compacto: 10.6mm x 20mm x 13.5mm.<\/li>\n<li style='margin-bottom: 5px;'>Peso de solo 2.8g.<\/li>\n<li style='margin-bottom: 5px;'>Capacidad: 256 GB.<\/li>\n<li style='margin-bottom: 5px;'>Interfaz: USB 3.2.<\/li>\n<li style='margin-bottom: 5px;'>Compatible con Windows&comma; macOS&comma; Linux&comma; Chrome OS&comma; Android e iOS.<\/li>\n<li style='margin-bottom: 5px;'>Resistente entre 0\u00b0C y 40\u00b0C.<\/li>\n<li style='margin-bottom: 5px;'>Color: gris oscuro.<\/li>\n<li style='margin-bottom: 5px;'>Garant\u00eda: 5 a\u00f1os.<\/li>\n<\/ul><\/div>\n<\/p><\/div>\n<p> <!-- Videos --> <\/p>\n<div style='display: flex; flex-wrap: wrap; gap: 30px; margin-bottom: 30px;'>\n<div style='flex: 1 1 500px; min-width: 300px;'>\n<h3 style='text-align: center; font-size: 18px; margin-top: 0; color: inherit; opacity: 0.8;'>\u00bfQui\u00e9n es HIKSEMI?<\/h3>\n<div style='position: relative; padding-bottom: 56.25%; height: 0; overflow: hidden; margin-bottom: 30px;'>   <\/div>\n<\/p><\/div>\n<div style='flex: 1 1 500px; min-width: 300px;'>\n<h3 style='text-align: center; font-size: 18px; margin-top: 0; color: inherit; opacity: 0.8;'>Unidades de Estado S\u00f3lido<\/h3>\n<div style='position: relative; padding-bottom: 56.25%; height: 0; overflow: hidden; margin-bottom: 30px;'>   <\/div>\n<\/p><\/div>\n<\/p><\/div>\n<p> <!-- Imagen 1 --> <\/p>\n<div style='position: relative; width: 100%; max-width: 1200px; margin: 0 auto 30px; overflow: hidden; border: 1px solid rgba(150&comma;150&comma;150&comma;0.3); border-radius: 8px;'> <img style='width: 100%; height: auto; border: 1px solid rgba(150&comma;150&comma;150&comma;0.3); border-radius: 8px;' src='https:\/\/ftp3.syscom.mx\/usuarios\/gmagos\/HIK\/storage\/Pagina%20WEB\/SINC-C\/SYNC-C-PRO_01.jpg' alt='Imagen de Fondo'> <\/p>\n<div style='position: absolute; top: 0; left: 0; right: 0; bottom: 0; display: flex; align-items: center; justify-content: center; flex-direction: column; padding: 30px; background: rgba(255&comma;255&comma;255&comma;0.8);'>\n<h1 style='font-size: 35px; color: inherit; text-align: center; margin: 0 0 10px 0;'><strong>SYNC C PRO MINI PSSD<\/strong><\/h1>\n<h2 style='font-size: 20px; color: inherit; text-align: center; margin: 0;'>Aplicaciones vers\u00e1tiles | Expansi\u00f3n de almacenamiento a largo plazo | Velocidad de lectura y escritura de hasta 450\/400 MB\/s | Tama\u00f1o superpeque\u00f1o<\/h2>\n<\/p><\/div>\n<\/p><\/div>\n<p> <!-- Imagen 2 --> <\/p>\n<div style='display: flex; flex-wrap: wrap; gap: 30px; margin-bottom: 30px;'>\n<div style='flex: 1 1 300px;'> <img style='width: 100%; height: auto; border: 1px solid rgba(150&comma;150&comma;150&comma;0.3); border-radius: 8px;' src='https:\/\/ftp3.syscom.mx\/usuarios\/gmagos\/HIK\/storage\/Pagina%20WEB\/SINC-C\/SYNC-C-PRO_02.jpg' alt='Soporte de funci\u00f3n OTG'> <\/div>\n<div style='flex: 2 1 500px;'>\n<h2 style='font-size: 20px; margin-top: 0; color: inherit;'>Plug and Play&comma; cumple con varios escenarios de uso<\/h2>\n<p style='font-size: 15px; color: inherit;'>Este dispositivo es altamente compatible&comma; funcionando con una amplia gama de dispositivos como tel\u00e9fonos inteligentes&comma; c\u00e1maras port\u00e1tiles&comma; consolas de juegos&comma; sistemas de entretenimiento en autom\u00f3viles y televisores. Tambi\u00e9n es adecuado para NAS&comma; permitiendo un almacenamiento confiable y r\u00e1pido. Sin embargo&comma; es importante tener en cuenta que esta unidad solo es compatible con dispositivos que admiten la funci\u00f3n OTG (On-The-Go)&comma; lo que permite la conectividad directa con smartphones y otros equipos sin la necesidad de un adaptador adicional. Es ideal para quienes buscan versatilidad y rendimiento.<\/p>\n<\/p><\/div>\n<\/p><\/div>\n<p> <!-- Imagen 3 --> <\/p>\n<div style='display: flex; flex-wrap: wrap; gap: 30px; margin-bottom: 30px;'>\n<div style='flex: 1 1 300px;'>\n<h2 style='font-size: 20px; margin-top: 0; color: inherit;'>Fusiona sin errores con tu dispositivo<\/h2>\n<p style='font-size: 15px; color: inherit;'>La elecci\u00f3n perfecta para la expansi\u00f3n del almacenamiento a largo plazo<\/p>\n<\/p><\/div>\n<div style='flex: 1 1 500px;'> <img style='width: 100%; height: auto; border: 1px solid rgba(150&comma;150&comma;150&comma;0.3); border-radius: 8px;' src='https:\/\/ftp3.syscom.mx\/usuarios\/gmagos\/HIK\/storage\/Pagina%20WEB\/SINC-C\/SYNC-C-PRO_03.jpg' alt='Dise\u00f1o de hebilla de tres etapas'> <\/div>\n<\/p><\/div>\n<p> <!-- Imagen 4 --> <\/p>\n<div style='position: relative; width: 100%; max-width: 1200px; margin: 0 auto 30px; overflow: hidden; border: 1px solid rgba(150&comma;150&comma;150&comma;0.3); border-radius: 8px;'> <img style='width: 100%; height: auto; border: 1px solid rgba(150&comma;150&comma;150&comma;0.3); border-radius: 8px;' src='https:\/\/ftp3.syscom.mx\/usuarios\/gmagos\/HIK\/storage\/Pagina%20WEB\/SINC-C\/SYNC-C-PRO_04.jpg' alt='Imagen de Fondo'> <\/p>\n<div style='position: absolute; top: 50%; left: 50%; transform: translate(-50%&comma; -50%); text-align: center; padding: 20px; background: rgba(255&comma;255&comma;255&comma;0.8);'>\n<h1 style='font-size: 28px; color: inherit; margin: 0 0 5px 0;'><strong>Aspecto extremadamente compacto&comma; simplemente<\/strong><\/h1>\n<h1 style='font-size: 28px; color: inherit; margin: 0 0 5px 0;'><strong>coloque el tel\u00e9fono en el bolsillo<\/strong><\/h1>\n<h1 style='font-size: 28px; color: inherit; margin: 0 0 5px 0;'><strong>con Sync C Pro conectado.<\/strong><\/h1>\n<\/p><\/div>\n<\/p><\/div>\n<p> <!-- Banner final --> <\/p>\n<div style='width: 100%; text-align: center; margin: 30px 0;'> <img style='width: 100%; max-width: 1200px; height: auto; border: 1px solid rgba(150&comma;150&comma;150&comma;0.3); border-radius: 8px;' src='https:\/\/ftp3.syscom.mx\/usuarios\/gmagos\/HIK\/storage\/Vaners\/HIKSEMI-banner1.jpg' alt='Banner Final'> <\/div>\n<\/p><\/div>\n","protected":false},"excerpt":{"rendered":"<p>Memoria compacta USB-C impulsado por SSD Core \/ 256 GB \/ USB-C \/ 400 MB\/s de Escritura \/ 450 MB\/s Lectura<\/p>\n","protected":false},"featured_media":83548,"comment_status":"open","ping_status":"closed","template":"","meta":[],"product_brand":[],"product_cat":[2178],"product_tag":[1974,2129,2179],"class_list":{"0":"post-83549","1":"product","2":"type-product","3":"status-publish","4":"has-post-thumbnail","6":"product_cat-unidad-de-estado-solido-ssd-portatil","7":"product_tag-almacenamiento","8":"product_tag-hiksemi-by-hikvision","9":"product_tag-unidad-de-estado-solido-ssd-portatil","11":"first","12":"outofstock","13":"sale","14":"shipping-taxable","15":"purchasable","16":"product-type-simple"},"_links":{"self":[{"href":"https:\/\/soydeaqui.ddns.net\/pachuca\/index.php\/wp-json\/wp\/v2\/product\/83549","targetHints":{"allow":["GET"]}}],"collection":[{"href":"https:\/\/soydeaqui.ddns.net\/pachuca\/index.php\/wp-json\/wp\/v2\/product"}],"about":[{"href":"https:\/\/soydeaqui.ddns.net\/pachuca\/index.php\/wp-json\/wp\/v2\/types\/product"}],"replies":[{"embeddable":true,"href":"https:\/\/soydeaqui.ddns.net\/pachuca\/index.php\/wp-json\/wp\/v2\/comments?post=83549"}],"wp:featuredmedia":[{"embeddable":true,"href":"https:\/\/soydeaqui.ddns.net\/pachuca\/index.php\/wp-json\/wp\/v2\/media\/83548"}],"wp:attachment":[{"href":"https:\/\/soydeaqui.ddns.net\/pachuca\/index.php\/wp-json\/wp\/v2\/media?parent=83549"}],"wp:term":[{"taxonomy":"product_brand","embeddable":true,"href":"https:\/\/soydeaqui.ddns.net\/pachuca\/index.php\/wp-json\/wp\/v2\/product_brand?post=83549"},{"taxonomy":"product_cat","embeddable":true,"href":"https:\/\/soydeaqui.ddns.net\/pachuca\/index.php\/wp-json\/wp\/v2\/product_cat?post=83549"},{"taxonomy":"product_tag","embeddable":true,"href":"https:\/\/soydeaqui.ddns.net\/pachuca\/index.php\/wp-json\/wp\/v2\/product_tag?post=83549"}],"curies":[{"name":"wp","href":"https:\/\/api.w.org\/{rel}","templated":true}]}}