{"id":83544,"date":"2026-03-19T20:12:30","date_gmt":"2026-03-19T20:12:30","guid":{"rendered":"https:\/\/soydeaqui.ddns.net\/pachuca\/index.php\/producto\/unidad-ssd-portatil-de-1tb-con-funcion-magnetica-usb-c-compatible-con-celulares-y-otros-dispositivos-hasta-2000-mb-s\/"},"modified":"2026-03-19T20:12:39","modified_gmt":"2026-03-19T20:12:39","slug":"unidad-ssd-portatil-de-1tb-con-funcion-magnetica-usb-c-compatible-con-celulares-y-otros-dispositivos-hasta-2000-mb-s","status":"publish","type":"product","link":"https:\/\/soydeaqui.ddns.net\/pachuca\/index.php\/producto\/unidad-ssd-portatil-de-1tb-con-funcion-magnetica-usb-c-compatible-con-celulares-y-otros-dispositivos-hasta-2000-mb-s\/","title":{"rendered":"Unidad SSD Port\u00e1til de 1TB con Funci\u00f3n Magn\u00e9tica \/ USB-C \/ Compatible con Celulares y Otros Dispositivos \/ Hasta 2000 MB\/s"},"content":{"rendered":"<div style='width: 100%; max-width: 1200px; margin: 0 auto; font-family: sans-serif; line-height: 1.6; color: inherit; background-color: transparent;'>\n<div style='width: 100%; text-align: center; margin: 30px 0;'> <img style='width: 100%; max-width: 600px; height: auto; border: 1px solid rgba(150&comma;150&comma;150&comma;0.3); border-radius: 8px;' src='https:\/\/ftp3.syscom.mx\/usuarios\/gmagos\/HIK\/storage\/Vaners\/hiksemi.png' alt='HIKSEMI Banner'> <\/div>\n<div style='width: 100%; max-width: 1200px; margin: 0 auto; padding: 20px;'>\n<div style='display: flex; flex-direction: column; align-items: center; margin-bottom: 30px;'>\n<h1 style='font-size: 24px; color: inherit; margin-bottom: 20px;'>Especificaciones<\/h1>\n<div style='width: 100%; max-width: 800px;'>\n<div style='border: 1px solid rgba(150&comma;150&comma;150&comma;0.3); border-radius: 8px; overflow: hidden;'>\n<div style='background-color: rgba(150&comma;150&comma;150&comma;0.1); padding: 15px; border-bottom: 1px solid rgba(150&comma;150&comma;150&comma;0.3); font-weight: bold; color: inherit;'>Caracter\u00edsticas Principales:<\/div>\n<ul style='list-style: none; padding: 0; margin: 0;'>\n<li style='padding: 10px 15px; border-bottom: 1px solid rgba(150&comma;150&comma;150&comma;0.2); color: inherit;'>Aplicaciones vers\u00e1tiles (smartphones&comma; c\u00e1maras&comma; consolas de juegos).<\/li>\n<li style='padding: 10px 15px; border-bottom: 1px solid rgba(150&comma;150&comma;150&comma;0.2); color: inherit;'>Velocidades de lectura\/escritura: hasta 2000\/1850 MB\/s.<\/li>\n<li style='padding: 10px 15px; border-bottom: 1px solid rgba(150&comma;150&comma;150&comma;0.2); color: inherit;'>S\u00faper compacto: 89.1mm x 64.5mm x 10mm.<\/li>\n<li style='padding: 10px 15px; border-bottom: 1px solid rgba(150&comma;150&comma;150&comma;0.2); color: inherit;'>Peso de solo 56g.<\/li>\n<li style='padding: 10px 15px; border-bottom: 1px solid rgba(150&comma;150&comma;150&comma;0.2); color: inherit;'>Capacidad: 1TB.<\/li>\n<li style='padding: 10px 15px; border-bottom: 1px solid rgba(150&comma;150&comma;150&comma;0.2); color: inherit;'>Interfaz: USB Tipo C.<\/li>\n<li style='padding: 10px 15px; border-bottom: 1px solid rgba(150&comma;150&comma;150&comma;0.2); color: inherit;'>Compatible con Windows&comma; macOS&comma; Linux&comma; Chrome OS&comma; Android e iOS.<\/li>\n<li style='padding: 10px 15px; border-bottom: 1px solid rgba(150&comma;150&comma;150&comma;0.2); color: inherit;'>Color: gris oscuro.<\/li>\n<li style='padding: 10px 15px; color: inherit;'>Es necesario un cable para la transferencia de datos (Ya lo incluye)<\/li>\n<\/ul><\/div>\n<\/p><\/div>\n<\/p><\/div>\n<div style='display: flex; flex-wrap: wrap; gap: 30px; margin: 40px 0;'>\n<div style='flex: 1 1 500px; min-width: 300px; position: relative;'> <img style='width: 100%; height: auto; border: 1px solid rgba(150&comma;150&comma;150&comma;0.3); border-radius: 8px;' src='https:\/\/ftp3.syscom.mx\/usuarios\/gmagos\/HIK\/storage\/Pagina%20WEB\/ELITE9\/Elite-magnet_01.jpg' alt='Unidad SSD port\u00e1til Elite Magn\u00e9tico'> <\/p>\n<div style='position: absolute; top: 0; left: 0; right: 0; padding: 30px; text-align: center; background: rgba(255&comma;255&comma;255&comma;0.8);'>\n<h2 style='font-size: 28px; color: inherit; margin-bottom: 10px;'>Unidad SSD port\u00e1til Elite Magn\u00e9tico<\/h2>\n<p style='font-size: 16px; color: inherit;'>Libera el potencial del v\u00eddeo en tu tel\u00e9fono<\/p>\n<\/p><\/div>\n<\/p><\/div>\n<\/p><\/div>\n<div style='display: flex; flex-wrap: wrap; gap: 30px; margin: 40px 0;'>\n<div style='flex: 1 1 400px; min-width: 300px;'> <img style='width: 100%; height: auto; border: 1px solid rgba(150&comma;150&comma;150&comma;0.3); border-radius: 8px;' src='https:\/\/ftp3.syscom.mx\/usuarios\/gmagos\/HIK\/storage\/Pagina%20WEB\/ELITE9\/Elite-magnet_02.jpg' alt='Soporte de funci\u00f3n OTG'> <\/div>\n<div style='flex: 1 1 400px; min-width: 300px;'>\n<h3 style='font-size: 20px; color: inherit; margin-bottom: 15px;'>Soporte de funci\u00f3n OTG<\/h3>\n<p style='font-size: 14px; color: inherit; text-align: justify;'>Las nuevas memorias USB con chip de SSD y funci\u00f3n OTG proporcionan un almacenamiento port\u00e1til r\u00e1pido y confiable&comma; permitiendo la conexi\u00f3n con computadoras y dispositivos m\u00f3viles sin necesidad de cables adicionales. La tecnolog\u00eda OTG facilita la transferencia de archivos&comma; mientras que el chip de SSD mejora las velocidades de lectura y escritura. Estas memorias son ideales para quienes necesitan acceso inmediato a grandes vol\u00famenes de datos en diferentes dispositivos. Las capacidades var\u00edan para adaptarse a varias necesidades.<\/p>\n<\/p><\/div>\n<\/p><\/div>\n<div style='display: flex; flex-wrap: wrap; gap: 30px; margin: 40px 0;'>\n<div style='flex: 1 1 400px; min-width: 300px;'>\n<h3 style='font-size: 20px; color: inherit; margin-bottom: 15px;'>Dise\u00f1o de hebilla de tres etapas<\/h3>\n<p style='font-size: 14px; color: inherit; text-align: justify;'>Mecanismo de desplazamiento m\u00e1s suave y estable<\/p>\n<\/p><\/div>\n<div style='flex: 1 1 400px; min-width: 300px;'> <img style='width: 100%; height: auto; border: 1px solid rgba(150&comma;150&comma;150&comma;0.3); border-radius: 8px;' src='https:\/\/ftp3.syscom.mx\/usuarios\/gmagos\/HIK\/storage\/Pagina%20WEB\/ELITE9\/Elite-magnet_03.jpg' alt='Dise\u00f1o de hebilla de tres etapas'> <\/div>\n<\/p><\/div>\n<div style='position: relative; width: 100%; margin: 40px 0;'> <img style='width: 100%; height: auto; border: 1px solid rgba(150&comma;150&comma;150&comma;0.3); border-radius: 8px;' src='https:\/\/ftp3.syscom.mx\/usuarios\/gmagos\/HIK\/storage\/Pagina%20WEB\/ELITE9\/Elite-magnet-04.png' alt='Velocidades de lectura y escritura'> <\/p>\n<div style='position: absolute; top: 50%; left: 50%; transform: translate(-50%&comma; -50%); text-align: center; width: 100%; padding: 20px;'>\n<h2 style='font-size: 24px; color: white; margin-bottom: 10px;'>Hasta 2000 MB\/s de velocidad de<\/h2>\n<h2 style='font-size: 24px; color: white; margin: 0;'>lectura y 1850 MB\/s de velocidad de escritura<\/h2>\n<\/p><\/div>\n<\/p><\/div>\n<div style='display: flex; flex-wrap: wrap; gap: 20px; margin: 40px 0;'>\n<div style='flex: 1 1 500px; min-width: 300px;'>\n<div style='position: relative; padding-bottom: 56.25%; height: 0; overflow: hidden; margin-bottom: 30px;'>   <\/div>\n<h3 style='text-align: center; font-size: 18px; color: inherit; margin-top: 0;'>\u00bfQui\u00e9n es HIKSEMI?<\/h3>\n<\/p><\/div>\n<div style='flex: 1 1 500px; min-width: 300px;'>\n<div style='position: relative; padding-bottom: 56.25%; height: 0; overflow: hidden; margin-bottom: 30px;'>   <\/div>\n<h3 style='text-align: center; font-size: 18px; color: inherit; margin-top: 0;'>Unidades de Estado S\u00f3lido<\/h3>\n<\/p><\/div>\n<\/p><\/div>\n<div style='width: 100%; text-align: center; margin: 40px 0;'> <img style='width: 100%; max-width: 600px; height: auto; border: 1px solid rgba(150&comma;150&comma;150&comma;0.3); border-radius: 8px;' src='https:\/\/ftp3.syscom.mx\/usuarios\/gmagos\/HIK\/storage\/Vaners\/HIKSEMI-banner1.jpg' alt='Banner Final'> <\/div>\n<\/p><\/div>\n<\/p><\/div>\n","protected":false},"excerpt":{"rendered":"<p>Unidad SSD Port\u00e1til de 1TB con Funci\u00f3n Magn\u00e9tica \/ USB-C \/ Compatible con Celulares y Otros Dispositivos \/ Hasta 2000 MB\/s<\/p>\n","protected":false},"featured_media":83543,"comment_status":"open","ping_status":"closed","template":"","meta":[],"product_brand":[],"product_cat":[2178],"product_tag":[1974,2129,2179],"class_list":{"0":"post-83544","1":"product","2":"type-product","3":"status-publish","4":"has-post-thumbnail","6":"product_cat-unidad-de-estado-solido-ssd-portatil","7":"product_tag-almacenamiento","8":"product_tag-hiksemi-by-hikvision","9":"product_tag-unidad-de-estado-solido-ssd-portatil","11":"first","12":"instock","13":"sale","14":"shipping-taxable","15":"purchasable","16":"product-type-simple"},"_links":{"self":[{"href":"https:\/\/soydeaqui.ddns.net\/pachuca\/index.php\/wp-json\/wp\/v2\/product\/83544","targetHints":{"allow":["GET"]}}],"collection":[{"href":"https:\/\/soydeaqui.ddns.net\/pachuca\/index.php\/wp-json\/wp\/v2\/product"}],"about":[{"href":"https:\/\/soydeaqui.ddns.net\/pachuca\/index.php\/wp-json\/wp\/v2\/types\/product"}],"replies":[{"embeddable":true,"href":"https:\/\/soydeaqui.ddns.net\/pachuca\/index.php\/wp-json\/wp\/v2\/comments?post=83544"}],"wp:featuredmedia":[{"embeddable":true,"href":"https:\/\/soydeaqui.ddns.net\/pachuca\/index.php\/wp-json\/wp\/v2\/media\/83543"}],"wp:attachment":[{"href":"https:\/\/soydeaqui.ddns.net\/pachuca\/index.php\/wp-json\/wp\/v2\/media?parent=83544"}],"wp:term":[{"taxonomy":"product_brand","embeddable":true,"href":"https:\/\/soydeaqui.ddns.net\/pachuca\/index.php\/wp-json\/wp\/v2\/product_brand?post=83544"},{"taxonomy":"product_cat","embeddable":true,"href":"https:\/\/soydeaqui.ddns.net\/pachuca\/index.php\/wp-json\/wp\/v2\/product_cat?post=83544"},{"taxonomy":"product_tag","embeddable":true,"href":"https:\/\/soydeaqui.ddns.net\/pachuca\/index.php\/wp-json\/wp\/v2\/product_tag?post=83544"}],"curies":[{"name":"wp","href":"https:\/\/api.w.org\/{rel}","templated":true}]}}