{"id":83541,"date":"2026-03-19T20:12:24","date_gmt":"2026-03-19T20:12:24","guid":{"rendered":"https:\/\/soydeaqui.ddns.net\/pachuca\/index.php\/producto\/unifi-switch-pro-max-16-poe-con-funciones-capa-3-16-puertos-etherlight-rgb-4-puertos-2-5-gbe-poe-y-12-puertos-gbe-poe-2-puertos-sfp-10g-con-pantalla-tactil-informativa-hasta-180w-de-pr\/"},"modified":"2026-03-19T20:12:28","modified_gmt":"2026-03-19T20:12:28","slug":"unifi-switch-pro-max-16-poe-con-funciones-capa-3-16-puertos-etherlight-rgb-4-puertos-2-5-gbe-poe-y-12-puertos-gbe-poe-2-puertos-sfp-10g-con-pantalla-tactil-informativa-hasta-180w-de-pr","status":"publish","type":"product","link":"https:\/\/soydeaqui.ddns.net\/pachuca\/index.php\/producto\/unifi-switch-pro-max-16-poe-con-funciones-capa-3-16-puertos-etherlight-rgb-4-puertos-2-5-gbe-poe-y-12-puertos-gbe-poe-2-puertos-sfp-10g-con-pantalla-tactil-informativa-hasta-180w-de-pr\/","title":{"rendered":"UniFi Switch Pro Max 16 PoE con funciones Capa 3, 16 puertos EtherLight RGB \/ (4) puertos 2.5 GbE POE++ y (12) puertos GbE POE+ \/(2) puertos SFP+ 10G \/con pantalla t\u00e1ctil informativa, hasta 180W de presupuesto POE"},"content":{"rendered":"<div style='width: 100%; max-width: 1200px; margin: 0 auto; font-family: sans-serif; line-height: 1.6; color: inherit; background-color: transparent;'>\n<div style='display: flex; flex-wrap: wrap; gap: 30px; margin-bottom: 30px;'>\n<div style='flex: 1 1 300px; min-width: 280px;'>\n<h3 style='font-size: 22px; border-bottom: 2px solid currentColor; padding-bottom: 5px; margin-top: 0; color: inherit; opacity: 0.8;'>Caracter\u00edsticas principales<\/h3>\n<ul style='padding-left: 20px; font-size: 15px; color: inherit;'>\n<li style='margin-bottom: 5px; display: flex; align-items: flex-start;'> <img style='width: 20px; height: 20px; margin-right: 8px; border: 1px solid rgba(150&comma;150&comma;150&comma;0.3); border-radius: 4px;' src='https:\/\/assets.ecomm.ui.com\/static\/key-features\/led.svg' alt='LED'> <span>Puertos Etherlighting\u2122 que se iluminan para indicar la ubicaci\u00f3n del puerto&comma; velocidad\/enlace y VLAN\/red nativa*<\/span> <\/li>\n<li style='margin-bottom: 5px; display: flex; align-items: flex-start;'> <img style='width: 20px; height: 20px; margin-right: 8px; border: 1px solid rgba(150&comma;150&comma;150&comma;0.3); border-radius: 4px;' src='https:\/\/assets.ecomm.ui.com\/static\/key-features\/poe_plus_plus.svg' alt='PoE++'> <span>(4) puertos 2.5 GbE PoE++<\/span> <\/li>\n<li style='margin-bottom: 5px; display: flex; align-items: flex-start;'> <img style='width: 20px; height: 20px; margin-right: 8px; border: 1px solid rgba(150&comma;150&comma;150&comma;0.3); border-radius: 4px;' src='https:\/\/assets.ecomm.ui.com\/static\/key-features\/poe_plus.svg' alt='PoE+'> <span>(12) puertos GbE PoE+<\/span> <\/li>\n<li style='margin-bottom: 5px; display: flex; align-items: flex-start;'> <img style='width: 20px; height: 20px; margin-right: 8px; border: 1px solid rgba(150&comma;150&comma;150&comma;0.3); border-radius: 4px;' src='https:\/\/assets.ecomm.ui.com\/static\/key-features\/sfp.svg' alt='SFP'> <span>(2) puertos 10G SFP+<\/span> <\/li>\n<li style='margin-bottom: 5px; display: flex; align-items: flex-start;'> <img style='width: 20px; height: 20px; margin-right: 8px; border: 1px solid rgba(150&comma;150&comma;150&comma;0.3); border-radius: 4px;' src='https:\/\/assets.ecomm.ui.com\/static\/key-features\/poe.svg' alt='PoE'> <span>180W de presupuesto POE<\/span> <\/li>\n<li style='margin-bottom: 5px; display: flex; align-items: flex-start;'> <img style='width: 20px; height: 20px; margin-right: 8px; border: 1px solid rgba(150&comma;150&comma;150&comma;0.3); border-radius: 4px;' src='https:\/\/assets.ecomm.ui.com\/static\/key-features\/mount.svg' alt='Montaje'> <span>Montaje vers\u00e1til en escritorio&comma; pared y rack**<\/span> <\/li>\n<li style='margin-bottom: 5px; display: flex; align-items: flex-start;'> <img style='width: 20px; height: 20px; margin-right: 8px; border: 1px solid rgba(150&comma;150&comma;150&comma;0.3); border-radius: 4px;' src='https:\/\/assets.ecomm.ui.com\/static\/key-features\/mute.svg' alt='Silencioso'> <span>Sistema de refrigeraci\u00f3n silencioso y sin ventilador<\/span> <\/li>\n<li style='margin-bottom: 5px; font-size: 10.5px; color: inherit; opacity: 0.8;'>* Empar\u00e9jelo con cables de conexi\u00f3n UniFi Etherlighting para brillo \u00f3ptimo<\/li>\n<li style='margin-bottom: 5px; font-size: 10.5px; color: inherit; opacity: 0.8;'>** Requiere accesorio adicional de montaje en rack<\/li>\n<\/ul><\/div>\n<div style='flex: 1 1 300px; min-width: 280px;'>\n<h3 style='font-size: 22px; border-bottom: 2px solid currentColor; padding-bottom: 5px; margin-top: 0; color: inherit; opacity: 0.8;'>Especificaciones t\u00e9cnicas<\/h3>\n<ul style='padding-left: 20px; font-size: 15px; color: inherit;'>\n<li style='margin-bottom: 5px;'><strong>Dimensiones:<\/strong> 325&comma;1 x 160 x 43&comma;7 mm (12&comma;8 x 6&comma;3 x 1&comma;7&#8242;)<\/li>\n<li style='margin-bottom: 5px;'><strong>Peso:<\/strong> 2&comma;1 kg (4&comma;6 libras)<\/li>\n<li style='margin-bottom: 5px;'><strong>Material de la carcasa:<\/strong> Acero SGCC<\/li>\n<li style='margin-bottom: 5px;'><strong>Rendimiento total sin bloqueo:<\/strong> 42 Gbps<\/li>\n<li style='margin-bottom: 5px;'><strong>Capacidad de conmutaci\u00f3n:<\/strong> 84 Gbps<\/li>\n<li style='margin-bottom: 5px;'><strong>Tasa de reenv\u00edo:<\/strong> 62&comma;496 Mpps<\/li>\n<li style='margin-bottom: 5px;'><strong>PoE total disponible:<\/strong> 180 W<\/li>\n<li style='margin-bottom: 5px;'><strong>Potencia m\u00e1xima de PoE por puerto:<\/strong> PoE: 15&comma;4 W \/ PoE+: 30 W \/ PoE++: 60 W<\/li>\n<\/ul><\/div>\n<\/p><\/div>\n<div style='display: flex; flex-wrap: wrap; gap: 20px; margin-bottom: 30px;'>\n<div style='flex: 1 1 250px; border: 1px solid rgba(150&comma; 150&comma; 150&comma; 0.4); border-radius: 8px; overflow: hidden; display: flex; flex-direction: column;'>\n<div style='padding: 15px; border-bottom: 1px solid rgba(150&comma; 150&comma; 150&comma; 0.2); font-weight: bold; font-size: 18px; color: inherit;'>Hardware<\/div>\n<div style='padding: 15px; color: inherit;'>\n<ul style='padding-left: 20px; margin: 0; font-size: 14px; list-style-type: disc;'>\n<li style='margin-bottom: 5px;'><strong>Interfaz de gesti\u00f3n:<\/strong> Ethernet en banda<\/li>\n<li style='margin-bottom: 5px;'><strong>Interfaz de red:<\/strong> (12) puertos GbE RJ45&comma; (4) puertos RJ45 de 1\/2&comma;5 GbE&comma; (2) puertos 10G SFP+<\/li>\n<li style='margin-bottom: 5px;'><strong>Interfaz PoE:<\/strong> (12) PoE\/PoE+ (pines 1&comma; 2+; 3&comma; 6-)&comma; (4) 60 W PoE++<\/li>\n<li style='margin-bottom: 5px;'><strong>M\u00e9todo de alimentaci\u00f3n:<\/strong> Adaptador de CC<\/li>\n<li style='margin-bottom: 5px;'><strong>Fuente de alimentaci\u00f3n:<\/strong> 54 V&comma; 210 W<\/li>\n<li style='margin-bottom: 5px;'><strong>Consumo m\u00e1ximo:<\/strong> 30 W (excluyendo salida PoE)<\/li>\n<li style='margin-bottom: 5px;'><strong>Pantalla LCM:<\/strong> (1) Pantalla t\u00e1ctil de 1&comma;3&#8242;<\/li>\n<li style='margin-bottom: 5px;'><strong>Bot\u00f3n:<\/strong> Restablecimiento de f\u00e1brica<\/li>\n<\/ul><\/div>\n<\/p><\/div>\n<div style='flex: 1 1 250px; border: 1px solid rgba(150&comma; 150&comma; 150&comma; 0.4); border-radius: 8px; overflow: hidden; display: flex; flex-direction: column;'>\n<div style='padding: 15px; border-bottom: 1px solid rgba(150&comma; 150&comma; 150&comma; 0.2); font-weight: bold; font-size: 18px; color: inherit;'>Entorno operativo<\/div>\n<div style='padding: 15px; color: inherit;'>\n<ul style='padding-left: 20px; margin: 0; font-size: 14px; list-style-type: disc;'>\n<li style='margin-bottom: 5px;'><strong>Temperatura:<\/strong> -5 a 40\u00b0 C (23 a 104\u00b0 F)<\/li>\n<li style='margin-bottom: 5px;'><strong>Humedad:<\/strong> 10 a 90% sin condensaci\u00f3n<\/li>\n<li style='margin-bottom: 5px;'><strong>Certificaciones:<\/strong> CE&comma; FCC&comma; IC<\/li>\n<\/ul><\/div>\n<\/p><\/div>\n<div style='flex: 1 1 250px; border: 1px solid rgba(150&comma; 150&comma; 150&comma; 0.4); border-radius: 8px; overflow: hidden; display: flex; flex-direction: column;'>\n<div style='padding: 15px; border-bottom: 1px solid rgba(150&comma; 150&comma; 150&comma; 0.2); font-weight: bold; font-size: 18px; color: inherit;'>Funciones de conmutaci\u00f3n<\/div>\n<div style='padding: 15px; color: inherit;'>\n<ul style='padding-left: 20px; margin: 0; font-size: 14px; list-style-type: disc;'>\n<li style='margin-bottom: 5px;'>Inspecci\u00f3n IGMP<\/li>\n<li style='margin-bottom: 5px;'>STP\/RSTP con prioridades y desactivaci\u00f3n a nivel de puerto<\/li>\n<li style='margin-bottom: 5px;'>Aislamiento de puertos<\/li>\n<li style='margin-bottom: 5px;'>Control de tormentas<\/li>\n<li style='margin-bottom: 5px;'>VLAN de voz<\/li>\n<li style='margin-bottom: 5px;'>Duplicaci\u00f3n de puertos<\/li>\n<li style='margin-bottom: 5px;'>Agregaci\u00f3n de puertos LACP<\/li>\n<li style='margin-bottom: 5px;'>Limitaci\u00f3n de velocidad de multidifusi\u00f3n\/difusi\u00f3n<\/li>\n<li style='margin-bottom: 5px;'>Bloqueo de direcciones MAC<\/li>\n<li style='margin-bottom: 5px;'>Control de flujo<\/li>\n<li style='margin-bottom: 5px;'>Control 802.1X<\/li>\n<li style='margin-bottom: 5px;'>Tramas gigantes<\/li>\n<li style='margin-bottom: 5px;'>Protecci\u00f3n de bucles patentada<\/li>\n<li style='margin-bottom: 5px;'>Inspecci\u00f3n\/protecci\u00f3n DHCP<\/li>\n<li style='margin-bottom: 5px;'>L\u00edmite de velocidad de salida<\/li>\n<li style='margin-bottom: 5px;'>LLDP-MED<\/li>\n<li style='margin-bottom: 5px;'>Puerto restringido por MAC<\/li>\n<li style='margin-bottom: 5px;'>Aislamiento de dispositivos con ACL<\/li>\n<\/ul><\/div>\n<\/p><\/div>\n<div style='flex: 1 1 250px; border: 1px solid rgba(150&comma; 150&comma; 150&comma; 0.4); border-radius: 8px; overflow: hidden; display: flex; flex-direction: column;'>\n<div style='padding: 15px; border-bottom: 1px solid rgba(150&comma; 150&comma; 150&comma; 0.2); font-weight: bold; font-size: 18px; color: inherit;'>Requisitos de la aplicaci\u00f3n<\/div>\n<div style='padding: 15px; color: inherit;'>\n<ul style='padding-left: 20px; margin: 0; font-size: 14px; list-style-type: disc;'>\n<li style='margin-bottom: 5px;'><strong>Red UniFi:<\/strong> Versi\u00f3n 8.1.127 y posteriores<\/li>\n<\/ul><\/div>\n<\/p><\/div>\n<\/p><\/div>\n<div style='display: flex; flex-wrap: wrap; gap: 30px; margin-bottom: 30px;'>\n<div style='flex: 1 1 300px; min-width: 280px;'>\n<h3 style='font-size: 22px; border-bottom: 2px solid currentColor; padding-bottom: 5px; margin-top: 0; color: inherit; opacity: 0.8;'>Iluminaci\u00f3n Etherlighting\u2122<\/h3>\n<ul style='padding-left: 20px; font-size: 15px; color: inherit;'>\n<li style='margin-bottom: 5px;'><strong>Ethernet:<\/strong> Ubicaci\u00f3n&comma; velocidad\/enlace y VLAN\/red nativa<\/li>\n<li style='margin-bottom: 5px;'><strong>SFP+:<\/strong> Ubicaci\u00f3n&comma; velocidad\/enlace y VLAN\/red nativa<\/li>\n<\/ul><\/div>\n<div style='flex: 1 1 300px; min-width: 280px;'>\n<h3 style='font-size: 22px; border-bottom: 2px solid currentColor; padding-bottom: 5px; margin-top: 0; color: inherit; opacity: 0.8;'>Contenido del paquete<\/h3>\n<ul style='padding-left: 20px; font-size: 15px; color: inherit;'>\n<li style='margin-bottom: 5px;'>Switch UniFi USW-Pro Max 16 PoE<\/li>\n<li style='margin-bottom: 5px;'>Adaptador de corriente<\/li>\n<li style='margin-bottom: 5px;'>Kit de montaje<\/li>\n<li style='margin-bottom: 5px;'>Gu\u00eda de instalaci\u00f3n r\u00e1pida<\/li>\n<li style='margin-bottom: 5px;'>Soporte para montaje en escritorio<\/li>\n<li style='margin-bottom: 5px;'>Tornillos<\/li>\n<\/ul><\/div>\n<\/p><\/div>\n<div style='display: flex; flex-wrap: wrap; gap: 30px; margin-bottom: 30px;'>\n<div style='flex: 1 1 400px; min-width: 300px;'> <img style='width: 100%; height: auto; border: 1px solid rgba(150&comma;150&comma;150&comma;0.3); border-radius: 8px;' src='https:\/\/cdn.ecomm.ui.com\/products\/0694226c-9791-4d7e-9fb1-d98c91fe3fda\/f8612f51-e8ee-4af5-bb2b-64de23208478.png' alt='Switch UniFi Pro Max 16 PoE'> <\/div>\n<div style='flex: 1 1 400px; min-width: 300px;'> <img style='width: 100%; height: auto; border: 1px solid rgba(150&comma;150&comma;150&comma;0.3); border-radius: 8px;' src='https:\/\/images.svc.ui.com\/?u=https:\/\/cdn.ecomm.ui.com\/products\/0694226c-9791-4d7e-9fb1-d98c91fe3fda\/2603a6c1-2cc1-4849-8872-4fdec7f477ca.png&#038;q=75&#038;w=3840' alt='Vista frontal del switch'> <\/div>\n<div style='flex: 1 1 400px; min-width: 300px;'> <img style='width: 100%; height: auto; border: 1px solid rgba(150&comma;150&comma;150&comma;0.3); border-radius: 8px;' src='https:\/\/images.svc.ui.com\/?u=https:\/\/cdn.ecomm.ui.com\/products\/0694226c-9791-4d7e-9fb1-d98c91fe3fda\/9681fca7-d352-437f-8c6a-7972d04d8d20.png&#038;q=75&#038;w=1920' alt='Vista trasera del switch'> <\/div>\n<div style='flex: 1 1 400px; min-width: 300px;'> <img style='width: 100%; height: auto; border: 1px solid rgba(150&comma;150&comma;150&comma;0.3); border-radius: 8px;' src='https:\/\/images.svc.ui.com\/?u=https:\/\/cdn.ecomm.ui.com\/products\/0694226c-9791-4d7e-9fb1-d98c91fe3fda\/92128604-2cb1-4122-bde5-3b27e894190d.png&#038;q=75&#038;w=1920' alt='Puertos del switch'> <\/div>\n<div style='flex: 1 1 400px; min-width: 300px;'> <img style='width: 100%; height: auto; border: 1px solid rgba(150&comma;150&comma;150&comma;0.3); border-radius: 8px;' src='https:\/\/images.svc.ui.com\/?u=https:\/\/cdn.ecomm.ui.com\/products\/0694226c-9791-4d7e-9fb1-d98c91fe3fda\/a4433c3d-db6e-42c7-ac3d-81e83c634795.png&#038;q=75&#038;w=1920' alt='Panel de control del switch'> <\/div>\n<\/p><\/div>\n<div style='position: relative; padding-bottom: 56.25%; height: 0; overflow: hidden; margin-bottom: 30px;'>   <\/div>\n<div style='display: flex; flex-wrap: wrap; gap: 30px; margin-bottom: 30px;'>\n<div style='flex: 1 1 300px; min-width: 280px;'>\n<p style='font-size: 14px; color: inherit; opacity: 0.8; margin: 0;'>Todos los productos de red UniFi requieren ser administrados a trav\u00e9s de la aplicaci\u00f3n UniFi Network&comma; a trav\u00e9s de un UniFi OS Console o UniFi Network Server.<\/p>\n<\/p><\/div>\n<\/p><\/div>\n<\/p><\/div>\n","protected":false},"excerpt":{"rendered":"<p>UniFi Switch Pro Max 16 PoE con funciones Capa 3, 16 puertos EtherLight RGB \/ (4) puertos 2.5 GbE POE++ y (12) puertos GbE POE+ \/(2) puertos SFP+ 10G \/con pantalla t\u00e1ctil informativa, hasta 180W de presupuesto POE<\/p>\n","protected":false},"featured_media":83540,"comment_status":"open","ping_status":"closed","template":"","meta":[],"product_brand":[],"product_cat":[1986],"product_tag":[664,1987,166],"class_list":{"0":"post-83541","1":"product","2":"type-product","3":"status-publish","4":"has-post-thumbnail","6":"product_cat-switches-poe","7":"product_tag-networking","8":"product_tag-switches-poe","9":"product_tag-ubiquiti","11":"first","12":"instock","13":"sale","14":"shipping-taxable","15":"purchasable","16":"product-type-simple"},"_links":{"self":[{"href":"https:\/\/soydeaqui.ddns.net\/pachuca\/index.php\/wp-json\/wp\/v2\/product\/83541","targetHints":{"allow":["GET"]}}],"collection":[{"href":"https:\/\/soydeaqui.ddns.net\/pachuca\/index.php\/wp-json\/wp\/v2\/product"}],"about":[{"href":"https:\/\/soydeaqui.ddns.net\/pachuca\/index.php\/wp-json\/wp\/v2\/types\/product"}],"replies":[{"embeddable":true,"href":"https:\/\/soydeaqui.ddns.net\/pachuca\/index.php\/wp-json\/wp\/v2\/comments?post=83541"}],"wp:featuredmedia":[{"embeddable":true,"href":"https:\/\/soydeaqui.ddns.net\/pachuca\/index.php\/wp-json\/wp\/v2\/media\/83540"}],"wp:attachment":[{"href":"https:\/\/soydeaqui.ddns.net\/pachuca\/index.php\/wp-json\/wp\/v2\/media?parent=83541"}],"wp:term":[{"taxonomy":"product_brand","embeddable":true,"href":"https:\/\/soydeaqui.ddns.net\/pachuca\/index.php\/wp-json\/wp\/v2\/product_brand?post=83541"},{"taxonomy":"product_cat","embeddable":true,"href":"https:\/\/soydeaqui.ddns.net\/pachuca\/index.php\/wp-json\/wp\/v2\/product_cat?post=83541"},{"taxonomy":"product_tag","embeddable":true,"href":"https:\/\/soydeaqui.ddns.net\/pachuca\/index.php\/wp-json\/wp\/v2\/product_tag?post=83541"}],"curies":[{"name":"wp","href":"https:\/\/api.w.org\/{rel}","templated":true}]}}