{"id":83537,"date":"2026-03-19T20:12:14","date_gmt":"2026-03-19T20:12:14","guid":{"rendered":"https:\/\/soydeaqui.ddns.net\/pachuca\/index.php\/producto\/convertidor-de-medios-industrial-poe-1000base-sx-a-10-100-1000base-t-802-3at-scmm-550-m\/"},"modified":"2026-03-19T20:12:21","modified_gmt":"2026-03-19T20:12:21","slug":"convertidor-de-medios-industrial-poe-1000base-sx-a-10-100-1000base-t-802-3at-scmm-550-m","status":"publish","type":"product","link":"https:\/\/soydeaqui.ddns.net\/pachuca\/index.php\/producto\/convertidor-de-medios-industrial-poe-1000base-sx-a-10-100-1000base-t-802-3at-scmm-550-m\/","title":{"rendered":"Convertidor de medios industrial PoE+ 1000BASE-SX a 10\/100\/1000BASE-T 802.3at (SC,MM) -550 m"},"content":{"rendered":"<div style='width: 100%; max-width: 1200px; margin: 0 auto; font-family: sans-serif; line-height: 1.6; color: inherit; background-color: transparent;'>\n<div style='display: flex; flex-wrap: wrap; gap: 30px; margin-bottom: 30px;'>\n<div style='flex: 1 1 300px; min-width: 280px;'>\n<h3 style='font-size: 22px; border-bottom: 2px solid currentColor; padding-bottom: 5px; margin-top: 0; color: inherit; opacity: 0.8;'>Caracter\u00edsticas principales<\/h3>\n<ul style='padding-left: 20px; font-size: 15px; color: inherit;'>\n<li style='margin-bottom: 5px;'>Convierte de 1000BASE-X a 10\/100\/1000BASE-T<\/li>\n<li style='margin-bottom: 5px;'>Soporta PoE+ 802.3at con hasta 30W de potencia<\/li>\n<li style='margin-bottom: 5px;'>Puerto de fibra \u00f3ptica 1000BASE-X para transmisi\u00f3n a larga distancia<\/li>\n<li style='margin-bottom: 5px;'>Dise\u00f1ado para operar en rango de temperaturas de -40 a 75\u00b0C<\/li>\n<li style='margin-bottom: 5px;'>Carcasa con protecci\u00f3n IP30<\/li>\n<li style='margin-bottom: 5px;'>Soporta entrada de energ\u00eda de 12~48 V CC o 24 V CA<\/li>\n<\/ul><\/div>\n<\/p><\/div>\n<div style='display: flex; flex-wrap: wrap; gap: 20px; margin-bottom: 30px;'>\n<div style='flex: 1 1 250px; border: 1px solid rgba(150&comma; 150&comma; 150&comma; 0.4); border-radius: 8px; overflow: hidden; display: flex; flex-direction: column;'>\n<div style='padding: 15px; border-bottom: 1px solid rgba(150&comma; 150&comma; 150&comma; 0.2); font-weight: bold; font-size: 18px; color: inherit;'>Especificaciones el\u00e9ctricas<\/div>\n<div style='padding: 15px; color: inherit;'>\n<ul style='padding-left: 20px; margin: 0; font-size: 14px; list-style-type: disc;'>\n<li style='margin-bottom: 5px;'><strong>Entrada de energ\u00eda:<\/strong> 12~48 V CC o 24 V CA<\/li>\n<li style='margin-bottom: 5px;'><strong>PoE+:<\/strong> 802.3at con hasta 30W<\/li>\n<\/ul><\/div>\n<\/p><\/div>\n<div style='flex: 1 1 250px; border: 1px solid rgba(150&comma; 150&comma; 150&comma; 0.4); border-radius: 8px; overflow: hidden; display: flex; flex-direction: column;'>\n<div style='padding: 15px; border-bottom: 1px solid rgba(150&comma; 150&comma; 150&comma; 0.2); font-weight: bold; font-size: 18px; color: inherit;'>Especificaciones ambientales<\/div>\n<div style='padding: 15px; color: inherit;'>\n<ul style='padding-left: 20px; margin: 0; font-size: 14px; list-style-type: disc;'>\n<li style='margin-bottom: 5px;'><strong>Rango de temperatura:<\/strong> -40 a 75\u00b0C<\/li>\n<li style='margin-bottom: 5px;'><strong>Protecci\u00f3n:<\/strong> IP30<\/li>\n<\/ul><\/div>\n<\/p><\/div>\n<div style='flex: 1 1 250px; border: 1px solid rgba(150&comma; 150&comma; 150&comma; 0.4); border-radius: 8px; overflow: hidden; display: flex; flex-direction: column;'>\n<div style='padding: 15px; border-bottom: 1px solid rgba(150&comma; 150&comma; 150&comma; 0.2); font-weight: bold; font-size: 18px; color: inherit;'>Conectividad<\/div>\n<div style='padding: 15px; color: inherit;'>\n<ul style='padding-left: 20px; margin: 0; font-size: 14px; list-style-type: disc;'>\n<li style='margin-bottom: 5px;'><strong>Tipo de fibra:<\/strong> Multimodo (MM)<\/li>\n<li style='margin-bottom: 5px;'><strong>Distancia:<\/strong> Hasta 550 metros<\/li>\n<li style='margin-bottom: 5px;'><strong>Tipo de conector:<\/strong> SC<\/li>\n<\/ul><\/div>\n<\/p><\/div>\n<\/p><\/div>\n<div style='display: flex; flex-wrap: wrap; gap: 20px; margin-bottom: 30px;'>\n<div style='flex: 1 1 100%;'>\n<h3 style='font-size: 22px; border-bottom: 2px solid currentColor; padding-bottom: 5px; margin-top: 0; color: inherit; opacity: 0.8;'>Descripci\u00f3n detallada<\/h3>\n<p style='font-size: 15px; margin-bottom: 15px; color: inherit;'>El convertidor de medios Gigabit industrial PLANET IGTP-80xT combina la conversi\u00f3n de medios Ethernet con un inyector Power over Ethernet Plus (PoE+ 802.3at) para ofrecer hasta 30 vatios de potencia de salida y alta velocidad de transmisi\u00f3n de datos a dispositivos instalados en \u00e1reas remotas donde se requiere una entrada de energ\u00eda suficiente y confiable.<\/p>\n<p style='font-size: 15px; margin-bottom: 15px; color: inherit;'>Su puerto de enlace ascendente de fibra \u00f3ptica 1000BASE-X proporciona transmisi\u00f3n de datos estable&comma; de alta velocidad y a larga distancia a una red central remota. El sistema de energ\u00eda especial y conveniente del IGTP-80xT admite una entrada de energ\u00eda de 12~48 V CC o una entrada de energ\u00eda de 24 V CA para redundancia de energ\u00eda y flexibilidad operativa.<\/p>\n<p style='font-size: 15px; margin-bottom: 15px; color: inherit;'>Al poder operar en un rango de temperaturas de -40 a 75 grados C y con una carcasa resistente IP30&comma; el IGTP-80xT se puede colocar en casi cualquier entorno dif\u00edcil.<\/p>\n<\/p><\/div>\n<\/p><\/div>\n<div style='display: flex; flex-wrap: wrap; gap: 20px; margin-bottom: 30px;'>\n<div style='flex: 1 1 100%;'>\n<h3 style='font-size: 22px; border-bottom: 2px solid currentColor; padding-bottom: 5px; margin-top: 0; color: inherit; opacity: 0.8;'>Im\u00e1genes del producto<\/h3>\n<\/p><\/div>\n<div style='flex: 1 1 300px; min-width: 280px;'> <img style='width: 100%; height: auto; border: 1px solid rgba(150&comma;150&comma;150&comma;0.3); border-radius: 8px;' src='https:\/\/planet.com.tw\/storage\/products\/49437\/IGTP-80xTv3_1.png' alt=''> <\/div>\n<div style='flex: 1 1 300px; min-width: 280px;'> <img style='width: 100%; height: auto; border: 1px solid rgba(150&comma;150&comma;150&comma;0.3); border-radius: 8px;' src='https:\/\/planet.com.tw\/storage\/products\/49437\/IGTP-80xTv3-3.png' alt=''> <\/div>\n<div style='flex: 1 1 300px; min-width: 280px;'> <img style='width: 100%; height: auto; border: 1px solid rgba(150&comma;150&comma;150&comma;0.3); border-radius: 8px;' src='https:\/\/planet.com.tw\/storage\/products\/49437\/IGTP-80xTv3-21.png' alt=''> <\/div>\n<\/p><\/div>\n<\/p><\/div>\n","protected":false},"excerpt":{"rendered":"<p>Convertidor de medios industrial PoE+ 1000BASE-SX a 10\/100\/1000BASE-T 802.3at (SC,MM) -550 m<\/p>\n","protected":false},"featured_media":83536,"comment_status":"open","ping_status":"closed","template":"","meta":[],"product_brand":[],"product_cat":[2000],"product_tag":[2001,664,2033],"class_list":{"0":"post-83537","1":"product","2":"type-product","3":"status-publish","4":"has-post-thumbnail","6":"product_cat-convertidores-de-medios","7":"product_tag-convertidores-de-medios","8":"product_tag-networking","9":"product_tag-planet","11":"first","12":"outofstock","13":"sale","14":"shipping-taxable","15":"purchasable","16":"product-type-simple"},"_links":{"self":[{"href":"https:\/\/soydeaqui.ddns.net\/pachuca\/index.php\/wp-json\/wp\/v2\/product\/83537","targetHints":{"allow":["GET"]}}],"collection":[{"href":"https:\/\/soydeaqui.ddns.net\/pachuca\/index.php\/wp-json\/wp\/v2\/product"}],"about":[{"href":"https:\/\/soydeaqui.ddns.net\/pachuca\/index.php\/wp-json\/wp\/v2\/types\/product"}],"replies":[{"embeddable":true,"href":"https:\/\/soydeaqui.ddns.net\/pachuca\/index.php\/wp-json\/wp\/v2\/comments?post=83537"}],"wp:featuredmedia":[{"embeddable":true,"href":"https:\/\/soydeaqui.ddns.net\/pachuca\/index.php\/wp-json\/wp\/v2\/media\/83536"}],"wp:attachment":[{"href":"https:\/\/soydeaqui.ddns.net\/pachuca\/index.php\/wp-json\/wp\/v2\/media?parent=83537"}],"wp:term":[{"taxonomy":"product_brand","embeddable":true,"href":"https:\/\/soydeaqui.ddns.net\/pachuca\/index.php\/wp-json\/wp\/v2\/product_brand?post=83537"},{"taxonomy":"product_cat","embeddable":true,"href":"https:\/\/soydeaqui.ddns.net\/pachuca\/index.php\/wp-json\/wp\/v2\/product_cat?post=83537"},{"taxonomy":"product_tag","embeddable":true,"href":"https:\/\/soydeaqui.ddns.net\/pachuca\/index.php\/wp-json\/wp\/v2\/product_tag?post=83537"}],"curies":[{"name":"wp","href":"https:\/\/api.w.org\/{rel}","templated":true}]}}