{"id":83484,"date":"2026-03-19T20:10:07","date_gmt":"2026-03-19T20:10:07","guid":{"rendered":"https:\/\/soydeaqui.ddns.net\/pachuca\/index.php\/producto\/onu-bridge-dual-gpon-epon-con-1-puerto-sc-upc-1-puerto-lan-gigabit\/"},"modified":"2026-03-19T20:10:16","modified_gmt":"2026-03-19T20:10:16","slug":"onu-bridge-dual-gpon-epon-con-1-puerto-sc-upc-1-puerto-lan-gigabit","status":"publish","type":"product","link":"https:\/\/soydeaqui.ddns.net\/pachuca\/index.php\/producto\/onu-bridge-dual-gpon-epon-con-1-puerto-sc-upc-1-puerto-lan-gigabit\/","title":{"rendered":"ONU Bridge Dual GPON\/EPON con 1 Puerto SC\/UPC + 1 puerto LAN Gigabit"},"content":{"rendered":"<div style='width: 100%; max-width: 1200px; margin: 0 auto; font-family: sans-serif; line-height: 1.6; color: inherit; background-color: transparent;'> <!-- T\u00edtulos principales --> <\/p>\n<div style='text-align: center; margin: 30px 0;'>\n<h2 style='font-size: 28px; margin: 0; color: inherit; line-height: 1.2; font-weight: normal; padding: 0; font-family: 'Open Sans'&comma; sans-serif;'>ONU con Dimensiones Reducidas GPON\/EPON<\/h2>\n<h3 style='font-size: 22px; margin: 10px 0 0 0; color: inherit; line-height: 1.2; font-weight: normal; padding: 0; font-family: 'Open Sans'&comma; sans-serif;'>XPON Modo Dual | LAN Gigabit | Hasta 1.25 Gbps Full Duplex<\/h3>\n<h3 style='font-size: 22px; margin: 10px 0 0 0; color: inherit; line-height: 1.2; font-weight: normal; padding: 0; font-family: 'Open Sans'&comma; sans-serif;'>Soporta el modo Bridge y el modo Router<\/h3>\n<\/p><\/div>\n<p> <!-- Secci\u00f3n de caracter\u00edsticas en 3 columnas --> <\/p>\n<div style='display: flex; flex-wrap: wrap; gap: 30px; margin: 40px 0;'> <!-- Caracter\u00edsticas principales --> <\/p>\n<div style='flex: 1 1 300px; min-width: 280px;'>\n<div style='border-left: 5px solid #ff0000; border-radius: 8px; padding: 15px; background-color: rgba(255&comma; 0&comma; 0&comma; 0.05);'>\n<h3 style='font-size: 18px; margin-top: 0; margin-bottom: 15px; color: inherit; font-weight: bold;'>Caracter\u00edsticas principales<\/h3>\n<ul style='padding-left: 20px; margin: 0; font-size: 15px; color: inherit; list-style-type: disc;'>\n<li style='margin-bottom: 8px;'>Dimensiones: 82 \u00d7 82 \u00d7 25 mm (largo \u00d7 ancho \u00d7 alto)<\/li>\n<li style='margin-bottom: 8px;'>Aplicaciones de: <strong>Datos<\/strong><\/li>\n<li style='margin-bottom: 8px;'>Gesti\u00f3n y Monitoreo en l\u00ednea desde la OLT V-SOL<\/li>\n<li style='margin-bottom: 8px;'>Gesti\u00f3n amigable desde: EMS \/ Web \/ Telnet \/ CLI<\/li>\n<\/ul><\/div>\n<\/p><\/div>\n<p> <!-- Caracter\u00edsticas F\u00edsicas y El\u00e9ctricas --> <\/p>\n<div style='flex: 1 1 300px; min-width: 280px;'>\n<div style='border-left: 5px solid #ff0000; border-radius: 8px; padding: 15px; background-color: rgba(255&comma; 0&comma; 0&comma; 0.05);'>\n<h3 style='font-size: 18px; margin-top: 0; margin-bottom: 15px; color: inherit; font-weight: bold;'>Caracter\u00edsticas F\u00edsicas y El\u00e9ctricas<\/h3>\n<ul style='padding-left: 20px; margin: 0; font-size: 15px; color: inherit; list-style-type: disc;'>\n<li style='margin-bottom: 8px;'>Alimentaci\u00f3n: 12V 0.5A (Incluida)<\/li>\n<li style='margin-bottom: 8px;'>Consumo m\u00e1ximo: 4W<\/li>\n<li style='margin-bottom: 8px;'>Temperatura de operaci\u00f3n: -10 a 55\u00b0 C<\/li>\n<\/ul><\/div>\n<\/p><\/div>\n<p> <!-- Caracter\u00edsticas de Red --> <\/p>\n<div style='flex: 1 1 300px; min-width: 280px;'>\n<div style='border-left: 5px solid #ff0000; border-radius: 8px; padding: 15px; background-color: rgba(255&comma; 0&comma; 0&comma; 0.05);'>\n<h3 style='font-size: 18px; margin-top: 0; margin-bottom: 15px; color: inherit; font-weight: bold;'>Caracter\u00edsticas de Red<\/h3>\n<ul style='padding-left: 20px; margin: 0; font-size: 15px; color: inherit; list-style-type: disc;'>\n<li style='margin-bottom: 8px;'>1 Puerto 1 Gbps RJ45<\/li>\n<li style='margin-bottom: 8px;'>1 Puerto PON SC\/UPC<\/li>\n<\/ul><\/div>\n<\/p><\/div>\n<\/p><\/div>\n<p> <!-- Im\u00e1genes --> <\/p>\n<div style='display: flex; flex-direction: column; gap: 30px; margin: 40px 0; align-items: center;'> <img style='width: 100%; max-width: 800px; height: auto; border: 1px solid rgba(150&comma;150&comma;150&comma;0.3); border-radius: 8px;' src='https:\/\/www.vsolcn.com\/wp-content\/uploads\/2023\/11\/V2801SG-Product-Detail-1.jpg.webp' alt=''> <\/p>\n<div style='text-align: center;'>\n<h3 style='font-size: 20px; margin: 0; color: inherit; font-weight: normal; font-family: 'Open Sans'&comma; sans-serif;'>Dise\u00f1ado para una Amplia Temperatura de Trabajo<\/h3>\n<p style='margin: 8px 0; color: inherit; opacity: 0.8; font-size: 15px;'>F\u00e1cil de desplegar<\/p>\n<\/p><\/div>\n<p> <img style='width: 100%; max-width: 800px; height: auto; border: 1px solid rgba(150&comma;150&comma;150&comma;0.3); border-radius: 8px;' src='https:\/\/www.vsolcn.com\/wp-content\/uploads\/2024\/03\/V2801RD_V2801SG-EN-3-1.jpg' alt=''> <\/div>\n<p> <!-- Separador --> <\/p>\n<hr style='border: 0; border-top: 1px solid rgba(150&comma; 150&comma; 150&comma; 0.3); margin: 40px 0;'> <\/div>\n","protected":false},"excerpt":{"rendered":"<p>ONU Bridge Dual GPON\/EPON con 1 Puerto SC\/UPC + 1 puerto LAN Gigabit<\/p>\n","protected":false},"featured_media":83483,"comment_status":"open","ping_status":"closed","template":"","meta":[],"product_brand":[],"product_cat":[2010],"product_tag":[2012,2011,2013],"class_list":{"0":"post-83484","1":"product","2":"type-product","3":"status-publish","4":"has-post-thumbnail","6":"product_cat-onus-onts","7":"product_tag-onus-onts","8":"product_tag-redes-ftth-pon","9":"product_tag-v-sol","11":"first","12":"instock","13":"sale","14":"shipping-taxable","15":"purchasable","16":"product-type-simple"},"_links":{"self":[{"href":"https:\/\/soydeaqui.ddns.net\/pachuca\/index.php\/wp-json\/wp\/v2\/product\/83484","targetHints":{"allow":["GET"]}}],"collection":[{"href":"https:\/\/soydeaqui.ddns.net\/pachuca\/index.php\/wp-json\/wp\/v2\/product"}],"about":[{"href":"https:\/\/soydeaqui.ddns.net\/pachuca\/index.php\/wp-json\/wp\/v2\/types\/product"}],"replies":[{"embeddable":true,"href":"https:\/\/soydeaqui.ddns.net\/pachuca\/index.php\/wp-json\/wp\/v2\/comments?post=83484"}],"wp:featuredmedia":[{"embeddable":true,"href":"https:\/\/soydeaqui.ddns.net\/pachuca\/index.php\/wp-json\/wp\/v2\/media\/83483"}],"wp:attachment":[{"href":"https:\/\/soydeaqui.ddns.net\/pachuca\/index.php\/wp-json\/wp\/v2\/media?parent=83484"}],"wp:term":[{"taxonomy":"product_brand","embeddable":true,"href":"https:\/\/soydeaqui.ddns.net\/pachuca\/index.php\/wp-json\/wp\/v2\/product_brand?post=83484"},{"taxonomy":"product_cat","embeddable":true,"href":"https:\/\/soydeaqui.ddns.net\/pachuca\/index.php\/wp-json\/wp\/v2\/product_cat?post=83484"},{"taxonomy":"product_tag","embeddable":true,"href":"https:\/\/soydeaqui.ddns.net\/pachuca\/index.php\/wp-json\/wp\/v2\/product_tag?post=83484"}],"curies":[{"name":"wp","href":"https:\/\/api.w.org\/{rel}","templated":true}]}}