{"id":83477,"date":"2026-03-19T20:09:54","date_gmt":"2026-03-19T20:09:54","guid":{"rendered":"https:\/\/soydeaqui.ddns.net\/pachuca\/index.php\/producto\/router-inalambrico-wifi-6-hasta-3000-mbps-mesh-doble-banda-ac-2-4-ghz-y-5-ghz-4-puertos-1000-mbps-5-antenas-omnidireccional-interior-beamforming-optimizado-administracion-gratuit\/"},"modified":"2026-03-19T20:09:55","modified_gmt":"2026-03-19T20:09:55","slug":"router-inalambrico-wifi-6-hasta-3000-mbps-mesh-doble-banda-ac-2-4-ghz-y-5-ghz-4-puertos-1000-mbps-5-antenas-omnidireccional-interior-beamforming-optimizado-administracion-gratuit","status":"publish","type":"product","link":"https:\/\/soydeaqui.ddns.net\/pachuca\/index.php\/producto\/router-inalambrico-wifi-6-hasta-3000-mbps-mesh-doble-banda-ac-2-4-ghz-y-5-ghz-4-puertos-1000-mbps-5-antenas-omnidireccional-interior-beamforming-optimizado-administracion-gratuit\/","title":{"rendered":"Router Inal\u00e1mbrico \/ Wifi 6 \/ Hasta 3000 Mbps \/ MESH \/ Doble Banda AC (2.4 GHz y 5 GHz) \/ 4 Puertos 1000 Mbps \/  5 Antenas Omnidireccional \/ Interior \/ Beamforming Optimizado \/  Administraci\u00f3n Gratuita desde la Nube"},"content":{"rendered":"<div style='width: 100%; max-width: 1200px; margin: 0 auto; font-family: sans-serif; line-height: 1.6; color: inherit; background-color: transparent;'> <!-- Banner principal --> <\/p>\n<div style='width: 100%; margin-bottom: 30px;'> <img style='width: 100%; max-width: 100%; height: auto; border: 1px solid rgba(150&comma;150&comma;150&comma;0.3); border-radius: 8px;' src='http:\/\/ftp3.syscom.mx\/usuarios\/roberto.espino\/Transmision\/Routers\/NetworkingBANNER.jpg' alt='Banner principal'> <\/div>\n<p> <!-- Video principal --> <\/p>\n<div style='position: relative; padding-bottom: 56.25%; height: 0; overflow: hidden; margin-bottom: 30px;'>   <\/div>\n<p> <!-- Secci\u00f3n de videos secundarios --> <\/p>\n<div style='display: flex; flex-wrap: wrap; gap: 20px; margin-bottom: 30px;'>\n<div style='flex: 1 1 300px; min-width: 280px;'>\n<h4 style='text-align: center; font-size: 18px; margin-top: 0; margin-bottom: 15px; color: inherit; opacity: 0.8;'>\u00bfQu\u00e9 es Hik-Partner Pro?<\/h4>\n<div style='position: relative; padding-bottom: 56.25%; height: 0; overflow: hidden;'>   <\/div>\n<\/p><\/div>\n<div style='flex: 1 1 300px; min-width: 280px;'>\n<h4 style='text-align: center; font-size: 18px; margin-top: 0; margin-bottom: 15px; color: inherit; opacity: 0.8;'>Activa en 3 Pasos<\/h4>\n<div style='position: relative; padding-bottom: 56.25%; height: 0; overflow: hidden;'>   <\/div>\n<\/p><\/div>\n<div style='flex: 1 1 300px; min-width: 280px;'>\n<h4 style='text-align: center; font-size: 18px; margin-top: 0; margin-bottom: 15px; color: inherit; opacity: 0.8;'>\u00a1Vincula tus dispositivos!<\/h4>\n<div style='position: relative; padding-bottom: 56.25%; height: 0; overflow: hidden;'>   <\/div>\n<\/p><\/div>\n<\/p><\/div>\n<p> <!-- T\u00edtulo de especificaciones --> <\/p>\n<div style='text-align: center; margin: 40px 0 20px;'>\n<h1 style='color: #232a6f; font-size: 28px; margin: 0; font-weight: bold; color: inherit;'>Especif\u00edcaciones<\/h1>\n<\/p><\/div>\n<p> <!-- Caracter\u00edsticas principales --> <\/p>\n<div style='display: flex; flex-wrap: wrap; gap: 20px; margin-bottom: 30px;'>\n<div style='flex: 1 1 400px; min-width: 280px;'>\n<div style='border: 1px solid rgba(150&comma; 150&comma; 150&comma; 0.4); border-radius: 8px; overflow: hidden; display: flex; flex-direction: column;'>\n<div style='padding: 15px; background: #df001e; border-bottom: 1px solid #a80000; font-weight: bold; font-size: 16px; color: #ffffff;'>Caracter\u00edsticas Principales:<\/div>\n<div style='padding: 15px; color: inherit;'>\n<ul style='padding-left: 20px; margin: 0; font-size: 14px; list-style-type: disc;'>\n<li style='margin-bottom: 5px;'>Est\u00e1ndar Inal\u00e1mbrico IEEE 802.11\/a\/n\/ac\/ax @5GHz&comma; IEEE 802.11b\/g\/n @2.4GHz<\/li>\n<li style='margin-bottom: 5px;'>Rendimiento inal\u00e1mbrico: Compatible con 4 \u00d7 4 MU-MIMO y Beamforming.<\/li>\n<li style='margin-bottom: 5px;'>Soporta Red MESH.<\/li>\n<li style='margin-bottom: 5px;'>Velocidad:5GHz: 2402Mbps 2.4GHz: 574Mbps<\/li>\n<li style='margin-bottom: 5px;'>Antena: 5 antenas de alta ganancia<\/li>\n<li style='margin-bottom: 5px;'>Configuraci\u00f3n de red de invitados admitida<\/li>\n<li style='margin-bottom: 5px;'>Ajuste de se\u00f1al compatible.<\/li>\n<li style='margin-bottom: 5px;'>Programa WiFi compatible.<\/li>\n<li style='margin-bottom: 5px;'>Modo De Seguridad: Compatible con WPA-PSK&comma; WPA2-PSK&comma; WPA y WPA2<\/li>\n<li style='margin-bottom: 5px;'>M\u00e9todo De Gesti\u00f3n: Interefaz Web&comma; HPP&comma; HC.<\/li>\n<\/ul><\/div>\n<\/p><\/div>\n<\/p><\/div>\n<p> <!-- Caracter\u00edsticas f\u00edsicas y el\u00e9ctricas --> <\/p>\n<div style='flex: 1 1 400px; min-width: 280px;'>\n<div style='border: 1px solid rgba(150&comma; 150&comma; 150&comma; 0.4); border-radius: 8px; overflow: hidden; display: flex; flex-direction: column;'>\n<div style='padding: 15px; background: #df001e; border-bottom: 1px solid #a80000; font-weight: bold; font-size: 16px; color: #ffffff;'>Caracter\u00edsticas F\u00edsicas y El\u00e9ctricas:<\/div>\n<div style='padding: 15px; color: inherit;'>\n<ul style='padding-left: 20px; margin: 0; font-size: 14px; list-style-type: disc;'>\n<li style='margin-bottom: 5px;'>3 Puertos 10\/100\/1000 Mbps LAN.<\/li>\n<li style='margin-bottom: 5px;'>1 Puerto 10\/100\/1000 Mbps WAN.<\/li>\n<li style='margin-bottom: 5px;'>Bot\u00f3n de reinicio.<\/li>\n<li style='margin-bottom: 5px;'>Fuente de alimentaci\u00f3n de 12 Vcd&comma; 1 A. <strong>(Incluida)<\/strong><\/li>\n<li style='margin-bottom: 5px;'>Consumo Max De Energia: 12 W<\/li>\n<li style='margin-bottom: 5px;'>Dimensi\u00f3n del producto: 281.7 mm \u00d7 145.0 mm \u00d7 204.1 mm<\/li>\n<\/ul><\/div>\n<\/p><\/div>\n<\/p><\/div>\n<\/p><\/div>\n<p> <!-- Caracter\u00edsticas avanzadas --> <\/p>\n<div style='margin-bottom: 30px;'>\n<div style='border: 1px solid rgba(150&comma; 150&comma; 150&comma; 0.4); border-radius: 8px; overflow: hidden; display: flex; flex-direction: column;'>\n<div style='padding: 15px; background: #df001e; border-bottom: 1px solid #a80000; font-weight: bold; font-size: 16px; color: #ffffff;'>Caracter\u00edsticas Avanzadas<\/div>\n<div style='padding: 15px; color: inherit;'>\n<ul style='padding-left: 20px; margin: 0; font-size: 14px; list-style-type: disc;'>\n<li style='margin-bottom: 5px;'>Modo de enrutador inal\u00e1mbrico.<\/li>\n<li style='margin-bottom: 5px;'>Modo de repetidor inal\u00e1mbrico cliente + AP.<\/li>\n<li style='margin-bottom: 5px;'>Modo AP.<\/li>\n<li style='margin-bottom: 5px;'>Servidor DHCP compatible.<\/li>\n<\/ul><\/div>\n<\/p><\/div>\n<\/p><\/div>\n<p> <!-- Consideraciones --> <\/p>\n<div style='margin-bottom: 30px;'>\n<div style='border: 1px solid rgba(150&comma; 150&comma; 150&comma; 0.4); border-radius: 8px; overflow: hidden; display: flex; flex-direction: column;'>\n<div style='padding: 15px; background: #df001e; border-bottom: 1px solid #a80000; font-weight: bold; font-size: 16px; color: #ffffff;'>Consideraciones<\/div>\n<div style='padding: 15px; color: inherit;'>\n<ul style='padding-left: 20px; margin: 0; font-size: 14px; list-style-type: disc;'>\n<li style='margin-bottom: 5px;'>Coloca tu router en un lugar central de tu hogar u oficina para obtener una cobertura Wi-Fi uniforme. Evita obst\u00e1culos como paredes gruesas o electrodom\u00e9sticos que puedan debilitar la se\u00f1al.<\/li>\n<li style='margin-bottom: 5px;'>Para usarlo en modo <strong>MESH<\/strong> se recomienda usar mismo modelos de el Router.<\/li>\n<li style='margin-bottom: 5px;'>Cuenta con <strong>boton de reset<\/strong> (dejar precionado por 10 segundos).<\/li>\n<\/ul><\/div>\n<\/p><\/div>\n<\/p><\/div>\n<p> <!-- Im\u00e1genes adicionales --> <\/p>\n<div style='display: flex; flex-wrap: wrap; gap: 20px; margin-bottom: 30px;'>\n<div style='flex: 1 1 100%; min-width: 280px;'> <img style='width: 100%; height: auto; border: 1px solid rgba(150&comma;150&comma;150&comma;0.3); border-radius: 8px;' src='http:\/\/ftp3.syscom.mx\/usuarios\/roberto.espino\/Transmision\/Routers\/30x.PNG' alt=''> <\/div>\n<div style='flex: 1 1 100%; min-width: 280px;'> <img style='width: 100%; height: auto; border: 1px solid rgba(150&comma;150&comma;150&comma;0.3); border-radius: 8px;' src='http:\/\/ftp3.syscom.mx\/usuarios\/roberto.espino\/Transmision\/Routers\/wifi%206%205.PNG' alt=''> <\/div>\n<div style='flex: 1 1 100%; min-width: 280px;'> <img style='width: 100%; height: auto; border: 1px solid rgba(150&comma;150&comma;150&comma;0.3); border-radius: 8px;' src='http:\/\/ftp3.syscom.mx\/usuarios\/roberto.espino\/Transmision\/Routers\/wifi%206%203.PNG' alt=''> <\/div>\n<div style='flex: 1 1 100%; min-width: 280px;'> <img style='width: 100%; height: auto; border: 1px solid rgba(150&comma;150&comma;150&comma;0.3); border-radius: 8px;' src='http:\/\/ftp3.syscom.mx\/usuarios\/roberto.espino\/Transmision\/Routers\/wifi%206%204.PNG' alt=''> <\/div>\n<\/p><\/div>\n<\/p><\/div>\n","protected":false},"excerpt":{"rendered":"<p>Router Inal\u00e1mbrico \/ Wifi 6 \/ Hasta 3000 Mbps \/ MESH \/ Doble Banda AC (2.4 GHz y 5 GHz) \/ 4 Puertos 1000 Mbps \/  5 Antenas Omnidireccional \/ Interior \/ Beamforming Optimizado \/  Administraci\u00f3n Gratuita desde la Nube<\/p>\n","protected":false},"featured_media":83476,"comment_status":"open","ping_status":"closed","template":"","meta":[],"product_brand":[],"product_cat":[2036,2035,2034],"product_tag":[2039,2038,54,664,2037],"class_list":{"0":"post-83477","1":"product","2":"type-product","3":"status-publish","4":"has-post-thumbnail","6":"product_cat-balanceadores","7":"product_cat-firewalls","8":"product_cat-routers","9":"product_tag-balanceadores","10":"product_tag-firewalls","11":"product_tag-hikvision","12":"product_tag-networking","13":"product_tag-routers","15":"first","16":"instock","17":"sale","18":"shipping-taxable","19":"purchasable","20":"product-type-simple"},"_links":{"self":[{"href":"https:\/\/soydeaqui.ddns.net\/pachuca\/index.php\/wp-json\/wp\/v2\/product\/83477","targetHints":{"allow":["GET"]}}],"collection":[{"href":"https:\/\/soydeaqui.ddns.net\/pachuca\/index.php\/wp-json\/wp\/v2\/product"}],"about":[{"href":"https:\/\/soydeaqui.ddns.net\/pachuca\/index.php\/wp-json\/wp\/v2\/types\/product"}],"replies":[{"embeddable":true,"href":"https:\/\/soydeaqui.ddns.net\/pachuca\/index.php\/wp-json\/wp\/v2\/comments?post=83477"}],"wp:featuredmedia":[{"embeddable":true,"href":"https:\/\/soydeaqui.ddns.net\/pachuca\/index.php\/wp-json\/wp\/v2\/media\/83476"}],"wp:attachment":[{"href":"https:\/\/soydeaqui.ddns.net\/pachuca\/index.php\/wp-json\/wp\/v2\/media?parent=83477"}],"wp:term":[{"taxonomy":"product_brand","embeddable":true,"href":"https:\/\/soydeaqui.ddns.net\/pachuca\/index.php\/wp-json\/wp\/v2\/product_brand?post=83477"},{"taxonomy":"product_cat","embeddable":true,"href":"https:\/\/soydeaqui.ddns.net\/pachuca\/index.php\/wp-json\/wp\/v2\/product_cat?post=83477"},{"taxonomy":"product_tag","embeddable":true,"href":"https:\/\/soydeaqui.ddns.net\/pachuca\/index.php\/wp-json\/wp\/v2\/product_tag?post=83477"}],"curies":[{"name":"wp","href":"https:\/\/api.w.org\/{rel}","templated":true}]}}