{"id":83471,"date":"2026-03-19T20:09:38","date_gmt":"2026-03-19T20:09:38","guid":{"rendered":"https:\/\/soydeaqui.ddns.net\/pachuca\/index.php\/producto\/modulo-de-baterias-externas-de-240v-a-30-amp-para-extension-de-tiempo-de-respaldo-para-ups-serie-ol-de-6-kva-a-10-kva-3\/"},"modified":"2026-03-19T20:09:45","modified_gmt":"2026-03-19T20:09:45","slug":"modulo-de-baterias-externas-de-240v-a-30-amp-para-extension-de-tiempo-de-respaldo-para-ups-serie-ol-de-6-kva-a-10-kva-3","status":"publish","type":"product","link":"https:\/\/soydeaqui.ddns.net\/pachuca\/index.php\/producto\/modulo-de-baterias-externas-de-240v-a-30-amp-para-extension-de-tiempo-de-respaldo-para-ups-serie-ol-de-6-kva-a-10-kva-3\/","title":{"rendered":"M\u00f3dulo de Bater\u00edas Externas de 240V a 30 Amp, para Extensi\u00f3n de Tiempo de Respaldo, Para UPS Serie OL de 6 KVA a 10 KVA"},"content":{"rendered":"<div style='width: 100%; max-width: 1200px; margin: 0 auto; font-family: sans-serif; line-height: 1.6; color: inherit; background-color: transparent;'>\n<div style='display: flex; flex-wrap: wrap; gap: 30px; margin-bottom: 30px;'>\n<div style='flex: 1 1 300px; min-width: 280px;'> <img style='width: 100%; height: auto; border: 1px solid rgba(150&comma;150&comma;150&comma;0.3); border-radius: 8px;' src='https:\/\/ftp3.syscom.mx\/usuarios\/fotos\/logotipos\/cyberpower.png' alt=''> <\/div>\n<div style='flex: 1 1 300px; min-width: 280px;'>\n<h3 style='font-size: 22px; border-bottom: 2px solid currentColor; padding-bottom: 5px; margin-top: 0; color: inherit; opacity: 0.8;'>Descripci\u00f3n<\/h3>\n<p style='font-size: 15px; color: inherit;'>Dise\u00f1ado para centros de datos y aplicaciones cr\u00edticas&comma; el m\u00f3dulo de bater\u00eda extendida (EBM) se puede utilizar junto con sistemas UPS compatibles para proporcionar un tiempo de ejecuci\u00f3n prolongado del sistema durante una interrupci\u00f3n del suministro el\u00e9ctrico. Los m\u00f3dulos de bater\u00eda vienen con conectores de alimentaci\u00f3n de CC plug-and-play para permitir la incorporaci\u00f3n de varios EBM. Las bater\u00edas de plomo-\u00e1cido selladas que se utilizan en los EBM son estables y seguras&comma; lo que garantiza el rendimiento confiable del sistema de energ\u00eda.<\/p>\n<\/p><\/div>\n<\/p><\/div>\n<div style='display: flex; flex-wrap: wrap; gap: 20px; margin-bottom: 30px;'>\n<div style='flex: 1 1 250px; border: 1px solid rgba(150&comma; 150&comma; 150&comma; 0.4); border-radius: 8px; overflow: hidden; display: flex; flex-direction: column;'>\n<div style='padding: 15px; border-bottom: 1px solid rgba(150&comma; 150&comma; 150&comma; 0.2); font-weight: bold; font-size: 18px; color: inherit;'>Especificaciones t\u00e9cnicas<\/div>\n<div style='padding: 15px; color: inherit;'>\n<ul style='padding-left: 20px; margin: 0; font-size: 14px; list-style-type: disc;'>\n<li style='margin-bottom: 5px;'><strong>Voltaje de Salida:<\/strong> 240 Vcc<\/li>\n<li style='margin-bottom: 5px;'><strong>Corriente:<\/strong> 75 Amp<\/li>\n<li style='margin-bottom: 5px;'><strong>Bater\u00edas:<\/strong> (20) 12 Vcc\/7.0 Ah<\/li>\n<li style='margin-bottom: 5px;'><strong>Dimensiones:<\/strong> 433 x 127.8 x 660 mm (Ancho x Alto x Profundidad)<\/li>\n<li style='margin-bottom: 5px;'><strong>Peso:<\/strong> 55 kg<\/li>\n<li style='margin-bottom: 5px;'><strong>Tama\u00f1o en Rack:<\/strong> 3 UR<\/li>\n<\/ul><\/div>\n<\/p><\/div>\n<div style='flex: 1 1 250px; border: 1px solid rgba(150&comma; 150&comma; 150&comma; 0.4); border-radius: 8px; overflow: hidden; display: flex; flex-direction: column;'>\n<div style='padding: 15px; border-bottom: 1px solid rgba(150&comma; 150&comma; 150&comma; 0.2); font-weight: bold; font-size: 18px; color: inherit;'>Compatibilidad<\/div>\n<div style='padding: 15px; color: inherit;'>\n<ul style='padding-left: 20px; margin: 0; font-size: 14px; list-style-type: disc;'>\n<li style='margin-bottom: 5px;'><strong>Compatible con:<\/strong> OLS6KERT5U-NEMA<\/li>\n<\/ul><\/div>\n<\/p><\/div>\n<div style='flex: 1 1 250px; border: 1px solid rgba(150&comma; 150&comma; 150&comma; 0.4); border-radius: 8px; overflow: hidden; display: flex; flex-direction: column;'>\n<div style='padding: 15px; border-bottom: 1px solid rgba(150&comma; 150&comma; 150&comma; 0.2); font-weight: bold; font-size: 18px; color: inherit;'>Advertencias<\/div>\n<div style='padding: 15px; color: inherit;'>\n<ul style='padding-left: 20px; margin: 0; font-size: 14px; list-style-type: disc;'>\n<li style='margin-bottom: 5px;'><strong>No compatible con:<\/strong> Generador de energ\u00eda (plantas de respaldo)<\/li>\n<\/ul><\/div>\n<\/p><\/div>\n<\/p><\/div>\n<hr style='border: 0; border-top: 1px solid rgba(150&comma; 150&comma; 150&comma; 0.3); margin: 30px 0;'> <\/div>\n","protected":false},"excerpt":{"rendered":"<p>M\u00f3dulo de Bater\u00edas Externas de 240V a 30 Amp, para Extensi\u00f3n de Tiempo de Respaldo, Para UPS Serie OL de 6 KVA a 10 KVA<\/p>\n","protected":false},"featured_media":83470,"comment_status":"open","ping_status":"closed","template":"","meta":[],"product_brand":[],"product_cat":[1222],"product_tag":[677,62,1062],"class_list":{"0":"post-83471","1":"product","2":"type-product","3":"status-publish","4":"has-post-thumbnail","6":"product_cat-todos-ups-respaldo","7":"product_tag-cyberpower","8":"product_tag-todos","9":"product_tag-ups-respaldo","11":"first","12":"instock","13":"sale","14":"shipping-taxable","15":"purchasable","16":"product-type-simple"},"_links":{"self":[{"href":"https:\/\/soydeaqui.ddns.net\/pachuca\/index.php\/wp-json\/wp\/v2\/product\/83471","targetHints":{"allow":["GET"]}}],"collection":[{"href":"https:\/\/soydeaqui.ddns.net\/pachuca\/index.php\/wp-json\/wp\/v2\/product"}],"about":[{"href":"https:\/\/soydeaqui.ddns.net\/pachuca\/index.php\/wp-json\/wp\/v2\/types\/product"}],"replies":[{"embeddable":true,"href":"https:\/\/soydeaqui.ddns.net\/pachuca\/index.php\/wp-json\/wp\/v2\/comments?post=83471"}],"wp:featuredmedia":[{"embeddable":true,"href":"https:\/\/soydeaqui.ddns.net\/pachuca\/index.php\/wp-json\/wp\/v2\/media\/83470"}],"wp:attachment":[{"href":"https:\/\/soydeaqui.ddns.net\/pachuca\/index.php\/wp-json\/wp\/v2\/media?parent=83471"}],"wp:term":[{"taxonomy":"product_brand","embeddable":true,"href":"https:\/\/soydeaqui.ddns.net\/pachuca\/index.php\/wp-json\/wp\/v2\/product_brand?post=83471"},{"taxonomy":"product_cat","embeddable":true,"href":"https:\/\/soydeaqui.ddns.net\/pachuca\/index.php\/wp-json\/wp\/v2\/product_cat?post=83471"},{"taxonomy":"product_tag","embeddable":true,"href":"https:\/\/soydeaqui.ddns.net\/pachuca\/index.php\/wp-json\/wp\/v2\/product_tag?post=83471"}],"curies":[{"name":"wp","href":"https:\/\/api.w.org\/{rel}","templated":true}]}}