{"id":83466,"date":"2026-03-19T20:09:27","date_gmt":"2026-03-19T20:09:27","guid":{"rendered":"https:\/\/soydeaqui.ddns.net\/pachuca\/index.php\/producto\/cierre-de-empalme-para-24-fusiones-de-fibra-optica-interior-exterior-3-entradas-para-cable-o-6-12mm-con-8-acopladores-sc-apc-y-splitter-1x8-sc-apc-incluido-ip65\/"},"modified":"2026-03-19T20:09:35","modified_gmt":"2026-03-19T20:09:35","slug":"cierre-de-empalme-para-24-fusiones-de-fibra-optica-interior-exterior-3-entradas-para-cable-o-6-12mm-con-8-acopladores-sc-apc-y-splitter-1x8-sc-apc-incluido-ip65","status":"publish","type":"product","link":"https:\/\/soydeaqui.ddns.net\/pachuca\/index.php\/producto\/cierre-de-empalme-para-24-fusiones-de-fibra-optica-interior-exterior-3-entradas-para-cable-o-6-12mm-con-8-acopladores-sc-apc-y-splitter-1x8-sc-apc-incluido-ip65\/","title":{"rendered":"Cierre de Empalme para 24 fusiones de fibra \u00f3ptica, Interior\/Exterior, 3 Entradas para Cable \u00d8 6-12mm, con 8 acopladores SC\/APC y splitter 1&#215;8 SC\/APC Incluido, IP65"},"content":{"rendered":"<div style='width: 100%; max-width: 1200px; margin: 0 auto; font-family: sans-serif; line-height: 1.6; color: inherit; background-color: transparent;'>\n<div style='display: flex; flex-wrap: wrap; gap: 30px; margin-bottom: 30px;'>\n<div style='flex: 1 1 300px; min-width: 280px;'> <img style='width: 100%; height: auto; border: 1px solid rgba(150&comma;150&comma;150&comma;0.3); border-radius: 8px;' src='https:\/\/ftp3.syscom.mx\/usuarios\/orobles\/LinkedPro\/linkedpro_logo.png' alt=''> <\/div>\n<\/p><\/div>\n<div style='display: flex; flex-wrap: wrap; gap: 30px; margin-bottom: 30px;'>\n<div style='flex: 1 1 300px; min-width: 280px;'>\n<h3 style='font-size: 22px; border-bottom: 2px solid currentColor; padding-bottom: 5px; margin-top: 0; color: inherit; opacity: 0.8;'>Descripci\u00f3n<\/h3>\n<p style='font-size: 15px; color: inherit; text-align: justify;'>La caja de empalme NAP LP-FAT083 se utiliza como punto de terminaci\u00f3n para que el cable de fibra troncal o de distribuci\u00f3n se conecte con el cable drop en una red FTTx. Generalmente se utilizan para albergar splitters de segundo nivel y cuentan con acopladores para un acceso r\u00e1pido y sencillo&comma; proporciona una protecci\u00f3n y gesti\u00f3n s\u00f3lidas para la construcci\u00f3n de la red FTTx.<\/p>\n<\/p><\/div>\n<\/p><\/div>\n<div style='display: flex; flex-wrap: wrap; gap: 20px; margin-bottom: 30px;'>\n<div style='flex: 1 1 250px; border: 1px solid rgba(150&comma; 150&comma; 150&comma; 0.4); border-radius: 8px; overflow: hidden; display: flex; flex-direction: column;'>\n<div style='padding: 15px; border-bottom: 1px solid rgba(150&comma; 150&comma; 150&comma; 0.2); font-weight: bold; font-size: 18px; color: inherit;'>Especificaciones<\/div>\n<div style='padding: 15px; color: inherit;'>\n<ul style='padding-left: 20px; margin: 0; font-size: 14px; list-style-type: disc;'>\n<li style='margin-bottom: 5px;'><strong>Tama\u00f1o (mm):<\/strong> 227 x 181 x 54.5<\/li>\n<li style='margin-bottom: 5px;'><strong>Splitter:<\/strong> 1&#215;8 con conectores SC\/APC (incluido)<\/li>\n<li style='margin-bottom: 5px;'><strong>Incluye:<\/strong> 8 acopladores SC\/APC simplex monomodo<\/li>\n<li style='margin-bottom: 5px;'><strong>Entradas:<\/strong> 3 para cable \u00d8 6-12mm<\/li>\n<li style='margin-bottom: 5px;'><strong>Puertos:<\/strong> 8 para fibra drop plana o redonda<\/li>\n<li style='margin-bottom: 5px;'><strong>Protecci\u00f3n:<\/strong> IP65<\/li>\n<li style='margin-bottom: 5px;'><strong>Material:<\/strong> ABS + PC<\/li>\n<li style='margin-bottom: 5px;'><strong>Instalaci\u00f3n:<\/strong> En poste&comma; pared o a\u00e9rea<\/li>\n<li style='margin-bottom: 5px;'><strong>Aplicaci\u00f3n:<\/strong> Interior o Exterior<\/li>\n<li style='margin-bottom: 5px;'><strong>Herrajes:<\/strong> Para instalaci\u00f3n a\u00e9rea incluidos<\/li>\n<\/ul><\/div>\n<\/p><\/div>\n<\/p><\/div>\n<div style='display: flex; flex-wrap: wrap; gap: 30px; margin-bottom: 30px;'>\n<div style='flex: 1 1 300px; min-width: 280px;'>\n<h3 style='font-size: 22px; border-bottom: 2px solid currentColor; padding-bottom: 5px; margin-top: 0; color: inherit; opacity: 0.8;'>Nota<\/h3>\n<p style='font-size: 15px; color: inherit;'>Puerto para realizar sangrado de fibra ya instalado en la caja NAP<\/p>\n<\/p><\/div>\n<\/p><\/div>\n<hr style='border: 0; border-top: 1px solid rgba(150&comma; 150&comma; 150&comma; 0.3); margin: 30px 0;'> <\/div>\n","protected":false},"excerpt":{"rendered":"<p>Cierre de Empalme para 24 fusiones de fibra \u00f3ptica, Interior\/Exterior, 3 Entradas para Cable \u00d8 6-12mm, con 8 acopladores SC\/APC y splitter 1&#215;8 SC\/APC Incluido, IP65<\/p>\n","protected":false},"featured_media":83465,"comment_status":"open","ping_status":"closed","template":"","meta":[],"product_brand":[],"product_cat":[2014],"product_tag":[435,2011,2015],"class_list":{"0":"post-83466","1":"product","2":"type-product","3":"status-publish","4":"has-post-thumbnail","6":"product_cat-splitters-y-cajas-de-empalme","7":"product_tag-linkedpro-by-epcom","8":"product_tag-redes-ftth-pon","9":"product_tag-splitters-y-cajas-de-empalme","11":"first","12":"instock","13":"sale","14":"shipping-taxable","15":"purchasable","16":"product-type-simple"},"_links":{"self":[{"href":"https:\/\/soydeaqui.ddns.net\/pachuca\/index.php\/wp-json\/wp\/v2\/product\/83466","targetHints":{"allow":["GET"]}}],"collection":[{"href":"https:\/\/soydeaqui.ddns.net\/pachuca\/index.php\/wp-json\/wp\/v2\/product"}],"about":[{"href":"https:\/\/soydeaqui.ddns.net\/pachuca\/index.php\/wp-json\/wp\/v2\/types\/product"}],"replies":[{"embeddable":true,"href":"https:\/\/soydeaqui.ddns.net\/pachuca\/index.php\/wp-json\/wp\/v2\/comments?post=83466"}],"wp:featuredmedia":[{"embeddable":true,"href":"https:\/\/soydeaqui.ddns.net\/pachuca\/index.php\/wp-json\/wp\/v2\/media\/83465"}],"wp:attachment":[{"href":"https:\/\/soydeaqui.ddns.net\/pachuca\/index.php\/wp-json\/wp\/v2\/media?parent=83466"}],"wp:term":[{"taxonomy":"product_brand","embeddable":true,"href":"https:\/\/soydeaqui.ddns.net\/pachuca\/index.php\/wp-json\/wp\/v2\/product_brand?post=83466"},{"taxonomy":"product_cat","embeddable":true,"href":"https:\/\/soydeaqui.ddns.net\/pachuca\/index.php\/wp-json\/wp\/v2\/product_cat?post=83466"},{"taxonomy":"product_tag","embeddable":true,"href":"https:\/\/soydeaqui.ddns.net\/pachuca\/index.php\/wp-json\/wp\/v2\/product_tag?post=83466"}],"curies":[{"name":"wp","href":"https:\/\/api.w.org\/{rel}","templated":true}]}}