{"id":83461,"date":"2026-03-19T20:09:13","date_gmt":"2026-03-19T20:09:13","guid":{"rendered":"https:\/\/soydeaqui.ddns.net\/pachuca\/index.php\/producto\/carcasa-para-ssd-m-2-y-sata-enclosure-conector-usb-c-asus-aura-rgb-sync-hasta-10-gbps-tamanos-2242-2260-y-2280\/"},"modified":"2026-03-19T20:09:22","modified_gmt":"2026-03-19T20:09:22","slug":"carcasa-para-ssd-m-2-y-sata-enclosure-conector-usb-c-asus-aura-rgb-sync-hasta-10-gbps-tamanos-2242-2260-y-2280","status":"publish","type":"product","link":"https:\/\/soydeaqui.ddns.net\/pachuca\/index.php\/producto\/carcasa-para-ssd-m-2-y-sata-enclosure-conector-usb-c-asus-aura-rgb-sync-hasta-10-gbps-tamanos-2242-2260-y-2280\/","title":{"rendered":"Carcasa para SSD M.2 y SATA (Enclosure) \/ Conector USB-C \/ ASUS Aura RGB SYNC  \/ Hasta 10 Gbps \/ Tama\u00f1os: 2242, 2260 y 2280"},"content":{"rendered":"<div style='width: 100%; max-width: 1200px; margin: 0 auto; font-family: sans-serif; line-height: 1.6; color: inherit; background-color: transparent;'> <!-- Banner principal --> <\/p>\n<div style='width: 100%; text-align: center; margin: 20px 0;'> <img style='width: 100%; max-width: 1200px; height: auto; border: 1px solid rgba(150&comma;150&comma;150&comma;0.3); border-radius: 8px;' src='https:\/\/ftp3.syscom.mx\/usuarios\/gmagos\/HIK\/storage\/Vaners\/hiksemi.png' alt='HIKSEMI Banner'> <\/div>\n<p> <!-- Caracter\u00edsticas principales --> <\/p>\n<div style='margin-bottom: 30px;'>\n<div style='text-align: center; margin-bottom: 20px;'>\n<h2 style='font-size: 24px; color: inherit; opacity: 0.8; margin-top: 0;'>Especificaciones<\/h2>\n<\/p><\/div>\n<div style='display: flex; justify-content: center;'>\n<div style='flex: 1 1 600px; max-width: 800px;'>\n<ul style='padding-left: 20px; font-size: 15px; color: inherit; list-style-type: disc;'>\n<li style='margin-bottom: 8px;'><strong>Dise\u00f1o resistente:<\/strong> Hecho de aleaci\u00f3n de aluminio<\/li>\n<li style='margin-bottom: 8px;'><strong>Compatibilidad dual:<\/strong> Funciona con SSDs M.2 NVMe y M.2 SATA<\/li>\n<li style='margin-bottom: 8px;'><strong>Soporta SSD M2:<\/strong> Tama\u00f1os 2242&comma; 2260 y 2280<\/li>\n<li style='margin-bottom: 8px;'><strong>Iluminaci\u00f3n RGB:<\/strong> ASUS AURA RGB para personalizaci\u00f3n<\/li>\n<li style='margin-bottom: 8px;'><strong>Velocidad:<\/strong> Transferencia de hasta 10 Gbps<\/li>\n<li style='margin-bottom: 8px;'><strong>Compatibilidad:<\/strong> Windows&comma; Mac OS&comma; Linux y Android<\/li>\n<li style='margin-bottom: 8px;'><strong>Ahorro de energ\u00eda:<\/strong> Modo de hibernaci\u00f3n inteligente<\/li>\n<li style='margin-bottom: 8px;'><strong>Tama\u00f1o compacto:<\/strong> 106 mm x 32 mm (60 g)<\/li>\n<\/ul><\/div>\n<\/p><\/div>\n<\/p><\/div>\n<p> <!-- Videos --> <\/p>\n<div style='display: flex; flex-wrap: wrap; gap: 30px; margin-bottom: 30px;'>\n<div style='flex: 1 1 400px; min-width: 300px;'>\n<h3 style='font-size: 18px; text-align: center; margin-top: 0; color: inherit; opacity: 0.8;'>\u00bfQui\u00e9n es HIKSEMI?<\/h3>\n<div style='position: relative; padding-bottom: 56.25%; height: 0; overflow: hidden; margin-bottom: 15px;'>   <\/div>\n<\/p><\/div>\n<div style='flex: 1 1 400px; min-width: 300px;'>\n<h3 style='font-size: 18px; text-align: center; margin-top: 0; color: inherit; opacity: 0.8;'>Unidades de Estado S\u00f3lido<\/h3>\n<div style='position: relative; padding-bottom: 56.25%; height: 0; overflow: hidden; margin-bottom: 15px;'>   <\/div>\n<\/p><\/div>\n<\/p><\/div>\n<p> <!-- Imagen 1 con overlay --> <\/p>\n<div style='position: relative; width: 100%; margin: 30px 0;'> <img style='width: 100%; height: auto; border: 1px solid rgba(150&comma;150&comma;150&comma;0.3); border-radius: 8px;' src='https:\/\/ftp3.syscom.mx\/usuarios\/gmagos\/HIK\/storage\/Pagina%20WEB\/HS-HUB-MDR1\/MDR1_01.jpg' alt='Carcasa para SSD M.2 NVME y SATA'> <\/p>\n<div style='position: absolute; top: 20%; left: 50%; transform: translateX(-50%); text-align: center; padding: 20px; background: rgba(0&comma;0&comma;0&comma;0.5); border-radius: 8px;'>\n<h2 style='font-size: 28px; color: white; margin: 10px 0;'>Carcasa para SSD M.2 NVME y SATA | HIKSEMI MDR1<\/h2>\n<p style='font-size: 16px; color: white; margin: 0;'>ASUS Aura RGB SYNC | USB 3.2 tipo C<\/p>\n<\/p><\/div>\n<\/p><\/div>\n<p> <!-- Secci\u00f3n con imagen y texto --> <\/p>\n<div style='display: flex; flex-wrap: wrap; gap: 20px; margin-bottom: 30px; align-items: center;'>\n<div style='flex: 1 1 300px; min-width: 280px;'> <img style='width: 100%; height: auto; border: 1px solid rgba(150&comma;150&comma;150&comma;0.3); border-radius: 8px;' src='https:\/\/ftp3.syscom.mx\/usuarios\/gmagos\/HIK\/storage\/Pagina%20WEB\/HS-HUB-MDR1\/MDR1_02.jpg' alt='Soporte de funci\u00f3n OTG'> <\/div>\n<div style='flex: 1 1 400px; min-width: 300px;'>\n<h3 style='font-size: 20px; margin-top: 0; color: inherit; opacity: 0.8;'>AURA RGB Light Sync<\/h3>\n<p style='font-size: 15px; color: inherit; text-align: justify;'>Permite personalizar los modos de iluminaci\u00f3n RGB a trav\u00e9s del software de HIKSEMI&comma; ofreciendo hasta 16.8 millones de colores para complementar perfectamente tu equipo de juego. Adem\u00e1s&comma; sincroniza los cambios de color con el ritmo de la m\u00fasica&comma; creando una experiencia visual envolvente que realza tus momentos de entretenimiento.<\/p>\n<\/p><\/div>\n<\/p><\/div>\n<p> <!-- Secci\u00f3n con imagen y texto invertida --> <\/p>\n<div style='display: flex; flex-wrap: wrap-reverse; gap: 20px; margin-bottom: 30px; align-items: center;'>\n<div style='flex: 1 1 400px; min-width: 300px;'>\n<h3 style='font-size: 20px; margin-top: 0; color: inherit; opacity: 0.8;'>Control maestro de alto nivel y protocolo dual<\/h3>\n<p style='font-size: 15px; color: inherit; text-align: justify;'>Compatible con los protocolos M.2 NVMe y M.2 SATA&comma; este enclosure es compatible con diversas especificaciones de SSD&comma; incluyendo M.2 2242&comma; 2260 y 2280. Adem\u00e1s&comma; admite una expansi\u00f3n de capacidad de hasta 4 TB&comma; brindando una soluci\u00f3n flexible y de alto rendimiento para tus necesidades de almacenamiento.<\/p>\n<\/p><\/div>\n<div style='flex: 1 1 300px; min-width: 280px;'> <img style='width: 100%; height: auto; border: 1px solid rgba(150&comma;150&comma;150&comma;0.3); border-radius: 8px;' src='https:\/\/ftp3.syscom.mx\/usuarios\/gmagos\/HIK\/storage\/Pagina%20WEB\/HS-HUB-MDR1\/MDR1_03.jpg' alt='Dise\u00f1o de hebilla de tres etapas'> <\/div>\n<\/p><\/div>\n<p> <!-- Imagen 2 con overlay --> <\/p>\n<div style='position: relative; width: 100%; margin: 30px 0;'> <img style='width: 100%; height: auto; border: 1px solid rgba(150&comma;150&comma;150&comma;0.3); border-radius: 8px;' src='https:\/\/ftp3.syscom.mx\/usuarios\/gmagos\/HIK\/storage\/Pagina%20WEB\/HS-HUB-MDR1\/MDR1_04.jpg' alt='Disipaci\u00f3n de calor eficiente'> <\/p>\n<div style='position: absolute; top: 50%; left: 50%; transform: translate(-50%&comma; -50%); text-align: center; padding: 20px; background: rgba(0&comma;0&comma;0&comma;0.5); border-radius: 8px; max-width: 800px; width: 100%;'>\n<h3 style='font-size: 24px; color: white; margin: 10px 0;'>Cuerpo robusto y disipaci\u00f3n de calor eficiente<\/h3>\n<p style='font-size: 16px; color: white; margin: 5px 0;'>Cuerpo de aleaci\u00f3n de aluminio anodizado completo<\/p>\n<p style='font-size: 16px; color: white; margin: 5px 0;'>con proceso CNC de alta precisi\u00f3n&comma;<\/p>\n<p style='font-size: 16px; color: white; margin: 5px 0;'>con disipaci\u00f3n de calor cubierta y eficiente.<\/p>\n<\/p><\/div>\n<\/p><\/div>\n<p> <!-- Imagen 3 con overlay --> <\/p>\n<div style='position: relative; width: 100%; margin: 30px 0;'> <img style='width: 100%; height: auto; border: 1px solid rgba(150&comma;150&comma;150&comma;0.3); border-radius: 8px;' src='https:\/\/ftp3.syscom.mx\/usuarios\/gmagos\/HIK\/storage\/Pagina%20WEB\/HS-HUB-MDR1\/MDR1_05.jpg' alt='Disipaci\u00f3n de calor eficiente'> <\/p>\n<div style='position: absolute; top: 20%; left: 50%; transform: translateX(-50%); text-align: center; padding: 20px; background: rgba(0&comma;0&comma;0&comma;0.5); border-radius: 8px; max-width: 800px; width: 100%;'>\n<h3 style='font-size: 24px; color: white; margin: 10px 0;'>Cuerpo robusto y disipaci\u00f3n de calor eficiente<\/h3>\n<p style='font-size: 16px; color: white; margin: 0;'>Cuerpo de aleaci\u00f3n de aluminio anodizado completo con proceso CNC de alta precisi\u00f3n&comma; con disipaci\u00f3n de calor cubierta y eficiente.<\/p>\n<\/p><\/div>\n<\/p><\/div>\n<p> <!-- Banner final --> <\/p>\n<div style='width: 100%; text-align: center; margin: 40px 0 20px;'> <img style='width: 100%; max-width: 1200px; height: auto; border: 1px solid rgba(150&comma;150&comma;150&comma;0.3); border-radius: 8px;' src='https:\/\/ftp3.syscom.mx\/usuarios\/gmagos\/HIK\/storage\/Vaners\/HIKSEMI-banner1.jpg' alt='Banner Final'> <\/div>\n<\/p><\/div>\n","protected":false},"excerpt":{"rendered":"<p>Carcasa para SSD M.2 y SATA (Enclosure) \/ Conector USB-C \/ ASUS Aura RGB SYNC  \/ Hasta 10 Gbps \/ Tama\u00f1os: 2242, 2260 y 2280<\/p>\n","protected":false},"featured_media":83460,"comment_status":"open","ping_status":"closed","template":"","meta":[],"product_brand":[],"product_cat":[2138],"product_tag":[1974,2129,2139],"class_list":{"0":"post-83461","1":"product","2":"type-product","3":"status-publish","4":"has-post-thumbnail","6":"product_cat-unidades-de-estado-solido-ssd","7":"product_tag-almacenamiento","8":"product_tag-hiksemi-by-hikvision","9":"product_tag-unidades-de-estado-solido-ssd","11":"first","12":"instock","13":"sale","14":"shipping-taxable","15":"purchasable","16":"product-type-simple"},"_links":{"self":[{"href":"https:\/\/soydeaqui.ddns.net\/pachuca\/index.php\/wp-json\/wp\/v2\/product\/83461","targetHints":{"allow":["GET"]}}],"collection":[{"href":"https:\/\/soydeaqui.ddns.net\/pachuca\/index.php\/wp-json\/wp\/v2\/product"}],"about":[{"href":"https:\/\/soydeaqui.ddns.net\/pachuca\/index.php\/wp-json\/wp\/v2\/types\/product"}],"replies":[{"embeddable":true,"href":"https:\/\/soydeaqui.ddns.net\/pachuca\/index.php\/wp-json\/wp\/v2\/comments?post=83461"}],"wp:featuredmedia":[{"embeddable":true,"href":"https:\/\/soydeaqui.ddns.net\/pachuca\/index.php\/wp-json\/wp\/v2\/media\/83460"}],"wp:attachment":[{"href":"https:\/\/soydeaqui.ddns.net\/pachuca\/index.php\/wp-json\/wp\/v2\/media?parent=83461"}],"wp:term":[{"taxonomy":"product_brand","embeddable":true,"href":"https:\/\/soydeaqui.ddns.net\/pachuca\/index.php\/wp-json\/wp\/v2\/product_brand?post=83461"},{"taxonomy":"product_cat","embeddable":true,"href":"https:\/\/soydeaqui.ddns.net\/pachuca\/index.php\/wp-json\/wp\/v2\/product_cat?post=83461"},{"taxonomy":"product_tag","embeddable":true,"href":"https:\/\/soydeaqui.ddns.net\/pachuca\/index.php\/wp-json\/wp\/v2\/product_tag?post=83461"}],"curies":[{"name":"wp","href":"https:\/\/api.w.org\/{rel}","templated":true}]}}