{"id":83454,"date":"2026-03-19T20:08:55","date_gmt":"2026-03-19T20:08:55","guid":{"rendered":"https:\/\/soydeaqui.ddns.net\/pachuca\/index.php\/producto\/memoria-usb-dual-impulsado-por-ssd-core-1-tb-usb-c-y-usb-a-530-mb-s-de-escritura\/"},"modified":"2026-03-19T20:09:10","modified_gmt":"2026-03-19T20:09:10","slug":"memoria-usb-dual-impulsado-por-ssd-core-1-tb-usb-c-y-usb-a-530-mb-s-de-escritura","status":"publish","type":"product","link":"https:\/\/soydeaqui.ddns.net\/pachuca\/index.php\/producto\/memoria-usb-dual-impulsado-por-ssd-core-1-tb-usb-c-y-usb-a-530-mb-s-de-escritura\/","title":{"rendered":"Memoria USB Dual Impulsado por SSD Core \/ 1 TB \/ USB-C y USB-A \/ 530 MB\/s de Escritura"},"content":{"rendered":"<div style='width: 100%; max-width: 1200px; margin: 0 auto; font-family: sans-serif; line-height: 1.6; color: inherit; background-color: transparent;'> <!-- Banner principal --> <\/p>\n<div style='width: 100%; text-align: center; margin: 30px 0;'> <img style='width: 100%; max-width: 800px; height: auto; border: 1px solid rgba(150&comma;150&comma;150&comma;0.3); border-radius: 8px;' src='https:\/\/ftp3.syscom.mx\/usuarios\/gmagos\/HIK\/storage\/Vaners\/hiksemi.png' alt='HIKSEMI Banner'> <\/div>\n<p> <!-- Especificaciones --> <\/p>\n<div style='display: flex; flex-direction: column; align-items: center; margin-bottom: 30px;'>\n<h1 style='font-size: 28px; margin-bottom: 20px; color: inherit; opacity: 0.8;'>Especificaciones<\/h1>\n<div style='display: flex; flex-wrap: wrap; gap: 20px; justify-content: center;'>\n<div style='flex: 1 1 300px; min-width: 250px;'>\n<ul style='list-style: none; padding: 0; margin: 0;'>\n<li style='background: rgba(150&comma;150&comma;150&comma;0.1); padding: 12px; margin-bottom: 5px; border-radius: 6px; color: inherit; font-weight: bold;'>Caracter\u00edsticas Principales:<\/li>\n<li style='padding: 10px 12px; margin-bottom: 2px; color: inherit;'>Interfaz USB 3.2 Gen2 Type-C<\/li>\n<li style='padding: 10px 12px; margin-bottom: 2px; color: inherit;'>Capacidades de almacenamiento de <strong>1 TB<\/strong><\/li>\n<li style='padding: 10px 12px; margin-bottom: 2px; color: inherit;'>Velocidades de lectura\/escritura de 530 MB\/s y 450 MB\/s<\/li>\n<li style='padding: 10px 12px; margin-bottom: 2px; color: inherit;'>Dise\u00f1o compacto y duradero con cuerpo de metal y peso ligero<\/li>\n<li style='padding: 10px 12px; margin-bottom: 2px; color: inherit;'>Temperatura operativa de 5 a 35 \u00b0C<\/li>\n<\/ul><\/div>\n<\/p><\/div>\n<\/p><\/div>\n<p> <!-- Videos --> <\/p>\n<div style='display: flex; flex-wrap: wrap; gap: 30px; margin-bottom: 40px;'>\n<div style='flex: 1 1 45%; min-width: 300px;'>\n<h3 style='font-size: 20px; margin-bottom: 15px; text-align: center; color: inherit; opacity: 0.8;'>\u00bfQui\u00e9n es HIKSEMI?<\/h3>\n<div style='position: relative; padding-bottom: 56.25%; height: 0; overflow: hidden; margin-bottom: 30px;'>   <\/div>\n<\/p><\/div>\n<div style='flex: 1 1 45%; min-width: 300px;'>\n<h3 style='font-size: 20px; margin-bottom: 15px; text-align: center; color: inherit; opacity: 0.8;'>Unidades de Estado S\u00f3lido<\/h3>\n<div style='position: relative; padding-bottom: 56.25%; height: 0; overflow: hidden; margin-bottom: 30px;'>   <\/div>\n<\/p><\/div>\n<\/p><\/div>\n<p> <!-- Imagen 1 con overlay --> <\/p>\n<div style='position: relative; width: 100%; margin: 30px 0;'> <img style='width: 100%; height: auto; border: 1px solid rgba(150&comma;150&comma;150&comma;0.3); border-radius: 8px;' src='https:\/\/ftp3.syscom.mx\/usuarios\/gmagos\/HIK\/storage\/Pagina%20WEB\/USB-S309C\/S309C%28SWIFT%29_01.jpg' alt='Unidad de estado s\u00f3lido port\u00e1til SWIFT Dual Mini'> <\/p>\n<div style='position: absolute; top: 20%; left: 50%; transform: translateX(-50%); padding: 25px; text-align: center; width: 100%; max-width: 600px;'>\n<h1 style='font-size: 35px; margin-bottom: 15px; color: inherit; font-weight: bold;'><span style='font-family: verdana&comma; geneva&comma; sans-serif;'>Unidad de estado s\u00f3lido port\u00e1til SWIFT Dual Mini<\/span><\/h1>\n<h2 style='font-size: 20px; margin-bottom: 0; color: inherit;'><span style='font-family: verdana&comma; geneva&comma; sans-serif;'>Dise\u00f1o compacto&comma; velocidad potente<\/span><\/h2>\n<\/p><\/div>\n<\/p><\/div>\n<p> <!-- Secci\u00f3n de im\u00e1genes con texto --> <\/p>\n<div style='display: flex; flex-wrap: wrap; gap: 30px; margin-bottom: 30px;'>\n<div style='flex: 1 1 45%; min-width: 280px;'> <img style='width: 100%; height: auto; border: 1px solid rgba(150&comma;150&comma;150&comma;0.3); border-radius: 8px;' src='https:\/\/ftp3.syscom.mx\/usuarios\/gmagos\/HIK\/storage\/Pagina%20WEB\/USB-S309C\/S309C%28SWIFT%29_02.jpg' alt='Soporte de funci\u00f3n OTG'> <\/div>\n<div style='flex: 1 1 45%; min-width: 280px;'>\n<h2 style='font-size: 24px; margin-bottom: 15px; color: inherit;'>Soporte de funci\u00f3n OTG<\/h2>\n<p style='font-size: 15px; color: inherit; text-align: justify;'>Las nuevas memorias USB con chip de SSD y funci\u00f3n OTG proporcionan un almacenamiento port\u00e1til r\u00e1pido y confiable&comma; permitiendo la conexi\u00f3n con computadoras y dispositivos m\u00f3viles sin necesidad de cables adicionales. La tecnolog\u00eda OTG facilita la transferencia de archivos&comma; mientras que el chip de SSD mejora las velocidades de lectura y escritura. Estas memorias son ideales para quienes necesitan acceso inmediato a grandes vol\u00famenes de datos en diferentes dispositivos. Las capacidades var\u00edan para adaptarse a varias necesidades.<\/p>\n<\/p><\/div>\n<\/p><\/div>\n<p> <!-- Secci\u00f3n de texto e imagen invertida --> <\/p>\n<div style='display: flex; flex-wrap: wrap; gap: 30px; margin-bottom: 30px;'>\n<div style='flex: 1 1 45%; min-width: 280px;'>\n<h2 style='font-size: 24px; margin-bottom: 15px; color: inherit;'>Peque\u00f1a estatura&comma; gran capacidad<\/h2>\n<p style='font-size: 15px; color: inherit; text-align: justify;'>Disfrute de grabar videos HD 4K con su tel\u00e9fono inteligente<\/p>\n<\/p><\/div>\n<div style='flex: 1 1 45%; min-width: 280px;'> <img style='width: 100%; height: auto; border: 1px solid rgba(150&comma;150&comma;150&comma;0.3); border-radius: 8px;' src='https:\/\/ftp3.syscom.mx\/usuarios\/gmagos\/HIK\/storage\/Pagina%20WEB\/USB-S309C\/S309C%28SWIFT%29_03.jpg' alt='Dise\u00f1o de hebilla de tres etapas'> <\/div>\n<\/p><\/div>\n<p> <!-- Imagen 4 con overlay lateral --> <\/p>\n<div style='position: relative; width: 100%; margin: 30px 0;'> <img style='width: 100%; height: auto; border: 1px solid rgba(150&comma;150&comma;150&comma;0.3); border-radius: 8px;' src='https:\/\/ftp3.syscom.mx\/usuarios\/gmagos\/HIK\/storage\/Pagina%20WEB\/USB-S309C\/S309C%28SWIFT%29_04.jpg' alt='Evite interferir con los puertos USB-C adyacentes'> <\/p>\n<div style='position: absolute; top: 50%; right: 5%; transform: translateY(-50%); padding: 25px; text-align: center; width: 100%; max-width: 500px;'>\n<h1 style='font-size: 28px; margin-bottom: 10px; color: inherit; font-weight: bold;'>\u00a1Evite interferir con los puertos<\/h1>\n<h1 style='font-size: 28px; margin-bottom: 15px; color: inherit; font-weight: bold;'>USB-C adyacentes!<\/h1>\n<h2 style='font-size: 22px; margin-bottom: 10px; color: inherit;'>Incluso si su dispositivo tiene dos puertos USB-C&comma;<\/h2>\n<h2 style='font-size: 22px; margin-bottom: 0; color: inherit;'>dispuestos en paralelo&comma; puede utilizar este producto.<\/h2>\n<\/p><\/div>\n<\/p><\/div>\n<p> <!-- Banner final --> <\/p>\n<div style='width: 100%; text-align: center; margin: 40px 0 0 0;'> <img style='width: 100%; max-width: 800px; height: auto; border: 1px solid rgba(150&comma;150&comma;150&comma;0.3); border-radius: 8px;' src='https:\/\/ftp3.syscom.mx\/usuarios\/gmagos\/HIK\/storage\/Vaners\/HIKSEMI-banner1.jpg' alt='Banner Final'> <\/div>\n<p> <!-- Separador final --> <\/p>\n<hr style='border: 0; border-top: 1px solid rgba(150&comma; 150&comma; 150&comma; 0.3); margin: 40px 0;'> <\/div>\n","protected":false},"excerpt":{"rendered":"<p>Memoria USB Dual Impulsado por SSD Core \/ 1 TB \/ USB-C y USB-A \/ 530 MB\/s de Escritura<\/p>\n","protected":false},"featured_media":83453,"comment_status":"open","ping_status":"closed","template":"","meta":[],"product_brand":[],"product_cat":[2178],"product_tag":[1974,2129,2179],"class_list":{"0":"post-83454","1":"product","2":"type-product","3":"status-publish","4":"has-post-thumbnail","6":"product_cat-unidad-de-estado-solido-ssd-portatil","7":"product_tag-almacenamiento","8":"product_tag-hiksemi-by-hikvision","9":"product_tag-unidad-de-estado-solido-ssd-portatil","11":"first","12":"outofstock","13":"sale","14":"shipping-taxable","15":"purchasable","16":"product-type-simple"},"_links":{"self":[{"href":"https:\/\/soydeaqui.ddns.net\/pachuca\/index.php\/wp-json\/wp\/v2\/product\/83454","targetHints":{"allow":["GET"]}}],"collection":[{"href":"https:\/\/soydeaqui.ddns.net\/pachuca\/index.php\/wp-json\/wp\/v2\/product"}],"about":[{"href":"https:\/\/soydeaqui.ddns.net\/pachuca\/index.php\/wp-json\/wp\/v2\/types\/product"}],"replies":[{"embeddable":true,"href":"https:\/\/soydeaqui.ddns.net\/pachuca\/index.php\/wp-json\/wp\/v2\/comments?post=83454"}],"wp:featuredmedia":[{"embeddable":true,"href":"https:\/\/soydeaqui.ddns.net\/pachuca\/index.php\/wp-json\/wp\/v2\/media\/83453"}],"wp:attachment":[{"href":"https:\/\/soydeaqui.ddns.net\/pachuca\/index.php\/wp-json\/wp\/v2\/media?parent=83454"}],"wp:term":[{"taxonomy":"product_brand","embeddable":true,"href":"https:\/\/soydeaqui.ddns.net\/pachuca\/index.php\/wp-json\/wp\/v2\/product_brand?post=83454"},{"taxonomy":"product_cat","embeddable":true,"href":"https:\/\/soydeaqui.ddns.net\/pachuca\/index.php\/wp-json\/wp\/v2\/product_cat?post=83454"},{"taxonomy":"product_tag","embeddable":true,"href":"https:\/\/soydeaqui.ddns.net\/pachuca\/index.php\/wp-json\/wp\/v2\/product_tag?post=83454"}],"curies":[{"name":"wp","href":"https:\/\/api.w.org\/{rel}","templated":true}]}}