{"id":8345,"date":"2026-03-18T07:07:59","date_gmt":"2026-03-18T07:07:59","guid":{"rendered":"https:\/\/soydeaqui.ddns.net\/pachuca\/index.php\/producto\/boton-de-emergencia-boton-de-panico-ideal-como-boton-de-panico-montaje-de-superficie-relevador-nc-no-momentaneo-uso-con-sirenas-y-estrobos-ideal-para-control-de-acceso\/"},"modified":"2026-03-18T07:08:02","modified_gmt":"2026-03-18T07:08:02","slug":"boton-de-emergencia-boton-de-panico-ideal-como-boton-de-panico-montaje-de-superficie-relevador-nc-no-momentaneo-uso-con-sirenas-y-estrobos-ideal-para-control-de-acceso","status":"publish","type":"product","link":"https:\/\/soydeaqui.ddns.net\/pachuca\/index.php\/producto\/boton-de-emergencia-boton-de-panico-ideal-como-boton-de-panico-montaje-de-superficie-relevador-nc-no-momentaneo-uso-con-sirenas-y-estrobos-ideal-para-control-de-acceso\/","title":{"rendered":"Bot\u00f3n de Emergencia \/ Bot\u00f3n de P\u00e1nico \/  Ideal como bot\u00f3n de p\u00e1nico \/ Montaje de Superficie \/ Relevador NC\/NO Moment\u00e1neo \/  Uso con Sirenas y Estrobos \/ Ideal para Control de Acceso"},"content":{"rendered":"<div style='width: 100%; max-width: 1200px; margin: 0 auto; font-family: sans-serif; line-height: 1.6; color: inherit; background-color: transparent;'>\n<div class='row' style='display: flex; flex-wrap: wrap; gap: 30px; margin-bottom: 30px;'>\n<div style='flex: 1 1 300px; min-width: 280px;'>\n<h3 style='font-size: 22px; border-bottom: 2px solid currentColor; padding-bottom: 5px; margin-top: 0; color: inherit; opacity: 0.8;'>Caracter\u00edsticas Principales:<\/h3>\n<ul style='padding-left: 20px; font-size: 15px; color: inherit;'>\n<li style='margin-bottom: 5px;'>Contacto Momentaneo seleccionable NO \/NC<\/li>\n<li style='margin-bottom: 5px;'>Para uso con sirenas&comma; estrobos o chapas de acceso<\/li>\n<\/ul><\/div>\n<div style='flex: 1 1 300px; min-width: 280px;'>\n<h3 style='font-size: 22px; border-bottom: 2px solid currentColor; padding-bottom: 5px; margin-top: 0; color: inherit; opacity: 0.8;'>Caracter\u00edsticas F\u00edsicas y El\u00e9ctricas:<\/h3>\n<ul style='padding-left: 20px; font-size: 15px; color: inherit;'>\n<li style='margin-bottom: 5px;'>Soporta 0.5A@ 12Vcd<\/li>\n<li style='margin-bottom: 5px;'>Contacto seleccionable NO \/ NC<\/li>\n<li style='margin-bottom: 5px;'>Para uso interior<\/li>\n<li style='margin-bottom: 5px;'>Emergency impreso<\/li>\n<\/ul><\/div>\n<div style='flex: 1 1 300px; min-width: 280px;'>\n<h3 style='font-size: 22px; border-bottom: 2px solid currentColor; padding-bottom: 5px; margin-top: 0; color: inherit; opacity: 0.8;'>Caracter\u00edsticas Destacadas:<\/h3>\n<ul style='padding-left: 20px; font-size: 15px; color: inherit;'>\n<li style='margin-bottom: 5px;'>Terminales de tornillo<\/li>\n<li style='margin-bottom: 5px;'>Dimensiones 76mm x 23mm x 15mm<\/li>\n<\/ul><\/div>\n<\/p><\/div>\n<hr style='border: 0; border-top: 1px solid rgba(150&comma; 150&comma; 150&comma; 0.3); margin: 30px 0;'> <\/div>\n","protected":false},"excerpt":{"rendered":"<p>Bot\u00f3n de Emergencia \/ Bot\u00f3n de P\u00e1nico \/  Ideal como bot\u00f3n de p\u00e1nico \/ Montaje de Superficie \/ Relevador NC\/NO Moment\u00e1neo \/  Uso con Sirenas y Estrobos \/ Ideal para Control de Acceso<\/p>\n","protected":false},"featured_media":8344,"comment_status":"open","ping_status":"closed","template":"","meta":[],"product_brand":[],"product_cat":[190],"product_tag":[93,191,116],"class_list":{"0":"post-8345","1":"product","2":"type-product","3":"status-publish","4":"has-post-thumbnail","6":"product_cat-botones-de-salida","7":"product_tag-accesorios","8":"product_tag-botones-de-salida","9":"product_tag-enforcer-secolarm","11":"first","12":"instock","13":"sale","14":"shipping-taxable","15":"purchasable","16":"product-type-simple"},"_links":{"self":[{"href":"https:\/\/soydeaqui.ddns.net\/pachuca\/index.php\/wp-json\/wp\/v2\/product\/8345","targetHints":{"allow":["GET"]}}],"collection":[{"href":"https:\/\/soydeaqui.ddns.net\/pachuca\/index.php\/wp-json\/wp\/v2\/product"}],"about":[{"href":"https:\/\/soydeaqui.ddns.net\/pachuca\/index.php\/wp-json\/wp\/v2\/types\/product"}],"replies":[{"embeddable":true,"href":"https:\/\/soydeaqui.ddns.net\/pachuca\/index.php\/wp-json\/wp\/v2\/comments?post=8345"}],"wp:featuredmedia":[{"embeddable":true,"href":"https:\/\/soydeaqui.ddns.net\/pachuca\/index.php\/wp-json\/wp\/v2\/media\/8344"}],"wp:attachment":[{"href":"https:\/\/soydeaqui.ddns.net\/pachuca\/index.php\/wp-json\/wp\/v2\/media?parent=8345"}],"wp:term":[{"taxonomy":"product_brand","embeddable":true,"href":"https:\/\/soydeaqui.ddns.net\/pachuca\/index.php\/wp-json\/wp\/v2\/product_brand?post=8345"},{"taxonomy":"product_cat","embeddable":true,"href":"https:\/\/soydeaqui.ddns.net\/pachuca\/index.php\/wp-json\/wp\/v2\/product_cat?post=8345"},{"taxonomy":"product_tag","embeddable":true,"href":"https:\/\/soydeaqui.ddns.net\/pachuca\/index.php\/wp-json\/wp\/v2\/product_tag?post=8345"}],"curies":[{"name":"wp","href":"https:\/\/api.w.org\/{rel}","templated":true}]}}