{"id":83447,"date":"2026-03-19T20:08:35","date_gmt":"2026-03-19T20:08:35","guid":{"rendered":"https:\/\/soydeaqui.ddns.net\/pachuca\/index.php\/producto\/memoria-usb-dual-impulsado-por-ssd-core-512-gb-usb-c-y-usb-a-1000-mb-s-de-escritura\/"},"modified":"2026-03-19T20:08:50","modified_gmt":"2026-03-19T20:08:50","slug":"memoria-usb-dual-impulsado-por-ssd-core-512-gb-usb-c-y-usb-a-1000-mb-s-de-escritura","status":"publish","type":"product","link":"https:\/\/soydeaqui.ddns.net\/pachuca\/index.php\/producto\/memoria-usb-dual-impulsado-por-ssd-core-512-gb-usb-c-y-usb-a-1000-mb-s-de-escritura\/","title":{"rendered":"Memoria USB Dual impulsado por SSD Core \/ 512 GB \/ USB-C y USB-A \/ 1000 MB\/s de Escritura"},"content":{"rendered":"<div style='width: 100%; max-width: 1200px; margin: 0 auto; font-family: sans-serif; line-height: 1.6; color: inherit; background-color: transparent;'> <!-- Banner --> <\/p>\n<div style='width: 100%; max-width: 1200px; margin: 30px auto; text-align: center;'> <img style='width: 100%; height: auto; border: 1px solid rgba(150&comma;150&comma;150&comma;0.3); border-radius: 8px;' src='https:\/\/ftp3.syscom.mx\/usuarios\/gmagos\/HIK\/storage\/Vaners\/hiksemi.png' alt='HIKSEMI Banner'> <\/div>\n<p> <!-- Especificaciones --> <\/p>\n<div style='display: flex; flex-direction: column; align-items: center; margin-bottom: 30px;'>\n<div style='width: 100%; max-width: 800px; margin-bottom: 20px;'>\n<h1 style='font-size: 24px; color: inherit; opacity: 0.8; text-align: center; border-bottom: 2px solid currentColor; padding-bottom: 8px;'>Especificaciones<\/h1>\n<\/p><\/div>\n<div style='width: 100%; max-width: 800px; display: flex; flex-wrap: wrap; gap: 20px;'>\n<div style='flex: 1 1 250px; border: 1px solid rgba(150&comma;150&comma;150&comma;0.4); border-radius: 8px; overflow: hidden;'>\n<div style='padding: 15px; border-bottom: 1px solid rgba(150&comma;150&comma;150&comma;0.2); font-weight: bold; font-size: 18px; color: inherit;'>Caracter\u00edsticas Principales:<\/div>\n<ul style='padding: 15px; margin: 0; font-size: 14px; list-style-type: disc; color: inherit;'>\n<li style='margin-bottom: 5px;'><strong>Capacidad:<\/strong> 512 GB<\/li>\n<li style='margin-bottom: 5px;'><strong>Color:<\/strong> Verde Oscuro<\/li>\n<li style='margin-bottom: 5px;'><strong>Material:<\/strong> Aleaci\u00f3n de Aluminio<\/li>\n<li style='margin-bottom: 5px;'><strong>Interfase:<\/strong> USB-A y USB-C<\/li>\n<li style='margin-bottom: 5px;'><strong>Velocidad de Lectura:<\/strong> 1000 MB\/s<\/li>\n<li style='margin-bottom: 5px;'><strong>Velocidad de Escritura:<\/strong> 1000 MB\/s<\/li>\n<li style='margin-bottom: 5px;'><strong>Temperatura de Operaci\u00f3n:<\/strong> -5 \u00b0C a 55 \u00b0C<\/li>\n<li style='margin-bottom: 5px;'><strong>Medidas:<\/strong> 60.4 x 22.3 x 11.5 mm<\/li>\n<li style='margin-bottom: 5px;'><strong>Peso:<\/strong> 17.5 gramos<\/li>\n<\/ul><\/div>\n<\/p><\/div>\n<\/p><\/div>\n<p> <!-- Videos --> <\/p>\n<div style='display: flex; flex-wrap: wrap; gap: 30px; margin-bottom: 30px;'>\n<div style='flex: 1 1 400px; min-width: 300px;'>\n<h3 style='text-align: center; font-size: 18px; margin-top: 0; color: inherit; opacity: 0.8;'>\u00bfQui\u00e9n es HIKSEMI?<\/h3>\n<div style='position: relative; padding-bottom: 56.25%; height: 0; overflow: hidden; margin-bottom: 30px;'>   <\/div>\n<\/p><\/div>\n<div style='flex: 1 1 400px; min-width: 300px;'>\n<h3 style='text-align: center; font-size: 18px; margin-top: 0; color: inherit; opacity: 0.8;'>Unidades de Estado S\u00f3lido<\/h3>\n<div style='position: relative; padding-bottom: 56.25%; height: 0; overflow: hidden; margin-bottom: 30px;'>   <\/div>\n<\/p><\/div>\n<\/p><\/div>\n<p> <!-- Imagen 1 con overlay --> <\/p>\n<div style='position: relative; width: 100%; margin: 30px 0;'> <img style='width: 100%; height: auto; border: 1px solid rgba(150&comma;150&comma;150&comma;0.3); border-radius: 8px;' src='https:\/\/ftp3.syscom.mx\/usuarios\/gmagos\/HIK\/storage\/Pagina%20WEB\/RAPIDS%20PRO%20S1000\/Rapids-Pro_01.jpg' alt='Imagen de Fondo'> <\/p>\n<div style='position: absolute; top: 50%; left: 50%; transform: translate(-50%&comma; -50%); text-align: center; padding: 20px; background: rgba(255&comma; 255&comma; 255&comma; 0.9); border-radius: 8px;'>\n<h1 style='font-size: 28px; color: inherit; margin: 0; font-weight: bold;'>Unidad SSD Rapids Dual USB 3.2<\/h1>\n<h2 style='font-size: 20px; color: inherit; margin-top: 10px;'>Dise\u00f1o compacto&comma; impulsado por SSD Core<\/h2>\n<\/p><\/div>\n<\/p><\/div>\n<p> <!-- Imagen 2 con texto --> <\/p>\n<div style='display: flex; flex-wrap: wrap; gap: 30px; margin: 30px 0;'>\n<div style='flex: 1 1 300px;'> <img style='width: 100%; height: auto; border: 1px solid rgba(150&comma;150&comma;150&comma;0.3); border-radius: 8px;' src='https:\/\/ftp3.syscom.mx\/usuarios\/gmagos\/HIK\/storage\/Pagina%20WEB\/RAPIDS%20PRO%20S1000\/Rapids-Pro_02.jpg' alt='Soporte de funci\u00f3n OTG'> <\/div>\n<div style='flex: 1 1 300px;'>\n<h2 style='font-size: 20px; margin-top: 0; color: inherit; opacity: 0.8;'>Soporte de funci\u00f3n OTG<\/h2>\n<p style='font-size: 14px; color: inherit; text-align: justify;'>Las nuevas memorias USB con chip de SSD y funci\u00f3n OTG proporcionan un almacenamiento port\u00e1til r\u00e1pido y confiable&comma; permitiendo la conexi\u00f3n con computadoras y dispositivos m\u00f3viles sin necesidad de cables adicionales. La tecnolog\u00eda OTG facilita la transferencia de archivos&comma; mientras que el chip de SSD mejora las velocidades de lectura y escritura. Estas memorias son ideales para quienes necesitan acceso inmediato a grandes vol\u00famenes de datos en diferentes dispositivos. Las capacidades var\u00edan para adaptarse a varias necesidades.<\/p>\n<\/p><\/div>\n<\/p><\/div>\n<p> <!-- Imagen 3 con texto invertido --> <\/p>\n<div style='display: flex; flex-wrap: wrap; gap: 30px; margin: 30px 0;'>\n<div style='flex: 1 1 300px;'>\n<h2 style='font-size: 20px; margin-top: 0; color: inherit; opacity: 0.8;'>Dise\u00f1o de hebilla de tres etapas<\/h2>\n<p style='font-size: 14px; color: inherit; text-align: justify;'>Mecanismo de desplazamiento m\u00e1s suave y estable<\/p>\n<\/p><\/div>\n<div style='flex: 1 1 300px;'> <img style='width: 100%; height: auto; border: 1px solid rgba(150&comma;150&comma;150&comma;0.3); border-radius: 8px;' src='https:\/\/ftp3.syscom.mx\/usuarios\/gmagos\/HIK\/storage\/Pagina%20WEB\/RAPIDS%20PRO%20S1000\/Rapids-Pro_03.jpg' alt='Dise\u00f1o de hebilla de tres etapas'> <\/div>\n<\/p><\/div>\n<p> <!-- Imagen 4 con overlay --> <\/p>\n<div style='position: relative; width: 100%; margin: 30px 0;'> <img style='width: 100%; height: auto; border: 1px solid rgba(150&comma;150&comma;150&comma;0.3); border-radius: 8px;' src='https:\/\/ftp3.syscom.mx\/usuarios\/gmagos\/HIK\/storage\/Pagina%20WEB\/RAPIDS%20PRO%20S1000\/Rapids-Pro_04.jpg' alt='Imagen de Fondo'> <\/p>\n<div style='position: absolute; top: 50%; left: 50%; transform: translate(-50%&comma; -50%); text-align: center; padding: 20px; background: rgba(255&comma; 255&comma; 255&comma; 0.9); border-radius: 8px;'>\n<h1 style='font-size: 22px; color: inherit; margin: 0; font-weight: bold;'>Dise\u00f1o de hebilla de tres etapas<\/h1>\n<h2 style='font-size: 18px; color: inherit; margin-top: 10px;'>Mecanismo de desplazamiento m\u00e1s suave y estable<\/h2>\n<\/p><\/div>\n<\/p><\/div>\n<p> <!-- Banner final --> <\/p>\n<div style='width: 100%; max-width: 1200px; margin: 30px auto; text-align: center;'> <img style='width: 100%; height: auto; border: 1px solid rgba(150&comma;150&comma;150&comma;0.3); border-radius: 8px;' src='https:\/\/ftp3.syscom.mx\/usuarios\/gmagos\/HIK\/storage\/Vaners\/HIKSEMI-banner1.jpg' alt='Banner Final'> <\/div>\n<\/p><\/div>\n","protected":false},"excerpt":{"rendered":"<p>Memoria USB Dual impulsado por SSD Core \/ 512 GB \/ USB-C y USB-A \/ 1000 MB\/s de Escritura<\/p>\n","protected":false},"featured_media":83446,"comment_status":"open","ping_status":"closed","template":"","meta":[],"product_brand":[],"product_cat":[2138],"product_tag":[1974,2129,2139],"class_list":{"0":"post-83447","1":"product","2":"type-product","3":"status-publish","4":"has-post-thumbnail","6":"product_cat-unidades-de-estado-solido-ssd","7":"product_tag-almacenamiento","8":"product_tag-hiksemi-by-hikvision","9":"product_tag-unidades-de-estado-solido-ssd","11":"first","12":"instock","13":"sale","14":"shipping-taxable","15":"purchasable","16":"product-type-simple"},"_links":{"self":[{"href":"https:\/\/soydeaqui.ddns.net\/pachuca\/index.php\/wp-json\/wp\/v2\/product\/83447","targetHints":{"allow":["GET"]}}],"collection":[{"href":"https:\/\/soydeaqui.ddns.net\/pachuca\/index.php\/wp-json\/wp\/v2\/product"}],"about":[{"href":"https:\/\/soydeaqui.ddns.net\/pachuca\/index.php\/wp-json\/wp\/v2\/types\/product"}],"replies":[{"embeddable":true,"href":"https:\/\/soydeaqui.ddns.net\/pachuca\/index.php\/wp-json\/wp\/v2\/comments?post=83447"}],"wp:featuredmedia":[{"embeddable":true,"href":"https:\/\/soydeaqui.ddns.net\/pachuca\/index.php\/wp-json\/wp\/v2\/media\/83446"}],"wp:attachment":[{"href":"https:\/\/soydeaqui.ddns.net\/pachuca\/index.php\/wp-json\/wp\/v2\/media?parent=83447"}],"wp:term":[{"taxonomy":"product_brand","embeddable":true,"href":"https:\/\/soydeaqui.ddns.net\/pachuca\/index.php\/wp-json\/wp\/v2\/product_brand?post=83447"},{"taxonomy":"product_cat","embeddable":true,"href":"https:\/\/soydeaqui.ddns.net\/pachuca\/index.php\/wp-json\/wp\/v2\/product_cat?post=83447"},{"taxonomy":"product_tag","embeddable":true,"href":"https:\/\/soydeaqui.ddns.net\/pachuca\/index.php\/wp-json\/wp\/v2\/product_tag?post=83447"}],"curies":[{"name":"wp","href":"https:\/\/api.w.org\/{rel}","templated":true}]}}