{"id":83429,"date":"2026-03-19T20:07:55","date_gmt":"2026-03-19T20:07:55","guid":{"rendered":"https:\/\/soydeaqui.ddns.net\/pachuca\/index.php\/producto\/radio-suscriptor-epmp-force4525l-con-antena-integrada-de-25-dbi-basado-en-802-11ax-wi-fi-6-5-150-5-920-ghz-monitoreo-gratuito-desde-la-nube\/"},"modified":"2026-03-19T20:07:57","modified_gmt":"2026-03-19T20:07:57","slug":"radio-suscriptor-epmp-force4525l-con-antena-integrada-de-25-dbi-basado-en-802-11ax-wi-fi-6-5-150-5-920-ghz-monitoreo-gratuito-desde-la-nube","status":"publish","type":"product","link":"https:\/\/soydeaqui.ddns.net\/pachuca\/index.php\/producto\/radio-suscriptor-epmp-force4525l-con-antena-integrada-de-25-dbi-basado-en-802-11ax-wi-fi-6-5-150-5-920-ghz-monitoreo-gratuito-desde-la-nube\/","title":{"rendered":"Radio Suscriptor ePMP FORCE4525L con Antena Integrada de 25 dBi \/ Basado en 802.11ax Wi-Fi 6 \/  5.150\u20135.920 GHz \/ Monitoreo Gratuito desde la Nube"},"content":{"rendered":"<div style='width: 100%; max-width: 1200px; margin: 0 auto; font-family: sans-serif; line-height: 1.6; color: inherit; background-color: transparent;'> <!-- T\u00edtulo principal --> <\/p>\n<h1 style='font-size: 28px; font-weight: 400; margin: 0 0 15px; color: inherit; text-shadow: rgba(0&comma;0&comma;0&comma;0.2) 2px 4px 3px;'> Suscriptor ePMP Force 4525L <\/h1>\n<p> <!-- Imagen principal --> <\/p>\n<div style='margin: 20px 0;'> <img style='width: 100%; height: auto; border: 1px solid rgba(150&comma;150&comma;150&comma;0.3); border-radius: 8px;' src='https:\/\/ftp3.syscom.mx\/usuarios\/fotos\/C050940M151A\/222882-4525l_(4).png' alt='Suscriptor ePMP Force 4525L'> <\/div>\n<p> <!-- Descripci\u00f3n principal --> <\/p>\n<div style='margin: 20px 0;'>\n<p style='font-size: 14pt; color: inherit; margin: 0 0 15px;'> Cambium Networks presenta la soluci\u00f3n ePMP Force 4525L que ofrece un rendimiento revolucionario basado en los \u00faltimos est\u00e1ndares 802.11ax. <\/p>\n<p style='color: inherit; margin: 15px 0;'> El nuevo portafolio de productos ofrece alta capacidad de transmisi\u00f3n y baja latencia&comma; la cual es menor a 5 ms utilizando el modelo ePTP. <\/p>\n<p style='color: inherit; margin: 15px 0;'> Cambium Networks siempre va a la vanguardia de la tecnolog\u00eda&comma; por lo tanto&comma; esta familia est\u00e1 basada en el est\u00e1ndar m\u00e1s reciente de Wi-Fi (802.11ax \/ Wi-Fi 6). <\/p>\n<p style='color: inherit; margin: 15px 0;'> La seguridad satisface los requisitos de usuarios tipo empresariales&comma; industriales&comma; gubernamentales y proveedores de servicio. <\/p>\n<p style='color: inherit; margin: 15px 0;'> Monitoreo gratuito desde la plataforma de cnMaestro. <\/p>\n<p style='color: inherit; margin: 15px 0;'> Planificaci\u00f3n de una red con la herramienta gratuita LinkPlanner. <\/p>\n<p style='color: inherit; margin: 15px 0;'> Garant\u00eda de hasta 3 a\u00f1os. <\/p>\n<\/p><\/div>\n<p> <!-- Imagen secundaria --> <\/p>\n<div style='margin: 20px 0;'> <img style='width: 100%; height: auto; border: 1px solid rgba(150&comma;150&comma;150&comma;0.3); border-radius: 8px;' src='https:\/\/cdn.cambiumnetworks.com\/wp-content\/uploads\/2020\/09\/cnMaestro-solutions-web.jpg' alt='cnMaestro solutions'> <\/div>\n<p> <!-- Caracter\u00edsticas t\u00e9cnicas --> <\/p>\n<p style='color: inherit; margin: 20px 0;'> Aprovechando la \u00faltima tecnolog\u00eda del est\u00e1ndar 802.11ax y el modo ePTP patentado de Cambium&comma; el Force 4525L ofrece una alta eficiencia espectral con caracter\u00edsticas como 1024QAM&comma; canales de 80 MHz. <\/p>\n<p style='color: inherit; margin: 20px 0;'> La serie Force 4525L tiene seguridad de nivel empresarial con cifrado AES de 128 bits por aire (AES de 256 bits donde las reglas de exportaci\u00f3n lo permiten con licencia). <\/p>\n<p> <!-- Secci\u00f3n de especificaciones --> <\/p>\n<div style='margin: 30px 0;'>\n<h2 style='font-size: 20px; border-bottom: 2px solid currentColor; padding-bottom: 5px; margin: 20px 0 10px; color: inherit; opacity: 0.8;'> Caracter\u00edsticas Generales <\/h2>\n<div style='display: flex; flex-wrap: wrap; gap: 20px; margin-bottom: 30px;'>\n<div style='flex: 1 1 250px; border: 1px solid rgba(150&comma; 150&comma; 150&comma; 0.4); border-radius: 8px; overflow: hidden;'>\n<div style='padding: 15px; border-bottom: 1px solid rgba(150&comma; 150&comma; 150&comma; 0.2); font-weight: bold; color: inherit;'> Caracter\u00edsticas Generales <\/div>\n<div style='padding: 15px; color: inherit;'>\n<ul style='padding-left: 20px; margin: 0; list-style-type: disc; font-size: 14px;'>\n<li style='margin-bottom: 5px;'><strong>Anchos de canal:<\/strong> 20 | 40 | 80 MHz<\/li>\n<li style='margin-bottom: 5px;'><strong>Capa f\u00edsica:<\/strong> 802.11ax&comma; 2&#215;2 MIMO \/ OFDMA<\/li>\n<li style='margin-bottom: 5px;'><strong>Rango de frecuencia:<\/strong> 5.150\u20135.920 GHz (Configurable en incrementos de 5 MHz)<\/li>\n<\/ul><\/div>\n<\/p><\/div>\n<div style='flex: 1 1 250px; border: 1px solid rgba(150&comma; 150&comma; 150&comma; 0.4); border-radius: 8px; overflow: hidden;'>\n<div style='padding: 15px; border-bottom: 1px solid rgba(150&comma; 150&comma; 150&comma; 0.2); font-weight: bold; color: inherit;'> Desempe\u00f1o <\/div>\n<div style='padding: 15px; color: inherit;'>\n<ul style='padding-left: 20px; margin: 0; list-style-type: disc; font-size: 14px;'>\n<li style='margin-bottom: 5px;'><strong>ARQ:<\/strong> S\u00ed<\/li>\n<li style='margin-bottom: 5px;'><strong>Capacidad M\u00e1xima:<\/strong> Gbps<\/li>\n<li style='margin-bottom: 5px;'><strong>Latencia:<\/strong> <5 ms<\/li>\n<li style='margin-bottom: 5px;'><strong>Potencia:<\/strong> +3 a +28 dBm (combinado&comma; hasta el l\u00edmite regional EIRP) (intervalo de 1 dB)<\/li>\n<\/ul><\/div>\n<\/p><\/div>\n<div style='flex: 1 1 250px; border: 1px solid rgba(150&comma; 150&comma; 150&comma; 0.4); border-radius: 8px; overflow: hidden;'>\n<div style='padding: 15px; border-bottom: 1px solid rgba(150&comma; 150&comma; 150&comma; 0.2); font-weight: bold; color: inherit;'> Caracter\u00edsticas F\u00edsicas y El\u00e9ctricas <\/div>\n<div style='padding: 15px; color: inherit;'>\n<ul style='padding-left: 20px; margin: 0; list-style-type: disc; font-size: 14px;'>\n<li style='margin-bottom: 5px;'><strong>Puertos:<\/strong> 1 x RJ-45 base 100\/1000 Mbps<\/li>\n<li style='margin-bottom: 5px;'><strong>Grado de protecci\u00f3n:<\/strong> IP55<\/li>\n<li style='margin-bottom: 5px;'><strong>Energ\u00eda:<\/strong> Voltaje de entrada (PoE pasivo): 13-30 V&comma; compatible con fuente <a href='https:\/\/www.syscom.mx\/producto\/POE-30G-CAMBIUM-NETWORKS-70915.html' style='color: #0066cc; text-decoration: none; font-weight: bold;'>POE30G<\/a> (inclu\u00edda)<\/li>\n<li style='margin-bottom: 5px;'><strong>Consumo m\u00e1ximo:<\/strong> 13 W<\/li>\n<\/ul><\/div>\n<\/p><\/div>\n<\/p><\/div>\n<\/p><\/div>\n<\/p><\/div>\n","protected":false},"excerpt":{"rendered":"<p>Radio Suscriptor ePMP FORCE4525L con Antena Integrada de 25 dBi \/ Basado en 802.11ax Wi-Fi 6 \/  5.150\u20135.920 GHz \/ Monitoreo Gratuito desde la Nube<\/p>\n","protected":false},"featured_media":32,"comment_status":"open","ping_status":"closed","template":"","meta":[],"product_brand":[],"product_cat":[1998],"product_tag":[1999,1316,1980],"class_list":{"0":"post-83429","1":"product","2":"type-product","3":"status-publish","4":"has-post-thumbnail","6":"product_cat-5-y-6-ghz","7":"product_tag-5-y-6-ghz","8":"product_tag-cambium-networks","9":"product_tag-enlaces-ptp-y-ptmp","11":"first","12":"outofstock","13":"sale","14":"shipping-taxable","15":"purchasable","16":"product-type-simple"},"_links":{"self":[{"href":"https:\/\/soydeaqui.ddns.net\/pachuca\/index.php\/wp-json\/wp\/v2\/product\/83429","targetHints":{"allow":["GET"]}}],"collection":[{"href":"https:\/\/soydeaqui.ddns.net\/pachuca\/index.php\/wp-json\/wp\/v2\/product"}],"about":[{"href":"https:\/\/soydeaqui.ddns.net\/pachuca\/index.php\/wp-json\/wp\/v2\/types\/product"}],"replies":[{"embeddable":true,"href":"https:\/\/soydeaqui.ddns.net\/pachuca\/index.php\/wp-json\/wp\/v2\/comments?post=83429"}],"wp:featuredmedia":[{"embeddable":true,"href":"https:\/\/soydeaqui.ddns.net\/pachuca\/index.php\/wp-json\/wp\/v2\/media\/32"}],"wp:attachment":[{"href":"https:\/\/soydeaqui.ddns.net\/pachuca\/index.php\/wp-json\/wp\/v2\/media?parent=83429"}],"wp:term":[{"taxonomy":"product_brand","embeddable":true,"href":"https:\/\/soydeaqui.ddns.net\/pachuca\/index.php\/wp-json\/wp\/v2\/product_brand?post=83429"},{"taxonomy":"product_cat","embeddable":true,"href":"https:\/\/soydeaqui.ddns.net\/pachuca\/index.php\/wp-json\/wp\/v2\/product_cat?post=83429"},{"taxonomy":"product_tag","embeddable":true,"href":"https:\/\/soydeaqui.ddns.net\/pachuca\/index.php\/wp-json\/wp\/v2\/product_tag?post=83429"}],"curies":[{"name":"wp","href":"https:\/\/api.w.org\/{rel}","templated":true}]}}