{"id":83426,"date":"2026-03-19T20:07:44","date_gmt":"2026-03-19T20:07:44","guid":{"rendered":"https:\/\/soydeaqui.ddns.net\/pachuca\/index.php\/producto\/switch-industrial-administrable-capa-3-8-puertos-etherrnet-10-100-1000t-8-puertos-sfp-de-1g-2-5g\/"},"modified":"2026-03-19T20:07:51","modified_gmt":"2026-03-19T20:07:51","slug":"switch-industrial-administrable-capa-3-8-puertos-etherrnet-10-100-1000t-8-puertos-sfp-de-1g-2-5g","status":"publish","type":"product","link":"https:\/\/soydeaqui.ddns.net\/pachuca\/index.php\/producto\/switch-industrial-administrable-capa-3-8-puertos-etherrnet-10-100-1000t-8-puertos-sfp-de-1g-2-5g\/","title":{"rendered":"Switch Industrial Administrable Capa 3, 8 Puertos Etherrnet 10\/100\/1000T, 8 Puertos SFP de 1G\/ 2.5G"},"content":{"rendered":"<div style='width: 100%; max-width: 1200px; margin: 0 auto; font-family: sans-serif; line-height: 1.6; color: inherit; background-color: transparent;'>\n<div style='display: flex; flex-wrap: wrap; gap: 15px; margin-bottom: 30px;'> <img style='width: auto; height: 40px; margin: 5px; border: 1px solid rgba(150&comma;150&comma;150&comma;0.3); border-radius: 8px;' src='https:\/\/planet.com.tw\/storage\/icons\/4icon_L3_OSPF_Routing.png' alt='Enrutamiento OSPF L3'> <img style='width: auto; height: 40px; margin: 5px; border: 1px solid rgba(150&comma;150&comma;150&comma;0.3); border-radius: 8px;' src='https:\/\/planet.com.tw\/storage\/icons\/2icon_L3-Static-Routing.png' alt='Enrutamiento est\u00e1tico L3'> <img style='width: auto; height: 40px; margin: 5px; border: 1px solid rgba(150&comma;150&comma;150&comma;0.3); border-radius: 8px;' src='https:\/\/planet.com.tw\/storage\/icons\/6icon_RING.png' alt='ANILLO'> <img style='width: auto; height: 40px; margin: 5px; border: 1px solid rgba(150&comma;150&comma;150&comma;0.3); border-radius: 8px;' src='https:\/\/planet.com.tw\/storage\/icons\/7icon_Modbus-TCP.png' alt='Modbus TCP'> <img style='width: auto; height: 40px; margin: 5px; border: 1px solid rgba(150&comma;150&comma;150&comma;0.3); border-radius: 8px;' src='https:\/\/planet.com.tw\/storage\/icons\/633\/Cyber-Security.png' alt='La seguridad cibern\u00e9tica'> <img style='width: auto; height: 40px; margin: 5px; border: 1px solid rgba(150&comma;150&comma;150&comma;0.3); border-radius: 8px;' src='https:\/\/planet.com.tw\/storage\/icons\/8icon_di_do.png' alt='TRAVESURA'> <\/div>\n<div style='margin-bottom: 30px;'>\n<p style='font-size: 15px; margin-bottom: 15px; color: inherit;'>La serie de Switches industriales administrables de capa 3 PLANET IGS-6325 cuenta con 8 puertos de cobre 10\/100\/1000BASE-T&comma; 8 puertos de fibra SFP 100\/1000\/2500BASE-X adicionales y <strong style='color: inherit;'>enrutamiento IP de capa 3<\/strong> en una carcasa de metal resistente IP30 para un funcionamiento estable en entornos industriales exigentes.<\/p>\n<p style='font-size: 15px; margin-bottom: 15px; color: inherit;'>El IGS-6325-8T8S puede manejar cantidades extremadamente grandes de datos en una topolog\u00eda segura que se vincula a una red troncal industrial o a servidores de alta capacidad. El IGS-6325-8T8S es capaz de proporcionar una red de conmutaci\u00f3n sin bloqueos y un rendimiento de hasta <strong style='color: inherit;'>56 Gbps<\/strong> en un rango de temperatura de <strong style='color: inherit;'>-40 a 75 grados C.<\/strong><\/p>\n<\/p><\/div>\n<p> <img style='width: 100%; height: auto; margin-bottom: 30px; border: 1px solid rgba(150&comma;150&comma;150&comma;0.3); border-radius: 8px;' src='https:\/\/planet.com.tw\/storage\/products\/49290\/IGS-6325%20DIN%20rail%20series-1cm1.png' alt=''> <\/p>\n<div style='display: grid; grid-template-columns: repeat(auto-fill&comma; minmax(280px&comma; 1fr)); gap: 20px; margin-bottom: 30px;'>\n<div style='border: 1px solid rgba(150&comma;150&comma;150&comma;0.3); border-radius: 8px; overflow: hidden; display: flex; flex-direction: column; background-color: rgba(255&comma;255&comma;255&comma;0.03);'> <img style='width: 100%; height: auto; border-bottom: 1px solid rgba(150&comma;150&comma;150&comma;0.3);' src='https:\/\/planet.com.tw\/storage\/products\/49290\/IGS-6325-8T8S4X_8T8S-2.png' alt=''> <\/p>\n<div style='padding: 15px; color: inherit;'>\n<h3 style='font-size: 18px; margin-top: 0; margin-bottom: 10px; color: inherit;'>Anillo redundante&comma; recuperaci\u00f3n r\u00e1pida para aplicaciones de red cr\u00edticas<\/h3>\n<\/p><\/div>\n<\/p><\/div>\n<div style='border: 1px solid rgba(150&comma;150&comma;150&comma;0.3); border-radius: 8px; overflow: hidden; display: flex; flex-direction: column; background-color: rgba(255&comma;255&comma;255&comma;0.03);'> <img style='width: 100%; height: auto; border-bottom: 1px solid rgba(150&comma;150&comma;150&comma;0.3);' src='https:\/\/planet.com.tw\/storage\/products\/49290\/IGS-6325-8T8S4X_8T8S-3.png' alt=''> <\/p>\n<div style='padding: 15px; color: inherit;'>\n<h3 style='font-size: 18px; margin-top: 0; margin-bottom: 10px; color: inherit;'>Alerta de alarma eficaz para una mejor protecci\u00f3n<\/h3>\n<\/p><\/div>\n<\/p><\/div>\n<div style='border: 1px solid rgba(150&comma;150&comma;150&comma;0.3); border-radius: 8px; overflow: hidden; display: flex; flex-direction: column; background-color: rgba(255&comma;255&comma;255&comma;0.03);'> <img style='width: 100%; height: auto; border-bottom: 1px solid rgba(150&comma;150&comma;150&comma;0.3);' src='https:\/\/planet.com.tw\/storage\/products\/49290\/IGS-6325-8T8S4X_8T8S-4.png' alt=''> <\/p>\n<div style='padding: 15px; color: inherit;'>\n<h3 style='font-size: 18px; margin-top: 0; margin-bottom: 10px; color: inherit;'>Entrada digital y salida digital para alarma externa<\/h3>\n<\/p><\/div>\n<\/p><\/div>\n<\/p><\/div>\n<\/p><\/div>\n","protected":false},"excerpt":{"rendered":"<p>Switch Industrial Administrable Capa 3, 8 Puertos Etherrnet 10\/100\/1000T, 8 Puertos SFP de 1G\/ 2.5G<\/p>\n","protected":false},"featured_media":83425,"comment_status":"open","ping_status":"closed","template":"","meta":[],"product_brand":[],"product_cat":[1984],"product_tag":[1985,664,2033],"class_list":{"0":"post-83426","1":"product","2":"type-product","3":"status-publish","4":"has-post-thumbnail","6":"product_cat-industrial","7":"product_tag-industrial","8":"product_tag-networking","9":"product_tag-planet","11":"first","12":"outofstock","13":"sale","14":"shipping-taxable","15":"purchasable","16":"product-type-simple"},"_links":{"self":[{"href":"https:\/\/soydeaqui.ddns.net\/pachuca\/index.php\/wp-json\/wp\/v2\/product\/83426","targetHints":{"allow":["GET"]}}],"collection":[{"href":"https:\/\/soydeaqui.ddns.net\/pachuca\/index.php\/wp-json\/wp\/v2\/product"}],"about":[{"href":"https:\/\/soydeaqui.ddns.net\/pachuca\/index.php\/wp-json\/wp\/v2\/types\/product"}],"replies":[{"embeddable":true,"href":"https:\/\/soydeaqui.ddns.net\/pachuca\/index.php\/wp-json\/wp\/v2\/comments?post=83426"}],"wp:featuredmedia":[{"embeddable":true,"href":"https:\/\/soydeaqui.ddns.net\/pachuca\/index.php\/wp-json\/wp\/v2\/media\/83425"}],"wp:attachment":[{"href":"https:\/\/soydeaqui.ddns.net\/pachuca\/index.php\/wp-json\/wp\/v2\/media?parent=83426"}],"wp:term":[{"taxonomy":"product_brand","embeddable":true,"href":"https:\/\/soydeaqui.ddns.net\/pachuca\/index.php\/wp-json\/wp\/v2\/product_brand?post=83426"},{"taxonomy":"product_cat","embeddable":true,"href":"https:\/\/soydeaqui.ddns.net\/pachuca\/index.php\/wp-json\/wp\/v2\/product_cat?post=83426"},{"taxonomy":"product_tag","embeddable":true,"href":"https:\/\/soydeaqui.ddns.net\/pachuca\/index.php\/wp-json\/wp\/v2\/product_tag?post=83426"}],"curies":[{"name":"wp","href":"https:\/\/api.w.org\/{rel}","templated":true}]}}