{"id":83411,"date":"2026-03-19T20:07:07","date_gmt":"2026-03-19T20:07:07","guid":{"rendered":"https:\/\/soydeaqui.ddns.net\/pachuca\/index.php\/producto\/punto-de-acceso-wi-fi-6-802-11ax-de-alto-rendimiento-y-nivel-empresarial-mu-mimo-4x44-con-administracion-desde-la-nube-gratuita-o-stand-alone\/"},"modified":"2026-03-19T20:07:10","modified_gmt":"2026-03-19T20:07:10","slug":"punto-de-acceso-wi-fi-6-802-11ax-de-alto-rendimiento-y-nivel-empresarial-mu-mimo-4x44-con-administracion-desde-la-nube-gratuita-o-stand-alone","status":"publish","type":"product","link":"https:\/\/soydeaqui.ddns.net\/pachuca\/index.php\/producto\/punto-de-acceso-wi-fi-6-802-11ax-de-alto-rendimiento-y-nivel-empresarial-mu-mimo-4x44-con-administracion-desde-la-nube-gratuita-o-stand-alone\/","title":{"rendered":"Punto de acceso Wi-Fi 6 802.11ax de alto rendimiento y nivel empresarial, MU-MIMO 4&#215;4:4 con administraci\u00f3n desde la nube gratuita o stand-alone."},"content":{"rendered":"<div style='width: 100%; max-width: 1200px; margin: 0 auto; font-family: sans-serif; line-height: 1.6; color: inherit; background-color: transparent;'>\n<div style='display: flex; flex-wrap: wrap; gap: 30px; margin-bottom: 30px;'>\n<div style='flex: 1 1 300px; min-width: 280px;'>\n<h3 style='font-size: 22px; border-bottom: 2px solid currentColor; padding-bottom: 5px; margin-top: 0; color: inherit; opacity: 0.8;'>Acerca del GWN7664E<\/h3>\n<p style='font-size: 15px; color: inherit;'>El GWN7664E es un potente punto de acceso Wi-Fi 6 802.11ax de alto rendimiento y nivel empresarial&comma; ideal para peque\u00f1as y medianas empresas&comma; edificios de varios pisos&comma; entornos residenciales y ubicaciones comerciales. Ofrece MU-MIMO 4&#215;4:4 de doble banda con tecnolog\u00eda OFDMA y un sofisticado dise\u00f1o de antena interna para evitar problemas de transferencias&comma; una conexi\u00f3n m\u00e1s estable&comma; un rendimiento de red m\u00e1ximo de hasta 6 Gbps y un rango de cobertura Wi-Fi ampliado. El GWN7664E es compatible con GWN.Cloud y GWN Manager&comma; la plataforma de administraci\u00f3n de Wi-Fi local y en la nube de Grandstream que hace que administrar su red o varias redes en m\u00faltiples ubicaciones sea m\u00e1s f\u00e1cil que nunca. Tambi\u00e9n utiliza una arquitectura de gesti\u00f3n de red sin controlador en la que el controlador est\u00e1 integrado en la interfaz de usuario web del producto para facilitar la administraci\u00f3n de los AP Wi-Fi implementados localmente. El GWN7664E es el AP Wi-Fi ideal para implementaciones de voz sobre Wi-Fi y ofrece una conexi\u00f3n perfecta con los tel\u00e9fonos IP con capacidad Wi-Fi de Grandstream. Con soporte de QoS avanzado&comma; aplicaciones en tiempo real de baja latencia&comma; redes mesh&comma; portales cautivos&comma; 512 clientes simult\u00e1neos y puertos de red duales de 2&comma;5 Gigabit con PoE+&comma; el GWN7664E es un punto de acceso Wi-Fi ideal para redes inal\u00e1mbricas de nivel empresarial. Implementaciones con densidad de usuarios media a alta.<\/p>\n<p><a style='color: inherit; text-decoration: none; font-weight: 600; font-size: 14px; display: inline-block; margin: 15px 0; padding: 8px 12px; border: 1px solid rgba(150&comma;150&comma;150&comma;0.3); border-radius: 4px; background-color: rgba(0&comma;0&comma;0&comma;0.02);' href='https:\/\/www.syscom.mx\/principal\/searchcont?route=G0720-480-050-GRANDSTREAM-207158&#038;autodetect=poe_gwn'>PoE recomendado: G0720-480-050<\/a><\/div>\n<\/div>\n<div style='display: flex; flex-wrap: wrap; gap: 20px; margin-bottom: 30px;'>\n<div style='flex: 1 1 250px; border: 1px solid rgba(150&comma; 150&comma; 150&comma; 0.4); border-radius: 8px; overflow: hidden; display: flex; flex-direction: column;'>\n<div style='padding: 15px; border-bottom: 1px solid rgba(150&comma; 150&comma; 150&comma; 0.2); font-weight: bold; font-size: 18px; color: inherit;'>Caracter\u00edsticas Competitivas<\/div>\n<div style='padding: 15px; color: inherit;'>\n<ul style='padding-left: 20px; margin: 0; font-size: 14px; list-style-type: disc;'>\n<li style='margin-bottom: 5px;'>Throughput inal\u00e1mbrico de 6Gbps y Throughput al\u00e1mbrico de 5Gbps<\/li>\n<li style='margin-bottom: 5px;'>MUMIMO 4&#215;4:4 de doble banda con tecnolog\u00eda OFDMA<\/li>\n<li style='margin-bottom: 5px;'>Alcance de cobertura de hasta 175 metros<\/li>\n<li style='margin-bottom: 5px;'>Soporta 512 dispositivos cliente Wi-Fi simult\u00e1neos<\/li>\n<li style='margin-bottom: 5px;'>QoS avanzada para garantizar el rendimiento en tiempo real de aplicaciones de baja latencia<\/li>\n<li style='margin-bottom: 5px;'>Arranque seguro anti-pirater\u00eda y bloqueo de control \/ datos cr\u00edticos a trav\u00e9s de firmas digitales&comma; certificado de seguridad \u00fanico \/ contrase\u00f1a predeterminada aleatoria por dispositivo<\/li>\n<li style='margin-bottom: 5px;'>Adaptaci\u00f3n de autoalimentaci\u00f3n tras la detecci\u00f3n autom\u00e1tica de PoE o PoE +<\/li>\n<li style='margin-bottom: 5px;'>El controlador integrado puede administrar hasta 50 AP locales de la serie GWN; GWN.Cloud ofrece administraci\u00f3n de AP ilimitada; GWN Manager ofrece un controlador de software basado en las instalaciones<\/li>\n<\/ul>\n<\/div>\n<\/div>\n<\/div>\n<\/div>\n<div style='position: relative; margin-bottom: 30px; width: 100%;'><img style='width: 100%; height: auto; border: 1px solid rgba(150&comma;150&comma;150&comma;0.3); border-radius: 8px;' src='https:\/\/ftp3.syscom.mx\/usuarios\/fotos\/GWN7630LR\/183557-captura_de_pantalla_2021-08-05_a_la(s)_15.57.14.png' alt=''><\/div>\n<hr style='border: 0; border-top: 1px solid rgba(150&comma; 150&comma; 150&comma; 0.3); margin: 30px 0;'><\/div>\n","protected":false},"excerpt":{"rendered":"<p>Punto de acceso Wi-Fi 6 802.11ax de alto rendimiento y nivel empresarial, MU-MIMO 4&#215;4:4 con administraci\u00f3n desde la nube gratuita o stand-alone.<\/p>\n","protected":false},"featured_media":83410,"comment_status":"open","ping_status":"closed","template":"","meta":[],"product_brand":[],"product_cat":[1794],"product_tag":[909,1795,1479],"class_list":{"0":"post-83411","1":"product","2":"type-product","3":"status-publish","4":"has-post-thumbnail","6":"product_cat-puntos-de-acceso","7":"product_tag-grandstream","8":"product_tag-puntos-de-acceso","9":"product_tag-redes-wifi","11":"first","12":"instock","13":"sale","14":"shipping-taxable","15":"purchasable","16":"product-type-simple"},"_links":{"self":[{"href":"https:\/\/soydeaqui.ddns.net\/pachuca\/index.php\/wp-json\/wp\/v2\/product\/83411","targetHints":{"allow":["GET"]}}],"collection":[{"href":"https:\/\/soydeaqui.ddns.net\/pachuca\/index.php\/wp-json\/wp\/v2\/product"}],"about":[{"href":"https:\/\/soydeaqui.ddns.net\/pachuca\/index.php\/wp-json\/wp\/v2\/types\/product"}],"replies":[{"embeddable":true,"href":"https:\/\/soydeaqui.ddns.net\/pachuca\/index.php\/wp-json\/wp\/v2\/comments?post=83411"}],"wp:featuredmedia":[{"embeddable":true,"href":"https:\/\/soydeaqui.ddns.net\/pachuca\/index.php\/wp-json\/wp\/v2\/media\/83410"}],"wp:attachment":[{"href":"https:\/\/soydeaqui.ddns.net\/pachuca\/index.php\/wp-json\/wp\/v2\/media?parent=83411"}],"wp:term":[{"taxonomy":"product_brand","embeddable":true,"href":"https:\/\/soydeaqui.ddns.net\/pachuca\/index.php\/wp-json\/wp\/v2\/product_brand?post=83411"},{"taxonomy":"product_cat","embeddable":true,"href":"https:\/\/soydeaqui.ddns.net\/pachuca\/index.php\/wp-json\/wp\/v2\/product_cat?post=83411"},{"taxonomy":"product_tag","embeddable":true,"href":"https:\/\/soydeaqui.ddns.net\/pachuca\/index.php\/wp-json\/wp\/v2\/product_tag?post=83411"}],"curies":[{"name":"wp","href":"https:\/\/api.w.org\/{rel}","templated":true}]}}