{"id":83406,"date":"2026-03-19T20:06:55","date_gmt":"2026-03-19T20:06:55","guid":{"rendered":"https:\/\/soydeaqui.ddns.net\/pachuca\/index.php\/producto\/carcasa-para-ssd-m-2-enclosure-conector-usb-c-soporta-ssd-tamanos-2242-2260-y-2280-transferencia-de-hasta-40-gbps\/"},"modified":"2026-03-19T20:07:04","modified_gmt":"2026-03-19T20:07:04","slug":"carcasa-para-ssd-m-2-enclosure-conector-usb-c-soporta-ssd-tamanos-2242-2260-y-2280-transferencia-de-hasta-40-gbps","status":"publish","type":"product","link":"https:\/\/soydeaqui.ddns.net\/pachuca\/index.php\/producto\/carcasa-para-ssd-m-2-enclosure-conector-usb-c-soporta-ssd-tamanos-2242-2260-y-2280-transferencia-de-hasta-40-gbps\/","title":{"rendered":"Carcasa para SSD M.2 (Enclosure) \/ Conector USB-C \/ Soporta SSD tama\u00f1os 2242, 2260 y 2280\/ Transferencia de hasta 40 Gbps."},"content":{"rendered":"<div style='width: 100%; max-width: 1200px; margin: 0 auto; font-family: sans-serif; line-height: 1.6; color: inherit; background-color: transparent;'> <!-- Banner principal --> <\/p>\n<div style='text-align: center; margin: 30px 0;'> <img style='width: 100%; height: auto; border: 1px solid rgba(150&comma;150&comma;150&comma;0.3); border-radius: 8px;' src='https:\/\/ftp3.syscom.mx\/usuarios\/gmagos\/HIK\/storage\/Vaners\/hiksemi.png' alt='HIKSEMI Banner'> <\/div>\n<p> <!-- Secci\u00f3n de especificaciones --> <\/p>\n<div style='display: flex; flex-wrap: wrap; gap: 30px; margin-bottom: 30px;'>\n<div style='flex: 1 1 300px; min-width: 280px;'>\n<h3 style='font-size: 22px; border-bottom: 2px solid currentColor; padding-bottom: 5px; margin-top: 0; color: inherit; opacity: 0.8;'>Especificaciones<\/h3>\n<ul style='padding-left: 20px; font-size: 15px; color: inherit;'>\n<li style='margin-bottom: 5px;'>Dise\u00f1o resistente: Hecho de aleaci\u00f3n de aluminio lo que permite disipar el calor<\/li>\n<li style='margin-bottom: 5px;'>Chip de Control de Alto Rendimiento: Utiliza el chip ASM2464&comma; compatible con el protocolo M.2 NVME<\/li>\n<li style='margin-bottom: 5px;'>Soporta SSD M2 de los tama\u00f1os: 2242&comma; 2260 y 2280<\/li>\n<li style='margin-bottom: 5px;'>Interfaz de conexi\u00f3n: USB4.0 (Tipo-C)<\/li>\n<li style='margin-bottom: 5px;'>Iluminaci\u00f3n RGB personalizada: ASUS AURA RGB para darle un toque \u00fanico a tu equipo.<\/li>\n<li style='margin-bottom: 5px;'>Velocidad ultra r\u00e1pida: Transferencia de hasta 40 Gbps.<\/li>\n<li style='margin-bottom: 5px;'>Compatible con varios sistemas: Windows&comma; Mac OS&comma; Linux y Android<\/li>\n<li style='margin-bottom: 5px;'>Ahorro de energ\u00eda: Modo de hibernaci\u00f3n inteligente.<\/li>\n<li style='margin-bottom: 5px;'>Tama\u00f1o compacto y ligero: 107.4 mm x 46.8 mm y pesa 112 g.<\/li>\n<\/ul><\/div>\n<\/p><\/div>\n<p> <!-- Videos --> <\/p>\n<div style='display: flex; flex-wrap: wrap; gap: 30px; margin-bottom: 30px;'>\n<div style='flex: 1 1 500px; min-width: 300px;'>\n<h3 style='text-align: center; font-size: 18px; margin-top: 0; color: inherit; opacity: 0.8;'>\u00bfQui\u00e9n es HIKSEMI?<\/h3>\n<div style='position: relative; padding-bottom: 56.25%; height: 0; overflow: hidden; margin-bottom: 30px;'>   <\/div>\n<\/p><\/div>\n<div style='flex: 1 1 500px; min-width: 300px;'>\n<h3 style='text-align: center; font-size: 18px; margin-top: 0; color: inherit; opacity: 0.8;'>Unidades de Estado S\u00f3lido<\/h3>\n<div style='position: relative; padding-bottom: 56.25%; height: 0; overflow: hidden; margin-bottom: 30px;'>   <\/div>\n<\/p><\/div>\n<\/p><\/div>\n<p> <!-- Imagen destacada con overlay --> <\/p>\n<div style='position: relative; width: 100%; margin: 30px 0;'> <img style='width: 100%; height: auto; border: 1px solid rgba(150&comma;150&comma;150&comma;0.3); border-radius: 8px;' src='https:\/\/ftp3.syscom.mx\/usuarios\/gmagos\/HIK\/storage\/Pagina%20WEB\/HS-HUB-MDS4\/MDS4_01.jpg' alt='Carcasa USB 4.0 MDS4'> <\/p>\n<div style='position: absolute; top: 0; left: 0; width: 100%; height: 100%; display: flex; flex-direction: column; justify-content: center; align-items: center; padding: 40px; background: rgba(0&comma;0&comma;0&comma;0.4);'>\n<h1 style='font-size: 35px; color: white; text-align: center; margin: 5px 0;'><strong>Carcasa USB 4.0 MDS4<\/strong><\/h1>\n<h2 style='font-size: 20px; color: white; text-align: center; margin: 5px 0;'><span style='font-family: verdana&comma; geneva&comma; sans-serif;'>\u00a1Rompe los l\u00edmites!<\/span><\/h2>\n<\/p><\/div>\n<\/p><\/div>\n<p> <!-- Secci\u00f3n de imagen y texto --> <\/p>\n<div style='display: flex; flex-wrap: wrap; gap: 30px; margin-bottom: 30px;'>\n<div style='flex: 1 1 300px; min-width: 280px;'> <img style='width: 100%; height: auto; border: 1px solid rgba(150&comma;150&comma;150&comma;0.3); border-radius: 8px;' src='https:\/\/ftp3.syscom.mx\/usuarios\/gmagos\/HIK\/storage\/Pagina%20WEB\/HS-HUB-MDS4\/MDS4_02.jpg' alt='Soporte de funci\u00f3n OTG'> <\/div>\n<div style='flex: 2 1 400px; min-width: 280px;'>\n<h3 style='font-size: 20px; margin-top: 0; color: inherit; opacity: 0.8;'>Soporte de funci\u00f3n OTG<\/h3>\n<p style='font-size: 15px; color: inherit;'>Las nuevas memorias USB con chip de SSD y funci\u00f3n OTG proporcionan un almacenamiento port\u00e1til r\u00e1pido y confiable&comma; permitiendo la conexi\u00f3n con computadoras y dispositivos m\u00f3viles sin necesidad de cables adicionales. La tecnolog\u00eda OTG facilita la transferencia de archivos&comma; mientras que el chip de SSD mejora las velocidades de lectura y escritura. Estas memorias son ideales para quienes necesitan acceso inmediato a grandes vol\u00famenes de datos en diferentes dispositivos. Las capacidades var\u00edan para adaptarse a varias necesidades.<\/p>\n<\/p><\/div>\n<\/p><\/div>\n<p> <!-- Secci\u00f3n de imagen y texto invertida --> <\/p>\n<div style='display: flex; flex-wrap: wrap; gap: 30px; margin-bottom: 30px; flex-direction: row-reverse;'>\n<div style='flex: 1 1 300px; min-width: 280px;'> <img style='width: 100%; height: auto; border: 1px solid rgba(150&comma;150&comma;150&comma;0.3); border-radius: 8px;' src='https:\/\/ftp3.syscom.mx\/usuarios\/gmagos\/HIK\/storage\/Pagina%20WEB\/HS-HUB-MDS4\/MDS4_03.jpg' alt='Dise\u00f1o de hebilla de tres etapas'> <\/div>\n<div style='flex: 2 1 400px; min-width: 280px;'>\n<h3 style='font-size: 20px; margin-top: 0; color: inherit; opacity: 0.8;'>Dise\u00f1o de hebilla de tres etapas<\/h3>\n<p style='font-size: 15px; color: inherit;'>Mecanismo de desplazamiento m\u00e1s suave y estable<\/p>\n<\/p><\/div>\n<\/p><\/div>\n<p> <!-- Imagen destacada con overlay --> <\/p>\n<div style='position: relative; width: 100%; margin: 30px 0;'> <img style='width: 100%; height: auto; border: 1px solid rgba(150&comma;150&comma;150&comma;0.3); border-radius: 8px;' src='https:\/\/ftp3.syscom.mx\/usuarios\/gmagos\/HIK\/storage\/Pagina%20WEB\/HS-HUB-MDS4\/MDS4_04.jpg' alt='Iluminaci\u00f3n RGB deslumbrante'> <\/p>\n<div style='position: absolute; top: 0; left: 0; width: 100%; height: 100%; display: flex; flex-direction: column; justify-content: center; align-items: center; padding: 40px; background: rgba(0&comma;0&comma;0&comma;0.4);'>\n<h1 style='font-size: 35px; color: white; text-align: center; margin: 5px 0;'><strong>Iluminaci\u00f3n RGB deslumbrante<\/strong><\/h1>\n<h2 style='font-size: 20px; color: white; text-align: center; margin: 5px 0;'><span style='font-family: verdana&comma; geneva&comma; sans-serif;'>Admite conmutaci\u00f3n RGB mediante el software<\/span><\/h2>\n<h2 style='font-size: 20px; color: white; text-align: center; margin: 5px 0;'><span style='font-family: verdana&comma; geneva&comma; sans-serif;'>HIKSEMI 16&comma;8 millones de colores para adaptar su dispositivo de juego<\/span><\/h2>\n<\/p><\/div>\n<\/p><\/div>\n<p> <!-- Banner final --> <\/p>\n<div style='text-align: center; margin: 30px 0;'> <img style='width: 100%; height: auto; border: 1px solid rgba(150&comma;150&comma;150&comma;0.3); border-radius: 8px;' src='https:\/\/ftp3.syscom.mx\/usuarios\/gmagos\/HIK\/storage\/Vaners\/HIKSEMI-banner1.jpg' alt='Banner Final'> <\/div>\n<p> <!-- Separador final --> <\/p>\n<hr style='border: 0; border-top: 1px solid rgba(150&comma; 150&comma; 150&comma; 0.3); margin: 30px 0;'> <\/div>\n","protected":false},"excerpt":{"rendered":"<p>Carcasa para SSD M.2 (Enclosure) \/ Conector USB-C \/ Soporta SSD tama\u00f1os 2242, 2260 y 2280\/ Transferencia de hasta 40 Gbps.<\/p>\n","protected":false},"featured_media":83405,"comment_status":"open","ping_status":"closed","template":"","meta":[],"product_brand":[],"product_cat":[2138],"product_tag":[1974,2129,2139],"class_list":{"0":"post-83406","1":"product","2":"type-product","3":"status-publish","4":"has-post-thumbnail","6":"product_cat-unidades-de-estado-solido-ssd","7":"product_tag-almacenamiento","8":"product_tag-hiksemi-by-hikvision","9":"product_tag-unidades-de-estado-solido-ssd","11":"first","12":"instock","13":"sale","14":"shipping-taxable","15":"purchasable","16":"product-type-simple"},"_links":{"self":[{"href":"https:\/\/soydeaqui.ddns.net\/pachuca\/index.php\/wp-json\/wp\/v2\/product\/83406","targetHints":{"allow":["GET"]}}],"collection":[{"href":"https:\/\/soydeaqui.ddns.net\/pachuca\/index.php\/wp-json\/wp\/v2\/product"}],"about":[{"href":"https:\/\/soydeaqui.ddns.net\/pachuca\/index.php\/wp-json\/wp\/v2\/types\/product"}],"replies":[{"embeddable":true,"href":"https:\/\/soydeaqui.ddns.net\/pachuca\/index.php\/wp-json\/wp\/v2\/comments?post=83406"}],"wp:featuredmedia":[{"embeddable":true,"href":"https:\/\/soydeaqui.ddns.net\/pachuca\/index.php\/wp-json\/wp\/v2\/media\/83405"}],"wp:attachment":[{"href":"https:\/\/soydeaqui.ddns.net\/pachuca\/index.php\/wp-json\/wp\/v2\/media?parent=83406"}],"wp:term":[{"taxonomy":"product_brand","embeddable":true,"href":"https:\/\/soydeaqui.ddns.net\/pachuca\/index.php\/wp-json\/wp\/v2\/product_brand?post=83406"},{"taxonomy":"product_cat","embeddable":true,"href":"https:\/\/soydeaqui.ddns.net\/pachuca\/index.php\/wp-json\/wp\/v2\/product_cat?post=83406"},{"taxonomy":"product_tag","embeddable":true,"href":"https:\/\/soydeaqui.ddns.net\/pachuca\/index.php\/wp-json\/wp\/v2\/product_tag?post=83406"}],"curies":[{"name":"wp","href":"https:\/\/api.w.org\/{rel}","templated":true}]}}