{"id":83385,"date":"2026-03-19T20:06:04","date_gmt":"2026-03-19T20:06:04","guid":{"rendered":"https:\/\/soydeaqui.ddns.net\/pachuca\/index.php\/producto\/unidad-de-estado-solido-para-data-center-960-gb-2-5-pulgadas-sata-iii\/"},"modified":"2026-03-19T20:06:08","modified_gmt":"2026-03-19T20:06:08","slug":"unidad-de-estado-solido-para-data-center-960-gb-2-5-pulgadas-sata-iii","status":"publish","type":"product","link":"https:\/\/soydeaqui.ddns.net\/pachuca\/index.php\/producto\/unidad-de-estado-solido-para-data-center-960-gb-2-5-pulgadas-sata-iii\/","title":{"rendered":"Unidad de Estado S\u00f3lido para DATA CENTER \/ 960 GB \/ 2.5 Pulgadas \/ SATA III"},"content":{"rendered":"<div style='width: 100%; max-width: 1200px; margin: 0 auto; font-family: sans-serif; line-height: 1.6; color: inherit; background-color: transparent;'> <!-- Banner Inicial --> <\/p>\n<div style='width: 100%; text-align: center; margin: 20px 0;'> <img style='width: 45%; height: auto; border: 1px solid rgba(150&comma;150&comma;150&comma;0.3); border-radius: 8px;' src='https:\/\/ftp3.syscom.mx\/usuarios\/jsosa\/HIKVISION\/imagenes\/logo\/hikvision%20see%20far.png' alt='HIKSEMI Logo'> <\/div>\n<p> <!-- Descripci\u00f3n --> <\/p>\n<div style='display: flex; flex-direction: column; align-items: center; margin-bottom: 30px;'>\n<h1 style='font-size: 24px; border-bottom: 2px solid currentColor; padding-bottom: 5px; margin: 0 0 20px 0; color: inherit; opacity: 0.8;'>Especificaciones<\/h1>\n<div style='width: 100%; max-width: 400px; border: 1px solid rgba(150&comma; 150&comma; 150&comma; 0.4); border-radius: 8px; overflow: hidden; margin-top: 15px;'>\n<div style='padding: 15px; border-bottom: 1px solid rgba(150&comma; 150&comma; 150&comma; 0.2); font-weight: bold; font-size: 18px; color: inherit;'>Caracter\u00edsticas Principales:<\/div>\n<ul style='padding: 15px 20px; margin: 0; font-size: 14px; list-style-type: disc; color: inherit;'>\n<li style='margin-bottom: 5px;'>Controlador MAS1101 y Memoria 3D NAND TLC de 128 capas.<\/li>\n<li style='margin-bottom: 5px;'>Interfaz SATA con velocidad de hasta 6 Gb\/s.<\/li>\n<li style='margin-bottom: 5px;'>Encriptaci\u00f3n AES de 256 bits para alta seguridad.<\/li>\n<li style='margin-bottom: 5px;'>Protecci\u00f3n de datos completa y recarga autom\u00e1tica de firmware en casos excepcionales.<\/li>\n<li style='margin-bottom: 5px;'><strong>Velocidad de lectura:<\/strong> 536 MB\/s<\/li>\n<li style='margin-bottom: 5px;'><strong>Velocidad de Escritura:<\/strong> 504 MB\/s<\/li>\n<li style='margin-bottom: 5px;'><strong>Capacidad:<\/strong> 960 GB<\/li>\n<li style='margin-bottom: 5px;'>Consumo energ\u00e9tico eficiente con 2.7 W en lectura y 3.4 W en escritura.<\/li>\n<li style='margin-bottom: 5px;'>Durabilidad: 2 millones de horas MTBF y resistencia a choques de 1500 G.<\/li>\n<li style='margin-bottom: 5px;'>Operaci\u00f3n en un rango de 0 a 70 \u00b0C.<\/li>\n<li style='margin-bottom: 5px;'>o hasta 3DWPD.<\/li>\n<li style='margin-bottom: 5px;'><strong>Uso continuo 24\/7<\/strong><\/li>\n<\/ul><\/div>\n<\/p><\/div>\n<p> <!-- Videos --> <\/p>\n<div style='display: flex; flex-wrap: wrap; gap: 20px; margin-bottom: 30px;'>\n<div style='flex: 1 1 400px; min-width: 300px;'>\n<h3 style='font-size: 18px; text-align: center; margin: 0 0 10px 0; color: inherit;'><strong>\u00bfQui\u00e9n es HIKSEMI?<\/strong><\/h3>\n<div style='position: relative; padding-bottom: 56.25%; height: 0; overflow: hidden; margin-bottom: 10px;'>   <\/div>\n<\/p><\/div>\n<div style='flex: 1 1 400px; min-width: 300px;'>\n<h3 style='font-size: 18px; text-align: center; margin: 0 0 10px 0; color: inherit;'><strong>Unidades de Estado S\u00f3lido<\/strong><\/h3>\n<div style='position: relative; padding-bottom: 56.25%; height: 0; overflow: hidden; margin-bottom: 10px;'>   <\/div>\n<\/p><\/div>\n<\/p><\/div>\n<p> <!-- Imagen 1 --> <\/p>\n<div style='position: relative; width: 100%; margin-bottom: 30px;'> <img style='width: 100%; height: auto; border: 1px solid rgba(150&comma;150&comma;150&comma;0.3); border-radius: 8px;' src='https:\/\/ftp3.syscom.mx\/usuarios\/gmagos\/HIK\/storage\/Pagina%20WEB\/D300Pro\/D300_01.jpg' alt='Imagen de Fondo'> <\/p>\n<div style='position: absolute; top: 0; left: 0; width: 100%; height: 100%; display: flex; align-items: center; justify-content: center; flex-direction: column; padding: 40px;'>\n<h1 style='font-size: 30px; color: white; text-align: center; margin: 0 0 10px 0; font-family: verdana&comma; geneva&comma; sans-serif;'><strong>D300 PRO | Unidad de estado s\u00f3lido de grado empresarial<\/strong><\/h1>\n<h2 style='font-size: 20px; color: white; text-align: center; margin: 0; font-family: verdana&comma; geneva&comma; sans-serif;'>240-3840 GB | Controlador de doble n\u00facleo | DRAM externa | PLP | DWPD=3<\/h2>\n<\/p><\/div>\n<\/p><\/div>\n<p> <!-- Informaci\u00f3n 1 --> <\/p>\n<div style='display: flex; flex-wrap: wrap; gap: 20px; margin-bottom: 30px;'>\n<div style='flex: 1 1 300px; min-width: 250px;'> <img style='width: 100%; height: auto; border: 1px solid rgba(150&comma;150&comma;150&comma;0.3); border-radius: 8px;' src='https:\/\/ftp3.syscom.mx\/usuarios\/gmagos\/HIK\/storage\/Pagina%20WEB\/D300Pro\/D300_02.jpg' alt='Menor consumo de energ\u00eda'> <\/div>\n<div style='flex: 1 1 300px; min-width: 250px;'>\n<h2 style='font-size: 20px; margin-top: 0; color: inherit;'>Rendimiento extremadamente estable<\/h2>\n<p style='font-size: 14px; color: inherit; text-align: justify;'>Controlador de doble n\u00facleo&comma; memoria Flash NAND 3D TLC de calidad&comma; DRAM externa y algoritmo de limitaci\u00f3n t\u00e9rmica inteligente que garantiza un rendimiento extremadamente estable<\/p>\n<\/p><\/div>\n<\/p><\/div>\n<p> <!-- Informaci\u00f3n 2 --> <\/p>\n<div style='display: flex; flex-wrap: wrap; gap: 20px; margin-bottom: 30px;'>\n<div style='flex: 1 1 300px; min-width: 250px;'>\n<h2 style='font-size: 20px; margin-top: 0; color: inherit;'>Mayor protecci\u00f3n de datos<\/h2>\n<p style='font-size: 14px; color: inherit; text-align: justify;'>Cuando se produce un error durante el funcionamiento del SSD&comma; el D300 PRO entrar\u00e1 autom\u00e1ticamente en modo de rescate sin apagarse.<\/p>\n<p style='font-size: 14px; color: inherit; text-align: justify;'>En este modo&comma; puede introducir comandos para restaurar por completo la tabla de asignaci\u00f3n de datos para garantizar la seguridad de los datos del usuario.<\/p>\n<\/p><\/div>\n<div style='flex: 1 1 300px; min-width: 250px;'> <img style='width: 100%; height: auto; border: 1px solid rgba(150&comma;150&comma;150&comma;0.3); border-radius: 8px;' src='https:\/\/ftp3.syscom.mx\/usuarios\/gmagos\/HIK\/storage\/Pagina%20WEB\/D300Pro\/D300_03.jpg' alt='Excelente resistencia'> <\/div>\n<\/p><\/div>\n<p> <!-- Imagen 2 --> <\/p>\n<div style='position: relative; width: 100%; margin-bottom: 30px;'> <img style='width: 100%; height: auto; border: 1px solid rgba(150&comma;150&comma;150&comma;0.3); border-radius: 8px;' src='https:\/\/ftp3.syscom.mx\/usuarios\/gmagos\/HIK\/storage\/Pagina%20WEB\/D300Pro\/D300_04.jpg' alt='Imagen de Fondo'> <\/p>\n<div style='position: absolute; top: 0; left: 0; width: 100%; height: 100%; display: flex; align-items: center; justify-content: center; flex-direction: column; padding: 40px;'>\n<h1 style='font-size: 30px; color: white; text-align: center; margin: 0 0 10px 0; font-family: verdana&comma; geneva&comma; sans-serif;'><strong>Gran compatibilidad con la funci\u00f3n de calibraci\u00f3n de se\u00f1al<\/strong><\/h1>\n<h2 style='font-size: 15px; color: white; text-align: center; margin: 0; font-family: verdana&comma; geneva&comma; sans-serif;'>D300 PRO incorpora m\u00e9todos de calibraci\u00f3n de se\u00f1al para extraer autom\u00e1ticamente los mejores par\u00e1metros de se\u00f1al de m\u00faltiples plataformas&comma; lo que puede mejorar significativamente su compatibilidad.<\/h2>\n<\/p><\/div>\n<\/p><\/div>\n<p> <!-- Banner Final --> <\/p>\n<div style='width: 100%; text-align: center; margin: 30px 0;'> <img style='width: 100%; max-width: 1000px; height: auto; border: 1px solid rgba(150&comma;150&comma;150&comma;0.3); border-radius: 8px;' src='https:\/\/ftp3.syscom.mx\/usuarios\/gmagos\/HIK\/storage\/Vaners\/HIKSEMI-banner1.jpg' alt='Banner Final'> <\/div>\n<\/p><\/div>\n","protected":false},"excerpt":{"rendered":"<p>Unidad de Estado S\u00f3lido para DATA CENTER \/ 960 GB \/ 2.5 Pulgadas \/ SATA III<\/p>\n","protected":false},"featured_media":83384,"comment_status":"open","ping_status":"closed","template":"","meta":[],"product_brand":[],"product_cat":[2138],"product_tag":[1974,2129,2139],"class_list":{"0":"post-83385","1":"product","2":"type-product","3":"status-publish","4":"has-post-thumbnail","6":"product_cat-unidades-de-estado-solido-ssd","7":"product_tag-almacenamiento","8":"product_tag-hiksemi-by-hikvision","9":"product_tag-unidades-de-estado-solido-ssd","11":"first","12":"outofstock","13":"sale","14":"shipping-taxable","15":"purchasable","16":"product-type-simple"},"_links":{"self":[{"href":"https:\/\/soydeaqui.ddns.net\/pachuca\/index.php\/wp-json\/wp\/v2\/product\/83385","targetHints":{"allow":["GET"]}}],"collection":[{"href":"https:\/\/soydeaqui.ddns.net\/pachuca\/index.php\/wp-json\/wp\/v2\/product"}],"about":[{"href":"https:\/\/soydeaqui.ddns.net\/pachuca\/index.php\/wp-json\/wp\/v2\/types\/product"}],"replies":[{"embeddable":true,"href":"https:\/\/soydeaqui.ddns.net\/pachuca\/index.php\/wp-json\/wp\/v2\/comments?post=83385"}],"wp:featuredmedia":[{"embeddable":true,"href":"https:\/\/soydeaqui.ddns.net\/pachuca\/index.php\/wp-json\/wp\/v2\/media\/83384"}],"wp:attachment":[{"href":"https:\/\/soydeaqui.ddns.net\/pachuca\/index.php\/wp-json\/wp\/v2\/media?parent=83385"}],"wp:term":[{"taxonomy":"product_brand","embeddable":true,"href":"https:\/\/soydeaqui.ddns.net\/pachuca\/index.php\/wp-json\/wp\/v2\/product_brand?post=83385"},{"taxonomy":"product_cat","embeddable":true,"href":"https:\/\/soydeaqui.ddns.net\/pachuca\/index.php\/wp-json\/wp\/v2\/product_cat?post=83385"},{"taxonomy":"product_tag","embeddable":true,"href":"https:\/\/soydeaqui.ddns.net\/pachuca\/index.php\/wp-json\/wp\/v2\/product_tag?post=83385"}],"curies":[{"name":"wp","href":"https:\/\/api.w.org\/{rel}","templated":true}]}}