{"id":83381,"date":"2026-03-19T20:05:53","date_gmt":"2026-03-19T20:05:53","guid":{"rendered":"https:\/\/soydeaqui.ddns.net\/pachuca\/index.php\/producto\/punto-de-acceso-wi-fi-6-802-11-ax-1-77-gbps-mu-mimo-2x22-con-administracion-desde-la-nube-gratuita-o-stand-alone\/"},"modified":"2026-03-19T20:05:59","modified_gmt":"2026-03-19T20:05:59","slug":"punto-de-acceso-wi-fi-6-802-11-ax-1-77-gbps-mu-mimo-2x22-con-administracion-desde-la-nube-gratuita-o-stand-alone","status":"publish","type":"product","link":"https:\/\/soydeaqui.ddns.net\/pachuca\/index.php\/producto\/punto-de-acceso-wi-fi-6-802-11-ax-1-77-gbps-mu-mimo-2x22-con-administracion-desde-la-nube-gratuita-o-stand-alone\/","title":{"rendered":"Punto de acceso Wi-Fi 6 802.11 ax 1.77 Gbps, MU-MIMO 2&#215;2:2 con administraci\u00f3n desde la nube gratuita o stand-alone."},"content":{"rendered":"<div style='width: 100%; max-width: 1200px; margin: 0 auto; font-family: sans-serif; line-height: 1.6; color: inherit; background-color: transparent;'>\n<div style='display: flex; flex-wrap: wrap; gap: 30px; margin-bottom: 30px;'>\n<div style='flex: 1 1 300px; min-width: 280px;'>\n<h3 style='font-size: 22px; border-bottom: 2px solid currentColor; padding-bottom: 5px; margin-top: 0; color: inherit; opacity: 0.8;'>Acerca del GWN7660E<\/h3>\n<p style='font-size: 15px; color: inherit; margin-top: 10px; margin-bottom: 10px;'>El GWN7660E es un punto de acceso Wi-Fi 6 de nivel empresarial que permite a las empresas construir redes Wi-Fi de pr\u00f3xima generaci\u00f3n para entornos de alta densidad. Ofrece tecnolog\u00eda MU-MIMO 2&#215;2:2 en la banda 2.4G y MU-MIMO 3&#215;3:2 en la banda 5G&comma; as\u00ed como un dise\u00f1o de antena sofisticado. Utiliza tecnolog\u00eda XTRA Range con beamforming para un rendimiento m\u00e1ximo de la red y un rango de cobertura Wi-Fi ampliado. Para garantizar una f\u00e1cil instalaci\u00f3n y administraci\u00f3n&comma; el GWN7660E utiliza un dise\u00f1o de administraci\u00f3n de red distribuida sin controlador en el que el controlador est\u00e1 integrado dentro de la interfaz de usuario web del producto. El GWN7660E tambi\u00e9n es compatible con GWN.Cloud y GWN Manager&comma; la plataforma de gesti\u00f3n de Wi-Fi local y en la nube de Grandstream. Es el AP Wi-Fi ideal para implementaciones de voz sobre Wi-Fi y ofrece una conexi\u00f3n perfecta con los tel\u00e9fonos IP con capacidad WiFi de Grandstream. Con soporte para QoS avanzado&comma; aplicaciones en tiempo real de baja latencia&comma; redes mesh&comma; portales cautivos&comma; 256 clientes simult\u00e1neos por AP y puertos de red Gigabit con PoE\/PoE+. El GWN7660E es un punto de acceso Wi-Fi ideal para implementaciones de redes inal\u00e1mbricas medianas con alta densidad de usuarios.<\/p>\n<\/div>\n<\/div>\n<div style='display: flex; flex-wrap: wrap; gap: 30px; margin-bottom: 30px;'>\n<div style='flex: 1 1 300px; min-width: 280px;'>\n<h3 style='font-size: 22px; border-bottom: 2px solid currentColor; padding-bottom: 5px; margin-top: 0; color: inherit; opacity: 0.8;'>Caracter\u00edsticas Competitivas<\/h3>\n<ul style='padding-left: 20px; font-size: 15px; color: inherit; margin-top: 10px; margin-bottom: 10px;'>\n<li style='margin-bottom: 5px;'><strong>Throughput inal\u00e1mbrico:<\/strong> 3Gbps<\/li>\n<li style='margin-bottom: 5px;'><strong>MU-MIMO:<\/strong> Doble banda 2.4G 2&#215;2:2 y 5G 3&#215;3:2 con tecnolog\u00eda XTRA Range<\/li>\n<li style='margin-bottom: 5px;'><strong>Alcance de cobertura:<\/strong> Hasta 175 metros<\/li>\n<li style='margin-bottom: 5px;'><strong>Dispositivos cliente Wi-Fi:<\/strong> Hasta 256 concurrentes<\/li>\n<li style='margin-bottom: 5px;'><strong>QoS avanzada:<\/strong> Para garantizar el rendimiento en tiempo real de aplicaciones de baja latencia<\/li>\n<li style='margin-bottom: 5px;'><strong>Seguridad:<\/strong> Arranque seguro anti-pirater\u00eda y bloqueo de control \/ datos cr\u00edticos a trav\u00e9s de firmas digitales&comma; certificado de seguridad \u00fanico \/ contrase\u00f1a predeterminada aleatoria por dispositivo<\/li>\n<li style='margin-bottom: 5px;'><strong>Autoadaptaci\u00f3n de energ\u00eda:<\/strong> Tras la detecci\u00f3n autom\u00e1tica de PoE o PoE+<\/li>\n<li style='margin-bottom: 5px;'><strong>Administraci\u00f3n:<\/strong> El controlador integrado puede administrar hasta 50 AP locales de la serie GWN; GWN.Cloud ofrece administraci\u00f3n de AP ilimitada; GWN Manager ofrece un controlador de software basado en las instalaciones<\/li>\n<\/ul>\n<\/div>\n<\/div>\n<div style='display: flex; flex-wrap: wrap; gap: 30px; margin-bottom: 30px;'>\n<div style='flex: 1 1 300px; min-width: 280px;'>\n<h3 style='font-size: 22px; border-bottom: 2px solid currentColor; padding-bottom: 5px; margin-top: 0; color: inherit; opacity: 0.8;'>Recomendaciones<\/h3>\n<p style='font-size: 15px; color: inherit; margin-top: 10px; margin-bottom: 10px;'><a style='color: inherit; text-decoration: underline; font-weight: 600;' href='https:\/\/www.syscom.mx\/principal\/searchcont?route=G0720-480-050-GRANDSTREAM-207158&#038;autodetect=poe_gwn'>PoE recomendado: G0720-480-050<\/a><\/p>\n<\/div>\n<\/div>\n<div style='display: flex; flex-wrap: wrap; gap: 30px; margin-bottom: 30px;'>\n<div style='flex: 1 1 100%; min-width: 280px;'><img style='width: 100%; height: auto; border: 1px solid rgba(150&comma;150&comma;150&comma;0.3); border-radius: 8px;' src='https:\/\/ftp3.syscom.mx\/usuarios\/fotos\/GWN7630LR\/183557-captura_de_pantalla_2021-08-05_a_la(s)_15.57.14.png' alt=''><\/div>\n<\/div>\n<\/div>\n","protected":false},"excerpt":{"rendered":"<p>Punto de acceso Wi-Fi 6 802.11 ax 1.77 Gbps, MU-MIMO 2&#215;2:2 con administraci\u00f3n desde la nube gratuita o stand-alone.<\/p>\n","protected":false},"featured_media":83380,"comment_status":"open","ping_status":"closed","template":"","meta":[],"product_brand":[],"product_cat":[1794],"product_tag":[909,1795,1479],"class_list":{"0":"post-83381","1":"product","2":"type-product","3":"status-publish","4":"has-post-thumbnail","6":"product_cat-puntos-de-acceso","7":"product_tag-grandstream","8":"product_tag-puntos-de-acceso","9":"product_tag-redes-wifi","11":"first","12":"instock","13":"sale","14":"shipping-taxable","15":"purchasable","16":"product-type-simple"},"_links":{"self":[{"href":"https:\/\/soydeaqui.ddns.net\/pachuca\/index.php\/wp-json\/wp\/v2\/product\/83381","targetHints":{"allow":["GET"]}}],"collection":[{"href":"https:\/\/soydeaqui.ddns.net\/pachuca\/index.php\/wp-json\/wp\/v2\/product"}],"about":[{"href":"https:\/\/soydeaqui.ddns.net\/pachuca\/index.php\/wp-json\/wp\/v2\/types\/product"}],"replies":[{"embeddable":true,"href":"https:\/\/soydeaqui.ddns.net\/pachuca\/index.php\/wp-json\/wp\/v2\/comments?post=83381"}],"wp:featuredmedia":[{"embeddable":true,"href":"https:\/\/soydeaqui.ddns.net\/pachuca\/index.php\/wp-json\/wp\/v2\/media\/83380"}],"wp:attachment":[{"href":"https:\/\/soydeaqui.ddns.net\/pachuca\/index.php\/wp-json\/wp\/v2\/media?parent=83381"}],"wp:term":[{"taxonomy":"product_brand","embeddable":true,"href":"https:\/\/soydeaqui.ddns.net\/pachuca\/index.php\/wp-json\/wp\/v2\/product_brand?post=83381"},{"taxonomy":"product_cat","embeddable":true,"href":"https:\/\/soydeaqui.ddns.net\/pachuca\/index.php\/wp-json\/wp\/v2\/product_cat?post=83381"},{"taxonomy":"product_tag","embeddable":true,"href":"https:\/\/soydeaqui.ddns.net\/pachuca\/index.php\/wp-json\/wp\/v2\/product_tag?post=83381"}],"curies":[{"name":"wp","href":"https:\/\/api.w.org\/{rel}","templated":true}]}}